{"id":96,"date":"2022-09-06T03:34:35","date_gmt":"2022-09-06T03:34:35","guid":{"rendered":"https:\/\/micrositios.dian.gov.co\/sistema-de-facturacion-electronica\/?page_id=96"},"modified":"2024-02-26T19:17:42","modified_gmt":"2024-02-26T19:17:42","slug":"validacion-previa","status":"publish","type":"page","link":"https:\/\/micrositios.dian.gov.co\/sistema-de-facturacion-electronica\/validacion-previa\/","title":{"rendered":"Validaci\u00f3n Previa"},"content":{"rendered":"<p>[et_pb_section fb_built=\u00bb1&#8243; _builder_version=\u00bb4.18.1&#8243; _module_preset=\u00bbdefault\u00bb background_image=\u00bbhttp:\/\/micrositios.dian.gov.co\/sistema-de-facturacion-electronica\/wp-content\/uploads\/sites\/13\/2022\/10\/3-Factura-electronica.png\u00bb custom_padding=\u00bb140px||140px||true|true\u00bb hover_enabled=\u00bb0&#8243; background_last_edited=\u00bbon|phone\u00bb background_position_phone=\u00bbcenter_left\u00bb da_disable_devices=\u00bboff|off|off\u00bb locked=\u00bboff\u00bb global_colors_info=\u00bb{}\u00bb custom_margin=\u00bb||||true|true\u00bb sticky_enabled=\u00bb0&#8243; da_is_popup=\u00bboff\u00bb da_exit_intent=\u00bboff\u00bb da_has_close=\u00bbon\u00bb da_alt_close=\u00bboff\u00bb da_dark_close=\u00bboff\u00bb da_not_modal=\u00bbon\u00bb da_is_singular=\u00bboff\u00bb da_with_loader=\u00bboff\u00bb da_has_shadow=\u00bbon\u00bb][et_pb_row _builder_version=\u00bb4.18.0&#8243; _module_preset=\u00bbdefault\u00bb global_colors_info=\u00bb{}\u00bb][et_pb_column type=\u00bb4_4&#8243; _builder_version=\u00bb4.16&#8243; _module_preset=\u00bbdefault\u00bb global_colors_info=\u00bb{}\u00bb][et_pb_text _builder_version=\u00bb4.18.0&#8243; _module_preset=\u00bbac5b030f-f9e2-4787-b128-eb43924d7ab6&#8243; text_font=\u00bbWork Sans|700|||||||\u00bb text_text_color=\u00bb#000000&#8243; text_font_size=\u00bb35px\u00bb text_line_height=\u00bb1em\u00bb header_text_color=\u00bb#41d78c\u00bb text_orientation_tablet=\u00bb\u00bb text_orientation_phone=\u00bbcenter\u00bb text_orientation_last_edited=\u00bbon|phone\u00bb global_colors_info=\u00bb{}\u00bb]<\/p>\n<h2><strong>Validaci\u00f3n Previa<\/strong><\/h2>\n<p>[\/et_pb_text][\/et_pb_column][\/et_pb_row][\/et_pb_section][et_pb_section fb_built=\u00bb1&#8243; _builder_version=\u00bb4.18.0&#8243; _module_preset=\u00bbdefault\u00bb background_color=\u00bb#FFFFFF\u00bb custom_padding=\u00bb0px||0px||false|false\u00bb da_disable_devices=\u00bboff|off|off\u00bb locked=\u00bboff\u00bb global_colors_info=\u00bb{}\u00bb da_is_popup=\u00bboff\u00bb da_exit_intent=\u00bboff\u00bb da_has_close=\u00bbon\u00bb da_alt_close=\u00bboff\u00bb da_dark_close=\u00bboff\u00bb da_not_modal=\u00bbon\u00bb da_is_singular=\u00bboff\u00bb da_with_loader=\u00bboff\u00bb da_has_shadow=\u00bbon\u00bb][et_pb_row column_structure=\u00bb3_5,2_5&#8243; disabled_on=\u00bbon|off|off\u00bb _builder_version=\u00bb4.17.0&#8243; _module_preset=\u00bbdefault\u00bb saved_tabs=\u00bball\u00bb global_colors_info=\u00bb{}\u00bb][et_pb_column type=\u00bb3_5&#8243; _builder_version=\u00bb4.16&#8243; _module_preset=\u00bbdefault\u00bb global_colors_info=\u00bb{}\u00bb][dipl_breadcrumb breadcrumb_layout=\u00bblayout2&#8243; link_target=\u00bbon\u00bb separator_text=\u00bb\/\u00bb separator_size=\u00bb14px\u00bb separator_color=\u00bb#000000&#8243; use_home_link_custom_text=\u00bbon\u00bb home_link_text=\u00bbInicio\u00bb use_home_link_icon=\u00bbon\u00bb home_link_icon=\u00bb&#x23;||divi||400&#8243; home_link_icon_color=\u00bb#41d78c\u00bb _builder_version=\u00bb4.17.1&#8243; _module_preset=\u00bbdefault\u00bb global_text_settings_font_size=\u00bb12px\u00bb text_font=\u00bbUbuntu||||||||\u00bb text_text_color=\u00bb#262944&#8243; link_font=\u00bbUbuntu|500|||||||\u00bb global_colors_info=\u00bb{}\u00bb text_text_color__hover_enabled=\u00bbon|desktop\u00bb text_text_color__hover=\u00bb#00b4dc\u00bb][\/dipl_breadcrumb][\/et_pb_column][et_pb_column type=\u00bb2_5&#8243; _builder_version=\u00bb4.16&#8243; _module_preset=\u00bbdefault\u00bb global_colors_info=\u00bb{}\u00bb][dipl_ajax_search search_placeholder=\u00bbBuscar por palabra clave\u00bb number_of_results=\u00bb-1&#8243; orderby=\u00bbpost_title\u00bb order=\u00bbASC\u00bb no_result_text=\u00bbNo encontramos resultados a tu b\u00fasqueda\u00bb include_post_types=\u00bbpage\u00bb url_new_window=\u00bbon\u00bb search_icon_color=\u00bb#41d78c\u00bb loader_size=\u00bb12px\u00bb loader_color=\u00bb#41d78c\u00bb _builder_version=\u00bb4.17.0&#8243; _module_preset=\u00bbdefault\u00bb search_result_item_title_font=\u00bbWork Sans|700|||||||\u00bb search_result_item_excerpt_font=\u00bbUbuntu||||||||\u00bb search_result_item_excerpt_font_size=\u00bb12px\u00bb form_field_font=\u00bbUbuntu||||||||\u00bb form_field_font_size=\u00bb12px\u00bb width=\u00bb80%\u00bb module_alignment=\u00bbright\u00bb border_radii_form_field=\u00bbon|6px|6px|6px|6px\u00bb border_width_all_form_field=\u00bb0px\u00bb global_colors_info=\u00bb{}\u00bb][\/dipl_ajax_search][\/et_pb_column][\/et_pb_row][\/et_pb_section][et_pb_section fb_built=\u00bb1&#8243; _builder_version=\u00bb4.18.0&#8243; _module_preset=\u00bbdefault\u00bb da_disable_devices=\u00bboff|off|off\u00bb locked=\u00bboff\u00bb global_colors_info=\u00bb{}\u00bb da_is_popup=\u00bboff\u00bb da_exit_intent=\u00bboff\u00bb da_has_close=\u00bbon\u00bb da_alt_close=\u00bboff\u00bb da_dark_close=\u00bboff\u00bb da_not_modal=\u00bbon\u00bb da_is_singular=\u00bboff\u00bb da_with_loader=\u00bboff\u00bb da_has_shadow=\u00bbon\u00bb][et_pb_row column_structure=\u00bb1_2,1_2&#8243; _builder_version=\u00bb4.18.0&#8243; _module_preset=\u00bbdefault\u00bb global_colors_info=\u00bb{}\u00bb][et_pb_column type=\u00bb1_2&#8243; _builder_version=\u00bb4.16&#8243; _module_preset=\u00bbdefault\u00bb global_colors_info=\u00bb{}\u00bb][et_pb_text _builder_version=\u00bb4.18.0&#8243; _module_preset=\u00bbdefault\u00bb text_font=\u00bbWork Sans|700|||||||\u00bb text_text_color=\u00bb#2b323d\u00bb text_font_size=\u00bb20px\u00bb text_orientation_tablet=\u00bbcenter\u00bb text_orientation_phone=\u00bbleft\u00bb text_orientation_last_edited=\u00bbon|phone\u00bb global_colors_info=\u00bb{}\u00bb]<\/p>\n<h3><span><strong>\u00bfQu\u00e9 es la validaci\u00f3n Previa?<\/strong> <\/span><\/h3>\n<p>[\/et_pb_text][et_pb_divider color=\u00bb#41d78c\u00bb divider_weight=\u00bb4px\u00bb _builder_version=\u00bb4.18.0&#8243; _module_preset=\u00bbdefault\u00bb width=\u00bb61%\u00bb width_tablet=\u00bb47%\u00bb width_phone=\u00bb100%\u00bb width_last_edited=\u00bbon|phone\u00bb module_alignment=\u00bbleft\u00bb custom_margin=\u00bb-23px||10px||false|false\u00bb global_colors_info=\u00bb{}\u00bb][\/et_pb_divider][et_pb_text _builder_version=\u00bb4.18.1&#8243; _module_preset=\u00bbdefault\u00bb text_font=\u00bbUbuntu||||||||\u00bb text_text_color=\u00bbgcid-67046a68-a366-4980-9897-ac7164fdd382&#8243; text_font_size=\u00bb12px\u00bb custom_margin=\u00bb||0px||false|false\u00bb hover_enabled=\u00bb0&#8243; global_colors_info=\u00bb{%22gcid-67046a68-a366-4980-9897-ac7164fdd382%22:%91%22text_text_color%22%93}\u00bb sticky_enabled=\u00bb0&#8243;]<\/p>\n<p>Es el proceso que se le hace a la factura, notas d\u00e9bito y cr\u00e9dito electr\u00f3nicas generadas y transmitidas a la DIAN para verificar que cumplen con las reglas definidas por la entidad en el anexo t\u00e9cnico; este proceso se hace en fracci\u00f3n de segundos, para que luego, el documento junto con el comprobante de validaci\u00f3n sea entregado al comprador, lo cual la convierte en un soporte con efectos fiscales.<\/p>\n<h4><strong>Infograf\u00eda de la versi\u00f3n\u00a0de validaci\u00f3n previa<\/strong><\/h4>\n<p><img loading=\"lazy\" decoding=\"async\" src=\"http:\/\/micrositios.dian.gov.co\/sistema-de-facturacion-electronica\/wp-content\/uploads\/sites\/13\/2022\/09\/validacion-previa-168x300.png\" width=\"264\" height=\"471\" alt=\"\" class=\"wp-image-100 alignnone size-medium\" \/><\/p>\n<p>[\/et_pb_text][\/et_pb_column][et_pb_column type=\u00bb1_2&#8243; _builder_version=\u00bb4.16&#8243; _module_preset=\u00bbdefault\u00bb global_colors_info=\u00bb{}\u00bb][et_pb_image src=\u00bbhttp:\/\/micrositios.dian.gov.co\/sistema-de-facturacion-electronica\/wp-content\/uploads\/sites\/13\/2022\/10\/2-721&#215;392-Validacion-Previa.png\u00bb alt=\u00bbValidaci\u00f3n Previa\u00bb title_text=\u00bbValidaci\u00f3n Previa\u00bb _builder_version=\u00bb4.18.0&#8243; _module_preset=\u00bbdefault\u00bb min_height=\u00bb348px\u00bb custom_padding=\u00bb||0px|||\u00bb locked=\u00bboff\u00bb global_colors_info=\u00bb{}\u00bb][\/et_pb_image][\/et_pb_column][\/et_pb_row][et_pb_row column_structure=\u00bb2_5,3_5&#8243; _builder_version=\u00bb4.16&#8243; _module_preset=\u00bbdefault\u00bb custom_padding=\u00bb4px||33px|||\u00bb locked=\u00bboff\u00bb global_colors_info=\u00bb{}\u00bb][et_pb_column type=\u00bb2_5&#8243; _builder_version=\u00bb4.16&#8243; _module_preset=\u00bbdefault\u00bb global_colors_info=\u00bb{}\u00bb][et_pb_text _builder_version=\u00bb4.17.0&#8243; _module_preset=\u00bbdefault\u00bb text_font=\u00bbUbuntu||||||||\u00bb text_text_color=\u00bb#2b323d\u00bb text_font_size=\u00bb12px\u00bb custom_margin=\u00bb-3px||||false|false\u00bb custom_margin_tablet=\u00bb70px||||false|false\u00bb custom_margin_phone=\u00bb0px||||false|false\u00bb custom_margin_last_edited=\u00bbon|phone\u00bb global_colors_info=\u00bb{}\u00bb]<\/p>\n<p>Compartir contenido:<\/p>\n<p>[\/et_pb_text][et_pb_code _builder_version=\u00bb4.16&#8243; _module_preset=\u00bbdefault\u00bb width=\u00bb63%\u00bb global_colors_info=\u00bb{}\u00bb]<div class=\"et_social_inline et_social_mobile_on et_social_inline_custom\">\n\t\t\t\t<div class=\"et_social_networks et_social_4col et_social_simple et_social_circle et_social_left et_social_no_animation et_social_outer_dark\">\n\t\t\t\t\t\n\t\t\t\t\t<ul class=\"et_social_icons_container\"><li class=\"et_social_facebook\">\n\t\t\t\t\t\t\t\t\t<a href=\"http:\/\/www.facebook.com\/sharer.php?u=https%3A%2F%2Fmicrositios.dian.gov.co%2Fsistema-de-facturacion-electronica%2Fvalidacion-previa%2F&#038;t=Validaci%C3%B3n%20Previa\" class=\"et_social_share\" rel=\"nofollow\" data-social_name=\"facebook\" data-post_id=\"96\" data-social_type=\"share\" data-location=\"inline\">\n\t\t\t\t\t\t\t\t\t\t<i class=\"et_social_icon et_social_icon_facebook\"><\/i><span class=\"et_social_overlay\"><\/span>\n\t\t\t\t\t\t\t\t\t<\/a>\n\t\t\t\t\t\t\t\t<\/li><li class=\"et_social_twitter\">\n\t\t\t\t\t\t\t\t\t<a href=\"http:\/\/twitter.com\/share?text=Validaci%C3%B3n%20Previa&#038;url=https%3A%2F%2Fmicrositios.dian.gov.co%2Fsistema-de-facturacion-electronica%2Fvalidacion-previa%2F\" class=\"et_social_share\" rel=\"nofollow\" data-social_name=\"twitter\" data-post_id=\"96\" data-social_type=\"share\" data-location=\"inline\">\n\t\t\t\t\t\t\t\t\t\t<i class=\"et_social_icon et_social_icon_twitter\"><\/i><span class=\"et_social_overlay\"><\/span>\n\t\t\t\t\t\t\t\t\t<\/a>\n\t\t\t\t\t\t\t\t<\/li><li class=\"et_social_linkedin\">\n\t\t\t\t\t\t\t\t\t<a href=\"http:\/\/www.linkedin.com\/shareArticle?mini=true&#038;url=https%3A%2F%2Fmicrositios.dian.gov.co%2Fsistema-de-facturacion-electronica%2Fvalidacion-previa%2F&#038;title=Validaci%C3%B3n%20Previa\" class=\"et_social_share\" rel=\"nofollow\" data-social_name=\"linkedin\" data-post_id=\"96\" data-social_type=\"share\" data-location=\"inline\">\n\t\t\t\t\t\t\t\t\t\t<i class=\"et_social_icon et_social_icon_linkedin\"><\/i><span class=\"et_social_overlay\"><\/span>\n\t\t\t\t\t\t\t\t\t<\/a>\n\t\t\t\t\t\t\t\t<\/li><\/ul>\n\t\t\t\t<\/div>\n\t\t\t<\/div>[\/et_pb_code][\/et_pb_column][et_pb_column type=\u00bb3_5&#8243; _builder_version=\u00bb4.16&#8243; _module_preset=\u00bbdefault\u00bb global_colors_info=\u00bb{}\u00bb][\/et_pb_column][\/et_pb_row][\/et_pb_section]<\/p>\n","protected":false},"excerpt":{"rendered":"<p>Validaci\u00f3n Previa<div class=\"et_pb_module dipl_breadcrumb dipl_breadcrumb_0\">\n\t\t\t\t\n\t\t\t\t\n\t\t\t\t\n\t\t\t\t\n\t\t\t\t\n\t\t\t\t\n\t\t\t\t<div class=\"et_pb_module_inner\">\n\t\t\t\t\t<div class=\"dipl-breadcrumb-wrapper layout2\">\n\t\t\t\t<ol class=\"dipl-breadcrumb-inner\" vocab=\"https:\/\/schema.org\/\" typeof=\"BreadcrumbList\">\n\t\t\t\t\t<li property=\"itemListElement\" typeof=\"ListItem\" data-icon=\"&#x24;\">\n\t\t\t\t\t\t\t\t<a class=\"breadcrumb-item dipl-home-page\" href=\"https:\/\/micrositios.dian.gov.co\/sistema-de-facturacion-electronica\" property=\"item\" typeof=\"WebPage\" target=\"_blank\">\n\t\t\t\t\t\t\t\t\t<span class=\"breadcrumb-page\" property=\"name\">\n\t\t\t\t\t\t\t\t\t\t<span class=\"breadcrumb-home-icon et-pb-icon\">&#x23;<\/span>\n\t\t\t\t\t\t\t\t\t\tInicio\n\t\t\t\t\t\t\t\t\t<\/span>\n\t\t\t\t\t\t\t\t<\/a>\n\t\t\t\t\t\t\t\t<meta property=\"position\" content=\"1\" \/>\n\t\t\t\t\t\t\t<\/li>\n\t\t\t\t<\/ol>\n\t\t\t<\/div>\n\t\t\t\t<\/div>\n\t\t\t<\/div><div class=\"et_pb_with_border et_pb_module dipl_ajax_search dipl_ajax_search_0\">\n\t\t\t\t\n\t\t\t\t\n\t\t\t\t\n\t\t\t\t\n\t\t\t\t\n\t\t\t\t\n\t\t\t\t<div class=\"et_pb_module_inner\">\n\t\t\t\t\t<div class=\"dipl_ajax_search_wrap\">\n\t\t\t\t<div class=\"dipl_ajax_search_field_wrap dipl_ajax_search_icon\">\n\t\t\t\t\t<input type=\"search\" placeholder=\"Buscar por palabra clave\" class=\"dipl_ajax_search_field\"\n\t\t\t\t\t\tdata-search-in=\"post_title,post_content,post_excerpt\" data-search-post-type=\"page\" data-display-fields=\"title,excerpt,featured_image\" \n\t\t\t\t\t\tdata-url-new-window=\"on\" data-number-of-results=\"-1\" data-no-result-text=\"No encontramos resultados a tu b\u00fasqueda\" \n\t\t\t\t\t\tdata-orderby=\"post_title\" data-order=\"ASC\" data-use-masonry=\"off\"\n\t\t\t\t\t\tdata-exclude_protected_posts=\"off\"\n\t\t\t\t\t\/>\n\t\t\t\t\t<input type=\"hidden\" class=\"dipl_ajax_search_nonce\" value=\"8c10d8ef28\" \/>\n\t\t\t\t<\/div>\n\t\t\t\t<div class=\"dipl_ajax_search_results_wrap dipl_ajax_search_result_1_cols \"><\/div>\n\t\t\t<\/div>\n\t\t\t\t<\/div>\n\t\t\t<\/div>\u00bfQu\u00e9 es la validaci\u00f3n [&hellip;]<\/p>\n","protected":false},"author":1,"featured_media":0,"parent":0,"menu_order":0,"comment_status":"closed","ping_status":"closed","template":"","meta":{"_et_pb_use_builder":"on","_et_pb_old_content":"","_et_gb_content_width":"","footnotes":""},"class_list":["post-96","page","type-page","status-publish","hentry"],"yoast_head":"<!-- This site is optimized with the Yoast SEO Premium plugin v18.5 (Yoast SEO v27.2) - https:\/\/yoast.com\/product\/yoast-seo-premium-wordpress\/ -->\n<title>Validaci\u00f3n Previa<\/title>\n<meta name=\"description\" content=\"Es el proceso que se le hace a la factura, notas d\u00e9bito y cr\u00e9dito electr\u00f3nicas generadas y transmitidas a la DIAN para verificar que cumplen con las reglas definidas por la entidad.\" \/>\n<meta name=\"robots\" content=\"index, follow, max-snippet:-1, max-image-preview:large, max-video-preview:-1\" \/>\n<link rel=\"canonical\" href=\"https:\/\/micrositios.dian.gov.co\/sistema-de-facturacion-electronica\/validacion-previa\/\" \/>\n<meta property=\"og:locale\" content=\"es_ES\" \/>\n<meta property=\"og:type\" content=\"article\" \/>\n<meta property=\"og:title\" content=\"Validaci\u00f3n Previa\" \/>\n<meta property=\"og:description\" content=\"Es el proceso que se le hace a la factura, notas d\u00e9bito y cr\u00e9dito electr\u00f3nicas generadas y transmitidas a la DIAN para verificar que cumplen con las reglas definidas por la entidad.\" \/>\n<meta property=\"og:url\" content=\"https:\/\/micrositios.dian.gov.co\/sistema-de-facturacion-electronica\/validacion-previa\/\" \/>\n<meta property=\"og:site_name\" content=\"Sistema de Facturaci\u00f3n Electr\u00f3nica\" \/>\n<meta property=\"article:modified_time\" content=\"2024-02-26T19:17:42+00:00\" \/>\n<meta property=\"og:image\" content=\"http:\/\/micrositios.dian.gov.co\/sistema-de-facturacion-electronica\/wp-content\/uploads\/sites\/13\/2022\/10\/FE.jpg\" \/>\n\t<meta property=\"og:image:width\" content=\"795\" \/>\n\t<meta property=\"og:image:height\" content=\"397\" \/>\n\t<meta property=\"og:image:type\" content=\"image\/jpeg\" \/>\n<meta name=\"twitter:card\" content=\"summary_large_image\" \/>\n<meta name=\"twitter:title\" content=\"Validaci\u00f3n Previa\" \/>\n<meta name=\"twitter:description\" content=\"Es el proceso que se le hace a la factura, notas d\u00e9bito y cr\u00e9dito electr\u00f3nicas generadas y transmitidas a la DIAN para verificar que cumplen con las reglas definidas por la entidad.\" \/>\n<meta name=\"twitter:label1\" content=\"Tiempo de lectura\" \/>\n\t<meta name=\"twitter:data1\" content=\"2 minutos\" \/>\n<script type=\"application\/ld+json\" class=\"yoast-schema-graph\">{\"@context\":\"https:\/\/schema.org\",\"@graph\":[{\"@type\":\"WebPage\",\"@id\":\"https:\/\/micrositios.dian.gov.co\/sistema-de-facturacion-electronica\/validacion-previa\/\",\"url\":\"https:\/\/micrositios.dian.gov.co\/sistema-de-facturacion-electronica\/validacion-previa\/\",\"name\":\"Validaci\u00f3n Previa\",\"isPartOf\":{\"@id\":\"https:\/\/micrositios.dian.gov.co\/sistema-de-facturacion-electronica\/#website\"},\"primaryImageOfPage\":{\"@id\":\"https:\/\/micrositios.dian.gov.co\/sistema-de-facturacion-electronica\/validacion-previa\/#primaryimage\"},\"image\":{\"@id\":\"https:\/\/micrositios.dian.gov.co\/sistema-de-facturacion-electronica\/validacion-previa\/#primaryimage\"},\"thumbnailUrl\":\"http:\/\/micrositios.dian.gov.co\/sistema-de-facturacion-electronica\/wp-content\/uploads\/sites\/13\/2022\/09\/validacion-previa-168x300.png\",\"datePublished\":\"2022-09-06T03:34:35+00:00\",\"dateModified\":\"2024-02-26T19:17:42+00:00\",\"description\":\"Es el proceso que se le hace a la factura, notas d\u00e9bito y cr\u00e9dito electr\u00f3nicas generadas y transmitidas a la DIAN para verificar que cumplen con las reglas definidas por la entidad.\",\"breadcrumb\":{\"@id\":\"https:\/\/micrositios.dian.gov.co\/sistema-de-facturacion-electronica\/validacion-previa\/#breadcrumb\"},\"inLanguage\":\"es\",\"potentialAction\":[{\"@type\":\"ReadAction\",\"target\":[\"https:\/\/micrositios.dian.gov.co\/sistema-de-facturacion-electronica\/validacion-previa\/\"]}]},{\"@type\":\"ImageObject\",\"inLanguage\":\"es\",\"@id\":\"https:\/\/micrositios.dian.gov.co\/sistema-de-facturacion-electronica\/validacion-previa\/#primaryimage\",\"url\":\"http:\/\/micrositios.dian.gov.co\/sistema-de-facturacion-electronica\/wp-content\/uploads\/sites\/13\/2022\/09\/validacion-previa-168x300.png\",\"contentUrl\":\"http:\/\/micrositios.dian.gov.co\/sistema-de-facturacion-electronica\/wp-content\/uploads\/sites\/13\/2022\/09\/validacion-previa-168x300.png\"},{\"@type\":\"BreadcrumbList\",\"@id\":\"https:\/\/micrositios.dian.gov.co\/sistema-de-facturacion-electronica\/validacion-previa\/#breadcrumb\",\"itemListElement\":[{\"@type\":\"ListItem\",\"position\":1,\"name\":\"Portada\",\"item\":\"https:\/\/micrositios.dian.gov.co\/sistema-de-facturacion-electronica\/\"},{\"@type\":\"ListItem\",\"position\":2,\"name\":\"Validaci\u00f3n Previa\"}]},{\"@type\":\"WebSite\",\"@id\":\"https:\/\/micrositios.dian.gov.co\/sistema-de-facturacion-electronica\/#website\",\"url\":\"https:\/\/micrositios.dian.gov.co\/sistema-de-facturacion-electronica\/\",\"name\":\"Sistema de Facturaci\u00f3n Electr\u00f3nica\",\"description\":\"Micrositios DIAN\",\"potentialAction\":[{\"@type\":\"SearchAction\",\"target\":{\"@type\":\"EntryPoint\",\"urlTemplate\":\"https:\/\/micrositios.dian.gov.co\/sistema-de-facturacion-electronica\/?s={search_term_string}\"},\"query-input\":{\"@type\":\"PropertyValueSpecification\",\"valueRequired\":true,\"valueName\":\"search_term_string\"}}],\"inLanguage\":\"es\"}]}<\/script>\n<!-- \/ Yoast SEO Premium plugin. -->","yoast_head_json":{"title":"Validaci\u00f3n Previa","description":"Es el proceso que se le hace a la factura, notas d\u00e9bito y cr\u00e9dito electr\u00f3nicas generadas y transmitidas a la DIAN para verificar que cumplen con las reglas definidas por la entidad.","robots":{"index":"index","follow":"follow","max-snippet":"max-snippet:-1","max-image-preview":"max-image-preview:large","max-video-preview":"max-video-preview:-1"},"canonical":"https:\/\/micrositios.dian.gov.co\/sistema-de-facturacion-electronica\/validacion-previa\/","og_locale":"es_ES","og_type":"article","og_title":"Validaci\u00f3n Previa","og_description":"Es el proceso que se le hace a la factura, notas d\u00e9bito y cr\u00e9dito electr\u00f3nicas generadas y transmitidas a la DIAN para verificar que cumplen con las reglas definidas por la entidad.","og_url":"https:\/\/micrositios.dian.gov.co\/sistema-de-facturacion-electronica\/validacion-previa\/","og_site_name":"Sistema de Facturaci\u00f3n Electr\u00f3nica","article_modified_time":"2024-02-26T19:17:42+00:00","og_image":[{"width":795,"height":397,"url":"http:\/\/micrositios.dian.gov.co\/sistema-de-facturacion-electronica\/wp-content\/uploads\/sites\/13\/2022\/10\/FE.jpg","type":"image\/jpeg"}],"twitter_card":"summary_large_image","twitter_title":"Validaci\u00f3n Previa","twitter_description":"Es el proceso que se le hace a la factura, notas d\u00e9bito y cr\u00e9dito electr\u00f3nicas generadas y transmitidas a la DIAN para verificar que cumplen con las reglas definidas por la entidad.","twitter_misc":{"Tiempo de lectura":"2 minutos"},"schema":{"@context":"https:\/\/schema.org","@graph":[{"@type":"WebPage","@id":"https:\/\/micrositios.dian.gov.co\/sistema-de-facturacion-electronica\/validacion-previa\/","url":"https:\/\/micrositios.dian.gov.co\/sistema-de-facturacion-electronica\/validacion-previa\/","name":"Validaci\u00f3n Previa","isPartOf":{"@id":"https:\/\/micrositios.dian.gov.co\/sistema-de-facturacion-electronica\/#website"},"primaryImageOfPage":{"@id":"https:\/\/micrositios.dian.gov.co\/sistema-de-facturacion-electronica\/validacion-previa\/#primaryimage"},"image":{"@id":"https:\/\/micrositios.dian.gov.co\/sistema-de-facturacion-electronica\/validacion-previa\/#primaryimage"},"thumbnailUrl":"http:\/\/micrositios.dian.gov.co\/sistema-de-facturacion-electronica\/wp-content\/uploads\/sites\/13\/2022\/09\/validacion-previa-168x300.png","datePublished":"2022-09-06T03:34:35+00:00","dateModified":"2024-02-26T19:17:42+00:00","description":"Es el proceso que se le hace a la factura, notas d\u00e9bito y cr\u00e9dito electr\u00f3nicas generadas y transmitidas a la DIAN para verificar que cumplen con las reglas definidas por la entidad.","breadcrumb":{"@id":"https:\/\/micrositios.dian.gov.co\/sistema-de-facturacion-electronica\/validacion-previa\/#breadcrumb"},"inLanguage":"es","potentialAction":[{"@type":"ReadAction","target":["https:\/\/micrositios.dian.gov.co\/sistema-de-facturacion-electronica\/validacion-previa\/"]}]},{"@type":"ImageObject","inLanguage":"es","@id":"https:\/\/micrositios.dian.gov.co\/sistema-de-facturacion-electronica\/validacion-previa\/#primaryimage","url":"http:\/\/micrositios.dian.gov.co\/sistema-de-facturacion-electronica\/wp-content\/uploads\/sites\/13\/2022\/09\/validacion-previa-168x300.png","contentUrl":"http:\/\/micrositios.dian.gov.co\/sistema-de-facturacion-electronica\/wp-content\/uploads\/sites\/13\/2022\/09\/validacion-previa-168x300.png"},{"@type":"BreadcrumbList","@id":"https:\/\/micrositios.dian.gov.co\/sistema-de-facturacion-electronica\/validacion-previa\/#breadcrumb","itemListElement":[{"@type":"ListItem","position":1,"name":"Portada","item":"https:\/\/micrositios.dian.gov.co\/sistema-de-facturacion-electronica\/"},{"@type":"ListItem","position":2,"name":"Validaci\u00f3n Previa"}]},{"@type":"WebSite","@id":"https:\/\/micrositios.dian.gov.co\/sistema-de-facturacion-electronica\/#website","url":"https:\/\/micrositios.dian.gov.co\/sistema-de-facturacion-electronica\/","name":"Sistema de Facturaci\u00f3n Electr\u00f3nica","description":"Micrositios DIAN","potentialAction":[{"@type":"SearchAction","target":{"@type":"EntryPoint","urlTemplate":"https:\/\/micrositios.dian.gov.co\/sistema-de-facturacion-electronica\/?s={search_term_string}"},"query-input":{"@type":"PropertyValueSpecification","valueRequired":true,"valueName":"search_term_string"}}],"inLanguage":"es"}]}},"_links":{"self":[{"href":"https:\/\/micrositios.dian.gov.co\/sistema-de-facturacion-electronica\/wp-json\/wp\/v2\/pages\/96","targetHints":{"allow":["GET"]}}],"collection":[{"href":"https:\/\/micrositios.dian.gov.co\/sistema-de-facturacion-electronica\/wp-json\/wp\/v2\/pages"}],"about":[{"href":"https:\/\/micrositios.dian.gov.co\/sistema-de-facturacion-electronica\/wp-json\/wp\/v2\/types\/page"}],"author":[{"embeddable":true,"href":"https:\/\/micrositios.dian.gov.co\/sistema-de-facturacion-electronica\/wp-json\/wp\/v2\/users\/1"}],"replies":[{"embeddable":true,"href":"https:\/\/micrositios.dian.gov.co\/sistema-de-facturacion-electronica\/wp-json\/wp\/v2\/comments?post=96"}],"version-history":[{"count":10,"href":"https:\/\/micrositios.dian.gov.co\/sistema-de-facturacion-electronica\/wp-json\/wp\/v2\/pages\/96\/revisions"}],"predecessor-version":[{"id":1753,"href":"https:\/\/micrositios.dian.gov.co\/sistema-de-facturacion-electronica\/wp-json\/wp\/v2\/pages\/96\/revisions\/1753"}],"wp:attachment":[{"href":"https:\/\/micrositios.dian.gov.co\/sistema-de-facturacion-electronica\/wp-json\/wp\/v2\/media?parent=96"}],"curies":[{"name":"wp","href":"https:\/\/api.w.org\/{rel}","templated":true}]}}