{"id":767,"date":"2022-09-21T05:03:43","date_gmt":"2022-09-21T05:03:43","guid":{"rendered":"https:\/\/micrositios.dian.gov.co\/sistema-de-facturacion-electronica\/?page_id=767"},"modified":"2022-10-13T21:12:43","modified_gmt":"2022-10-13T21:12:43","slug":"como-realizar-el-registro-para-la-generacion-del-documento-soporte-de-nomina-electronica-dian","status":"publish","type":"page","link":"https:\/\/micrositios.dian.gov.co\/sistema-de-facturacion-electronica\/como-realizar-el-registro-para-la-generacion-del-documento-soporte-de-nomina-electronica-dian\/","title":{"rendered":"\u00bfC\u00f3mo realizar el registro para la generaci\u00f3n del Documento Soporte de N\u00f3mina Electr\u00f3nica? &#8211; DIAN"},"content":{"rendered":"\n[et_pb_section fb_built=\u00bb1&#8243; _builder_version=\u00bb4.18.0&#8243; _module_preset=\u00bbdefault\u00bb background_image=\u00bbhttp:\/\/micrositios.dian.gov.co\/sistema-de-facturacion-electronica\/wp-content\/uploads\/sites\/13\/2022\/10\/7-Videos.png\u00bb hover_enabled=\u00bb0&#8243; da_disable_devices=\u00bboff|off|off\u00bb global_colors_info=\u00bb{}\u00bb alt=\u00bbVideos\u00bb title_text=\u00bbVideos\u00bb sticky_enabled=\u00bb0&#8243; da_is_popup=\u00bboff\u00bb da_exit_intent=\u00bboff\u00bb da_has_close=\u00bbon\u00bb da_alt_close=\u00bboff\u00bb da_dark_close=\u00bboff\u00bb da_not_modal=\u00bbon\u00bb da_is_singular=\u00bboff\u00bb da_with_loader=\u00bboff\u00bb da_has_shadow=\u00bbon\u00bb][et_pb_row _builder_version=\u00bb4.18.0&#8243; _module_preset=\u00bbdefault\u00bb global_colors_info=\u00bb{}\u00bb][et_pb_column type=\u00bb4_4&#8243; _builder_version=\u00bb4.18.0&#8243; _module_preset=\u00bbdefault\u00bb global_colors_info=\u00bb{}\u00bb][et_pb_text _builder_version=\u00bb4.18.0&#8243; _module_preset=\u00bbac5b030f-f9e2-4787-b128-eb43924d7ab6&#8243; text_font=\u00bbWork Sans|700|||||||\u00bb text_text_color=\u00bb#41d78c\u00bb header_font=\u00bbWork Sans|700|||||||\u00bb header_text_color=\u00bb#41d78c\u00bb hover_enabled=\u00bb0&#8243; global_colors_info=\u00bb{}\u00bb sticky_enabled=\u00bb0&#8243;]<h2><strong>\u00bfC\u00f3mo realizar el registro para la generaci\u00f3n del Documento<br \/>Soporte de N\u00f3mina Electr\u00f3nica? &#8211; DIAN<\/strong><\/h2>[\/et_pb_text][\/et_pb_column][\/et_pb_row][\/et_pb_section][et_pb_section fb_built=\u00bb1&#8243; _builder_version=\u00bb4.16&#8243; _module_preset=\u00bbdefault\u00bb background_color=\u00bb#f6f7f9&#8243; custom_padding=\u00bb5px||32px|||\u00bb da_disable_devices=\u00bboff|off|off\u00bb locked=\u00bboff\u00bb global_colors_info=\u00bb{}\u00bb da_is_popup=\u00bboff\u00bb da_exit_intent=\u00bboff\u00bb da_has_close=\u00bbon\u00bb da_alt_close=\u00bboff\u00bb da_dark_close=\u00bboff\u00bb da_not_modal=\u00bbon\u00bb da_is_singular=\u00bboff\u00bb da_with_loader=\u00bboff\u00bb da_has_shadow=\u00bbon\u00bb][et_pb_row column_structure=\u00bb3_5,2_5&#8243; disabled_on=\u00bbon|off|off\u00bb _builder_version=\u00bb4.17.0&#8243; _module_preset=\u00bbdefault\u00bb saved_tabs=\u00bball\u00bb global_colors_info=\u00bb{}\u00bb][et_pb_column type=\u00bb3_5&#8243; _builder_version=\u00bb4.16&#8243; _module_preset=\u00bbdefault\u00bb global_colors_info=\u00bb{}\u00bb][dipl_breadcrumb breadcrumb_layout=\u00bblayout2&#8243; link_target=\u00bbon\u00bb separator_text=\u00bb\/\u00bb separator_size=\u00bb14px\u00bb separator_color=\u00bb#000000&#8243; use_home_link_custom_text=\u00bbon\u00bb home_link_text=\u00bbInicio\u00bb use_home_link_icon=\u00bbon\u00bb home_link_icon=\u00bb&#x23;||divi||400&#8243; home_link_icon_color=\u00bb#41d78c\u00bb _builder_version=\u00bb4.17.1&#8243; _module_preset=\u00bbdefault\u00bb global_text_settings_font_size=\u00bb12px\u00bb text_font=\u00bbUbuntu||||||||\u00bb text_text_color=\u00bb#262944&#8243; link_font=\u00bbUbuntu|500|||||||\u00bb global_colors_info=\u00bb{}\u00bb text_text_color__hover_enabled=\u00bbon|desktop\u00bb text_text_color__hover=\u00bb#00b4dc\u00bb][\/dipl_breadcrumb][\/et_pb_column][et_pb_column type=\u00bb2_5&#8243; _builder_version=\u00bb4.16&#8243; _module_preset=\u00bbdefault\u00bb global_colors_info=\u00bb{}\u00bb][dipl_ajax_search search_placeholder=\u00bbBuscar por palabra clave\u00bb number_of_results=\u00bb-1&#8243; orderby=\u00bbpost_title\u00bb order=\u00bbASC\u00bb no_result_text=\u00bbNo encontramos resultados a tu b\u00fasqueda\u00bb include_post_types=\u00bbpage\u00bb url_new_window=\u00bbon\u00bb search_icon_color=\u00bb#41d78c\u00bb loader_size=\u00bb12px\u00bb loader_color=\u00bb#41d78c\u00bb _builder_version=\u00bb4.17.0&#8243; _module_preset=\u00bbdefault\u00bb search_result_item_title_font=\u00bbWork Sans|700|||||||\u00bb search_result_item_excerpt_font=\u00bbUbuntu||||||||\u00bb search_result_item_excerpt_font_size=\u00bb12px\u00bb form_field_font=\u00bbUbuntu||||||||\u00bb form_field_font_size=\u00bb12px\u00bb width=\u00bb80%\u00bb module_alignment=\u00bbright\u00bb border_radii_form_field=\u00bbon|6px|6px|6px|6px\u00bb border_width_all_form_field=\u00bb0px\u00bb global_colors_info=\u00bb{}\u00bb][\/dipl_ajax_search][\/et_pb_column][\/et_pb_row][\/et_pb_section][et_pb_section fb_built=\u00bb1&#8243; admin_label=\u00bbSection\u00bb module_id=\u00bbvideo_aprende_RADIAN\u00bb _builder_version=\u00bb4.17.1&#8243; _module_preset=\u00bbdefault\u00bb use_background_color_gradient=\u00bbon\u00bb background_color_gradient_stops=\u00bb#ffffff 50%|#262944 50%\u00bb background_color_gradient_start=\u00bb#ffffff\u00bb background_color_gradient_start_position=\u00bb50%\u00bb background_color_gradient_end=\u00bb#262944&#8243; background_color_gradient_end_position=\u00bb50%\u00bb custom_margin=\u00bb||7px|||\u00bb custom_margin_tablet=\u00bb||7px|||\u00bb custom_margin_phone=\u00bb||0px||false|false\u00bb custom_margin_last_edited=\u00bbon|phone\u00bb custom_padding=\u00bb2px|||||\u00bb background_last_edited=\u00bbon|phone\u00bb use_background_color_gradient_phone=\u00bboff\u00bb da_popup_slug=\u00bbvideo_aprende_RADIAN\u00bb da_disable_devices=\u00bboff|off|off\u00bb locked=\u00bboff\u00bb global_colors_info=\u00bb{}\u00bb da_is_popup=\u00bboff\u00bb da_exit_intent=\u00bboff\u00bb da_has_close=\u00bbon\u00bb da_alt_close=\u00bboff\u00bb da_dark_close=\u00bboff\u00bb da_not_modal=\u00bbon\u00bb da_is_singular=\u00bboff\u00bb da_with_loader=\u00bboff\u00bb da_has_shadow=\u00bbon\u00bb][et_pb_row _builder_version=\u00bb4.16&#8243; _module_preset=\u00bbdefault\u00bb custom_padding=\u00bb||6px|||\u00bb global_colors_info=\u00bb{}\u00bb][et_pb_column type=\u00bb4_4&#8243; _builder_version=\u00bb4.16&#8243; _module_preset=\u00bbdefault\u00bb global_colors_info=\u00bb{}\u00bb][et_pb_text _builder_version=\u00bb4.18.0&#8243; _module_preset=\u00bbdefault\u00bb text_font=\u00bbWork Sans|700|||||||\u00bb text_text_color=\u00bb#2b323d\u00bb text_font_size=\u00bb20px\u00bb text_orientation=\u00bbcenter\u00bb custom_margin=\u00bb20px|||||\u00bb hover_enabled=\u00bb0&#8243; text_orientation_tablet=\u00bbcenter\u00bb text_orientation_phone=\u00bbleft\u00bb text_orientation_last_edited=\u00bbon|phone\u00bb global_colors_info=\u00bb{}\u00bb sticky_enabled=\u00bb0&#8243;]<h3><strong>Acceso directo<\/strong><\/h3>[\/et_pb_text][et_pb_divider color=\u00bb#41d78c\u00bb divider_weight=\u00bb4px\u00bb _builder_version=\u00bb4.18.0&#8243; _module_preset=\u00bbdefault\u00bb width=\u00bb14%\u00bb width_tablet=\u00bb17%\u00bb width_phone=\u00bb100%\u00bb width_last_edited=\u00bbon|phone\u00bb module_alignment=\u00bbcenter\u00bb custom_margin=\u00bb-23px||10px||false|false\u00bb global_colors_info=\u00bb{}\u00bb][\/et_pb_divider][\/et_pb_column][\/et_pb_row][et_pb_row _builder_version=\u00bb4.16&#8243; _module_preset=\u00bbdefault\u00bb custom_padding=\u00bb0px|||||\u00bb global_colors_info=\u00bb{}\u00bb][et_pb_column type=\u00bb4_4&#8243; _builder_version=\u00bb4.16&#8243; _module_preset=\u00bbdefault\u00bb global_colors_info=\u00bb{}\u00bb][et_pb_code _builder_version=\u00bb4.18.0&#8243; _module_preset=\u00bbdefault\u00bb border_width_all=\u00bb27px\u00bb border_color_all=\u00bb#FFFFFF\u00bb border_width_all_tablet=\u00bb27px\u00bb border_width_all_phone=\u00bb0px\u00bb border_width_all_last_edited=\u00bbon|phone\u00bb global_colors_info=\u00bb{}\u00bb]<iframe loading=\"lazy\" width=\"560\" height=\"315\" src=\"https:\/\/www.youtube.com\/embed\/Z428FyfaIpw\" title=\"YouTube video player\" frameborder=\"0\" allow=\"accelerometer; autoplay; clipboard-write; encrypted-media; gyroscope; picture-in-picture\" allowfullscreen><\/iframe>[\/et_pb_code][\/et_pb_column][\/et_pb_row][\/et_pb_section]\n","protected":false},"excerpt":{"rendered":"<p>\u00bfC\u00f3mo realizar el registro para la generaci\u00f3n del DocumentoSoporte de N\u00f3mina Electr\u00f3nica? &#8211; DIAN<div class=\"et_pb_module dipl_breadcrumb dipl_breadcrumb_0\">\n\t\t\t\t\n\t\t\t\t\n\t\t\t\t\n\t\t\t\t\n\t\t\t\t\n\t\t\t\t\n\t\t\t\t<div class=\"et_pb_module_inner\">\n\t\t\t\t\t<div class=\"dipl-breadcrumb-wrapper layout2\">\n\t\t\t\t<ol class=\"dipl-breadcrumb-inner\" vocab=\"https:\/\/schema.org\/\" typeof=\"BreadcrumbList\">\n\t\t\t\t\t<li property=\"itemListElement\" typeof=\"ListItem\" data-icon=\"&#x24;\">\n\t\t\t\t\t\t\t\t<a class=\"breadcrumb-item dipl-home-page\" href=\"https:\/\/micrositios.dian.gov.co\/sistema-de-facturacion-electronica\" property=\"item\" typeof=\"WebPage\" target=\"_blank\">\n\t\t\t\t\t\t\t\t\t<span class=\"breadcrumb-page\" property=\"name\">\n\t\t\t\t\t\t\t\t\t\t<span class=\"breadcrumb-home-icon et-pb-icon\">&#x23;<\/span>\n\t\t\t\t\t\t\t\t\t\tInicio\n\t\t\t\t\t\t\t\t\t<\/span>\n\t\t\t\t\t\t\t\t<\/a>\n\t\t\t\t\t\t\t\t<meta property=\"position\" content=\"1\" \/>\n\t\t\t\t\t\t\t<\/li>\n\t\t\t\t<\/ol>\n\t\t\t<\/div>\n\t\t\t\t<\/div>\n\t\t\t<\/div><div class=\"et_pb_module dipl_ajax_search dipl_ajax_search_0\">\n\t\t\t\t\n\t\t\t\t\n\t\t\t\t\n\t\t\t\t\n\t\t\t\t\n\t\t\t\t\n\t\t\t\t<div class=\"et_pb_module_inner\">\n\t\t\t\t\t<div class=\"dipl_ajax_search_wrap\">\n\t\t\t\t<div class=\"dipl_ajax_search_field_wrap dipl_ajax_search_icon\">\n\t\t\t\t\t<input type=\"search\" placeholder=\"\u00bbBuscar\" class=\"dipl_ajax_search_field\"\n\t\t\t\t\t\tdata-search-in=\"post_title,post_content,post_excerpt\" data-search-post-type=\"\u00bbpage\u00bb\" data-display-fields=\"title,excerpt,featured_image\" \n\t\t\t\t\t\tdata-url-new-window=\"\u00bbon\u00bb\" data-number-of-results=\"0\" data-no-result-text=\"\u00bbNo\" \n\t\t\t\t\t\tdata-orderby=\"\u00bbpost_title\u00bb\" data-order=\"\u00bbASC\u00bb\" data-use-masonry=\"off\"\n\t\t\t\t\t\tdata-exclude_protected_posts=\"off\"\n\t\t\t\t\t\/>\n\t\t\t\t\t<input type=\"hidden\" class=\"dipl_ajax_search_nonce\" value=\"06418dc373\" \/>\n\t\t\t\t<\/div>\n\t\t\t\t<div class=\"dipl_ajax_search_results_wrap dipl_ajax_search_result_1_cols \"><\/div>\n\t\t\t<\/div>\n\t\t\t\t<\/div>\n\t\t\t<\/div><\/p>\n","protected":false},"author":1,"featured_media":0,"parent":0,"menu_order":0,"comment_status":"closed","ping_status":"closed","template":"","meta":{"_et_pb_use_builder":"on","_et_pb_old_content":"","_et_gb_content_width":"","footnotes":""},"class_list":["post-767","page","type-page","status-publish","hentry"],"yoast_head":"<!-- This site is optimized with the Yoast SEO Premium plugin v18.5 (Yoast SEO v27.2) - https:\/\/yoast.com\/product\/yoast-seo-premium-wordpress\/ -->\n<title>\u00bfC\u00f3mo realizar el registro para la generaci\u00f3n del Documento Soporte de N\u00f3mina Electr\u00f3nica? - DIAN<\/title>\n<meta name=\"description\" content=\"Sistema de Facturaci\u00f3n Electr\u00f3nica\" \/>\n<meta name=\"robots\" content=\"index, follow, max-snippet:-1, max-image-preview:large, max-video-preview:-1\" \/>\n<link rel=\"canonical\" href=\"https:\/\/micrositios.dian.gov.co\/sistema-de-facturacion-electronica\/como-realizar-el-registro-para-la-generacion-del-documento-soporte-de-nomina-electronica-dian\/\" \/>\n<meta property=\"og:locale\" content=\"es_ES\" \/>\n<meta property=\"og:type\" content=\"article\" \/>\n<meta property=\"og:title\" content=\"\u00bfC\u00f3mo realizar el registro para la generaci\u00f3n del Documento Soporte de N\u00f3mina Electr\u00f3nica? - DIAN\" \/>\n<meta property=\"og:description\" content=\"Sistema de Facturaci\u00f3n Electr\u00f3nica\" \/>\n<meta property=\"og:url\" content=\"https:\/\/micrositios.dian.gov.co\/sistema-de-facturacion-electronica\/como-realizar-el-registro-para-la-generacion-del-documento-soporte-de-nomina-electronica-dian\/\" \/>\n<meta property=\"og:site_name\" content=\"Sistema de Facturaci\u00f3n Electr\u00f3nica\" \/>\n<meta property=\"article:modified_time\" content=\"2022-10-13T21:12:43+00:00\" \/>\n<meta property=\"og:image\" content=\"http:\/\/micrositios.dian.gov.co\/sistema-de-facturacion-electronica\/wp-content\/uploads\/sites\/13\/2022\/10\/FE.jpg\" \/>\n\t<meta property=\"og:image:width\" content=\"795\" \/>\n\t<meta property=\"og:image:height\" content=\"397\" \/>\n\t<meta property=\"og:image:type\" content=\"image\/jpeg\" \/>\n<meta name=\"twitter:card\" content=\"summary_large_image\" \/>\n<meta name=\"twitter:title\" content=\"\u00bfC\u00f3mo realizar el registro para la generaci\u00f3n del Documento Soporte de N\u00f3mina Electr\u00f3nica? - DIAN\" \/>\n<meta name=\"twitter:description\" content=\"Sistema de Facturaci\u00f3n Electr\u00f3nica\" \/>\n<meta name=\"twitter:label1\" content=\"Tiempo de lectura\" \/>\n\t<meta name=\"twitter:data1\" content=\"2 minutos\" \/>\n<script type=\"application\/ld+json\" class=\"yoast-schema-graph\">{\"@context\":\"https:\/\/schema.org\",\"@graph\":[{\"@type\":\"WebPage\",\"@id\":\"https:\/\/micrositios.dian.gov.co\/sistema-de-facturacion-electronica\/como-realizar-el-registro-para-la-generacion-del-documento-soporte-de-nomina-electronica-dian\/\",\"url\":\"https:\/\/micrositios.dian.gov.co\/sistema-de-facturacion-electronica\/como-realizar-el-registro-para-la-generacion-del-documento-soporte-de-nomina-electronica-dian\/\",\"name\":\"\u00bfC\u00f3mo realizar el registro para la generaci\u00f3n del Documento Soporte de N\u00f3mina Electr\u00f3nica? - DIAN\",\"isPartOf\":{\"@id\":\"https:\/\/micrositios.dian.gov.co\/sistema-de-facturacion-electronica\/#website\"},\"datePublished\":\"2022-09-21T05:03:43+00:00\",\"dateModified\":\"2022-10-13T21:12:43+00:00\",\"description\":\"Sistema de Facturaci\u00f3n Electr\u00f3nica\",\"breadcrumb\":{\"@id\":\"https:\/\/micrositios.dian.gov.co\/sistema-de-facturacion-electronica\/como-realizar-el-registro-para-la-generacion-del-documento-soporte-de-nomina-electronica-dian\/#breadcrumb\"},\"inLanguage\":\"es\",\"potentialAction\":[{\"@type\":\"ReadAction\",\"target\":[\"https:\/\/micrositios.dian.gov.co\/sistema-de-facturacion-electronica\/como-realizar-el-registro-para-la-generacion-del-documento-soporte-de-nomina-electronica-dian\/\"]}]},{\"@type\":\"BreadcrumbList\",\"@id\":\"https:\/\/micrositios.dian.gov.co\/sistema-de-facturacion-electronica\/como-realizar-el-registro-para-la-generacion-del-documento-soporte-de-nomina-electronica-dian\/#breadcrumb\",\"itemListElement\":[{\"@type\":\"ListItem\",\"position\":1,\"name\":\"Portada\",\"item\":\"https:\/\/micrositios.dian.gov.co\/sistema-de-facturacion-electronica\/\"},{\"@type\":\"ListItem\",\"position\":2,\"name\":\"\u00bfC\u00f3mo realizar el registro para la generaci\u00f3n del Documento Soporte de N\u00f3mina Electr\u00f3nica? &#8211; DIAN\"}]},{\"@type\":\"WebSite\",\"@id\":\"https:\/\/micrositios.dian.gov.co\/sistema-de-facturacion-electronica\/#website\",\"url\":\"https:\/\/micrositios.dian.gov.co\/sistema-de-facturacion-electronica\/\",\"name\":\"Sistema de Facturaci\u00f3n Electr\u00f3nica\",\"description\":\"Micrositios DIAN\",\"potentialAction\":[{\"@type\":\"SearchAction\",\"target\":{\"@type\":\"EntryPoint\",\"urlTemplate\":\"https:\/\/micrositios.dian.gov.co\/sistema-de-facturacion-electronica\/?s={search_term_string}\"},\"query-input\":{\"@type\":\"PropertyValueSpecification\",\"valueRequired\":true,\"valueName\":\"search_term_string\"}}],\"inLanguage\":\"es\"}]}<\/script>\n<!-- \/ Yoast SEO Premium plugin. -->","yoast_head_json":{"title":"\u00bfC\u00f3mo realizar el registro para la generaci\u00f3n del Documento Soporte de N\u00f3mina Electr\u00f3nica? - DIAN","description":"Sistema de Facturaci\u00f3n Electr\u00f3nica","robots":{"index":"index","follow":"follow","max-snippet":"max-snippet:-1","max-image-preview":"max-image-preview:large","max-video-preview":"max-video-preview:-1"},"canonical":"https:\/\/micrositios.dian.gov.co\/sistema-de-facturacion-electronica\/como-realizar-el-registro-para-la-generacion-del-documento-soporte-de-nomina-electronica-dian\/","og_locale":"es_ES","og_type":"article","og_title":"\u00bfC\u00f3mo realizar el registro para la generaci\u00f3n del Documento Soporte de N\u00f3mina Electr\u00f3nica? - DIAN","og_description":"Sistema de Facturaci\u00f3n Electr\u00f3nica","og_url":"https:\/\/micrositios.dian.gov.co\/sistema-de-facturacion-electronica\/como-realizar-el-registro-para-la-generacion-del-documento-soporte-de-nomina-electronica-dian\/","og_site_name":"Sistema de Facturaci\u00f3n Electr\u00f3nica","article_modified_time":"2022-10-13T21:12:43+00:00","og_image":[{"width":795,"height":397,"url":"http:\/\/micrositios.dian.gov.co\/sistema-de-facturacion-electronica\/wp-content\/uploads\/sites\/13\/2022\/10\/FE.jpg","type":"image\/jpeg"}],"twitter_card":"summary_large_image","twitter_title":"\u00bfC\u00f3mo realizar el registro para la generaci\u00f3n del Documento Soporte de N\u00f3mina Electr\u00f3nica? - DIAN","twitter_description":"Sistema de Facturaci\u00f3n Electr\u00f3nica","twitter_misc":{"Tiempo de lectura":"2 minutos"},"schema":{"@context":"https:\/\/schema.org","@graph":[{"@type":"WebPage","@id":"https:\/\/micrositios.dian.gov.co\/sistema-de-facturacion-electronica\/como-realizar-el-registro-para-la-generacion-del-documento-soporte-de-nomina-electronica-dian\/","url":"https:\/\/micrositios.dian.gov.co\/sistema-de-facturacion-electronica\/como-realizar-el-registro-para-la-generacion-del-documento-soporte-de-nomina-electronica-dian\/","name":"\u00bfC\u00f3mo realizar el registro para la generaci\u00f3n del Documento Soporte de N\u00f3mina Electr\u00f3nica? - DIAN","isPartOf":{"@id":"https:\/\/micrositios.dian.gov.co\/sistema-de-facturacion-electronica\/#website"},"datePublished":"2022-09-21T05:03:43+00:00","dateModified":"2022-10-13T21:12:43+00:00","description":"Sistema de Facturaci\u00f3n Electr\u00f3nica","breadcrumb":{"@id":"https:\/\/micrositios.dian.gov.co\/sistema-de-facturacion-electronica\/como-realizar-el-registro-para-la-generacion-del-documento-soporte-de-nomina-electronica-dian\/#breadcrumb"},"inLanguage":"es","potentialAction":[{"@type":"ReadAction","target":["https:\/\/micrositios.dian.gov.co\/sistema-de-facturacion-electronica\/como-realizar-el-registro-para-la-generacion-del-documento-soporte-de-nomina-electronica-dian\/"]}]},{"@type":"BreadcrumbList","@id":"https:\/\/micrositios.dian.gov.co\/sistema-de-facturacion-electronica\/como-realizar-el-registro-para-la-generacion-del-documento-soporte-de-nomina-electronica-dian\/#breadcrumb","itemListElement":[{"@type":"ListItem","position":1,"name":"Portada","item":"https:\/\/micrositios.dian.gov.co\/sistema-de-facturacion-electronica\/"},{"@type":"ListItem","position":2,"name":"\u00bfC\u00f3mo realizar el registro para la generaci\u00f3n del Documento Soporte de N\u00f3mina Electr\u00f3nica? &#8211; DIAN"}]},{"@type":"WebSite","@id":"https:\/\/micrositios.dian.gov.co\/sistema-de-facturacion-electronica\/#website","url":"https:\/\/micrositios.dian.gov.co\/sistema-de-facturacion-electronica\/","name":"Sistema de Facturaci\u00f3n Electr\u00f3nica","description":"Micrositios DIAN","potentialAction":[{"@type":"SearchAction","target":{"@type":"EntryPoint","urlTemplate":"https:\/\/micrositios.dian.gov.co\/sistema-de-facturacion-electronica\/?s={search_term_string}"},"query-input":{"@type":"PropertyValueSpecification","valueRequired":true,"valueName":"search_term_string"}}],"inLanguage":"es"}]}},"_links":{"self":[{"href":"https:\/\/micrositios.dian.gov.co\/sistema-de-facturacion-electronica\/wp-json\/wp\/v2\/pages\/767","targetHints":{"allow":["GET"]}}],"collection":[{"href":"https:\/\/micrositios.dian.gov.co\/sistema-de-facturacion-electronica\/wp-json\/wp\/v2\/pages"}],"about":[{"href":"https:\/\/micrositios.dian.gov.co\/sistema-de-facturacion-electronica\/wp-json\/wp\/v2\/types\/page"}],"author":[{"embeddable":true,"href":"https:\/\/micrositios.dian.gov.co\/sistema-de-facturacion-electronica\/wp-json\/wp\/v2\/users\/1"}],"replies":[{"embeddable":true,"href":"https:\/\/micrositios.dian.gov.co\/sistema-de-facturacion-electronica\/wp-json\/wp\/v2\/comments?post=767"}],"version-history":[{"count":4,"href":"https:\/\/micrositios.dian.gov.co\/sistema-de-facturacion-electronica\/wp-json\/wp\/v2\/pages\/767\/revisions"}],"predecessor-version":[{"id":1198,"href":"https:\/\/micrositios.dian.gov.co\/sistema-de-facturacion-electronica\/wp-json\/wp\/v2\/pages\/767\/revisions\/1198"}],"wp:attachment":[{"href":"https:\/\/micrositios.dian.gov.co\/sistema-de-facturacion-electronica\/wp-json\/wp\/v2\/media?parent=767"}],"curies":[{"name":"wp","href":"https:\/\/api.w.org\/{rel}","templated":true}]}}