{"id":570,"date":"2022-09-13T22:25:25","date_gmt":"2022-09-13T22:25:25","guid":{"rendered":"https:\/\/micrositios.dian.gov.co\/sistema-de-facturacion-electronica\/?page_id=570"},"modified":"2022-10-13T20:56:26","modified_gmt":"2022-10-13T20:56:26","slug":"marco-normativo-soporte-de-pago-de-nomina-electronica","status":"publish","type":"page","link":"https:\/\/micrositios.dian.gov.co\/sistema-de-facturacion-electronica\/marco-normativo-soporte-de-pago-de-nomina-electronica\/","title":{"rendered":"Marco Normativo: Soporte de pago de N\u00f3mina Electr\u00f3nica"},"content":{"rendered":"\n[et_pb_section fb_built=\u00bb1&#8243; _builder_version=\u00bb4.18.0&#8243; _module_preset=\u00bbdefault\u00bb background_image=\u00bbhttp:\/\/micrositios.dian.gov.co\/sistema-de-facturacion-electronica\/wp-content\/uploads\/sites\/13\/2022\/10\/57-Marco-normatividad.png\u00bb custom_margin=\u00bb0px||||false|false\u00bb custom_padding=\u00bb||66px|||\u00bb hover_enabled=\u00bb0&#8243; da_disable_devices=\u00bboff|off|off\u00bb global_colors_info=\u00bb{}\u00bb title_text=\u00bbMarco normatividad\u00bb sticky_enabled=\u00bb0&#8243; da_is_popup=\u00bboff\u00bb da_exit_intent=\u00bboff\u00bb da_has_close=\u00bbon\u00bb da_alt_close=\u00bboff\u00bb da_dark_close=\u00bboff\u00bb da_not_modal=\u00bbon\u00bb da_is_singular=\u00bboff\u00bb da_with_loader=\u00bboff\u00bb da_has_shadow=\u00bbon\u00bb][et_pb_row _builder_version=\u00bb4.16&#8243; _module_preset=\u00bbdefault\u00bb global_colors_info=\u00bb{}\u00bb][et_pb_column type=\u00bb4_4&#8243; _builder_version=\u00bb4.16&#8243; _module_preset=\u00bbdefault\u00bb global_colors_info=\u00bb{}\u00bb][et_pb_text _builder_version=\u00bb4.18.0&#8243; _module_preset=\u00bbac5b030f-f9e2-4787-b128-eb43924d7ab6&#8243; text_font=\u00bbWork Sans|700|||||||\u00bb text_text_color=\u00bb#41d78c\u00bb text_font_size=\u00bb35px\u00bb text_line_height=\u00bb1em\u00bb hover_enabled=\u00bb0&#8243; text_orientation_tablet=\u00bb\u00bb text_orientation_phone=\u00bbcenter\u00bb text_orientation_last_edited=\u00bbon|phone\u00bb global_colors_info=\u00bb{}\u00bb sticky_enabled=\u00bb0&#8243;]<h2><strong>Marco Normatividad: <span>Soporte de pago de n\u00f3mina electr\u00f3nica<\/span><\/strong><\/h2>[\/et_pb_text][\/et_pb_column][\/et_pb_row][\/et_pb_section][et_pb_section fb_built=\u00bb1&#8243; _builder_version=\u00bb4.16&#8243; _module_preset=\u00bbdefault\u00bb background_color=\u00bb#f6f7f9&#8243; custom_padding=\u00bb5px||32px|||\u00bb da_disable_devices=\u00bboff|off|off\u00bb locked=\u00bboff\u00bb global_colors_info=\u00bb{}\u00bb da_is_popup=\u00bboff\u00bb da_exit_intent=\u00bboff\u00bb da_has_close=\u00bbon\u00bb da_alt_close=\u00bboff\u00bb da_dark_close=\u00bboff\u00bb da_not_modal=\u00bbon\u00bb da_is_singular=\u00bboff\u00bb da_with_loader=\u00bboff\u00bb da_has_shadow=\u00bbon\u00bb][et_pb_row column_structure=\u00bb3_5,2_5&#8243; disabled_on=\u00bbon|off|off\u00bb _builder_version=\u00bb4.17.0&#8243; _module_preset=\u00bbdefault\u00bb saved_tabs=\u00bball\u00bb global_colors_info=\u00bb{}\u00bb][et_pb_column type=\u00bb3_5&#8243; _builder_version=\u00bb4.16&#8243; _module_preset=\u00bbdefault\u00bb global_colors_info=\u00bb{}\u00bb][dipl_breadcrumb breadcrumb_layout=\u00bblayout2&#8243; link_target=\u00bbon\u00bb separator_text=\u00bb\/\u00bb separator_size=\u00bb14px\u00bb separator_color=\u00bb#000000&#8243; use_home_link_custom_text=\u00bbon\u00bb home_link_text=\u00bbInicio\u00bb use_home_link_icon=\u00bbon\u00bb home_link_icon=\u00bb&#x23;||divi||400&#8243; home_link_icon_color=\u00bb#41d78c\u00bb _builder_version=\u00bb4.17.1&#8243; _module_preset=\u00bbdefault\u00bb global_text_settings_font_size=\u00bb12px\u00bb text_font=\u00bbUbuntu||||||||\u00bb text_text_color=\u00bb#262944&#8243; link_font=\u00bbUbuntu|500|||||||\u00bb global_colors_info=\u00bb{}\u00bb text_text_color__hover_enabled=\u00bbon|desktop\u00bb text_text_color__hover=\u00bb#00b4dc\u00bb][\/dipl_breadcrumb][\/et_pb_column][et_pb_column type=\u00bb2_5&#8243; _builder_version=\u00bb4.16&#8243; _module_preset=\u00bbdefault\u00bb global_colors_info=\u00bb{}\u00bb][dipl_ajax_search search_placeholder=\u00bbBuscar por palabra clave\u00bb number_of_results=\u00bb-1&#8243; orderby=\u00bbpost_title\u00bb order=\u00bbASC\u00bb no_result_text=\u00bbNo encontramos resultados a tu b\u00fasqueda\u00bb include_post_types=\u00bbpage\u00bb url_new_window=\u00bbon\u00bb search_icon_color=\u00bb#41d78c\u00bb loader_size=\u00bb12px\u00bb loader_color=\u00bb#41d78c\u00bb _builder_version=\u00bb4.17.0&#8243; _module_preset=\u00bbdefault\u00bb search_result_item_title_font=\u00bbWork Sans|700|||||||\u00bb search_result_item_excerpt_font=\u00bbUbuntu||||||||\u00bb search_result_item_excerpt_font_size=\u00bb12px\u00bb form_field_font=\u00bbUbuntu||||||||\u00bb form_field_font_size=\u00bb12px\u00bb width=\u00bb80%\u00bb module_alignment=\u00bbright\u00bb border_radii_form_field=\u00bbon|6px|6px|6px|6px\u00bb border_width_all_form_field=\u00bb0px\u00bb global_colors_info=\u00bb{}\u00bb][\/dipl_ajax_search][\/et_pb_column][\/et_pb_row][\/et_pb_section][et_pb_section fb_built=\u00bb1&#8243; _builder_version=\u00bb4.17.1&#8243; _module_preset=\u00bbdefault\u00bb background_color=\u00bb#f6f7f9&#8243; custom_padding=\u00bb4px|||||\u00bb da_disable_devices=\u00bboff|off|off\u00bb global_colors_info=\u00bb{}\u00bb da_is_popup=\u00bboff\u00bb da_exit_intent=\u00bboff\u00bb da_has_close=\u00bbon\u00bb da_alt_close=\u00bboff\u00bb da_dark_close=\u00bboff\u00bb da_not_modal=\u00bbon\u00bb da_is_singular=\u00bboff\u00bb da_with_loader=\u00bboff\u00bb da_has_shadow=\u00bbon\u00bb][et_pb_row _builder_version=\u00bb4.16&#8243; _module_preset=\u00bbdefault\u00bb custom_margin=\u00bb-5px|auto||auto||\u00bb global_colors_info=\u00bb{}\u00bb][et_pb_column type=\u00bb4_4&#8243; _builder_version=\u00bb4.16&#8243; _module_preset=\u00bbdefault\u00bb global_colors_info=\u00bb{}\u00bb][et_pb_text _builder_version=\u00bb4.18.0&#8243; _module_preset=\u00bbdefault\u00bb text_font=\u00bbWork Sans|700|||||||\u00bb text_text_color=\u00bb#2b323d\u00bb text_font_size=\u00bb19px\u00bb text_orientation=\u00bbcenter\u00bb hover_enabled=\u00bb0&#8243; text_orientation_tablet=\u00bbcenter\u00bb text_orientation_phone=\u00bbleft\u00bb text_orientation_last_edited=\u00bbon|phone\u00bb global_colors_info=\u00bb{}\u00bb sticky_enabled=\u00bb0&#8243;]<h3><strong>Marco Normatividad: Soporte de pago de n\u00f3mina electr\u00f3nica<\/strong><\/h3>[\/et_pb_text][et_pb_divider color=\u00bb#41d78c\u00bb divider_weight=\u00bb4px\u00bb _builder_version=\u00bb4.18.0&#8243; _module_preset=\u00bbdefault\u00bb width=\u00bb60%\u00bb width_tablet=\u00bb60%\u00bb width_phone=\u00bb100%\u00bb width_last_edited=\u00bbon|phone\u00bb module_alignment=\u00bbcenter\u00bb custom_margin=\u00bb-23px||10px||false|false\u00bb hover_enabled=\u00bb0&#8243; global_colors_info=\u00bb{}\u00bb sticky_enabled=\u00bb0&#8243;][\/et_pb_divider][\/et_pb_column][\/et_pb_row][et_pb_row column_structure=\u00bb1_2,1_2&#8243; _builder_version=\u00bb4.16&#8243; _module_preset=\u00bbdefault\u00bb custom_margin=\u00bb-5px|auto||auto||\u00bb locked=\u00bboff\u00bb global_colors_info=\u00bb{}\u00bb][et_pb_column type=\u00bb1_2&#8243; _builder_version=\u00bb4.16&#8243; _module_preset=\u00bbdefault\u00bb global_colors_info=\u00bb{}\u00bb][et_pb_blurb title=\u00bbResoluci\u00f3n 000028 de 2022&#8243; url=\u00bbhttps:\/\/www.dian.gov.co\/normatividad\/Normatividad\/Resoluci%C3%B3n%20000028%20de%2028-02-2022.pdf\u00bb icon_placement=\u00bbleft\u00bb image_icon_width=\u00bb200%\u00bb _builder_version=\u00bb4.18.0&#8243; _module_preset=\u00bbdefault\u00bb header_font=\u00bbWork Sans|600|||||||\u00bb header_text_color=\u00bb#262944&#8243; header_font_size=\u00bb13px\u00bb body_font=\u00bbUbuntu||||||||\u00bb body_font_size=\u00bb12px\u00bb body_line_height=\u00bb1.4em\u00bb background_color=\u00bb#FFFFFF\u00bb custom_padding=\u00bb16px|17px|9px|17px|false|true\u00bb hover_enabled=\u00bb0&#8243; box_shadow_style=\u00bbpreset1&#8243; box_shadow_vertical=\u00bb0px\u00bb box_shadow_blur=\u00bb0px\u00bb global_colors_info=\u00bb{}\u00bb box_shadow_blur__hover_enabled=\u00bbon|hover\u00bb box_shadow_blur__hover=\u00bb20px\u00bb sticky_enabled=\u00bb0&#8243; url_new_window=\u00bbon\u00bb link_option_url_new_window=\u00bbon\u00bb]<p><span>Por la cual se modifica el art\u00edculo 1 de la resoluci\u00f3n 00151 de 2021 y se establece un plazo especial para la generaci\u00f3n y transmisi\u00f3n del documento soporte de pago de n\u00f3mina electr\u00f3nica para empleadores no obligados a expedir factura electr\u00f3nica de venta<\/span><\/p>[\/et_pb_blurb][\/et_pb_column][et_pb_column type=\u00bb1_2&#8243; _builder_version=\u00bb4.16&#8243; _module_preset=\u00bbdefault\u00bb global_colors_info=\u00bb{}\u00bb][et_pb_blurb title=\u00bb Resoluci\u00f3n 0037 de 2021&#8243; url=\u00bbhttps:\/\/bit.ly\/3nVvuYU\u00bb icon_placement=\u00bbleft\u00bb image_icon_width=\u00bb200%\u00bb _builder_version=\u00bb4.18.0&#8243; _module_preset=\u00bbdefault\u00bb header_font=\u00bbWork Sans|600|||||||\u00bb header_text_color=\u00bb#262944&#8243; header_font_size=\u00bb13px\u00bb body_font=\u00bbUbuntu||||||||\u00bb body_font_size=\u00bb12px\u00bb body_line_height=\u00bb1.4em\u00bb background_color=\u00bb#FFFFFF\u00bb custom_padding=\u00bb16px|17px|9px|17px|false|true\u00bb hover_enabled=\u00bb0&#8243; box_shadow_style=\u00bbpreset1&#8243; box_shadow_vertical=\u00bb0px\u00bb box_shadow_blur=\u00bb0px\u00bb global_colors_info=\u00bb{}\u00bb box_shadow_blur__hover=\u00bb20px\u00bb box_shadow_blur__hover_enabled=\u00bbon|hover\u00bb url_new_window=\u00bbon\u00bb link_option_url_new_window=\u00bbon\u00bb sticky_enabled=\u00bb0&#8243;]<p><span>Por la cual se establece la fecha en la cual quedar\u00e1 disponible cada una de las funcionalidades del sistema de factura electr\u00f3nica para la implementaci\u00f3n de los anexos t\u00e9cnicos de las Resoluciones 000012, 000013 y 000015 de 2021 y se dictan otras disposiciones.<\/span><\/p>[\/et_pb_blurb][\/et_pb_column][\/et_pb_row][et_pb_row column_structure=\u00bb1_3,1_3,1_3&#8243; _builder_version=\u00bb4.16&#8243; _module_preset=\u00bbdefault\u00bb custom_margin=\u00bb-5px|auto||auto||\u00bb locked=\u00bboff\u00bb global_colors_info=\u00bb{}\u00bb][et_pb_column type=\u00bb1_3&#8243; _builder_version=\u00bb4.16&#8243; _module_preset=\u00bbdefault\u00bb global_colors_info=\u00bb{}\u00bb][et_pb_blurb title=\u00bbResoluci\u00f3n 000063 de 2021 \u00bb url=\u00bbhttps:\/\/www.dian.gov.co\/normatividad\/Normatividad\/Resoluci%C3%B3n%20000063%20de%2030-07-2021.pdf\u00bb icon_placement=\u00bbleft\u00bb image_icon_width=\u00bb200%\u00bb _builder_version=\u00bb4.18.0&#8243; _module_preset=\u00bbdefault\u00bb header_font=\u00bbWork Sans|600|||||||\u00bb header_text_color=\u00bb#262944&#8243; header_font_size=\u00bb13px\u00bb body_font=\u00bbUbuntu||||||||\u00bb body_font_size=\u00bb12px\u00bb body_line_height=\u00bb1.4em\u00bb background_color=\u00bb#FFFFFF\u00bb custom_padding=\u00bb16px|17px|9px|17px|false|true\u00bb hover_enabled=\u00bb0&#8243; box_shadow_style=\u00bbpreset1&#8243; box_shadow_vertical=\u00bb0px\u00bb box_shadow_blur=\u00bb0px\u00bb global_colors_info=\u00bb{}\u00bb box_shadow_blur__hover_enabled=\u00bbon|hover\u00bb box_shadow_blur__hover=\u00bb20px\u00bb url_new_window=\u00bbon\u00bb link_option_url_new_window=\u00bbon\u00bb sticky_enabled=\u00bb0&#8243;]<p><span>Por la cual se modifican el art\u00edculo 1 de la Resoluci\u00f3n 000037 del 05 de mayo de 2021, el numeral 1 del art\u00edculo 6 de la Resoluci\u00f3n 000013 del 11 de febrero de 2021, modificado por el art\u00edculo 3 de la Resoluci\u00f3n 000037 del 05 de mayo de 2021.<\/span><\/p>[\/et_pb_blurb][\/et_pb_column][et_pb_column type=\u00bb1_3&#8243; _builder_version=\u00bb4.16&#8243; _module_preset=\u00bbdefault\u00bb global_colors_info=\u00bb{}\u00bb][et_pb_blurb title=\u00bbResoluci\u00f3n 000013 de 2021&#8243; url=\u00bbhttps:\/\/www.dian.gov.co\/normatividad\/Normatividad\/Resoluci%c3%b3n%20000013%20de%2011-02-2021.pdf\u00bb icon_placement=\u00bbleft\u00bb image_icon_width=\u00bb200%\u00bb _builder_version=\u00bb4.18.0&#8243; _module_preset=\u00bbdefault\u00bb header_font=\u00bbWork Sans|600|||||||\u00bb header_text_color=\u00bb#262944&#8243; header_font_size=\u00bb13px\u00bb body_font=\u00bbUbuntu||||||||\u00bb body_font_size=\u00bb12px\u00bb body_line_height=\u00bb1.4em\u00bb background_color=\u00bb#FFFFFF\u00bb custom_padding=\u00bb16px|17px|9px|17px|false|true\u00bb hover_enabled=\u00bb0&#8243; box_shadow_style=\u00bbpreset1&#8243; box_shadow_vertical=\u00bb0px\u00bb box_shadow_blur=\u00bb0px\u00bb global_colors_info=\u00bb{}\u00bb box_shadow_blur__hover=\u00bb20px\u00bb box_shadow_blur__hover_enabled=\u00bbon|hover\u00bb url_new_window=\u00bbon\u00bb link_option_url_new_window=\u00bbon\u00bb sticky_enabled=\u00bb0&#8243;]<p><span>Por la cual se implementa y desarrolla en el sistema de facturaci\u00f3n electr\u00f3nica la funcionalidad del documento soporte de pago de n\u00f3mina electr\u00f3nica y se adopta el anexo t\u00e9cnico para este documento.<\/span><\/p>[\/et_pb_blurb][\/et_pb_column][et_pb_column type=\u00bb1_3&#8243; _builder_version=\u00bb4.16&#8243; _module_preset=\u00bbdefault\u00bb global_colors_info=\u00bb{}\u00bb][et_pb_blurb title=\u00bbResoluci\u00f3n 000151 de 2021&#8243; url=\u00bbhttps:\/\/www.dian.gov.co\/normatividad\/Normatividad\/Resoluci%C3%B3n%20000151%20de%2010-12-2021.pdf\u00bb icon_placement=\u00bbleft\u00bb image_icon_width=\u00bb200%\u00bb _builder_version=\u00bb4.18.0&#8243; _module_preset=\u00bbdefault\u00bb header_font=\u00bbWork Sans|600|||||||\u00bb header_text_color=\u00bb#262944&#8243; header_font_size=\u00bb13px\u00bb body_font=\u00bbUbuntu||||||||\u00bb body_font_size=\u00bb12px\u00bb body_line_height=\u00bb1.4em\u00bb background_color=\u00bb#FFFFFF\u00bb custom_padding=\u00bb16px|17px|9px|17px|false|true\u00bb hover_enabled=\u00bb0&#8243; box_shadow_style=\u00bbpreset1&#8243; box_shadow_vertical=\u00bb0px\u00bb box_shadow_blur=\u00bb0px\u00bb global_colors_info=\u00bb{}\u00bb box_shadow_blur__hover=\u00bb20px\u00bb box_shadow_blur__hover_enabled=\u00bbon|hover\u00bb url_new_window=\u00bbon\u00bb link_option_url_new_window=\u00bbon\u00bb sticky_enabled=\u00bb0&#8243;]<p><span>\u00a0Por la cual se establece un plazo especial para la generaci\u00f3n y transmisio\u0301n del documento soporte de pago de no\u0301mina electro\u0301nica para empleadores que tienen a su cargo entre uno (1) y diez (10) empleados.<\/span><\/p>[\/et_pb_blurb][\/et_pb_column][\/et_pb_row][\/et_pb_section]\n","protected":false},"excerpt":{"rendered":"<p>Marco Normatividad: Soporte de pago de n\u00f3mina electr\u00f3nica<div class=\"et_pb_module dipl_breadcrumb dipl_breadcrumb_0\">\n\t\t\t\t\n\t\t\t\t\n\t\t\t\t\n\t\t\t\t\n\t\t\t\t\n\t\t\t\t\n\t\t\t\t<div class=\"et_pb_module_inner\">\n\t\t\t\t\t<div class=\"dipl-breadcrumb-wrapper layout2\">\n\t\t\t\t<ol class=\"dipl-breadcrumb-inner\" vocab=\"https:\/\/schema.org\/\" typeof=\"BreadcrumbList\">\n\t\t\t\t\t<li property=\"itemListElement\" typeof=\"ListItem\" data-icon=\"&#x24;\">\n\t\t\t\t\t\t\t\t<a class=\"breadcrumb-item dipl-home-page\" href=\"https:\/\/micrositios.dian.gov.co\/sistema-de-facturacion-electronica\" property=\"item\" typeof=\"WebPage\" target=\"_blank\">\n\t\t\t\t\t\t\t\t\t<span class=\"breadcrumb-page\" property=\"name\">\n\t\t\t\t\t\t\t\t\t\t<span class=\"breadcrumb-home-icon et-pb-icon\">&#x23;<\/span>\n\t\t\t\t\t\t\t\t\t\tInicio\n\t\t\t\t\t\t\t\t\t<\/span>\n\t\t\t\t\t\t\t\t<\/a>\n\t\t\t\t\t\t\t\t<meta property=\"position\" content=\"1\" \/>\n\t\t\t\t\t\t\t<\/li>\n\t\t\t\t<\/ol>\n\t\t\t<\/div>\n\t\t\t\t<\/div>\n\t\t\t<\/div><div class=\"et_pb_module dipl_ajax_search dipl_ajax_search_0\">\n\t\t\t\t\n\t\t\t\t\n\t\t\t\t\n\t\t\t\t\n\t\t\t\t\n\t\t\t\t\n\t\t\t\t<div class=\"et_pb_module_inner\">\n\t\t\t\t\t<div class=\"dipl_ajax_search_wrap\">\n\t\t\t\t<div class=\"dipl_ajax_search_field_wrap dipl_ajax_search_icon\">\n\t\t\t\t\t<input type=\"search\" placeholder=\"\u00bbBuscar\" class=\"dipl_ajax_search_field\"\n\t\t\t\t\t\tdata-search-in=\"post_title,post_content,post_excerpt\" data-search-post-type=\"\u00bbpage\u00bb\" data-display-fields=\"title,excerpt,featured_image\" \n\t\t\t\t\t\tdata-url-new-window=\"\u00bbon\u00bb\" data-number-of-results=\"0\" data-no-result-text=\"\u00bbNo\" \n\t\t\t\t\t\tdata-orderby=\"\u00bbpost_title\u00bb\" data-order=\"\u00bbASC\u00bb\" data-use-masonry=\"off\"\n\t\t\t\t\t\tdata-exclude_protected_posts=\"off\"\n\t\t\t\t\t\/>\n\t\t\t\t\t<input type=\"hidden\" class=\"dipl_ajax_search_nonce\" value=\"58e4558c72\" \/>\n\t\t\t\t<\/div>\n\t\t\t\t<div class=\"dipl_ajax_search_results_wrap dipl_ajax_search_result_1_cols \"><\/div>\n\t\t\t<\/div>\n\t\t\t\t<\/div>\n\t\t\t<\/div><\/p>\n","protected":false},"author":1,"featured_media":0,"parent":0,"menu_order":0,"comment_status":"closed","ping_status":"closed","template":"","meta":{"_et_pb_use_builder":"on","_et_pb_old_content":"","_et_gb_content_width":"","footnotes":""},"class_list":["post-570","page","type-page","status-publish","hentry"],"yoast_head":"<!-- This site is optimized with the Yoast SEO Premium plugin v18.5 (Yoast SEO v27.2) - https:\/\/yoast.com\/product\/yoast-seo-premium-wordpress\/ -->\n<title>Marco Normativo: Soporte de pago de N\u00f3mina Electr\u00f3nica<\/title>\n<meta name=\"description\" content=\"Sistema de Facturaci\u00f3n Electr\u00f3nica\" \/>\n<meta name=\"robots\" content=\"index, follow, max-snippet:-1, max-image-preview:large, max-video-preview:-1\" \/>\n<link rel=\"canonical\" href=\"https:\/\/micrositios.dian.gov.co\/sistema-de-facturacion-electronica\/marco-normativo-soporte-de-pago-de-nomina-electronica\/\" \/>\n<meta property=\"og:locale\" content=\"es_ES\" \/>\n<meta property=\"og:type\" content=\"article\" \/>\n<meta property=\"og:title\" content=\"Marco Normativo: Soporte de pago de N\u00f3mina Electr\u00f3nica\" \/>\n<meta property=\"og:description\" content=\"Sistema de Facturaci\u00f3n Electr\u00f3nica\" \/>\n<meta property=\"og:url\" content=\"https:\/\/micrositios.dian.gov.co\/sistema-de-facturacion-electronica\/marco-normativo-soporte-de-pago-de-nomina-electronica\/\" \/>\n<meta property=\"og:site_name\" content=\"Sistema de Facturaci\u00f3n Electr\u00f3nica\" \/>\n<meta property=\"article:modified_time\" content=\"2022-10-13T20:56:26+00:00\" \/>\n<meta property=\"og:image\" content=\"http:\/\/micrositios.dian.gov.co\/sistema-de-facturacion-electronica\/wp-content\/uploads\/sites\/13\/2022\/10\/FE.jpg\" \/>\n\t<meta property=\"og:image:width\" content=\"795\" \/>\n\t<meta property=\"og:image:height\" content=\"397\" \/>\n\t<meta property=\"og:image:type\" content=\"image\/jpeg\" \/>\n<meta name=\"twitter:card\" content=\"summary_large_image\" \/>\n<meta name=\"twitter:title\" content=\"Marco Normativo: Soporte de pago de N\u00f3mina Electr\u00f3nica\" \/>\n<meta name=\"twitter:description\" content=\"Sistema de Facturaci\u00f3n Electr\u00f3nica\" \/>\n<meta name=\"twitter:label1\" content=\"Tiempo de lectura\" \/>\n\t<meta name=\"twitter:data1\" content=\"3 minutos\" \/>\n<script type=\"application\/ld+json\" class=\"yoast-schema-graph\">{\"@context\":\"https:\/\/schema.org\",\"@graph\":[{\"@type\":\"WebPage\",\"@id\":\"https:\/\/micrositios.dian.gov.co\/sistema-de-facturacion-electronica\/marco-normativo-soporte-de-pago-de-nomina-electronica\/\",\"url\":\"https:\/\/micrositios.dian.gov.co\/sistema-de-facturacion-electronica\/marco-normativo-soporte-de-pago-de-nomina-electronica\/\",\"name\":\"Marco Normativo: Soporte de pago de N\u00f3mina Electr\u00f3nica\",\"isPartOf\":{\"@id\":\"https:\/\/micrositios.dian.gov.co\/sistema-de-facturacion-electronica\/#website\"},\"datePublished\":\"2022-09-13T22:25:25+00:00\",\"dateModified\":\"2022-10-13T20:56:26+00:00\",\"description\":\"Sistema de Facturaci\u00f3n Electr\u00f3nica\",\"breadcrumb\":{\"@id\":\"https:\/\/micrositios.dian.gov.co\/sistema-de-facturacion-electronica\/marco-normativo-soporte-de-pago-de-nomina-electronica\/#breadcrumb\"},\"inLanguage\":\"es\",\"potentialAction\":[{\"@type\":\"ReadAction\",\"target\":[\"https:\/\/micrositios.dian.gov.co\/sistema-de-facturacion-electronica\/marco-normativo-soporte-de-pago-de-nomina-electronica\/\"]}]},{\"@type\":\"BreadcrumbList\",\"@id\":\"https:\/\/micrositios.dian.gov.co\/sistema-de-facturacion-electronica\/marco-normativo-soporte-de-pago-de-nomina-electronica\/#breadcrumb\",\"itemListElement\":[{\"@type\":\"ListItem\",\"position\":1,\"name\":\"Portada\",\"item\":\"https:\/\/micrositios.dian.gov.co\/sistema-de-facturacion-electronica\/\"},{\"@type\":\"ListItem\",\"position\":2,\"name\":\"Marco Normativo: Soporte de pago de N\u00f3mina Electr\u00f3nica\"}]},{\"@type\":\"WebSite\",\"@id\":\"https:\/\/micrositios.dian.gov.co\/sistema-de-facturacion-electronica\/#website\",\"url\":\"https:\/\/micrositios.dian.gov.co\/sistema-de-facturacion-electronica\/\",\"name\":\"Sistema de Facturaci\u00f3n Electr\u00f3nica\",\"description\":\"Micrositios DIAN\",\"potentialAction\":[{\"@type\":\"SearchAction\",\"target\":{\"@type\":\"EntryPoint\",\"urlTemplate\":\"https:\/\/micrositios.dian.gov.co\/sistema-de-facturacion-electronica\/?s={search_term_string}\"},\"query-input\":{\"@type\":\"PropertyValueSpecification\",\"valueRequired\":true,\"valueName\":\"search_term_string\"}}],\"inLanguage\":\"es\"}]}<\/script>\n<!-- \/ Yoast SEO Premium plugin. -->","yoast_head_json":{"title":"Marco Normativo: Soporte de pago de N\u00f3mina Electr\u00f3nica","description":"Sistema de Facturaci\u00f3n Electr\u00f3nica","robots":{"index":"index","follow":"follow","max-snippet":"max-snippet:-1","max-image-preview":"max-image-preview:large","max-video-preview":"max-video-preview:-1"},"canonical":"https:\/\/micrositios.dian.gov.co\/sistema-de-facturacion-electronica\/marco-normativo-soporte-de-pago-de-nomina-electronica\/","og_locale":"es_ES","og_type":"article","og_title":"Marco Normativo: Soporte de pago de N\u00f3mina Electr\u00f3nica","og_description":"Sistema de Facturaci\u00f3n Electr\u00f3nica","og_url":"https:\/\/micrositios.dian.gov.co\/sistema-de-facturacion-electronica\/marco-normativo-soporte-de-pago-de-nomina-electronica\/","og_site_name":"Sistema de Facturaci\u00f3n Electr\u00f3nica","article_modified_time":"2022-10-13T20:56:26+00:00","og_image":[{"width":795,"height":397,"url":"http:\/\/micrositios.dian.gov.co\/sistema-de-facturacion-electronica\/wp-content\/uploads\/sites\/13\/2022\/10\/FE.jpg","type":"image\/jpeg"}],"twitter_card":"summary_large_image","twitter_title":"Marco Normativo: Soporte de pago de N\u00f3mina Electr\u00f3nica","twitter_description":"Sistema de Facturaci\u00f3n Electr\u00f3nica","twitter_misc":{"Tiempo de lectura":"3 minutos"},"schema":{"@context":"https:\/\/schema.org","@graph":[{"@type":"WebPage","@id":"https:\/\/micrositios.dian.gov.co\/sistema-de-facturacion-electronica\/marco-normativo-soporte-de-pago-de-nomina-electronica\/","url":"https:\/\/micrositios.dian.gov.co\/sistema-de-facturacion-electronica\/marco-normativo-soporte-de-pago-de-nomina-electronica\/","name":"Marco Normativo: Soporte de pago de N\u00f3mina Electr\u00f3nica","isPartOf":{"@id":"https:\/\/micrositios.dian.gov.co\/sistema-de-facturacion-electronica\/#website"},"datePublished":"2022-09-13T22:25:25+00:00","dateModified":"2022-10-13T20:56:26+00:00","description":"Sistema de Facturaci\u00f3n Electr\u00f3nica","breadcrumb":{"@id":"https:\/\/micrositios.dian.gov.co\/sistema-de-facturacion-electronica\/marco-normativo-soporte-de-pago-de-nomina-electronica\/#breadcrumb"},"inLanguage":"es","potentialAction":[{"@type":"ReadAction","target":["https:\/\/micrositios.dian.gov.co\/sistema-de-facturacion-electronica\/marco-normativo-soporte-de-pago-de-nomina-electronica\/"]}]},{"@type":"BreadcrumbList","@id":"https:\/\/micrositios.dian.gov.co\/sistema-de-facturacion-electronica\/marco-normativo-soporte-de-pago-de-nomina-electronica\/#breadcrumb","itemListElement":[{"@type":"ListItem","position":1,"name":"Portada","item":"https:\/\/micrositios.dian.gov.co\/sistema-de-facturacion-electronica\/"},{"@type":"ListItem","position":2,"name":"Marco Normativo: Soporte de pago de N\u00f3mina Electr\u00f3nica"}]},{"@type":"WebSite","@id":"https:\/\/micrositios.dian.gov.co\/sistema-de-facturacion-electronica\/#website","url":"https:\/\/micrositios.dian.gov.co\/sistema-de-facturacion-electronica\/","name":"Sistema de Facturaci\u00f3n Electr\u00f3nica","description":"Micrositios DIAN","potentialAction":[{"@type":"SearchAction","target":{"@type":"EntryPoint","urlTemplate":"https:\/\/micrositios.dian.gov.co\/sistema-de-facturacion-electronica\/?s={search_term_string}"},"query-input":{"@type":"PropertyValueSpecification","valueRequired":true,"valueName":"search_term_string"}}],"inLanguage":"es"}]}},"_links":{"self":[{"href":"https:\/\/micrositios.dian.gov.co\/sistema-de-facturacion-electronica\/wp-json\/wp\/v2\/pages\/570","targetHints":{"allow":["GET"]}}],"collection":[{"href":"https:\/\/micrositios.dian.gov.co\/sistema-de-facturacion-electronica\/wp-json\/wp\/v2\/pages"}],"about":[{"href":"https:\/\/micrositios.dian.gov.co\/sistema-de-facturacion-electronica\/wp-json\/wp\/v2\/types\/page"}],"author":[{"embeddable":true,"href":"https:\/\/micrositios.dian.gov.co\/sistema-de-facturacion-electronica\/wp-json\/wp\/v2\/users\/1"}],"replies":[{"embeddable":true,"href":"https:\/\/micrositios.dian.gov.co\/sistema-de-facturacion-electronica\/wp-json\/wp\/v2\/comments?post=570"}],"version-history":[{"count":4,"href":"https:\/\/micrositios.dian.gov.co\/sistema-de-facturacion-electronica\/wp-json\/wp\/v2\/pages\/570\/revisions"}],"predecessor-version":[{"id":1177,"href":"https:\/\/micrositios.dian.gov.co\/sistema-de-facturacion-electronica\/wp-json\/wp\/v2\/pages\/570\/revisions\/1177"}],"wp:attachment":[{"href":"https:\/\/micrositios.dian.gov.co\/sistema-de-facturacion-electronica\/wp-json\/wp\/v2\/media?parent=570"}],"curies":[{"name":"wp","href":"https:\/\/api.w.org\/{rel}","templated":true}]}}