{"id":508,"date":"2022-09-13T04:34:08","date_gmt":"2022-09-13T04:34:08","guid":{"rendered":"https:\/\/micrositios.dian.gov.co\/sistema-de-facturacion-electronica\/?page_id=508"},"modified":"2022-11-10T20:37:07","modified_gmt":"2022-11-10T20:37:07","slug":"en-que-fecha-se-debe-empezar-a-enviar-el-documento-soporte-de-pago-de-nomina-electronica-a-la-dian","status":"publish","type":"page","link":"https:\/\/micrositios.dian.gov.co\/sistema-de-facturacion-electronica\/en-que-fecha-se-debe-empezar-a-enviar-el-documento-soporte-de-pago-de-nomina-electronica-a-la-dian\/","title":{"rendered":"\u00bfEn qu\u00e9 fecha se debe empezar a enviar el documento Soporte de Pago de N\u00f3mina Electr\u00f3nica a la DIAN?"},"content":{"rendered":"<p>[et_pb_section fb_built=\u00bb1&#8243; _builder_version=\u00bb4.18.1&#8243; _module_preset=\u00bbdefault\u00bb background_image=\u00bbhttp:\/\/micrositios.dian.gov.co\/sistema-de-facturacion-electronica\/wp-content\/uploads\/sites\/13\/2022\/10\/32-Calendario-FE.png\u00bb custom_padding=\u00bb||64px|||\u00bb hover_enabled=\u00bb0&#8243; background_last_edited=\u00bbon|phone\u00bb background_position_phone=\u00bbcenter_left\u00bb da_disable_devices=\u00bboff|off|off\u00bb global_colors_info=\u00bb{}\u00bb title_text=\u00bbCalendario FE\u00bb sticky_enabled=\u00bb0&#8243; da_is_popup=\u00bboff\u00bb da_exit_intent=\u00bboff\u00bb da_has_close=\u00bbon\u00bb da_alt_close=\u00bboff\u00bb da_dark_close=\u00bboff\u00bb da_not_modal=\u00bbon\u00bb da_is_singular=\u00bboff\u00bb da_with_loader=\u00bboff\u00bb da_has_shadow=\u00bbon\u00bb][et_pb_row _builder_version=\u00bb4.17.1&#8243; _module_preset=\u00bbdefault\u00bb global_colors_info=\u00bb{}\u00bb][et_pb_column type=\u00bb4_4&#8243; _builder_version=\u00bb4.16&#8243; _module_preset=\u00bbdefault\u00bb global_colors_info=\u00bb{}\u00bb][et_pb_text _builder_version=\u00bb4.18.1&#8243; _module_preset=\u00bbac5b030f-f9e2-4787-b128-eb43924d7ab6&#8243; text_font=\u00bbWork Sans|700|||||||\u00bb text_text_color=\u00bb#41d78c\u00bb text_font_size=\u00bb35px\u00bb text_line_height=\u00bb1em\u00bb hover_enabled=\u00bb0&#8243; text_orientation_tablet=\u00bb\u00bb text_orientation_phone=\u00bbcenter\u00bb text_orientation_last_edited=\u00bbon|phone\u00bb global_colors_info=\u00bb{}\u00bb sticky_enabled=\u00bb0&#8243;]<\/p>\n<h2><span>\u00bfEn qu\u00e9 fecha se debe empezar a enviar el documento<br \/>Soporte de Pago de N\u00f3mina Electr\u00f3nica a la DIAN?<\/span><\/h2>\n<p>[\/et_pb_text][\/et_pb_column][\/et_pb_row][\/et_pb_section][et_pb_section fb_built=\u00bb1&#8243; _builder_version=\u00bb4.18.0&#8243; _module_preset=\u00bbdefault\u00bb background_enable_color=\u00bboff\u00bb custom_padding=\u00bb0px||0px||false|false\u00bb da_disable_devices=\u00bboff|off|off\u00bb locked=\u00bboff\u00bb global_colors_info=\u00bb{}\u00bb da_is_popup=\u00bboff\u00bb da_exit_intent=\u00bboff\u00bb da_has_close=\u00bbon\u00bb da_alt_close=\u00bboff\u00bb da_dark_close=\u00bboff\u00bb da_not_modal=\u00bbon\u00bb da_is_singular=\u00bboff\u00bb da_with_loader=\u00bboff\u00bb da_has_shadow=\u00bbon\u00bb][et_pb_row column_structure=\u00bb3_5,2_5&#8243; disabled_on=\u00bbon|off|off\u00bb _builder_version=\u00bb4.17.0&#8243; _module_preset=\u00bbdefault\u00bb saved_tabs=\u00bball\u00bb global_colors_info=\u00bb{}\u00bb][et_pb_column type=\u00bb3_5&#8243; _builder_version=\u00bb4.16&#8243; _module_preset=\u00bbdefault\u00bb global_colors_info=\u00bb{}\u00bb][dipl_breadcrumb breadcrumb_layout=\u00bblayout2&#8243; link_target=\u00bbon\u00bb separator_text=\u00bb\/\u00bb separator_size=\u00bb14px\u00bb separator_color=\u00bb#000000&#8243; use_home_link_custom_text=\u00bbon\u00bb home_link_text=\u00bbInicio\u00bb use_home_link_icon=\u00bbon\u00bb home_link_icon=\u00bb&#x23;||divi||400&#8243; home_link_icon_color=\u00bb#41d78c\u00bb _builder_version=\u00bb4.17.1&#8243; _module_preset=\u00bbdefault\u00bb global_text_settings_font_size=\u00bb12px\u00bb text_font=\u00bbUbuntu||||||||\u00bb text_text_color=\u00bb#262944&#8243; link_font=\u00bbUbuntu|500|||||||\u00bb global_colors_info=\u00bb{}\u00bb text_text_color__hover_enabled=\u00bbon|desktop\u00bb text_text_color__hover=\u00bb#00b4dc\u00bb][\/dipl_breadcrumb][\/et_pb_column][et_pb_column type=\u00bb2_5&#8243; _builder_version=\u00bb4.16&#8243; _module_preset=\u00bbdefault\u00bb global_colors_info=\u00bb{}\u00bb][dipl_ajax_search search_placeholder=\u00bbBuscar por palabra clave\u00bb number_of_results=\u00bb-1&#8243; orderby=\u00bbpost_title\u00bb order=\u00bbASC\u00bb no_result_text=\u00bbNo encontramos resultados a tu b\u00fasqueda\u00bb include_post_types=\u00bbpage\u00bb url_new_window=\u00bbon\u00bb search_icon_color=\u00bb#41d78c\u00bb loader_size=\u00bb12px\u00bb loader_color=\u00bb#41d78c\u00bb _builder_version=\u00bb4.17.0&#8243; _module_preset=\u00bbdefault\u00bb search_result_item_title_font=\u00bbWork Sans|700|||||||\u00bb search_result_item_excerpt_font=\u00bbUbuntu||||||||\u00bb search_result_item_excerpt_font_size=\u00bb12px\u00bb form_field_font=\u00bbUbuntu||||||||\u00bb form_field_font_size=\u00bb12px\u00bb width=\u00bb80%\u00bb module_alignment=\u00bbright\u00bb border_radii_form_field=\u00bbon|6px|6px|6px|6px\u00bb border_width_all_form_field=\u00bb0px\u00bb global_colors_info=\u00bb{}\u00bb][\/dipl_ajax_search][\/et_pb_column][\/et_pb_row][\/et_pb_section][et_pb_section fb_built=\u00bb1&#8243; _builder_version=\u00bb4.16&#8243; _module_preset=\u00bbdefault\u00bb custom_padding=\u00bb6px||0px|||\u00bb da_disable_devices=\u00bboff|off|off\u00bb locked=\u00bboff\u00bb global_colors_info=\u00bb{}\u00bb da_is_popup=\u00bboff\u00bb da_exit_intent=\u00bboff\u00bb da_has_close=\u00bbon\u00bb da_alt_close=\u00bboff\u00bb da_dark_close=\u00bboff\u00bb da_not_modal=\u00bbon\u00bb da_is_singular=\u00bboff\u00bb da_with_loader=\u00bboff\u00bb da_has_shadow=\u00bbon\u00bb][et_pb_row _builder_version=\u00bb4.16&#8243; _module_preset=\u00bbdefault\u00bb custom_padding=\u00bb||6px|||\u00bb global_colors_info=\u00bb{}\u00bb][et_pb_column type=\u00bb4_4&#8243; _builder_version=\u00bb4.16&#8243; _module_preset=\u00bbdefault\u00bb global_colors_info=\u00bb{}\u00bb][et_pb_text _builder_version=\u00bb4.18.1&#8243; _module_preset=\u00bbdefault\u00bb text_font=\u00bbWork Sans|700|||||||\u00bb text_text_color=\u00bb#2b323d\u00bb text_font_size=\u00bb19px\u00bb text_orientation=\u00bbcenter\u00bb text_orientation_tablet=\u00bbcenter\u00bb text_orientation_phone=\u00bbleft\u00bb text_orientation_last_edited=\u00bbon|phone\u00bb global_colors_info=\u00bb{}\u00bb]<\/p>\n<p><span>\u00bfEn qu\u00e9 fecha se debe empezar a enviar el documento Soporte de Pago de N\u00f3mina Electr\u00f3nica a la DIAN?<\/span><\/p>\n<p>[\/et_pb_text][et_pb_divider color=\u00bb#41d78c\u00bb divider_weight=\u00bb4px\u00bb _builder_version=\u00bb4.17.3&#8243; _module_preset=\u00bbdefault\u00bb width=\u00bb91%\u00bb width_tablet=\u00bb60%\u00bb width_phone=\u00bb100%\u00bb width_last_edited=\u00bbon|phone\u00bb module_alignment=\u00bbcenter\u00bb custom_margin=\u00bb-23px||10px||false|false\u00bb global_colors_info=\u00bb{}\u00bb][\/et_pb_divider][\/et_pb_column][\/et_pb_row][et_pb_row disabled_on=\u00bboff|off|off\u00bb _builder_version=\u00bb4.17.3&#8243; _module_preset=\u00bbdefault\u00bb custom_margin=\u00bb||45px||false|false\u00bb custom_margin_tablet=\u00bb\u00bb custom_margin_phone=\u00bb\u00bb custom_margin_last_edited=\u00bbon|desktop\u00bb global_colors_info=\u00bb{}\u00bb][et_pb_column type=\u00bb4_4&#8243; _builder_version=\u00bb4.17.0&#8243; _module_preset=\u00bbdefault\u00bb global_colors_info=\u00bb{}\u00bb][dvmd_table_maker tbl_row_header_count=\u00bb0&#8243; tbl_responsive_break_by=\u00bbrow\u00bb tbl_frame_type=\u00bblines\u00bb tbl_frame_line_color=\u00bb#cccccc\u00bb tbl_tcell_cell_color=\u00bb#FFFFFF\u00bb tbl_chead_cell_color=\u00bb#e2e7eb\u00bb tbl_rhead_text_wrap=\u00bbnowrap\u00bb _builder_version=\u00bb4.18.1&#8243; _module_preset=\u00bbdefault\u00bb tbl_tcell_text_font=\u00bbUbuntu||||||||\u00bb tbl_tcell_text_text_color=\u00bb#2b323d\u00bb tbl_tcell_text_font_size=\u00bb12px\u00bb tbl_chead_text_font=\u00bb|700|||||||\u00bb global_colors_info=\u00bb{}\u00bb][dvmd_table_maker_item col_label=\u00bbGrupo\u00bb col_content=\u00bbGrupo<br \/>\nGrupo 1&#8243; col_column_max_width=\u00bb1fr\u00bb col_tcell_cell_color=\u00bb#FFFFFF\u00bb _builder_version=\u00bb4.18.1&#8243; _module_preset=\u00bbdefault\u00bb col_chead_text_text_color=\u00bb#2b323d\u00bb global_colors_info=\u00bb{}\u00bb][\/dvmd_table_maker_item][dvmd_table_maker_item col_label=\u00bbFecha\u00bb col_content=\u00bbFecha de inicio de habilitaci\u00f3n en el servicio inform\u00e1tico de n\u00f3mina electr\u00f3nica y fecha m\u00e1xima para iniciar con la generaci\u00f3n y transmisi\u00f3n del DSPNE y de las notas de ajuste<br \/>\nTendr\u00e1n un plazo de dos (2) meses, contados a partir de la realizaci\u00f3n de los pagos o abonos en cuenta derivados de una vinculaci\u00f3n laboral o legal y reglamentaria y los pensionados a cargo del empleador para llevar a cabo el procedimiento de habilitaci\u00f3n y proceder con la transmisi\u00f3n del DSPNE y las notas de ajuste al citado documento. \u00bb col_column_max_width=\u00bb1fr\u00bb col_tcell_cell_color=\u00bb#FFFFFF\u00bb _builder_version=\u00bb4.18.1&#8243; _module_preset=\u00bbdefault\u00bb col_chead_text_text_color=\u00bb#2b323d\u00bb global_colors_info=\u00bb{}\u00bb][\/dvmd_table_maker_item][dvmd_table_maker_item col_label=\u00bbOtros sujetos\u00bb col_content=\u00bbOtros sujetos<br \/>\nLos nuevos sujetos que deban generar el DSPNE y las notas de ajuste, como soporte para la solicitud de costos y deducciones en el impuesto sobre la renta y complementarios e impuestos descontables en impuesto sobre las vetas \u2013 IVA, cuando aplique, en este calendario se incluyen a aquellos sujetos que adquieren la obligaci\u00f3n a facturar. \u00bb _builder_version=\u00bb4.18.1&#8243; _module_preset=\u00bbdefault\u00bb global_colors_info=\u00bb{}\u00bb][\/dvmd_table_maker_item][\/dvmd_table_maker][\/et_pb_column][\/et_pb_row][\/et_pb_section][et_pb_section fb_built=\u00bb1&#8243; _builder_version=\u00bb4.16&#8243; _module_preset=\u00bbdefault\u00bb custom_padding=\u00bb5px||13px|||\u00bb da_disable_devices=\u00bboff|off|off\u00bb global_colors_info=\u00bb{}\u00bb da_is_popup=\u00bboff\u00bb da_exit_intent=\u00bboff\u00bb da_has_close=\u00bbon\u00bb da_alt_close=\u00bboff\u00bb da_dark_close=\u00bboff\u00bb da_not_modal=\u00bbon\u00bb da_is_singular=\u00bboff\u00bb da_with_loader=\u00bboff\u00bb da_has_shadow=\u00bbon\u00bb][et_pb_row column_structure=\u00bb2_5,3_5&#8243; _builder_version=\u00bb4.16&#8243; _module_preset=\u00bbdefault\u00bb custom_margin=\u00bb29px|auto||auto||\u00bb custom_padding=\u00bb4px|||||\u00bb global_colors_info=\u00bb{}\u00bb][et_pb_column type=\u00bb2_5&#8243; _builder_version=\u00bb4.16&#8243; _module_preset=\u00bbdefault\u00bb global_colors_info=\u00bb{}\u00bb][et_pb_text _builder_version=\u00bb4.16&#8243; _module_preset=\u00bbdefault\u00bb text_font=\u00bbUbuntu||||||||\u00bb text_text_color=\u00bb#2b323d\u00bb text_font_size=\u00bb12px\u00bb custom_margin=\u00bb3px||||false|false\u00bb global_colors_info=\u00bb{}\u00bb]<\/p>\n<p>Compartir contenido:<\/p>\n<p>[\/et_pb_text][et_pb_code _builder_version=\u00bb4.17.1&#8243; _module_preset=\u00bbdefault\u00bb width=\u00bb48%\u00bb global_colors_info=\u00bb{}\u00bb]<div class=\"et_social_inline et_social_mobile_on et_social_inline_custom\">\n\t\t\t\t<div class=\"et_social_networks et_social_4col et_social_simple et_social_circle et_social_left et_social_no_animation et_social_outer_dark\">\n\t\t\t\t\t\n\t\t\t\t\t<ul class=\"et_social_icons_container\"><li class=\"et_social_facebook\">\n\t\t\t\t\t\t\t\t\t<a href=\"http:\/\/www.facebook.com\/sharer.php?u=https%3A%2F%2Fmicrositios.dian.gov.co%2Fsistema-de-facturacion-electronica%2Fen-que-fecha-se-debe-empezar-a-enviar-el-documento-soporte-de-pago-de-nomina-electronica-a-la-dian%2F&#038;t=%C2%BFEn%20qu%C3%A9%20fecha%20se%20debe%20empezar%20a%20enviar%20el%20documento%20Soporte%20de%20Pago%20de%20N%C3%B3mina%20Electr%C3%B3nica%20a%20la%20DIAN%3F\" class=\"et_social_share\" rel=\"nofollow\" data-social_name=\"facebook\" data-post_id=\"508\" data-social_type=\"share\" data-location=\"inline\">\n\t\t\t\t\t\t\t\t\t\t<i class=\"et_social_icon et_social_icon_facebook\"><\/i><span class=\"et_social_overlay\"><\/span>\n\t\t\t\t\t\t\t\t\t<\/a>\n\t\t\t\t\t\t\t\t<\/li><li class=\"et_social_twitter\">\n\t\t\t\t\t\t\t\t\t<a href=\"http:\/\/twitter.com\/share?text=%C2%BFEn%20qu%C3%A9%20fecha%20se%20debe%20empezar%20a%20enviar%20el%20documento%20Soporte%20de%20Pago%20de%20N%C3%B3mina%20Electr%C3%B3nica%20a%20la%20DIAN%3F&#038;url=https%3A%2F%2Fmicrositios.dian.gov.co%2Fsistema-de-facturacion-electronica%2Fen-que-fecha-se-debe-empezar-a-enviar-el-documento-soporte-de-pago-de-nomina-electronica-a-la-dian%2F\" class=\"et_social_share\" rel=\"nofollow\" data-social_name=\"twitter\" data-post_id=\"508\" data-social_type=\"share\" data-location=\"inline\">\n\t\t\t\t\t\t\t\t\t\t<i class=\"et_social_icon et_social_icon_twitter\"><\/i><span class=\"et_social_overlay\"><\/span>\n\t\t\t\t\t\t\t\t\t<\/a>\n\t\t\t\t\t\t\t\t<\/li><li class=\"et_social_linkedin\">\n\t\t\t\t\t\t\t\t\t<a href=\"http:\/\/www.linkedin.com\/shareArticle?mini=true&#038;url=https%3A%2F%2Fmicrositios.dian.gov.co%2Fsistema-de-facturacion-electronica%2Fen-que-fecha-se-debe-empezar-a-enviar-el-documento-soporte-de-pago-de-nomina-electronica-a-la-dian%2F&#038;title=%C2%BFEn%20qu%C3%A9%20fecha%20se%20debe%20empezar%20a%20enviar%20el%20documento%20Soporte%20de%20Pago%20de%20N%C3%B3mina%20Electr%C3%B3nica%20a%20la%20DIAN%3F\" class=\"et_social_share\" rel=\"nofollow\" data-social_name=\"linkedin\" data-post_id=\"508\" data-social_type=\"share\" data-location=\"inline\">\n\t\t\t\t\t\t\t\t\t\t<i class=\"et_social_icon et_social_icon_linkedin\"><\/i><span class=\"et_social_overlay\"><\/span>\n\t\t\t\t\t\t\t\t\t<\/a>\n\t\t\t\t\t\t\t\t<\/li><\/ul>\n\t\t\t\t<\/div>\n\t\t\t<\/div>[\/et_pb_code][\/et_pb_column][et_pb_column type=\u00bb3_5&#8243; _builder_version=\u00bb4.16&#8243; _module_preset=\u00bbdefault\u00bb global_colors_info=\u00bb{}\u00bb][\/et_pb_column][\/et_pb_row][\/et_pb_section]<\/p>\n","protected":false},"excerpt":{"rendered":"<p>\u00bfEn qu\u00e9 fecha se debe empezar a enviar el documentoSoporte de Pago de N\u00f3mina Electr\u00f3nica a la DIAN?<div class=\"et_pb_module dipl_breadcrumb dipl_breadcrumb_0\">\n\t\t\t\t\n\t\t\t\t\n\t\t\t\t\n\t\t\t\t\n\t\t\t\t\n\t\t\t\t\n\t\t\t\t<div class=\"et_pb_module_inner\">\n\t\t\t\t\t<div class=\"dipl-breadcrumb-wrapper layout2\">\n\t\t\t\t<ol class=\"dipl-breadcrumb-inner\" vocab=\"https:\/\/schema.org\/\" typeof=\"BreadcrumbList\">\n\t\t\t\t\t<li property=\"itemListElement\" typeof=\"ListItem\" data-icon=\"&#x24;\">\n\t\t\t\t\t\t\t\t<a class=\"breadcrumb-item dipl-home-page\" href=\"https:\/\/micrositios.dian.gov.co\/sistema-de-facturacion-electronica\" property=\"item\" typeof=\"WebPage\" target=\"_blank\">\n\t\t\t\t\t\t\t\t\t<span class=\"breadcrumb-page\" property=\"name\">\n\t\t\t\t\t\t\t\t\t\t<span class=\"breadcrumb-home-icon et-pb-icon\">&#x23;<\/span>\n\t\t\t\t\t\t\t\t\t\tInicio\n\t\t\t\t\t\t\t\t\t<\/span>\n\t\t\t\t\t\t\t\t<\/a>\n\t\t\t\t\t\t\t\t<meta property=\"position\" content=\"1\" \/>\n\t\t\t\t\t\t\t<\/li>\n\t\t\t\t<\/ol>\n\t\t\t<\/div>\n\t\t\t\t<\/div>\n\t\t\t<\/div><div class=\"et_pb_module dipl_ajax_search dipl_ajax_search_0\">\n\t\t\t\t\n\t\t\t\t\n\t\t\t\t\n\t\t\t\t\n\t\t\t\t\n\t\t\t\t\n\t\t\t\t<div class=\"et_pb_module_inner\">\n\t\t\t\t\t<div class=\"dipl_ajax_search_wrap\">\n\t\t\t\t<div class=\"dipl_ajax_search_field_wrap dipl_ajax_search_icon\">\n\t\t\t\t\t<input type=\"search\" placeholder=\"\u00bbBuscar\" class=\"dipl_ajax_search_field\"\n\t\t\t\t\t\tdata-search-in=\"post_title,post_content,post_excerpt\" data-search-post-type=\"\u00bbpage\u00bb\" data-display-fields=\"title,excerpt,featured_image\" \n\t\t\t\t\t\tdata-url-new-window=\"\u00bbon\u00bb\" data-number-of-results=\"0\" data-no-result-text=\"\u00bbNo\" \n\t\t\t\t\t\tdata-orderby=\"\u00bbpost_title\u00bb\" data-order=\"\u00bbASC\u00bb\" data-use-masonry=\"off\"\n\t\t\t\t\t\tdata-exclude_protected_posts=\"off\"\n\t\t\t\t\t\/>\n\t\t\t\t\t<input type=\"hidden\" class=\"dipl_ajax_search_nonce\" value=\"3b662ab67e\" \/>\n\t\t\t\t<\/div>\n\t\t\t\t<div class=\"dipl_ajax_search_results_wrap dipl_ajax_search_result_1_cols \"><\/div>\n\t\t\t<\/div>\n\t\t\t\t<\/div>\n\t\t\t<\/div><\/p>\n","protected":false},"author":1,"featured_media":0,"parent":0,"menu_order":0,"comment_status":"closed","ping_status":"closed","template":"","meta":{"_et_pb_use_builder":"on","_et_pb_old_content":"","_et_gb_content_width":"","footnotes":""},"class_list":["post-508","page","type-page","status-publish","hentry"],"yoast_head":"<!-- This site is optimized with the Yoast SEO Premium plugin v18.5 (Yoast SEO v27.2) - https:\/\/yoast.com\/product\/yoast-seo-premium-wordpress\/ -->\n<title>\u00bfEn qu\u00e9 fecha se debe empezar a enviar el documento Soporte de Pago de N\u00f3mina Electr\u00f3nica a la DIAN? - Sistema de Facturaci\u00f3n Electr\u00f3nica<\/title>\n<meta name=\"robots\" content=\"index, follow, max-snippet:-1, max-image-preview:large, max-video-preview:-1\" \/>\n<link rel=\"canonical\" href=\"https:\/\/micrositios.dian.gov.co\/sistema-de-facturacion-electronica\/en-que-fecha-se-debe-empezar-a-enviar-el-documento-soporte-de-pago-de-nomina-electronica-a-la-dian\/\" \/>\n<meta property=\"og:locale\" content=\"es_ES\" \/>\n<meta property=\"og:type\" content=\"article\" \/>\n<meta property=\"og:title\" content=\"\u00bfEn qu\u00e9 fecha se debe empezar a enviar el documento Soporte de Pago de N\u00f3mina Electr\u00f3nica a la DIAN?\" \/>\n<meta property=\"og:description\" content=\"\u00bfEn qu\u00e9 fecha se debe empezar a enviar el documentoSoporte de Pago de N\u00f3mina Electr\u00f3nica a la DIAN?\" \/>\n<meta property=\"og:url\" content=\"https:\/\/micrositios.dian.gov.co\/sistema-de-facturacion-electronica\/en-que-fecha-se-debe-empezar-a-enviar-el-documento-soporte-de-pago-de-nomina-electronica-a-la-dian\/\" \/>\n<meta property=\"og:site_name\" content=\"Sistema de Facturaci\u00f3n Electr\u00f3nica\" \/>\n<meta property=\"article:modified_time\" content=\"2022-11-10T20:37:07+00:00\" \/>\n<meta name=\"twitter:card\" content=\"summary_large_image\" \/>\n<script type=\"application\/ld+json\" class=\"yoast-schema-graph\">{\"@context\":\"https:\/\/schema.org\",\"@graph\":[{\"@type\":\"WebPage\",\"@id\":\"https:\/\/micrositios.dian.gov.co\/sistema-de-facturacion-electronica\/en-que-fecha-se-debe-empezar-a-enviar-el-documento-soporte-de-pago-de-nomina-electronica-a-la-dian\/\",\"url\":\"https:\/\/micrositios.dian.gov.co\/sistema-de-facturacion-electronica\/en-que-fecha-se-debe-empezar-a-enviar-el-documento-soporte-de-pago-de-nomina-electronica-a-la-dian\/\",\"name\":\"\u00bfEn qu\u00e9 fecha se debe empezar a enviar el documento Soporte de Pago de N\u00f3mina Electr\u00f3nica a la DIAN? - Sistema de Facturaci\u00f3n Electr\u00f3nica\",\"isPartOf\":{\"@id\":\"https:\/\/micrositios.dian.gov.co\/sistema-de-facturacion-electronica\/#website\"},\"datePublished\":\"2022-09-13T04:34:08+00:00\",\"dateModified\":\"2022-11-10T20:37:07+00:00\",\"breadcrumb\":{\"@id\":\"https:\/\/micrositios.dian.gov.co\/sistema-de-facturacion-electronica\/en-que-fecha-se-debe-empezar-a-enviar-el-documento-soporte-de-pago-de-nomina-electronica-a-la-dian\/#breadcrumb\"},\"inLanguage\":\"es\",\"potentialAction\":[{\"@type\":\"ReadAction\",\"target\":[\"https:\/\/micrositios.dian.gov.co\/sistema-de-facturacion-electronica\/en-que-fecha-se-debe-empezar-a-enviar-el-documento-soporte-de-pago-de-nomina-electronica-a-la-dian\/\"]}]},{\"@type\":\"BreadcrumbList\",\"@id\":\"https:\/\/micrositios.dian.gov.co\/sistema-de-facturacion-electronica\/en-que-fecha-se-debe-empezar-a-enviar-el-documento-soporte-de-pago-de-nomina-electronica-a-la-dian\/#breadcrumb\",\"itemListElement\":[{\"@type\":\"ListItem\",\"position\":1,\"name\":\"Portada\",\"item\":\"https:\/\/micrositios.dian.gov.co\/sistema-de-facturacion-electronica\/\"},{\"@type\":\"ListItem\",\"position\":2,\"name\":\"\u00bfEn qu\u00e9 fecha se debe empezar a enviar el documento Soporte de Pago de N\u00f3mina Electr\u00f3nica a la DIAN?\"}]},{\"@type\":\"WebSite\",\"@id\":\"https:\/\/micrositios.dian.gov.co\/sistema-de-facturacion-electronica\/#website\",\"url\":\"https:\/\/micrositios.dian.gov.co\/sistema-de-facturacion-electronica\/\",\"name\":\"Sistema de Facturaci\u00f3n Electr\u00f3nica\",\"description\":\"Micrositios DIAN\",\"potentialAction\":[{\"@type\":\"SearchAction\",\"target\":{\"@type\":\"EntryPoint\",\"urlTemplate\":\"https:\/\/micrositios.dian.gov.co\/sistema-de-facturacion-electronica\/?s={search_term_string}\"},\"query-input\":{\"@type\":\"PropertyValueSpecification\",\"valueRequired\":true,\"valueName\":\"search_term_string\"}}],\"inLanguage\":\"es\"}]}<\/script>\n<!-- \/ Yoast SEO Premium plugin. -->","yoast_head_json":{"title":"\u00bfEn qu\u00e9 fecha se debe empezar a enviar el documento Soporte de Pago de N\u00f3mina Electr\u00f3nica a la DIAN? - Sistema de Facturaci\u00f3n Electr\u00f3nica","robots":{"index":"index","follow":"follow","max-snippet":"max-snippet:-1","max-image-preview":"max-image-preview:large","max-video-preview":"max-video-preview:-1"},"canonical":"https:\/\/micrositios.dian.gov.co\/sistema-de-facturacion-electronica\/en-que-fecha-se-debe-empezar-a-enviar-el-documento-soporte-de-pago-de-nomina-electronica-a-la-dian\/","og_locale":"es_ES","og_type":"article","og_title":"\u00bfEn qu\u00e9 fecha se debe empezar a enviar el documento Soporte de Pago de N\u00f3mina Electr\u00f3nica a la DIAN?","og_description":"\u00bfEn qu\u00e9 fecha se debe empezar a enviar el documentoSoporte de Pago de N\u00f3mina Electr\u00f3nica a la DIAN?","og_url":"https:\/\/micrositios.dian.gov.co\/sistema-de-facturacion-electronica\/en-que-fecha-se-debe-empezar-a-enviar-el-documento-soporte-de-pago-de-nomina-electronica-a-la-dian\/","og_site_name":"Sistema de Facturaci\u00f3n Electr\u00f3nica","article_modified_time":"2022-11-10T20:37:07+00:00","twitter_card":"summary_large_image","schema":{"@context":"https:\/\/schema.org","@graph":[{"@type":"WebPage","@id":"https:\/\/micrositios.dian.gov.co\/sistema-de-facturacion-electronica\/en-que-fecha-se-debe-empezar-a-enviar-el-documento-soporte-de-pago-de-nomina-electronica-a-la-dian\/","url":"https:\/\/micrositios.dian.gov.co\/sistema-de-facturacion-electronica\/en-que-fecha-se-debe-empezar-a-enviar-el-documento-soporte-de-pago-de-nomina-electronica-a-la-dian\/","name":"\u00bfEn qu\u00e9 fecha se debe empezar a enviar el documento Soporte de Pago de N\u00f3mina Electr\u00f3nica a la DIAN? - Sistema de Facturaci\u00f3n Electr\u00f3nica","isPartOf":{"@id":"https:\/\/micrositios.dian.gov.co\/sistema-de-facturacion-electronica\/#website"},"datePublished":"2022-09-13T04:34:08+00:00","dateModified":"2022-11-10T20:37:07+00:00","breadcrumb":{"@id":"https:\/\/micrositios.dian.gov.co\/sistema-de-facturacion-electronica\/en-que-fecha-se-debe-empezar-a-enviar-el-documento-soporte-de-pago-de-nomina-electronica-a-la-dian\/#breadcrumb"},"inLanguage":"es","potentialAction":[{"@type":"ReadAction","target":["https:\/\/micrositios.dian.gov.co\/sistema-de-facturacion-electronica\/en-que-fecha-se-debe-empezar-a-enviar-el-documento-soporte-de-pago-de-nomina-electronica-a-la-dian\/"]}]},{"@type":"BreadcrumbList","@id":"https:\/\/micrositios.dian.gov.co\/sistema-de-facturacion-electronica\/en-que-fecha-se-debe-empezar-a-enviar-el-documento-soporte-de-pago-de-nomina-electronica-a-la-dian\/#breadcrumb","itemListElement":[{"@type":"ListItem","position":1,"name":"Portada","item":"https:\/\/micrositios.dian.gov.co\/sistema-de-facturacion-electronica\/"},{"@type":"ListItem","position":2,"name":"\u00bfEn qu\u00e9 fecha se debe empezar a enviar el documento Soporte de Pago de N\u00f3mina Electr\u00f3nica a la DIAN?"}]},{"@type":"WebSite","@id":"https:\/\/micrositios.dian.gov.co\/sistema-de-facturacion-electronica\/#website","url":"https:\/\/micrositios.dian.gov.co\/sistema-de-facturacion-electronica\/","name":"Sistema de Facturaci\u00f3n Electr\u00f3nica","description":"Micrositios DIAN","potentialAction":[{"@type":"SearchAction","target":{"@type":"EntryPoint","urlTemplate":"https:\/\/micrositios.dian.gov.co\/sistema-de-facturacion-electronica\/?s={search_term_string}"},"query-input":{"@type":"PropertyValueSpecification","valueRequired":true,"valueName":"search_term_string"}}],"inLanguage":"es"}]}},"_links":{"self":[{"href":"https:\/\/micrositios.dian.gov.co\/sistema-de-facturacion-electronica\/wp-json\/wp\/v2\/pages\/508","targetHints":{"allow":["GET"]}}],"collection":[{"href":"https:\/\/micrositios.dian.gov.co\/sistema-de-facturacion-electronica\/wp-json\/wp\/v2\/pages"}],"about":[{"href":"https:\/\/micrositios.dian.gov.co\/sistema-de-facturacion-electronica\/wp-json\/wp\/v2\/types\/page"}],"author":[{"embeddable":true,"href":"https:\/\/micrositios.dian.gov.co\/sistema-de-facturacion-electronica\/wp-json\/wp\/v2\/users\/1"}],"replies":[{"embeddable":true,"href":"https:\/\/micrositios.dian.gov.co\/sistema-de-facturacion-electronica\/wp-json\/wp\/v2\/comments?post=508"}],"version-history":[{"count":4,"href":"https:\/\/micrositios.dian.gov.co\/sistema-de-facturacion-electronica\/wp-json\/wp\/v2\/pages\/508\/revisions"}],"predecessor-version":[{"id":1313,"href":"https:\/\/micrositios.dian.gov.co\/sistema-de-facturacion-electronica\/wp-json\/wp\/v2\/pages\/508\/revisions\/1313"}],"wp:attachment":[{"href":"https:\/\/micrositios.dian.gov.co\/sistema-de-facturacion-electronica\/wp-json\/wp\/v2\/media?parent=508"}],"curies":[{"name":"wp","href":"https:\/\/api.w.org\/{rel}","templated":true}]}}