{"id":1780,"date":"2024-04-22T19:26:03","date_gmt":"2024-04-22T19:26:03","guid":{"rendered":"https:\/\/micrositios.dian.gov.co\/sistema-de-facturacion-electronica\/?page_id=1780"},"modified":"2026-05-07T14:54:20","modified_gmt":"2026-05-07T14:54:20","slug":"participantes-radian","status":"publish","type":"page","link":"https:\/\/micrositios.dian.gov.co\/sistema-de-facturacion-electronica\/participantes-radian\/","title":{"rendered":"Participantes RADIAN"},"content":{"rendered":"<p>[et_pb_section fb_built=\u00bb1&#8243; admin_label=\u00bbSection\u00bb _builder_version=\u00bb4.18.1&#8243; _module_preset=\u00bbdefault\u00bb background_image=\u00bbhttp:\/\/micrositios.dian.gov.co\/sistema-de-facturacion-electronica\/wp-content\/uploads\/sites\/13\/2022\/10\/60-Documento-soporte.png\u00bb custom_margin=\u00bb||||true|true\u00bb custom_padding=\u00bb140px||140px||true|true\u00bb background_last_edited=\u00bbon|phone\u00bb background_position_phone=\u00bbcenter_left\u00bb da_disable_devices=\u00bboff|off|off\u00bb locked=\u00bboff\u00bb global_colors_info=\u00bb{}\u00bb da_is_popup=\u00bboff\u00bb da_exit_intent=\u00bboff\u00bb da_has_close=\u00bbon\u00bb da_alt_close=\u00bboff\u00bb da_dark_close=\u00bboff\u00bb da_not_modal=\u00bbon\u00bb da_is_singular=\u00bboff\u00bb da_with_loader=\u00bboff\u00bb da_has_shadow=\u00bbon\u00bb][et_pb_row _builder_version=\u00bb4.16&#8243; _module_preset=\u00bbdefault\u00bb global_colors_info=\u00bb{}\u00bb][et_pb_column type=\u00bb4_4&#8243; _builder_version=\u00bb4.16&#8243; _module_preset=\u00bbdefault\u00bb global_colors_info=\u00bb{}\u00bb][et_pb_text _builder_version=\u00bb4.18.1&#8243; _module_preset=\u00bbac5b030f-f9e2-4787-b128-eb43924d7ab6&#8243; text_font=\u00bbWork Sans|700|||||||\u00bb text_text_color=\u00bb#41d78c\u00bb text_font_size=\u00bb35px\u00bb text_line_height=\u00bb1em\u00bb text_orientation_tablet=\u00bb\u00bb text_orientation_phone=\u00bbcenter\u00bb text_orientation_last_edited=\u00bbon|phone\u00bb global_colors_info=\u00bb{}\u00bb]<\/p>\n<h2><span>Participantes RADIAN<\/span><\/h2>\n<p>[\/et_pb_text][\/et_pb_column][\/et_pb_row][\/et_pb_section][et_pb_section fb_built=\u00bb1&#8243; admin_label=\u00bbSection\u00bb _builder_version=\u00bb4.16&#8243; _module_preset=\u00bbdefault\u00bb background_color=\u00bb#f6f7f9&#8243; custom_padding=\u00bb5px||32px|||\u00bb da_disable_devices=\u00bboff|off|off\u00bb locked=\u00bboff\u00bb global_colors_info=\u00bb{}\u00bb da_is_popup=\u00bboff\u00bb da_exit_intent=\u00bboff\u00bb da_has_close=\u00bbon\u00bb da_alt_close=\u00bboff\u00bb da_dark_close=\u00bboff\u00bb da_not_modal=\u00bbon\u00bb da_is_singular=\u00bboff\u00bb da_with_loader=\u00bboff\u00bb da_has_shadow=\u00bbon\u00bb][et_pb_row column_structure=\u00bb3_5,2_5&#8243; disabled_on=\u00bbon|off|off\u00bb _builder_version=\u00bb4.17.0&#8243; _module_preset=\u00bbdefault\u00bb saved_tabs=\u00bball\u00bb global_colors_info=\u00bb{}\u00bb][et_pb_column type=\u00bb3_5&#8243; _builder_version=\u00bb4.16&#8243; _module_preset=\u00bbdefault\u00bb global_colors_info=\u00bb{}\u00bb][dipl_breadcrumb breadcrumb_layout=\u00bblayout2&#8243; link_target=\u00bbon\u00bb separator_text=\u00bb\/\u00bb separator_size=\u00bb14px\u00bb separator_color=\u00bb#000000&#8243; use_home_link_custom_text=\u00bbon\u00bb home_link_text=\u00bbInicio\u00bb use_home_link_icon=\u00bbon\u00bb home_link_icon=\u00bb&#x23;||divi||400&#8243; home_link_icon_color=\u00bb#41d78c\u00bb _builder_version=\u00bb4.17.1&#8243; _module_preset=\u00bbdefault\u00bb global_text_settings_font_size=\u00bb12px\u00bb text_font=\u00bbUbuntu||||||||\u00bb text_text_color=\u00bb#262944&#8243; link_font=\u00bbUbuntu|500|||||||\u00bb global_colors_info=\u00bb{}\u00bb text_text_color__hover_enabled=\u00bbon|desktop\u00bb text_text_color__hover=\u00bb#00b4dc\u00bb][\/dipl_breadcrumb][\/et_pb_column][et_pb_column type=\u00bb2_5&#8243; _builder_version=\u00bb4.16&#8243; _module_preset=\u00bbdefault\u00bb global_colors_info=\u00bb{}\u00bb][dipl_ajax_search search_placeholder=\u00bbBuscar por palabra clave\u00bb number_of_results=\u00bb-1&#8243; orderby=\u00bbpost_title\u00bb order=\u00bbASC\u00bb no_result_text=\u00bbNo encontramos resultados a tu b\u00fasqueda\u00bb include_post_types=\u00bbpage\u00bb url_new_window=\u00bbon\u00bb search_icon_color=\u00bb#41d78c\u00bb loader_size=\u00bb12px\u00bb loader_color=\u00bb#41d78c\u00bb _builder_version=\u00bb4.17.0&#8243; _module_preset=\u00bbdefault\u00bb search_result_item_title_font=\u00bbWork Sans|700|||||||\u00bb search_result_item_excerpt_font=\u00bbUbuntu||||||||\u00bb search_result_item_excerpt_font_size=\u00bb12px\u00bb form_field_font=\u00bbUbuntu||||||||\u00bb form_field_font_size=\u00bb12px\u00bb width=\u00bb80%\u00bb module_alignment=\u00bbright\u00bb border_radii_form_field=\u00bbon|6px|6px|6px|6px\u00bb border_width_all_form_field=\u00bb0px\u00bb global_colors_info=\u00bb{}\u00bb][\/dipl_ajax_search][\/et_pb_column][\/et_pb_row][et_pb_row _builder_version=\u00bb4.16&#8243; _module_preset=\u00bbdefault\u00bb global_colors_info=\u00bb{}\u00bb][et_pb_column type=\u00bb4_4&#8243; _builder_version=\u00bb4.16&#8243; _module_preset=\u00bbdefault\u00bb global_colors_info=\u00bb{}\u00bb][et_pb_text _builder_version=\u00bb4.18.1&#8243; _module_preset=\u00bbdefault\u00bb text_font=\u00bbWork Sans|700|||||||\u00bb text_text_color=\u00bb#2b323d\u00bb text_font_size=\u00bb20px\u00bb text_orientation=\u00bbcenter\u00bb global_colors_info=\u00bb{}\u00bb]<\/p>\n<h3><strong>Participantes RADIAN<\/strong><\/h3>\n<p>[\/et_pb_text][et_pb_divider color=\u00bb#41d78c\u00bb divider_weight=\u00bb4px\u00bb _builder_version=\u00bb4.18.1&#8243; _module_preset=\u00bbdefault\u00bb width=\u00bb22%\u00bb module_alignment=\u00bbcenter\u00bb custom_margin=\u00bb-23px||10px||false|false\u00bb global_colors_info=\u00bb{}\u00bb][\/et_pb_divider][et_pb_text _builder_version=\u00bb4.27.6&#8243; _module_preset=\u00bbdefault\u00bb text_font=\u00bbUbuntu||||||||\u00bb text_text_color=\u00bb#2b323d\u00bb link_font=\u00bb||||on||||\u00bb link_text_color=\u00bb#00b4dc\u00bb hover_enabled=\u00bb0&#8243; global_colors_info=\u00bb{}\u00bb sticky_enabled=\u00bb0&#8243;]<\/p>\n<p>Aqu\u00ed podra consultar los Factores, Sistemas de negociaci\u00f3n y Proveedores tecnol\u00f3gicos RADIAN relacionados a la Factura Electr\u00f3nica.<\/p>\n<p>Listado de participantes RADIAN con corte al 30 de abril de 2026.<\/p>\n<p>[\/et_pb_text][\/et_pb_column][\/et_pb_row][et_pb_row column_structure=\u00bb1_2,1_2&#8243; _builder_version=\u00bb4.18.1&#8243; _module_preset=\u00bbdefault\u00bb global_colors_info=\u00bb{}\u00bb][et_pb_column type=\u00bb1_2&#8243; _builder_version=\u00bb4.18.1&#8243; _module_preset=\u00bbdefault\u00bb global_colors_info=\u00bb{}\u00bb][et_pb_accordion _builder_version=\u00bb4.27.6&#8243; _module_preset=\u00bbdefault\u00bb toggle_font=\u00bbUbuntu||||||||\u00bb closed_toggle_font=\u00bbUbuntu||||||||\u00bb body_font=\u00bbUbuntu||||||||\u00bb hover_enabled=\u00bb0&#8243; global_colors_info=\u00bb{}\u00bb sticky_enabled=\u00bb0&#8243;][et_pb_accordion_item title=\u00bbFactores\u00bb open=\u00bbon\u00bb _builder_version=\u00bb4.27.6&#8243; _module_preset=\u00bbdefault\u00bb hover_enabled=\u00bb0&#8243; global_colors_info=\u00bb{}\u00bb sticky_enabled=\u00bb0&#8243;]<\/p>\n<table width=\"633\">\n<tbody>\n<tr>\n<td colspan=\"3\" width=\"633\"><strong>FACTORES HABILITADOS RADIAN<\/strong><\/td>\n<\/tr>\n<tr>\n<td width=\"28\"><strong>ID<\/strong><\/td>\n<td width=\"113\"><strong>NIT de la Sociedad<\/strong><\/td>\n<td width=\"492\"><strong>Raz\u00f3n Social<\/strong><\/td>\n<\/tr>\n<tr>\n<td>1<\/td>\n<td>901228343<\/td>\n<td>LIQUITECH S. A. S.<\/td>\n<\/tr>\n<tr>\n<td>2<\/td>\n<td>805027231<\/td>\n<td>GRUPO FACTORING DE OCCIDENTE S.A.S.<\/td>\n<\/tr>\n<\/tbody>\n<\/table>\n<p>[\/et_pb_accordion_item][et_pb_accordion_item title=\u00bbSistemas de Negociaci\u00f3n\u00bb _builder_version=\u00bb4.27.6&#8243; _module_preset=\u00bbdefault\u00bb hover_enabled=\u00bb0&#8243; global_colors_info=\u00bb{}\u00bb open=\u00bboff\u00bb sticky_enabled=\u00bb0&#8243;]<\/p>\n<table width=\"645\">\n<tbody>\n<tr>\n<td colspan=\"3\" width=\"645\"><strong>SISTEMAS DE NEGOCIACI\u00d3N HABILITADOS RADIAN<\/strong><\/td>\n<\/tr>\n<tr>\n<td width=\"28\"><strong>ID<\/strong><\/td>\n<td width=\"125\"><strong>NIT de la Sociedad<\/strong><\/td>\n<td width=\"492\"><strong>Raz\u00f3n Social<\/strong><\/td>\n<\/tr>\n<tr>\n<td>1<\/td>\n<td>901052898<\/td>\n<td>EDIGITAL S.A.S<\/td>\n<\/tr>\n<tr>\n<td>2<\/td>\n<td>901409493<\/td>\n<td>ECONFIRMING S.A.S.<\/td>\n<\/tr>\n<tr>\n<td>3<\/td>\n<td>901499452<\/td>\n<td>REDCAPITAL COLOMBIA SAS<\/td>\n<\/tr>\n<tr>\n<td>4<\/td>\n<td>900496658<\/td>\n<td>COLFIMAX FACTORING S.A.<\/td>\n<\/tr>\n<tr>\n<td>5<\/td>\n<td>901596817<\/td>\n<td>COLOMBIA PLATAFORM SAS<\/td>\n<\/tr>\n<tr>\n<td>6<\/td>\n<td>901587003<\/td>\n<td>INVOWAY LATAM SAS<\/td>\n<\/tr>\n<tr>\n<td>7<\/td>\n<td>901471178<\/td>\n<td>GLOBAL TAX BOX COLOMBIA SAS<\/td>\n<\/tr>\n<tr>\n<td>8<\/td>\n<td>900584902<\/td>\n<td>LIBERA SUPPLY CHAIN FINANCE S.A.S.<\/td>\n<\/tr>\n<tr>\n<td>9<\/td>\n<td>900527960<\/td>\n<td>EXPONENCIAL CONFIRMING S.A.S<\/td>\n<\/tr>\n<tr>\n<td>10<\/td>\n<td>901298003<\/td>\n<td>CESIONBNK SAS<\/td>\n<\/tr>\n<tr>\n<td>11<\/td>\n<td>900296536<\/td>\n<td>KLYM S.A.S.<\/td>\n<\/tr>\n<tr>\n<td>12<\/td>\n<td>900306823<\/td>\n<td>F Y M TECHNOLOGY S.A.S.<\/td>\n<\/tr>\n<tr>\n<td>13<\/td>\n<td>901228343<\/td>\n<td>LIQUITECH S. A. S.<\/td>\n<\/tr>\n<\/tbody>\n<\/table>\n<p>[\/et_pb_accordion_item][et_pb_accordion_item title=\u00bbProveedores Tecnol\u00f3gicos RADIAN\u00bb _builder_version=\u00bb4.27.6&#8243; _module_preset=\u00bbdefault\u00bb hover_enabled=\u00bb0&#8243; global_colors_info=\u00bb{}\u00bb open=\u00bboff\u00bb sticky_enabled=\u00bb0&#8243;]<\/p>\n<table width=\"645\">\n<tbody>\n<tr>\n<td colspan=\"3\" width=\"645\"><strong>PROVEEDORES TECNOL\u00d3GICOS HABILITADOS RADIAN<\/strong><\/td>\n<\/tr>\n<tr>\n<td width=\"28\"><strong>ID<\/strong><\/td>\n<td width=\"125\"><strong>NIT de la Sociedad<\/strong><\/td>\n<td width=\"492\"><strong>Raz\u00f3n Social<\/strong><\/td>\n<\/tr>\n<tr>\n<td>1<\/td>\n<td>830096620<\/td>\n<td>PROFESIONALES EN TRANSACCIONES ELECTRONICAS S.A. PTESA<\/td>\n<\/tr>\n<tr>\n<td>2<\/td>\n<td>800088155<\/td>\n<td>DOMINA ENTREGA TOTAL S.A.S<\/td>\n<\/tr>\n<tr>\n<td>3<\/td>\n<td>900875062<\/td>\n<td>FACTURA1 S.A.S.<\/td>\n<\/tr>\n<tr>\n<td>4<\/td>\n<td>901380553<\/td>\n<td>ECOSISTEMAS DIGITALES S.A.S.<\/td>\n<\/tr>\n<tr>\n<td>5<\/td>\n<td>900730535<\/td>\n<td>GESTION FRANCA S.A.S<\/td>\n<\/tr>\n<tr>\n<td>6<\/td>\n<td>900176162<\/td>\n<td>NEIA S.A.S<\/td>\n<\/tr>\n<tr>\n<td>7<\/td>\n<td>811026198<\/td>\n<td>VSDC S.A.S.<\/td>\n<\/tr>\n<tr>\n<td>8<\/td>\n<td>830005677<\/td>\n<td>BIT CONSULTING S.A.S<\/td>\n<\/tr>\n<tr>\n<td>9<\/td>\n<td>900390126<\/td>\n<td>THE FACTORY HKA COLOMBIA S.A.S.<\/td>\n<\/tr>\n<tr>\n<td>10<\/td>\n<td>900949812<\/td>\n<td>DATA EXPRESS LATINOAMERICA S.A.S.<\/td>\n<\/tr>\n<tr>\n<td>11<\/td>\n<td>901081604<\/td>\n<td>EKOMERCIO ELECTR\u00d3NICO SAS<\/td>\n<\/tr>\n<tr>\n<td>12<\/td>\n<td>800101428<\/td>\n<td>PARADIGMA S A S<\/td>\n<\/tr>\n<tr>\n<td>13<\/td>\n<td>830020470<\/td>\n<td>TELEINTE S A S<\/td>\n<\/tr>\n<tr>\n<td>14<\/td>\n<td>830057860<\/td>\n<td>COMERCIO ELECTRONICO EN INTERNET S.A. CENET S.A.<\/td>\n<\/tr>\n<tr>\n<td>15<\/td>\n<td>900399741<\/td>\n<td>FACTURE S.A.S<\/td>\n<\/tr>\n<tr>\n<td>16<\/td>\n<td>860028581<\/td>\n<td>DELCOP COLOMBIA S A S<\/td>\n<\/tr>\n<tr>\n<td>17<\/td>\n<td>900534356<\/td>\n<td>WORLD OFFICE COLOMBIA S.A.S<\/td>\n<\/tr>\n<tr>\n<td>18<\/td>\n<td>901014886<\/td>\n<td>GURUSOFT S.A.S<\/td>\n<\/tr>\n<tr>\n<td>19<\/td>\n<td>900738794<\/td>\n<td>INNAPSIS APPFLOW SAS<\/td>\n<\/tr>\n<tr>\n<td>20<\/td>\n<td>900984424<\/td>\n<td>ESDINAMICO S.A.S.<\/td>\n<\/tr>\n<tr>\n<td>21<\/td>\n<td>811021438<\/td>\n<td>HERRAMIENTAS DE GESTION INFORMATICA S.A.S<\/td>\n<\/tr>\n<tr>\n<td>22<\/td>\n<td>901285179<\/td>\n<td>NODEXUM S.A.S<\/td>\n<\/tr>\n<tr>\n<td>23<\/td>\n<td>830135010<\/td>\n<td>OPENTECNOLOGIA S A S<\/td>\n<\/tr>\n<tr>\n<td>24<\/td>\n<td>900273836<\/td>\n<td>F1 TOP POINT LTDA<\/td>\n<\/tr>\n<tr>\n<td>25<\/td>\n<td>901066054<\/td>\n<td>BILLY FACTUREX SAS<\/td>\n<\/tr>\n<tr>\n<td>26<\/td>\n<td>900680995<\/td>\n<td>EDICOM S.A.S<\/td>\n<\/tr>\n<tr>\n<td>27<\/td>\n<td>900665411<\/td>\n<td>BYTHEWAVE S.A.S<\/td>\n<\/tr>\n<tr>\n<td>28<\/td>\n<td>900204272<\/td>\n<td>GESTION DE SEGURIDAD ELECTRONICA S.A<\/td>\n<\/tr>\n<tr>\n<td>29<\/td>\n<td>800096812<\/td>\n<td>CARVAJAL SOLUCIONES DE COMUNICACION S.A.S.<\/td>\n<\/tr>\n<tr>\n<td>30<\/td>\n<td>890930534<\/td>\n<td>CADENA S . A .<\/td>\n<\/tr>\n<tr>\n<td>31<\/td>\n<td>900965992<\/td>\n<td>ATEB COLOMBIA S A S<\/td>\n<\/tr>\n<tr>\n<td>32<\/td>\n<td>890321151<\/td>\n<td>CARVAJAL TECNOLOGIA Y SERVICIOS S.A.S.<\/td>\n<\/tr>\n<tr>\n<td>33<\/td>\n<td>860028580<\/td>\n<td>DISPAPELES S.A.S<\/td>\n<\/tr>\n<tr>\n<td>34<\/td>\n<td>900508908<\/td>\n<td>SIGNATURE SOUTH CONSULTING COLOMBIA S.A.S<\/td>\n<\/tr>\n<\/tbody>\n<\/table>\n<p>[\/et_pb_accordion_item][\/et_pb_accordion][\/et_pb_column][et_pb_column type=\u00bb1_2&#8243; _builder_version=\u00bb4.18.1&#8243; _module_preset=\u00bbdefault\u00bb global_colors_info=\u00bb{}\u00bb][et_pb_image src=\u00bbhttp:\/\/micrositios.dian.gov.co\/sistema-de-facturacion-electronica\/wp-content\/uploads\/sites\/13\/2022\/10\/20-721&#215;392-Preguntas-Frecuentes.png\u00bb title_text=\u00bbPreguntas Frecuentes\u00bb _builder_version=\u00bb4.18.1&#8243; _module_preset=\u00bbdefault\u00bb global_colors_info=\u00bb{}\u00bb][\/et_pb_image][et_pb_blurb title=\u00bbListado de participantes RADIAN\u00bb image=\u00bbhttp:\/\/micrositios.dian.gov.co\/sistema-de-facturacion-electronica\/wp-content\/uploads\/sites\/13\/2022\/09\/sfeverificacion-facturador.png\u00bb icon_placement=\u00bbleft\u00bb image_icon_width=\u00bb200%\u00bb content_max_width=\u00bb1100px\u00bb _builder_version=\u00bb4.27.6&#8243; _module_preset=\u00bbdefault\u00bb header_font=\u00bbWork Sans|600|||||||\u00bb header_text_color=\u00bb#262944&#8243; header_font_size=\u00bb13px\u00bb body_font=\u00bbUbuntu||||||||\u00bb body_font_size=\u00bb12px\u00bb body_line_height=\u00bb1.4em\u00bb background_color=\u00bb#FFFFFF\u00bb width=\u00bb100%\u00bb module_alignment=\u00bbleft\u00bb custom_margin=\u00bb|-258px||||\u00bb custom_padding=\u00bb16px|17px|9px|17px|false|true\u00bb link_option_url_new_window=\u00bbon\u00bb hover_enabled=\u00bb0&#8243; box_shadow_style=\u00bbpreset1&#8243; box_shadow_vertical=\u00bb0px\u00bb box_shadow_blur=\u00bb0px\u00bb locked=\u00bboff\u00bb global_colors_info=\u00bb{}\u00bb box_shadow_blur__hover=\u00bb20px\u00bb box_shadow_blur__hover_enabled=\u00bbon|hover\u00bb sticky_enabled=\u00bb0&#8243;]<\/p>\n<p>Descarguelo <a href=\"https:\/\/www.dian.gov.co\/impuestos\/factura-electronica\/Documents\/Participantes-RADIAN-30042026.zip\" target=\"_blank\" rel=\"noopener\">aqu\u00ed<\/a> con corte al 30 de abril de 2026.<\/p>\n<p>[\/et_pb_blurb][\/et_pb_column][\/et_pb_row][\/et_pb_section]<\/p>\n","protected":false},"excerpt":{"rendered":"<p>Participantes RADIAN<div class=\"et_pb_module dipl_breadcrumb dipl_breadcrumb_0\">\n\t\t\t\t\n\t\t\t\t\n\t\t\t\t\n\t\t\t\t\n\t\t\t\t\n\t\t\t\t\n\t\t\t\t<div class=\"et_pb_module_inner\">\n\t\t\t\t\t<div class=\"dipl-breadcrumb-wrapper layout2\">\n\t\t\t\t<ol class=\"dipl-breadcrumb-inner\" vocab=\"https:\/\/schema.org\/\" typeof=\"BreadcrumbList\">\n\t\t\t\t\t<li property=\"itemListElement\" typeof=\"ListItem\" data-icon=\"&#x24;\">\n\t\t\t\t\t\t\t\t<a class=\"breadcrumb-item dipl-home-page\" href=\"https:\/\/micrositios.dian.gov.co\/sistema-de-facturacion-electronica\" property=\"item\" typeof=\"WebPage\" target=\"_blank\">\n\t\t\t\t\t\t\t\t\t<span class=\"breadcrumb-page\" property=\"name\">\n\t\t\t\t\t\t\t\t\t\t<span class=\"breadcrumb-home-icon et-pb-icon\">&#x23;<\/span>\n\t\t\t\t\t\t\t\t\t\tInicio\n\t\t\t\t\t\t\t\t\t<\/span>\n\t\t\t\t\t\t\t\t<\/a>\n\t\t\t\t\t\t\t\t<meta property=\"position\" content=\"1\" \/>\n\t\t\t\t\t\t\t<\/li>\n\t\t\t\t<\/ol>\n\t\t\t<\/div>\n\t\t\t\t<\/div>\n\t\t\t<\/div><div class=\"et_pb_with_border et_pb_module dipl_ajax_search dipl_ajax_search_0\">\n\t\t\t\t\n\t\t\t\t\n\t\t\t\t\n\t\t\t\t\n\t\t\t\t\n\t\t\t\t\n\t\t\t\t<div class=\"et_pb_module_inner\">\n\t\t\t\t\t<div class=\"dipl_ajax_search_wrap\">\n\t\t\t\t<div class=\"dipl_ajax_search_field_wrap dipl_ajax_search_icon\">\n\t\t\t\t\t<input type=\"search\" placeholder=\"Buscar por palabra clave\" class=\"dipl_ajax_search_field\"\n\t\t\t\t\t\tdata-search-in=\"post_title,post_content,post_excerpt\" data-search-post-type=\"page\" data-display-fields=\"title,excerpt,featured_image\" \n\t\t\t\t\t\tdata-url-new-window=\"on\" data-number-of-results=\"-1\" data-no-result-text=\"No encontramos resultados a tu b\u00fasqueda\" \n\t\t\t\t\t\tdata-orderby=\"post_title\" data-order=\"ASC\" data-use-masonry=\"off\"\n\t\t\t\t\t\tdata-exclude_protected_posts=\"off\"\n\t\t\t\t\t\/>\n\t\t\t\t\t<input type=\"hidden\" class=\"dipl_ajax_search_nonce\" value=\"99645e509d\" \/>\n\t\t\t\t<\/div>\n\t\t\t\t<div class=\"dipl_ajax_search_results_wrap dipl_ajax_search_result_1_cols \"><\/div>\n\t\t\t<\/div>\n\t\t\t\t<\/div>\n\t\t\t<\/div>Participantes RADIANAqu\u00ed podra consultar [&hellip;]<\/p>\n","protected":false},"author":1,"featured_media":0,"parent":0,"menu_order":0,"comment_status":"closed","ping_status":"closed","template":"","meta":{"_et_pb_use_builder":"on","_et_pb_old_content":"<!-- wp:divi\/placeholder \/-->","_et_gb_content_width":"","footnotes":""},"class_list":["post-1780","page","type-page","status-publish","hentry"],"yoast_head":"<!-- This site is optimized with the Yoast SEO Premium plugin v18.5 (Yoast SEO v27.2) - https:\/\/yoast.com\/product\/yoast-seo-premium-wordpress\/ -->\n<title>Participantes RADIAN<\/title>\n<meta name=\"description\" content=\"Aqu\u00ed podra consultar los Factores, Sistemas de negociaci\u00f3n y Proveedores tecnol\u00f3gicos RADIAN relacionados a la Factura Electr\u00f3nica.\" \/>\n<meta name=\"robots\" content=\"index, follow, max-snippet:-1, max-image-preview:large, max-video-preview:-1\" \/>\n<link rel=\"canonical\" href=\"https:\/\/micrositios.dian.gov.co\/sistema-de-facturacion-electronica\/participantes-radian\/\" \/>\n<meta property=\"og:locale\" content=\"es_ES\" \/>\n<meta property=\"og:type\" content=\"article\" \/>\n<meta property=\"og:title\" content=\"Participantes RADIAN\" \/>\n<meta property=\"og:description\" content=\"Aqu\u00ed podra consultar los Factores, Sistemas de negociaci\u00f3n y Proveedores tecnol\u00f3gicos RADIAN relacionados a la Factura Electr\u00f3nica.\" \/>\n<meta property=\"og:url\" content=\"https:\/\/micrositios.dian.gov.co\/sistema-de-facturacion-electronica\/participantes-radian\/\" \/>\n<meta property=\"og:site_name\" content=\"Sistema de Facturaci\u00f3n Electr\u00f3nica\" \/>\n<meta property=\"article:modified_time\" content=\"2026-05-07T14:54:20+00:00\" \/>\n<meta property=\"og:image\" content=\"http:\/\/micrositios.dian.gov.co\/sistema-de-facturacion-electronica\/wp-content\/uploads\/sites\/13\/2022\/10\/FE.jpg\" \/>\n\t<meta property=\"og:image:width\" content=\"795\" \/>\n\t<meta property=\"og:image:height\" content=\"397\" \/>\n\t<meta property=\"og:image:type\" content=\"image\/jpeg\" \/>\n<meta name=\"twitter:card\" content=\"summary_large_image\" \/>\n<meta name=\"twitter:title\" content=\"Participantes RADIAN\" \/>\n<meta name=\"twitter:description\" content=\"Aqu\u00ed podra consultar los Factores, Sistemas de negociaci\u00f3n y Proveedores tecnol\u00f3gicos RADIAN relacionados a la Factura Electr\u00f3nica.\" \/>\n<meta name=\"twitter:label1\" content=\"Tiempo de lectura\" \/>\n\t<meta name=\"twitter:data1\" content=\"3 minutos\" \/>\n<script type=\"application\/ld+json\" class=\"yoast-schema-graph\">{\"@context\":\"https:\/\/schema.org\",\"@graph\":[{\"@type\":\"WebPage\",\"@id\":\"https:\/\/micrositios.dian.gov.co\/sistema-de-facturacion-electronica\/participantes-radian\/\",\"url\":\"https:\/\/micrositios.dian.gov.co\/sistema-de-facturacion-electronica\/participantes-radian\/\",\"name\":\"Participantes RADIAN\",\"isPartOf\":{\"@id\":\"https:\/\/micrositios.dian.gov.co\/sistema-de-facturacion-electronica\/#website\"},\"datePublished\":\"2024-04-22T19:26:03+00:00\",\"dateModified\":\"2026-05-07T14:54:20+00:00\",\"description\":\"Aqu\u00ed podra consultar los Factores, Sistemas de negociaci\u00f3n y Proveedores tecnol\u00f3gicos RADIAN relacionados a la Factura Electr\u00f3nica.\",\"breadcrumb\":{\"@id\":\"https:\/\/micrositios.dian.gov.co\/sistema-de-facturacion-electronica\/participantes-radian\/#breadcrumb\"},\"inLanguage\":\"es\",\"potentialAction\":[{\"@type\":\"ReadAction\",\"target\":[\"https:\/\/micrositios.dian.gov.co\/sistema-de-facturacion-electronica\/participantes-radian\/\"]}]},{\"@type\":\"BreadcrumbList\",\"@id\":\"https:\/\/micrositios.dian.gov.co\/sistema-de-facturacion-electronica\/participantes-radian\/#breadcrumb\",\"itemListElement\":[{\"@type\":\"ListItem\",\"position\":1,\"name\":\"Portada\",\"item\":\"https:\/\/micrositios.dian.gov.co\/sistema-de-facturacion-electronica\/\"},{\"@type\":\"ListItem\",\"position\":2,\"name\":\"Participantes RADIAN\"}]},{\"@type\":\"WebSite\",\"@id\":\"https:\/\/micrositios.dian.gov.co\/sistema-de-facturacion-electronica\/#website\",\"url\":\"https:\/\/micrositios.dian.gov.co\/sistema-de-facturacion-electronica\/\",\"name\":\"Sistema de Facturaci\u00f3n Electr\u00f3nica\",\"description\":\"Micrositios DIAN\",\"potentialAction\":[{\"@type\":\"SearchAction\",\"target\":{\"@type\":\"EntryPoint\",\"urlTemplate\":\"https:\/\/micrositios.dian.gov.co\/sistema-de-facturacion-electronica\/?s={search_term_string}\"},\"query-input\":{\"@type\":\"PropertyValueSpecification\",\"valueRequired\":true,\"valueName\":\"search_term_string\"}}],\"inLanguage\":\"es\"}]}<\/script>\n<!-- \/ Yoast SEO Premium plugin. -->","yoast_head_json":{"title":"Participantes RADIAN","description":"Aqu\u00ed podra consultar los Factores, Sistemas de negociaci\u00f3n y Proveedores tecnol\u00f3gicos RADIAN relacionados a la Factura Electr\u00f3nica.","robots":{"index":"index","follow":"follow","max-snippet":"max-snippet:-1","max-image-preview":"max-image-preview:large","max-video-preview":"max-video-preview:-1"},"canonical":"https:\/\/micrositios.dian.gov.co\/sistema-de-facturacion-electronica\/participantes-radian\/","og_locale":"es_ES","og_type":"article","og_title":"Participantes RADIAN","og_description":"Aqu\u00ed podra consultar los Factores, Sistemas de negociaci\u00f3n y Proveedores tecnol\u00f3gicos RADIAN relacionados a la Factura Electr\u00f3nica.","og_url":"https:\/\/micrositios.dian.gov.co\/sistema-de-facturacion-electronica\/participantes-radian\/","og_site_name":"Sistema de Facturaci\u00f3n Electr\u00f3nica","article_modified_time":"2026-05-07T14:54:20+00:00","og_image":[{"width":795,"height":397,"url":"http:\/\/micrositios.dian.gov.co\/sistema-de-facturacion-electronica\/wp-content\/uploads\/sites\/13\/2022\/10\/FE.jpg","type":"image\/jpeg"}],"twitter_card":"summary_large_image","twitter_title":"Participantes RADIAN","twitter_description":"Aqu\u00ed podra consultar los Factores, Sistemas de negociaci\u00f3n y Proveedores tecnol\u00f3gicos RADIAN relacionados a la Factura Electr\u00f3nica.","twitter_misc":{"Tiempo de lectura":"3 minutos"},"schema":{"@context":"https:\/\/schema.org","@graph":[{"@type":"WebPage","@id":"https:\/\/micrositios.dian.gov.co\/sistema-de-facturacion-electronica\/participantes-radian\/","url":"https:\/\/micrositios.dian.gov.co\/sistema-de-facturacion-electronica\/participantes-radian\/","name":"Participantes RADIAN","isPartOf":{"@id":"https:\/\/micrositios.dian.gov.co\/sistema-de-facturacion-electronica\/#website"},"datePublished":"2024-04-22T19:26:03+00:00","dateModified":"2026-05-07T14:54:20+00:00","description":"Aqu\u00ed podra consultar los Factores, Sistemas de negociaci\u00f3n y Proveedores tecnol\u00f3gicos RADIAN relacionados a la Factura Electr\u00f3nica.","breadcrumb":{"@id":"https:\/\/micrositios.dian.gov.co\/sistema-de-facturacion-electronica\/participantes-radian\/#breadcrumb"},"inLanguage":"es","potentialAction":[{"@type":"ReadAction","target":["https:\/\/micrositios.dian.gov.co\/sistema-de-facturacion-electronica\/participantes-radian\/"]}]},{"@type":"BreadcrumbList","@id":"https:\/\/micrositios.dian.gov.co\/sistema-de-facturacion-electronica\/participantes-radian\/#breadcrumb","itemListElement":[{"@type":"ListItem","position":1,"name":"Portada","item":"https:\/\/micrositios.dian.gov.co\/sistema-de-facturacion-electronica\/"},{"@type":"ListItem","position":2,"name":"Participantes RADIAN"}]},{"@type":"WebSite","@id":"https:\/\/micrositios.dian.gov.co\/sistema-de-facturacion-electronica\/#website","url":"https:\/\/micrositios.dian.gov.co\/sistema-de-facturacion-electronica\/","name":"Sistema de Facturaci\u00f3n Electr\u00f3nica","description":"Micrositios DIAN","potentialAction":[{"@type":"SearchAction","target":{"@type":"EntryPoint","urlTemplate":"https:\/\/micrositios.dian.gov.co\/sistema-de-facturacion-electronica\/?s={search_term_string}"},"query-input":{"@type":"PropertyValueSpecification","valueRequired":true,"valueName":"search_term_string"}}],"inLanguage":"es"}]}},"_links":{"self":[{"href":"https:\/\/micrositios.dian.gov.co\/sistema-de-facturacion-electronica\/wp-json\/wp\/v2\/pages\/1780","targetHints":{"allow":["GET"]}}],"collection":[{"href":"https:\/\/micrositios.dian.gov.co\/sistema-de-facturacion-electronica\/wp-json\/wp\/v2\/pages"}],"about":[{"href":"https:\/\/micrositios.dian.gov.co\/sistema-de-facturacion-electronica\/wp-json\/wp\/v2\/types\/page"}],"author":[{"embeddable":true,"href":"https:\/\/micrositios.dian.gov.co\/sistema-de-facturacion-electronica\/wp-json\/wp\/v2\/users\/1"}],"replies":[{"embeddable":true,"href":"https:\/\/micrositios.dian.gov.co\/sistema-de-facturacion-electronica\/wp-json\/wp\/v2\/comments?post=1780"}],"version-history":[{"count":16,"href":"https:\/\/micrositios.dian.gov.co\/sistema-de-facturacion-electronica\/wp-json\/wp\/v2\/pages\/1780\/revisions"}],"predecessor-version":[{"id":2098,"href":"https:\/\/micrositios.dian.gov.co\/sistema-de-facturacion-electronica\/wp-json\/wp\/v2\/pages\/1780\/revisions\/2098"}],"wp:attachment":[{"href":"https:\/\/micrositios.dian.gov.co\/sistema-de-facturacion-electronica\/wp-json\/wp\/v2\/media?parent=1780"}],"curies":[{"name":"wp","href":"https:\/\/api.w.org\/{rel}","templated":true}]}}