{"id":367,"date":"2022-06-03T02:04:48","date_gmt":"2022-06-03T02:04:48","guid":{"rendered":"https:\/\/micrositios.dian.gov.co\/renta-personas-naturales-ag-2021\/?page_id=367"},"modified":"2022-07-26T03:30:56","modified_gmt":"2022-07-26T03:30:56","slug":"asistencia-telefonica","status":"publish","type":"page","link":"https:\/\/micrositios.dian.gov.co\/renta-personas-naturales-ag-2021\/asistencia-telefonica\/","title":{"rendered":"Asistencia telef\u00f3nica"},"content":{"rendered":"<p>[et_pb_section fb_built=\u00bb1&#8243; _builder_version=\u00bb4.17.4&#8243; _module_preset=\u00bbdefault\u00bb background_image=\u00bbhttps:\/\/micrositios.dian.gov.co\/renta-personas-naturales-ag-2021\/wp-content\/uploads\/sites\/2\/2022\/06\/IMG_SECTION2_RENTASNATURALES.png\u00bb custom_padding=\u00bb66px||66px||true|false\u00bb background_last_edited=\u00bbon|phone\u00bb background_position_phone=\u00bbcenter_left\u00bb da_disable_devices=\u00bboff|off|off\u00bb global_colors_info=\u00bb{}\u00bb da_is_popup=\u00bboff\u00bb da_exit_intent=\u00bboff\u00bb da_has_close=\u00bbon\u00bb da_alt_close=\u00bboff\u00bb da_dark_close=\u00bboff\u00bb da_not_modal=\u00bbon\u00bb da_is_singular=\u00bboff\u00bb da_with_loader=\u00bboff\u00bb da_has_shadow=\u00bbon\u00bb][et_pb_row _builder_version=\u00bb4.16&#8243; _module_preset=\u00bbdefault\u00bb global_colors_info=\u00bb{}\u00bb][et_pb_column type=\u00bb4_4&#8243; _builder_version=\u00bb4.16&#8243; _module_preset=\u00bbdefault\u00bb global_colors_info=\u00bb{}\u00bb][et_pb_text _builder_version=\u00bb4.17.6&#8243; _module_preset=\u00bbbac49371-2896-430d-83e7-6117b98b23d3&#8243; hover_enabled=\u00bb0&#8243; global_colors_info=\u00bb{}\u00bb header_text_color=\u00bb#41D78C\u00bb sticky_enabled=\u00bb0&#8243;]<\/p>\n<h1><strong>\u200bAsistencia telef\u00f3nica<\/strong><\/h1>\n<p>[\/et_pb_text][\/et_pb_column][\/et_pb_row][\/et_pb_section][et_pb_section fb_built=\u00bb1&#8243; _builder_version=\u00bb4.16&#8243; _module_preset=\u00bbdefault\u00bb custom_padding=\u00bb6px||24px|||\u00bb da_disable_devices=\u00bboff|off|off\u00bb global_colors_info=\u00bb{}\u00bb da_is_popup=\u00bboff\u00bb da_exit_intent=\u00bboff\u00bb da_has_close=\u00bbon\u00bb da_alt_close=\u00bboff\u00bb da_dark_close=\u00bboff\u00bb da_not_modal=\u00bbon\u00bb da_is_singular=\u00bboff\u00bb da_with_loader=\u00bboff\u00bb da_has_shadow=\u00bbon\u00bb][et_pb_row column_structure=\u00bb3_5,2_5&#8243; disabled_on=\u00bbon|off|off\u00bb _builder_version=\u00bb4.17.0&#8243; _module_preset=\u00bbdefault\u00bb global_colors_info=\u00bb{}\u00bb][et_pb_column type=\u00bb3_5&#8243; _builder_version=\u00bb4.16&#8243; _module_preset=\u00bbdefault\u00bb global_colors_info=\u00bb{}\u00bb][dipl_breadcrumb breadcrumb_layout=\u00bblayout2&#8243; link_target=\u00bbon\u00bb separator_text=\u00bb\/\u00bb separator_size=\u00bb15px\u00bb separator_color=\u00bb#000000&#8243; use_home_link_custom_text=\u00bbon\u00bb home_link_text=\u00bbInicio\u00bb use_home_link_icon=\u00bbon\u00bb home_link_icon=\u00bb&#x23;||divi||400&#8243; home_link_icon_color=\u00bb#41d78c\u00bb _builder_version=\u00bb4.16&#8243; _module_preset=\u00bbdefault\u00bb global_text_settings_font_size=\u00bb13px\u00bb text_font=\u00bbUbuntu||||||||\u00bb text_text_color=\u00bb#262944&#8243; link_font=\u00bbUbuntu|500|||||||\u00bb global_colors_info=\u00bb{}\u00bb][\/dipl_breadcrumb][\/et_pb_column][et_pb_column type=\u00bb2_5&#8243; _builder_version=\u00bb4.16&#8243; _module_preset=\u00bbdefault\u00bb global_colors_info=\u00bb{}\u00bb][dipl_ajax_search search_placeholder=\u00bbBuscar por palabra clave\u00bb number_of_results=\u00bb-1&#8243; orderby=\u00bbpost_title\u00bb order=\u00bbASC\u00bb no_result_text=\u00bbNo encontramos resultados a tu b\u00fasqueda\u00bb include_post_types=\u00bbpage\u00bb url_new_window=\u00bbon\u00bb search_icon_color=\u00bb#41d78c\u00bb loader_size=\u00bb12px\u00bb loader_color=\u00bb#41d78c\u00bb _builder_version=\u00bb4.17.0&#8243; _module_preset=\u00bbdefault\u00bb search_result_item_title_font=\u00bbWork Sans|700|||||||\u00bb search_result_item_excerpt_font=\u00bbUbuntu||||||||\u00bb search_result_item_excerpt_font_size=\u00bb12px\u00bb form_field_font=\u00bbUbuntu||||||||\u00bb form_field_font_size=\u00bb12px\u00bb width=\u00bb80%\u00bb module_alignment=\u00bbright\u00bb border_radii_form_field=\u00bbon|6px|6px|6px|6px\u00bb border_width_all_form_field=\u00bb0px\u00bb global_colors_info=\u00bb{}\u00bb][\/dipl_ajax_search][\/et_pb_column][\/et_pb_row][et_pb_row column_structure=\u00bb1_2,1_2&#8243; _builder_version=\u00bb4.16&#8243; _module_preset=\u00bbdefault\u00bb custom_padding=\u00bb||6px|||\u00bb global_colors_info=\u00bb{}\u00bb][et_pb_column type=\u00bb1_2&#8243; _builder_version=\u00bb4.16&#8243; _module_preset=\u00bbdefault\u00bb global_colors_info=\u00bb{}\u00bb][et_pb_text _builder_version=\u00bb4.17.6&#8243; _module_preset=\u00bbda597a6f-9ab2-46a5-b8db-833860f64726&#8243; hover_enabled=\u00bb0&#8243; global_colors_info=\u00bb{}\u00bb header_2_font=\u00bb|700|||||||\u00bb header_2_text_color=\u00bb#262944&#8243; sticky_enabled=\u00bb0&#8243;]<\/p>\n<h2 style=\"text-align: left;\">\u200bAsistencia telef\u00f3nica &#8211; Direcci\u00f3n de Impuestos y Aduanas Nacionales<\/h2>\n<p>[\/et_pb_text][et_pb_divider color=\u00bb#41d78c\u00bb divider_weight=\u00bb4px\u00bb _builder_version=\u00bb4.16&#8243; _module_preset=\u00bbdefault\u00bb width=\u00bb94%\u00bb module_alignment=\u00bbleft\u00bb custom_margin=\u00bb-23px||10px||false|false\u00bb global_colors_info=\u00bb{}\u00bb][\/et_pb_divider][et_pb_text _builder_version=\u00bb4.17.4&#8243; _module_preset=\u00bbdefault\u00bb text_font=\u00bbUbuntu||||||||\u00bb text_font_size=\u00bb12px\u00bb link_font=\u00bb||||on||||\u00bb link_text_color=\u00bb#00b4dc\u00bb custom_margin=\u00bb-8px||15px|||\u00bb global_colors_info=\u00bb{}\u00bb]<\/p>\n<p style=\"text-align: left;\"><span lang=\"ES-CO\">Te informamos que, para agilizar y garantizar la atenci\u00f3n efectiva de tu consulta, hemos actualizado las opciones de acceso y especialidades de la l\u00ednea de atenci\u00f3n telef\u00f3nica de asistencia y el chat institucional, dispuesto en<span>\u00a0<\/span><a href=\"http:\/\/www.dian.gov.co\/\" target=\"_blank\" rel=\"noopener\"><strong>www.dian.gov.co<\/strong><\/a>. Por favor ten en cuenta las siguientes recomendaciones:<\/span><\/p>\n<p style=\"text-align: left;\"><span lang=\"ES-CO\"><strong>57 601 307 8064 L\u00ednea de atenci\u00f3n de impuestos<\/strong><\/span><\/p>\n<ul style=\"text-align: left;\">\n<li><span lang=\"ES-CO\">Horario de atenci\u00f3n telef\u00f3nica de lunes a viernes 8:00 a.m. a 7:00 p.m. y s\u00e1bados de 8:00 a.m. a 12:00m.<\/span><\/li>\n<\/ul>\n<p style=\"text-align: left;\"><span lang=\"ES-CO\"><strong>57 601 307 8065 L\u00ednea de atenci\u00f3n de aduanas<\/strong><\/span><\/p>\n<ul style=\"text-align: left;\">\n<li><span lang=\"ES-CO\">Horario de atenci\u00f3n telef\u00f3nica de lunes a viernes 8:00 a.m. a 7:00 p.m. y s\u00e1bados de 8:00 a.m. a 2:00 p.m.<\/span><\/li>\n<\/ul>\n<p style=\"text-align: left;\"><span lang=\"ES-CO\"><strong>Chat y redes sociales<\/strong><\/span><\/p>\n<ul style=\"text-align: left;\">\n<li><span lang=\"ES-CO\">Horario de atenci\u00f3n telef\u00f3nica de lunes a viernes 8:00 a.m. a 7:00 p.m. y s\u00e1bados de 8:00 a.m. a 12:00m.<\/span><\/li>\n<li><span lang=\"ES-CO\"><span lang=\"ES-MX\">Tambi\u00e9n podr\u00e1s conectarte a trav\u00e9s del chat con uno de nuestros agentes de servicio para recibir soporte y reportar los incidentes t\u00e9cnicos y problemas con el funcionamiento de los servicios en l\u00ednea tributarios de la DIAN.<\/span><\/span><\/li>\n<\/ul>\n<p style=\"text-align: left;\"><span lang=\"ES-CO\"><span lang=\"ES-MX\"><strong>Correo para denuncias de contrabando y Comercio il\u00edcito<\/strong><\/span><\/span><\/p>\n<p style=\"text-align: left;\"><span lang=\"ES-CO\"><span lang=\"ES-MX\">Si tiene informaci\u00f3n acerca de casos que puedan estar vinculados con temas de contrabando, comercio il\u00edcito, as\u00ed como casos de corrupci\u00f3n de funcionarios de la Polic\u00eda Fiscal y Aduanera, puede denunciar oportunamente cualquier irregularidad a trav\u00e9s del correo:\u3000<a><strong>polfa.anticontraban@policia.gov.co<\/strong><\/a>.<span>\u00a0<\/span>Se garantiza absoluta reserva.\u3000<\/span><\/span><\/p>\n<p>[\/et_pb_text][\/et_pb_column][et_pb_column type=\u00bb1_2&#8243; _builder_version=\u00bb4.16&#8243; _module_preset=\u00bbdefault\u00bb global_colors_info=\u00bb{}\u00bb][et_pb_image src=\u00bbhttps:\/\/micrositios.dian.gov.co\/renta-personas-naturales-ag-2021\/wp-content\/uploads\/sites\/2\/2022\/07\/28.png\u00bb title_text=\u00bb28&#8243; _builder_version=\u00bb4.17.4&#8243; _module_preset=\u00bbdefault\u00bb global_colors_info=\u00bb{}\u00bb][\/et_pb_image][\/et_pb_column][\/et_pb_row][\/et_pb_section][et_pb_section fb_built=\u00bb1&#8243; disabled_on=\u00bbon|on|on\u00bb _builder_version=\u00bb4.17.4&#8243; _module_preset=\u00bbdefault\u00bb custom_padding=\u00bb5px||2px|||\u00bb da_disable_devices=\u00bboff|off|off\u00bb disabled=\u00bbon\u00bb global_colors_info=\u00bb{}\u00bb da_is_popup=\u00bboff\u00bb da_exit_intent=\u00bboff\u00bb da_has_close=\u00bbon\u00bb da_alt_close=\u00bboff\u00bb da_dark_close=\u00bboff\u00bb da_not_modal=\u00bbon\u00bb da_is_singular=\u00bboff\u00bb da_with_loader=\u00bboff\u00bb da_has_shadow=\u00bbon\u00bb][et_pb_row column_structure=\u00bb1_2,1_2&#8243; _builder_version=\u00bb4.16&#8243; _module_preset=\u00bbdefault\u00bb custom_padding=\u00bb||6px|||\u00bb global_colors_info=\u00bb{}\u00bb][et_pb_column type=\u00bb1_2&#8243; _builder_version=\u00bb4.16&#8243; _module_preset=\u00bbdefault\u00bb global_colors_info=\u00bb{}\u00bb][et_pb_text _builder_version=\u00bb4.16&#8243; _module_preset=\u00bbdefault\u00bb global_colors_info=\u00bb{}\u00bb]<\/p>\n<p style=\"text-align: left;\">Informaci\u00f3n de interes<\/p>\n<p>[\/et_pb_text][et_pb_divider color=\u00bb#41d78c\u00bb divider_weight=\u00bb4px\u00bb _builder_version=\u00bb4.16&#8243; _module_preset=\u00bbdefault\u00bb width=\u00bb44%\u00bb module_alignment=\u00bbleft\u00bb custom_margin=\u00bb-23px||10px||false|false\u00bb global_colors_info=\u00bb{}\u00bb][\/et_pb_divider][\/et_pb_column][et_pb_column type=\u00bb1_2&#8243; _builder_version=\u00bb4.16&#8243; _module_preset=\u00bbdefault\u00bb global_colors_info=\u00bb{}\u00bb][\/et_pb_column][\/et_pb_row][et_pb_row _builder_version=\u00bb4.16&#8243; _module_preset=\u00bbdefault\u00bb custom_padding=\u00bb7px|||||\u00bb global_colors_info=\u00bb{}\u00bb][et_pb_column type=\u00bb4_4&#8243; _builder_version=\u00bb4.16&#8243; _module_preset=\u00bbdefault\u00bb global_colors_info=\u00bb{}\u00bb][lwp_post_carousel post_count=\u00bb8&#8243; post_categories=\u00bb1&#8243; slides_scroll=\u00bb2&#8243; autoplay_animation=\u00bbon\u00bb infinite_animation=\u00bbon\u00bb arrow_color=\u00bb#41d78c\u00bb dots_color=\u00bb#41d78c\u00bb post_background=\u00bb#FFFFFF\u00bb _builder_version=\u00bb4.17.0&#8243; _module_preset=\u00bbdefault\u00bb post_title_font=\u00bbWork Sans|700|||||||\u00bb post_title_text_color=\u00bb#262944&#8243; post_title_font_size=\u00bb17px\u00bb post_meta_font=\u00bbUbuntu||||||||\u00bb post_meta_text_color=\u00bb#262944&#8243; post_meta_font_size=\u00bb10px\u00bb post_meta_line_height=\u00bb0.2em\u00bb custom_button=\u00bbon\u00bb button_text_size=\u00bb0px\u00bb button_text_color=\u00bb#2b323d\u00bb button_bg_color=\u00bb#FFFFFF\u00bb button_border_width=\u00bb0px\u00bb button_border_color=\u00bb#41d78c\u00bb button_font=\u00bbWork Sans|700|||||||\u00bb button_use_icon=\u00bboff\u00bb text_orientation=\u00bbleft\u00bb custom_padding=\u00bb||0px||false|false\u00bb post_meta_line_height_tablet=\u00bb0.2em\u00bb post_meta_line_height_phone=\u00bb1.7em\u00bb post_meta_line_height_last_edited=\u00bbon|phone\u00bb border_radii_arrow_border=\u00bbon|3248px|3248px|3248px|3248px\u00bb border_width_all_post=\u00bb0px\u00bb box_shadow_style_image=\u00bbpreset1&#8243; box_shadow_vertical_image=\u00bb0px\u00bb box_shadow_blur_image=\u00bb0px\u00bb global_colors_info=\u00bb{}\u00bb button_bg_color__hover_enabled=\u00bbon|desktop\u00bb button_bg_color__hover=\u00bb#f6f7f9&#8243; button_bg_enable_color__hover=\u00bbon\u00bb post_title_text_color__hover_enabled=\u00bbon|hover\u00bb post_title_text_color__hover=\u00bb#00b4dc\u00bb box_shadow_blur_image__hover_enabled=\u00bbon|hover\u00bb box_shadow_blur_image__hover=\u00bb13px\u00bb box_shadow_spread_image__hover_enabled=\u00bbon|desktop\u00bb box_shadow_spread_image__hover=\u00bb1px\u00bb][\/lwp_post_carousel][\/et_pb_column][\/et_pb_row][\/et_pb_section]<\/p>\n","protected":false},"excerpt":{"rendered":"<p>\u200bAsistencia telef\u00f3nica<div class=\"et_pb_module dipl_breadcrumb dipl_breadcrumb_0\">\n\t\t\t\t\n\t\t\t\t\n\t\t\t\t\n\t\t\t\t\n\t\t\t\t\n\t\t\t\t\n\t\t\t\t<div class=\"et_pb_module_inner\">\n\t\t\t\t\t<div class=\"dipl-breadcrumb-wrapper layout2\">\n\t\t\t\t<ol class=\"dipl-breadcrumb-inner\" vocab=\"https:\/\/schema.org\/\" typeof=\"BreadcrumbList\">\n\t\t\t\t\t<li property=\"itemListElement\" typeof=\"ListItem\" data-icon=\"&#x24;\">\n\t\t\t\t\t\t\t\t<a class=\"breadcrumb-item dipl-home-page\" href=\"https:\/\/micrositios.dian.gov.co\/renta-personas-naturales-ag-2021\" property=\"item\" typeof=\"WebPage\" target=\"_blank\">\n\t\t\t\t\t\t\t\t\t<span class=\"breadcrumb-page\" property=\"name\">\n\t\t\t\t\t\t\t\t\t\t<span class=\"breadcrumb-home-icon et-pb-icon\">&#x23;<\/span>\n\t\t\t\t\t\t\t\t\t\tInicio\n\t\t\t\t\t\t\t\t\t<\/span>\n\t\t\t\t\t\t\t\t<\/a>\n\t\t\t\t\t\t\t\t<meta property=\"position\" content=\"1\" \/>\n\t\t\t\t\t\t\t<\/li>\n\t\t\t\t<\/ol>\n\t\t\t<\/div>\n\t\t\t\t<\/div>\n\t\t\t<\/div><div class=\"et_pb_with_border et_pb_module dipl_ajax_search dipl_ajax_search_0\">\n\t\t\t\t\n\t\t\t\t\n\t\t\t\t\n\t\t\t\t\n\t\t\t\t\n\t\t\t\t\n\t\t\t\t<div class=\"et_pb_module_inner\">\n\t\t\t\t\t<div class=\"dipl_ajax_search_wrap\">\n\t\t\t\t<div class=\"dipl_ajax_search_field_wrap dipl_ajax_search_icon\">\n\t\t\t\t\t<input type=\"search\" placeholder=\"Buscar por palabra clave\" class=\"dipl_ajax_search_field\"\n\t\t\t\t\t\tdata-search-in=\"post_title,post_content,post_excerpt\" data-search-post-type=\"page\" data-display-fields=\"title,excerpt,featured_image\" \n\t\t\t\t\t\tdata-url-new-window=\"on\" data-number-of-results=\"-1\" data-no-result-text=\"No encontramos resultados a tu b\u00fasqueda\" \n\t\t\t\t\t\tdata-orderby=\"post_title\" data-order=\"ASC\" data-use-masonry=\"off\"\n\t\t\t\t\t\tdata-exclude_protected_posts=\"off\"\n\t\t\t\t\t\/>\n\t\t\t\t\t<input type=\"hidden\" class=\"dipl_ajax_search_nonce\" value=\"bed96697a8\" \/>\n\t\t\t\t<\/div>\n\t\t\t\t<div class=\"dipl_ajax_search_results_wrap dipl_ajax_search_result_1_cols \"><\/div>\n\t\t\t<\/div>\n\t\t\t\t<\/div>\n\t\t\t<\/div>\u200bAsistencia telef\u00f3nica &#8211; Direcci\u00f3n de Impuestos [&hellip;]<\/p>\n","protected":false},"author":1,"featured_media":0,"parent":0,"menu_order":0,"comment_status":"closed","ping_status":"closed","template":"","meta":{"_et_pb_use_builder":"on","_et_pb_old_content":"<!-- wp:divi\/placeholder \/-->","_et_gb_content_width":"","footnotes":""},"class_list":["post-367","page","type-page","status-publish","hentry"],"yoast_head":"<!-- This site is optimized with the Yoast SEO Premium plugin v18.5 (Yoast SEO v27.2) - https:\/\/yoast.com\/product\/yoast-seo-premium-wordpress\/ -->\n<title>Asistencia telef\u00f3nica<\/title>\n<meta name=\"description\" content=\"Encuentra las opciones de acceso y especialidades de la l\u00ednea de atenci\u00f3n telef\u00f3nica de asistencia y el chat institucional\" \/>\n<meta name=\"robots\" content=\"index, follow, max-snippet:-1, max-image-preview:large, max-video-preview:-1\" \/>\n<link rel=\"canonical\" href=\"https:\/\/micrositios.dian.gov.co\/renta-personas-naturales-ag-2021\/asistencia-telefonica\/\" \/>\n<meta property=\"og:locale\" content=\"es_ES\" \/>\n<meta property=\"og:type\" content=\"article\" \/>\n<meta property=\"og:title\" content=\"Asistencia telef\u00f3nica\" \/>\n<meta property=\"og:description\" content=\"Encuentra las opciones de acceso y especialidades de la l\u00ednea de atenci\u00f3n telef\u00f3nica de asistencia y el chat institucional\" \/>\n<meta property=\"og:url\" content=\"https:\/\/micrositios.dian.gov.co\/renta-personas-naturales-ag-2021\/asistencia-telefonica\/\" \/>\n<meta property=\"og:site_name\" content=\"Rentas Personas Naturales AG 2021 - DIAN\" \/>\n<meta property=\"article:modified_time\" content=\"2022-07-26T03:30:56+00:00\" \/>\n<meta property=\"og:image\" content=\"https:\/\/micrositios.dian.gov.co\/renta-personas-naturales-ag-2021\/wp-content\/uploads\/sites\/2\/2022\/06\/Enmascarar-grupo-100-1.png\" \/>\n\t<meta property=\"og:image:width\" content=\"795\" \/>\n\t<meta property=\"og:image:height\" content=\"397\" \/>\n\t<meta property=\"og:image:type\" content=\"image\/png\" \/>\n<meta name=\"twitter:card\" content=\"summary_large_image\" \/>\n<meta name=\"twitter:description\" content=\"Encuentra las opciones de acceso y especialidades de la l\u00ednea de atenci\u00f3n telef\u00f3nica de asistencia y el chat institucional\" \/>\n<meta name=\"twitter:label1\" content=\"Tiempo de lectura\" \/>\n\t<meta name=\"twitter:data1\" content=\"3 minutos\" \/>\n<script type=\"application\/ld+json\" class=\"yoast-schema-graph\">{\"@context\":\"https:\/\/schema.org\",\"@graph\":[{\"@type\":\"WebPage\",\"@id\":\"https:\/\/micrositios.dian.gov.co\/renta-personas-naturales-ag-2021\/asistencia-telefonica\/\",\"url\":\"https:\/\/micrositios.dian.gov.co\/renta-personas-naturales-ag-2021\/asistencia-telefonica\/\",\"name\":\"Asistencia telef\u00f3nica\",\"isPartOf\":{\"@id\":\"https:\/\/micrositios.dian.gov.co\/renta-personas-naturales-ag-2021\/#website\"},\"datePublished\":\"2022-06-03T02:04:48+00:00\",\"dateModified\":\"2022-07-26T03:30:56+00:00\",\"description\":\"Encuentra las opciones de acceso y especialidades de la l\u00ednea de atenci\u00f3n telef\u00f3nica de asistencia y el chat institucional\",\"breadcrumb\":{\"@id\":\"https:\/\/micrositios.dian.gov.co\/renta-personas-naturales-ag-2021\/asistencia-telefonica\/#breadcrumb\"},\"inLanguage\":\"es\",\"potentialAction\":[{\"@type\":\"ReadAction\",\"target\":[\"https:\/\/micrositios.dian.gov.co\/renta-personas-naturales-ag-2021\/asistencia-telefonica\/\"]}]},{\"@type\":\"BreadcrumbList\",\"@id\":\"https:\/\/micrositios.dian.gov.co\/renta-personas-naturales-ag-2021\/asistencia-telefonica\/#breadcrumb\",\"itemListElement\":[{\"@type\":\"ListItem\",\"position\":1,\"name\":\"Portada\",\"item\":\"https:\/\/micrositios.dian.gov.co\/renta-personas-naturales-ag-2021\/\"},{\"@type\":\"ListItem\",\"position\":2,\"name\":\"Asistencia telef\u00f3nica\"}]},{\"@type\":\"WebSite\",\"@id\":\"https:\/\/micrositios.dian.gov.co\/renta-personas-naturales-ag-2021\/#website\",\"url\":\"https:\/\/micrositios.dian.gov.co\/renta-personas-naturales-ag-2021\/\",\"name\":\"Rentas Personas Naturales AG 2021 - DIAN\",\"description\":\"Micrositios DIAN\",\"potentialAction\":[{\"@type\":\"SearchAction\",\"target\":{\"@type\":\"EntryPoint\",\"urlTemplate\":\"https:\/\/micrositios.dian.gov.co\/renta-personas-naturales-ag-2021\/?s={search_term_string}\"},\"query-input\":{\"@type\":\"PropertyValueSpecification\",\"valueRequired\":true,\"valueName\":\"search_term_string\"}}],\"inLanguage\":\"es\"}]}<\/script>\n<!-- \/ Yoast SEO Premium plugin. -->","yoast_head_json":{"title":"Asistencia telef\u00f3nica","description":"Encuentra las opciones de acceso y especialidades de la l\u00ednea de atenci\u00f3n telef\u00f3nica de asistencia y el chat institucional","robots":{"index":"index","follow":"follow","max-snippet":"max-snippet:-1","max-image-preview":"max-image-preview:large","max-video-preview":"max-video-preview:-1"},"canonical":"https:\/\/micrositios.dian.gov.co\/renta-personas-naturales-ag-2021\/asistencia-telefonica\/","og_locale":"es_ES","og_type":"article","og_title":"Asistencia telef\u00f3nica","og_description":"Encuentra las opciones de acceso y especialidades de la l\u00ednea de atenci\u00f3n telef\u00f3nica de asistencia y el chat institucional","og_url":"https:\/\/micrositios.dian.gov.co\/renta-personas-naturales-ag-2021\/asistencia-telefonica\/","og_site_name":"Rentas Personas Naturales AG 2021 - DIAN","article_modified_time":"2022-07-26T03:30:56+00:00","og_image":[{"width":795,"height":397,"url":"https:\/\/micrositios.dian.gov.co\/renta-personas-naturales-ag-2021\/wp-content\/uploads\/sites\/2\/2022\/06\/Enmascarar-grupo-100-1.png","type":"image\/png"}],"twitter_card":"summary_large_image","twitter_description":"Encuentra las opciones de acceso y especialidades de la l\u00ednea de atenci\u00f3n telef\u00f3nica de asistencia y el chat institucional","twitter_misc":{"Tiempo de lectura":"3 minutos"},"schema":{"@context":"https:\/\/schema.org","@graph":[{"@type":"WebPage","@id":"https:\/\/micrositios.dian.gov.co\/renta-personas-naturales-ag-2021\/asistencia-telefonica\/","url":"https:\/\/micrositios.dian.gov.co\/renta-personas-naturales-ag-2021\/asistencia-telefonica\/","name":"Asistencia telef\u00f3nica","isPartOf":{"@id":"https:\/\/micrositios.dian.gov.co\/renta-personas-naturales-ag-2021\/#website"},"datePublished":"2022-06-03T02:04:48+00:00","dateModified":"2022-07-26T03:30:56+00:00","description":"Encuentra las opciones de acceso y especialidades de la l\u00ednea de atenci\u00f3n telef\u00f3nica de asistencia y el chat institucional","breadcrumb":{"@id":"https:\/\/micrositios.dian.gov.co\/renta-personas-naturales-ag-2021\/asistencia-telefonica\/#breadcrumb"},"inLanguage":"es","potentialAction":[{"@type":"ReadAction","target":["https:\/\/micrositios.dian.gov.co\/renta-personas-naturales-ag-2021\/asistencia-telefonica\/"]}]},{"@type":"BreadcrumbList","@id":"https:\/\/micrositios.dian.gov.co\/renta-personas-naturales-ag-2021\/asistencia-telefonica\/#breadcrumb","itemListElement":[{"@type":"ListItem","position":1,"name":"Portada","item":"https:\/\/micrositios.dian.gov.co\/renta-personas-naturales-ag-2021\/"},{"@type":"ListItem","position":2,"name":"Asistencia telef\u00f3nica"}]},{"@type":"WebSite","@id":"https:\/\/micrositios.dian.gov.co\/renta-personas-naturales-ag-2021\/#website","url":"https:\/\/micrositios.dian.gov.co\/renta-personas-naturales-ag-2021\/","name":"Rentas Personas Naturales AG 2021 - DIAN","description":"Micrositios DIAN","potentialAction":[{"@type":"SearchAction","target":{"@type":"EntryPoint","urlTemplate":"https:\/\/micrositios.dian.gov.co\/renta-personas-naturales-ag-2021\/?s={search_term_string}"},"query-input":{"@type":"PropertyValueSpecification","valueRequired":true,"valueName":"search_term_string"}}],"inLanguage":"es"}]}},"_links":{"self":[{"href":"https:\/\/micrositios.dian.gov.co\/renta-personas-naturales-ag-2021\/wp-json\/wp\/v2\/pages\/367","targetHints":{"allow":["GET"]}}],"collection":[{"href":"https:\/\/micrositios.dian.gov.co\/renta-personas-naturales-ag-2021\/wp-json\/wp\/v2\/pages"}],"about":[{"href":"https:\/\/micrositios.dian.gov.co\/renta-personas-naturales-ag-2021\/wp-json\/wp\/v2\/types\/page"}],"author":[{"embeddable":true,"href":"https:\/\/micrositios.dian.gov.co\/renta-personas-naturales-ag-2021\/wp-json\/wp\/v2\/users\/1"}],"replies":[{"embeddable":true,"href":"https:\/\/micrositios.dian.gov.co\/renta-personas-naturales-ag-2021\/wp-json\/wp\/v2\/comments?post=367"}],"version-history":[{"count":1,"href":"https:\/\/micrositios.dian.gov.co\/renta-personas-naturales-ag-2021\/wp-json\/wp\/v2\/pages\/367\/revisions"}],"predecessor-version":[{"id":1566,"href":"https:\/\/micrositios.dian.gov.co\/renta-personas-naturales-ag-2021\/wp-json\/wp\/v2\/pages\/367\/revisions\/1566"}],"wp:attachment":[{"href":"https:\/\/micrositios.dian.gov.co\/renta-personas-naturales-ag-2021\/wp-json\/wp\/v2\/media?parent=367"}],"curies":[{"name":"wp","href":"https:\/\/api.w.org\/{rel}","templated":true}]}}