{"id":457,"date":"2022-07-11T19:03:30","date_gmt":"2022-07-11T19:03:30","guid":{"rendered":"https:\/\/micrositios.dian.gov.co\/regimen-simple-tributacion\/?page_id=457"},"modified":"2023-05-08T15:47:41","modified_gmt":"2023-05-08T15:47:41","slug":"evite-errores-comunes-en-el-pago-del-anticipo","status":"publish","type":"page","link":"https:\/\/micrositios.dian.gov.co\/regimen-simple-tributacion\/evite-errores-comunes-en-el-pago-del-anticipo\/","title":{"rendered":"Evite errores comunes en el pago del anticipo"},"content":{"rendered":"<p>[et_pb_section fb_built=\u00bb1&#8243; _builder_version=\u00bb4.17.3&#8243; _module_preset=\u00bbdefault\u00bb background_image=\u00bbhttps:\/\/micrositios.dian.gov.co\/regimen-simple-tributacion\/wp-content\/uploads\/sites\/3\/2022\/07\/Grupo-7604-2.png\u00bb custom_padding=\u00bb||66px|||\u00bb background_last_edited=\u00bbon|phone\u00bb background_position_phone=\u00bbcenter_left\u00bb da_disable_devices=\u00bboff|off|off\u00bb global_colors_info=\u00bb{}\u00bb da_is_popup=\u00bboff\u00bb da_exit_intent=\u00bboff\u00bb da_has_close=\u00bbon\u00bb da_alt_close=\u00bboff\u00bb da_dark_close=\u00bboff\u00bb da_not_modal=\u00bbon\u00bb da_is_singular=\u00bboff\u00bb da_with_loader=\u00bboff\u00bb da_has_shadow=\u00bbon\u00bb][et_pb_row _builder_version=\u00bb4.17.3&#8243; _module_preset=\u00bbdefault\u00bb global_colors_info=\u00bb{}\u00bb][et_pb_column type=\u00bb4_4&#8243; _builder_version=\u00bb4.16&#8243; _module_preset=\u00bbdefault\u00bb global_colors_info=\u00bb{}\u00bb][et_pb_text _builder_version=\u00bb4.18.0&#8243; _module_preset=\u00bb971aa146-072d-458a-989b-3668ea4c23cf\u00bb text_text_color=\u00bb#41d78c\u00bb text_font_size=\u00bb35px\u00bb text_line_height=\u00bb1em\u00bb text_orientation_tablet=\u00bb\u00bb text_orientation_phone=\u00bbcenter\u00bb text_orientation_last_edited=\u00bbon|phone\u00bb global_colors_info=\u00bb{}\u00bb]<\/p>\n<h2>Evite errores comunes en el pago del anticipo.<\/h2>\n<p>[\/et_pb_text][\/et_pb_column][\/et_pb_row][\/et_pb_section][et_pb_section fb_built=\u00bb1&#8243; _builder_version=\u00bb4.16&#8243; _module_preset=\u00bbdefault\u00bb custom_padding=\u00bb6px||24px|||\u00bb da_disable_devices=\u00bboff|off|off\u00bb global_colors_info=\u00bb{}\u00bb da_is_popup=\u00bboff\u00bb da_exit_intent=\u00bboff\u00bb da_has_close=\u00bbon\u00bb da_alt_close=\u00bboff\u00bb da_dark_close=\u00bboff\u00bb da_not_modal=\u00bbon\u00bb da_is_singular=\u00bboff\u00bb da_with_loader=\u00bboff\u00bb da_has_shadow=\u00bbon\u00bb][et_pb_row column_structure=\u00bb3_5,2_5&#8243; disabled_on=\u00bbon|off|off\u00bb _builder_version=\u00bb4.17.0&#8243; _module_preset=\u00bbdefault\u00bb global_colors_info=\u00bb{}\u00bb][et_pb_column type=\u00bb3_5&#8243; _builder_version=\u00bb4.16&#8243; _module_preset=\u00bbdefault\u00bb global_colors_info=\u00bb{}\u00bb][dipl_breadcrumb breadcrumb_layout=\u00bblayout2&#8243; link_target=\u00bbon\u00bb separator_text=\u00bb\/\u00bb separator_size=\u00bb14px\u00bb separator_color=\u00bb#000000&#8243; use_home_link_custom_text=\u00bbon\u00bb home_link_text=\u00bbInicio\u00bb use_home_link_icon=\u00bbon\u00bb home_link_icon=\u00bb&#x23;||divi||400&#8243; home_link_icon_color=\u00bb#41d78c\u00bb _builder_version=\u00bb4.17.1&#8243; _module_preset=\u00bbdefault\u00bb global_text_settings_font_size=\u00bb12px\u00bb text_font=\u00bbUbuntu||||||||\u00bb text_text_color=\u00bb#262944&#8243; link_font=\u00bbUbuntu|500|||||||\u00bb global_colors_info=\u00bb{}\u00bb text_text_color__hover_enabled=\u00bbon|desktop\u00bb text_text_color__hover=\u00bb#00b4dc\u00bb][\/dipl_breadcrumb][\/et_pb_column][et_pb_column type=\u00bb2_5&#8243; _builder_version=\u00bb4.16&#8243; _module_preset=\u00bbdefault\u00bb global_colors_info=\u00bb{}\u00bb][dipl_ajax_search search_placeholder=\u00bbBuscar por palabra clave\u00bb number_of_results=\u00bb-1&#8243; orderby=\u00bbpost_title\u00bb order=\u00bbASC\u00bb no_result_text=\u00bbNo encontramos resultados a tu b\u00fasqueda\u00bb include_post_types=\u00bbpage\u00bb url_new_window=\u00bbon\u00bb search_icon_color=\u00bb#41d78c\u00bb loader_size=\u00bb12px\u00bb loader_color=\u00bb#41d78c\u00bb _builder_version=\u00bb4.17.0&#8243; _module_preset=\u00bbdefault\u00bb search_result_item_title_font=\u00bbWork Sans|700|||||||\u00bb search_result_item_excerpt_font=\u00bbUbuntu||||||||\u00bb search_result_item_excerpt_font_size=\u00bb12px\u00bb form_field_font=\u00bbUbuntu||||||||\u00bb form_field_font_size=\u00bb12px\u00bb width=\u00bb80%\u00bb module_alignment=\u00bbright\u00bb border_radii_form_field=\u00bbon|6px|6px|6px|6px\u00bb border_width_all_form_field=\u00bb0px\u00bb global_colors_info=\u00bb{}\u00bb][\/dipl_ajax_search][\/et_pb_column][\/et_pb_row][et_pb_row column_structure=\u00bb1_2,1_2&#8243; _builder_version=\u00bb4.16&#8243; _module_preset=\u00bbdefault\u00bb custom_padding=\u00bb||6px|||\u00bb global_colors_info=\u00bb{}\u00bb][et_pb_column type=\u00bb1_2&#8243; _builder_version=\u00bb4.16&#8243; _module_preset=\u00bbdefault\u00bb global_colors_info=\u00bb{}\u00bb][et_pb_text _builder_version=\u00bb4.18.0&#8243; _module_preset=\u00bbdefault\u00bb text_font=\u00bbWork Sans|700|||||||\u00bb text_text_color=\u00bb#2b323d\u00bb text_font_size=\u00bb20px\u00bb text_orientation=\u00bbcenter\u00bb global_colors_info=\u00bb{}\u00bb]<\/p>\n<h3 style=\"text-align: left;\"><strong>Inf\u00f3rmese aqu\u00ed<\/strong><\/h3>\n<p>[\/et_pb_text][et_pb_divider color=\u00bb#41d78c\u00bb divider_weight=\u00bb4px\u00bb _builder_version=\u00bb4.18.0&#8243; _module_preset=\u00bbdefault\u00bb width=\u00bb32%\u00bb module_alignment=\u00bbleft\u00bb custom_margin=\u00bb-23px||10px||false|false\u00bb global_colors_info=\u00bb{}\u00bb][\/et_pb_divider][et_pb_text _builder_version=\u00bb4.18.1&#8243; _module_preset=\u00bbdefault\u00bb text_font=\u00bbUbuntu||||||||\u00bb text_text_color=\u00bbgcid-112b9687-df1c-4658-8664-751ddc21ec01&#8243; text_font_size=\u00bb12px\u00bb link_font=\u00bb||||on||||\u00bb link_text_color=\u00bb#00b4dc\u00bb custom_margin=\u00bb-8px||15px|||\u00bb hover_enabled=\u00bb0&#8243; global_colors_info=\u00bb{%22gcid-112b9687-df1c-4658-8664-751ddc21ec01%22:%91%22text_text_color%22%93}\u00bb sticky_enabled=\u00bb0&#8243;]<\/p>\n<ul>\n<li><span style=\"color: #000000;\">\u200bLas personas naturales inscritas al R\u00e9gimen Simple de Tributaci\u00f3n \u2013 SIMPLE que no superen las 3.500 UVT de ingreso, deber\u00e1n presentar \u00fanicamente una declaraci\u00f3n anual consolidada y pago anual sin necesidad de realizar pagos anticipados a trav\u00e9s del recibo electr\u00f3nico SIMPLE.<\/span><\/li>\n<li><span style=\"color: #000000;\">Para que se d\u00e9 como cumplido el pago de los anticipos del RST, inmediatamente despu\u00e9s de diligenciar el Formulario 2593 en los Servicios Inform\u00e1ticos Electr\u00f3nicos -SIE- de la DIAN, debe generar en el sistema, el Formulario 490 y proceder con el pago. Este puede ser realizado de forma electr\u00f3nica o presencial ante las entidades autorizadas para recaudar.\u00a0\u00a0<\/span><\/li>\n<li><span style=\"color: #000000;\">El pago debe realizarse el mismo d\u00eda en el que se genera el Formulario 490. Para tal fin est\u00e1n dispuestos los medios electr\u00f3nicos o las entidades de recaudo.\u00a0<\/span><\/li>\n<li><span style=\"color: #000000;\">En caso de diligenciar el Formulario 2593 e inmediatamente generar el Formulario 490, pero no realizar el pago el mismo d\u00eda, se hace indispensable ingresar nuevamente al Formulario 2593, ya diligenciado, y generar de nuevo el Formulario 490 para proceder con el pago.\u00a0\u00a0<\/span><\/li>\n<li><span style=\"color: #000000;\">Si realiza el pago del anticipo del RST \u00a0despu\u00e9s de la fecha de vencimiento, al momento de generar en el sistema el Formulario 490 se calcular\u00e1n autom\u00e1ticamente los intereses causados.\u00a0\u00a0<\/span><\/li>\n<li><span style=\"color: #000000;\">No realice el pago en \u00a0un Formulario 490 que haya sido diligenciado manualmente, o que se haya generado sin diligenciar previamente el Formulario 2593 . De hacerlo, estar\u00e1 incumpliendo con el pago del anticipo del RST. Lo anterior por cuanto el Formulario 490 que se origina luego de diligenciar el Formulario 2593 genera imputaciones de pago de los diferentes impuestos integrados en el RST, por consiguiente, quedar\u00e1n sin pagar impuestos integrados. De hacerlo sin atender estas instrucciones, se \u00a0generar\u00e1n intereses.<\/span><\/li>\n<\/ul>\n<p>[\/et_pb_text][et_pb_text _builder_version=\u00bb4.16&#8243; _module_preset=\u00bbdefault\u00bb text_font=\u00bbUbuntu||||||||\u00bb text_text_color=\u00bb#2b323d\u00bb text_font_size=\u00bb12px\u00bb locked=\u00bboff\u00bb global_colors_info=\u00bb{}\u00bb]<\/p>\n<p>Compartir contenido:<\/p>\n<p>[\/et_pb_text][et_pb_code _builder_version=\u00bb4.17.1&#8243; _module_preset=\u00bbdefault\u00bb width=\u00bb45%\u00bb locked=\u00bboff\u00bb global_colors_info=\u00bb{}\u00bb]<div class=\"et_social_inline et_social_mobile_on et_social_inline_custom\">\n\t\t\t\t<div class=\"et_social_networks et_social_4col et_social_simple et_social_circle et_social_left et_social_no_animation et_social_outer_dark\">\n\t\t\t\t\t\n\t\t\t\t\t<ul class=\"et_social_icons_container\"><li class=\"et_social_facebook\">\n\t\t\t\t\t\t\t\t\t<a href=\"http:\/\/www.facebook.com\/sharer.php?u=https%3A%2F%2Fmicrositios.dian.gov.co%2Fregimen-simple-tributacion%2Fevite-errores-comunes-en-el-pago-del-anticipo%2F&#038;t=Evite%20errores%20comunes%20en%20el%20pago%20del%20anticipo\" class=\"et_social_share\" rel=\"nofollow\" data-social_name=\"facebook\" data-post_id=\"457\" data-social_type=\"share\" data-location=\"inline\">\n\t\t\t\t\t\t\t\t\t\t<i class=\"et_social_icon et_social_icon_facebook\"><\/i><span class=\"et_social_overlay\"><\/span>\n\t\t\t\t\t\t\t\t\t<\/a>\n\t\t\t\t\t\t\t\t<\/li><li class=\"et_social_twitter\">\n\t\t\t\t\t\t\t\t\t<a href=\"http:\/\/twitter.com\/share?text=Evite%20errores%20comunes%20en%20el%20pago%20del%20anticipo&#038;url=https%3A%2F%2Fmicrositios.dian.gov.co%2Fregimen-simple-tributacion%2Fevite-errores-comunes-en-el-pago-del-anticipo%2F\" class=\"et_social_share\" rel=\"nofollow\" data-social_name=\"twitter\" data-post_id=\"457\" data-social_type=\"share\" data-location=\"inline\">\n\t\t\t\t\t\t\t\t\t\t<i class=\"et_social_icon et_social_icon_twitter\"><\/i><span class=\"et_social_overlay\"><\/span>\n\t\t\t\t\t\t\t\t\t<\/a>\n\t\t\t\t\t\t\t\t<\/li><li class=\"et_social_linkedin\">\n\t\t\t\t\t\t\t\t\t<a href=\"http:\/\/www.linkedin.com\/shareArticle?mini=true&#038;url=https%3A%2F%2Fmicrositios.dian.gov.co%2Fregimen-simple-tributacion%2Fevite-errores-comunes-en-el-pago-del-anticipo%2F&#038;title=Evite%20errores%20comunes%20en%20el%20pago%20del%20anticipo\" class=\"et_social_share\" rel=\"nofollow\" data-social_name=\"linkedin\" data-post_id=\"457\" data-social_type=\"share\" data-location=\"inline\">\n\t\t\t\t\t\t\t\t\t\t<i class=\"et_social_icon et_social_icon_linkedin\"><\/i><span class=\"et_social_overlay\"><\/span>\n\t\t\t\t\t\t\t\t\t<\/a>\n\t\t\t\t\t\t\t\t<\/li><\/ul>\n\t\t\t\t<\/div>\n\t\t\t<\/div>[\/et_pb_code][\/et_pb_column][et_pb_column type=\u00bb1_2&#8243; _builder_version=\u00bb4.16&#8243; _module_preset=\u00bbdefault\u00bb global_colors_info=\u00bb{}\u00bb][et_pb_image src=\u00bbhttps:\/\/micrositios.dian.gov.co\/regimen-simple-tributacion\/wp-content\/uploads\/sites\/3\/2022\/07\/Enmascarar-grupo-38-min-1.png\u00bb title_text=\u00bbEnmascarar grupo 38-min\u00bb _builder_version=\u00bb4.17.1&#8243; _module_preset=\u00bbdefault\u00bb global_colors_info=\u00bb{}\u00bb][\/et_pb_image][\/et_pb_column][\/et_pb_row][\/et_pb_section]<\/p>\n","protected":false},"excerpt":{"rendered":"<p>Evite errores comunes en el pago del anticipo.<div class=\"et_pb_module dipl_breadcrumb dipl_breadcrumb_0\">\n\t\t\t\t\n\t\t\t\t\n\t\t\t\t\n\t\t\t\t\n\t\t\t\t\n\t\t\t\t\n\t\t\t\t<div class=\"et_pb_module_inner\">\n\t\t\t\t\t<div class=\"dipl-breadcrumb-wrapper layout2\">\n\t\t\t\t\t\t\t\t<ol class=\"dipl-breadcrumb-inner\" vocab=\"https:\/\/schema.org\/\" typeof=\"BreadcrumbList\">\n\t\t\t\t\t\t\t\t\t<li property=\"itemListElement\" typeof=\"ListItem\" data-icon=\"&#x24;\">\n\t\t\t\t\t\t\t\t\t\t\t\t    <a class=\"breadcrumb-item dipl-home-page\" href=\"https:\/\/micrositios.dian.gov.co\/regimen-simple-tributacion\" property=\"item\" typeof=\"WebPage\" target=\"_blank\">\n\t\t\t\t\t\t\t\t\t\t\t\t      \t<span class=\"breadcrumb-page\" property=\"name\">\n\t\t\t\t\t\t\t\t\t\t\t\t      \t\t<span class=\"breadcrumb-home-icon et-pb-icon\">&#x23;<\/span>\n\t\t\t\t\t\t\t\t\t\t\t\t      \t\tInicio\n\t\t\t\t\t\t\t\t\t\t\t\t      \t<\/span>\n\t\t\t\t\t\t\t\t\t\t\t\t    <\/a>\n\t\t\t\t\t\t\t\t\t\t\t\t    <meta property=\"position\" content=\"1\" \/>\n\t\t\t\t\t\t\t\t\t\t\t\t<\/li>\n\t\t\t\t\t\t\t\t<\/ol>\n\t\t\t\t\t\t\t<\/div>\n\t\t\t\t<\/div>\n\t\t\t<\/div><div class=\"et_pb_module dipl_ajax_search dipl_ajax_search_0\">\n\t\t\t\t\n\t\t\t\t\n\t\t\t\t\n\t\t\t\t\n\t\t\t\t\n\t\t\t\t\n\t\t\t\t<div class=\"et_pb_module_inner\">\n\t\t\t\t\t<div class=\"dipl_ajax_search_wrap\">\n\t\t\t\t<div class=\"dipl_ajax_search_field_wrap dipl_ajax_search_icon\">\n\t\t\t\t\t<input type=\"search\" placeholder=\"\u00bbBuscar\" class=\"dipl_ajax_search_field\" data-search-in=\"post_title,post_content,post_excerpt\" data-search-post-type=\"\u00bbpage\u00bb\" data-display-fields=\"title,excerpt,featured_image\" data-url-new-window=\"\u00bbon\u00bb\" data-number-of-results=\"0\" data-no-result-text=\"\u00bbNo\" data-orderby=\"\u00bbpost_title\u00bb\" data-order=\"\u00bbASC\u00bb\" data-use-masonry=\"off\" \/>\n\t\t\t\t\t<input type=\"hidden\" class=\"dipl_ajax_search_nonce\" value=\"134a43e344\" \/>\n\t\t\t\t<\/div>\n\t\t\t\t<div class=\"dipl_ajax_search_results_wrap dipl_ajax_search_result_1_cols \"><\/div>\n\t\t\t<\/div>\n\t\t\t\t<\/div>\n\t\t\t<\/div><\/p>\n","protected":false},"author":1,"featured_media":0,"parent":0,"menu_order":0,"comment_status":"closed","ping_status":"closed","template":"","meta":{"_et_pb_use_builder":"on","_et_pb_old_content":"","_et_gb_content_width":""},"yoast_head":"<!-- This site is optimized with the Yoast SEO Premium plugin v18.5 (Yoast SEO v19.6) - https:\/\/yoast.com\/wordpress\/plugins\/seo\/ -->\n<title>Evite errores comunes en el pago del anticipo<\/title>\n<meta name=\"description\" content=\"Evite errores comunes en el pago del anticipo\" \/>\n<meta name=\"robots\" content=\"index, follow, max-snippet:-1, max-image-preview:large, max-video-preview:-1\" \/>\n<link rel=\"canonical\" href=\"https:\/\/micrositios.dian.gov.co\/regimen-simple-tributacion\/evite-errores-comunes-en-el-pago-del-anticipo\/\" \/>\n<meta property=\"og:locale\" content=\"es_ES\" \/>\n<meta property=\"og:type\" content=\"article\" \/>\n<meta property=\"og:title\" content=\"Evite errores comunes en el pago del anticipo\" \/>\n<meta property=\"og:description\" content=\"Evite errores comunes en el pago del anticipo\" \/>\n<meta property=\"og:url\" content=\"https:\/\/micrositios.dian.gov.co\/regimen-simple-tributacion\/evite-errores-comunes-en-el-pago-del-anticipo\/\" \/>\n<meta property=\"og:site_name\" content=\"RST\" \/>\n<meta property=\"article:modified_time\" content=\"2023-05-08T15:47:41+00:00\" \/>\n<meta property=\"og:image\" content=\"https:\/\/micrositios.dian.gov.co\/regimen-simple-tributacion\/wp-content\/uploads\/sites\/3\/2022\/09\/RST.jpg\" \/>\n\t<meta property=\"og:image:width\" content=\"795\" \/>\n\t<meta property=\"og:image:height\" content=\"397\" \/>\n\t<meta property=\"og:image:type\" content=\"image\/jpeg\" \/>\n<meta name=\"twitter:card\" content=\"summary_large_image\" \/>\n<meta name=\"twitter:title\" content=\"Evite errores comunes en el pago del anticipo\" \/>\n<meta name=\"twitter:description\" content=\"Evite errores comunes en el pago del anticipo\" \/>\n<meta name=\"twitter:label1\" content=\"Tiempo de lectura\" \/>\n\t<meta name=\"twitter:data1\" content=\"2 minutos\" \/>\n<script type=\"application\/ld+json\" class=\"yoast-schema-graph\">{\"@context\":\"https:\/\/schema.org\",\"@graph\":[{\"@type\":\"WebPage\",\"@id\":\"https:\/\/micrositios.dian.gov.co\/regimen-simple-tributacion\/evite-errores-comunes-en-el-pago-del-anticipo\/\",\"url\":\"https:\/\/micrositios.dian.gov.co\/regimen-simple-tributacion\/evite-errores-comunes-en-el-pago-del-anticipo\/\",\"name\":\"Evite errores comunes en el pago del anticipo\",\"isPartOf\":{\"@id\":\"https:\/\/micrositios.dian.gov.co\/regimen-simple-tributacion\/#website\"},\"datePublished\":\"2022-07-11T19:03:30+00:00\",\"dateModified\":\"2023-05-08T15:47:41+00:00\",\"description\":\"Evite errores comunes en el pago del anticipo\",\"breadcrumb\":{\"@id\":\"https:\/\/micrositios.dian.gov.co\/regimen-simple-tributacion\/evite-errores-comunes-en-el-pago-del-anticipo\/#breadcrumb\"},\"inLanguage\":\"es\",\"potentialAction\":[{\"@type\":\"ReadAction\",\"target\":[\"https:\/\/micrositios.dian.gov.co\/regimen-simple-tributacion\/evite-errores-comunes-en-el-pago-del-anticipo\/\"]}]},{\"@type\":\"BreadcrumbList\",\"@id\":\"https:\/\/micrositios.dian.gov.co\/regimen-simple-tributacion\/evite-errores-comunes-en-el-pago-del-anticipo\/#breadcrumb\",\"itemListElement\":[{\"@type\":\"ListItem\",\"position\":1,\"name\":\"Portada\",\"item\":\"https:\/\/micrositios.dian.gov.co\/regimen-simple-tributacion\/\"},{\"@type\":\"ListItem\",\"position\":2,\"name\":\"Evite errores comunes en el pago del anticipo\"}]},{\"@type\":\"WebSite\",\"@id\":\"https:\/\/micrositios.dian.gov.co\/regimen-simple-tributacion\/#website\",\"url\":\"https:\/\/micrositios.dian.gov.co\/regimen-simple-tributacion\/\",\"name\":\"RST\",\"description\":\"Micrositios DIAN\",\"potentialAction\":[{\"@type\":\"SearchAction\",\"target\":{\"@type\":\"EntryPoint\",\"urlTemplate\":\"https:\/\/micrositios.dian.gov.co\/regimen-simple-tributacion\/?s={search_term_string}\"},\"query-input\":\"required name=search_term_string\"}],\"inLanguage\":\"es\"}]}<\/script>\n<!-- \/ Yoast SEO Premium plugin. -->","yoast_head_json":{"title":"Evite errores comunes en el pago del anticipo","description":"Evite errores comunes en el pago del anticipo","robots":{"index":"index","follow":"follow","max-snippet":"max-snippet:-1","max-image-preview":"max-image-preview:large","max-video-preview":"max-video-preview:-1"},"canonical":"https:\/\/micrositios.dian.gov.co\/regimen-simple-tributacion\/evite-errores-comunes-en-el-pago-del-anticipo\/","og_locale":"es_ES","og_type":"article","og_title":"Evite errores comunes en el pago del anticipo","og_description":"Evite errores comunes en el pago del anticipo","og_url":"https:\/\/micrositios.dian.gov.co\/regimen-simple-tributacion\/evite-errores-comunes-en-el-pago-del-anticipo\/","og_site_name":"RST","article_modified_time":"2023-05-08T15:47:41+00:00","og_image":[{"width":795,"height":397,"url":"https:\/\/micrositios.dian.gov.co\/regimen-simple-tributacion\/wp-content\/uploads\/sites\/3\/2022\/09\/RST.jpg","type":"image\/jpeg"}],"twitter_card":"summary_large_image","twitter_title":"Evite errores comunes en el pago del anticipo","twitter_description":"Evite errores comunes en el pago del anticipo","twitter_misc":{"Tiempo de lectura":"2 minutos"},"schema":{"@context":"https:\/\/schema.org","@graph":[{"@type":"WebPage","@id":"https:\/\/micrositios.dian.gov.co\/regimen-simple-tributacion\/evite-errores-comunes-en-el-pago-del-anticipo\/","url":"https:\/\/micrositios.dian.gov.co\/regimen-simple-tributacion\/evite-errores-comunes-en-el-pago-del-anticipo\/","name":"Evite errores comunes en el pago del anticipo","isPartOf":{"@id":"https:\/\/micrositios.dian.gov.co\/regimen-simple-tributacion\/#website"},"datePublished":"2022-07-11T19:03:30+00:00","dateModified":"2023-05-08T15:47:41+00:00","description":"Evite errores comunes en el pago del anticipo","breadcrumb":{"@id":"https:\/\/micrositios.dian.gov.co\/regimen-simple-tributacion\/evite-errores-comunes-en-el-pago-del-anticipo\/#breadcrumb"},"inLanguage":"es","potentialAction":[{"@type":"ReadAction","target":["https:\/\/micrositios.dian.gov.co\/regimen-simple-tributacion\/evite-errores-comunes-en-el-pago-del-anticipo\/"]}]},{"@type":"BreadcrumbList","@id":"https:\/\/micrositios.dian.gov.co\/regimen-simple-tributacion\/evite-errores-comunes-en-el-pago-del-anticipo\/#breadcrumb","itemListElement":[{"@type":"ListItem","position":1,"name":"Portada","item":"https:\/\/micrositios.dian.gov.co\/regimen-simple-tributacion\/"},{"@type":"ListItem","position":2,"name":"Evite errores comunes en el pago del anticipo"}]},{"@type":"WebSite","@id":"https:\/\/micrositios.dian.gov.co\/regimen-simple-tributacion\/#website","url":"https:\/\/micrositios.dian.gov.co\/regimen-simple-tributacion\/","name":"RST","description":"Micrositios DIAN","potentialAction":[{"@type":"SearchAction","target":{"@type":"EntryPoint","urlTemplate":"https:\/\/micrositios.dian.gov.co\/regimen-simple-tributacion\/?s={search_term_string}"},"query-input":"required name=search_term_string"}],"inLanguage":"es"}]}},"_links":{"self":[{"href":"https:\/\/micrositios.dian.gov.co\/regimen-simple-tributacion\/wp-json\/wp\/v2\/pages\/457"}],"collection":[{"href":"https:\/\/micrositios.dian.gov.co\/regimen-simple-tributacion\/wp-json\/wp\/v2\/pages"}],"about":[{"href":"https:\/\/micrositios.dian.gov.co\/regimen-simple-tributacion\/wp-json\/wp\/v2\/types\/page"}],"author":[{"embeddable":true,"href":"https:\/\/micrositios.dian.gov.co\/regimen-simple-tributacion\/wp-json\/wp\/v2\/users\/1"}],"replies":[{"embeddable":true,"href":"https:\/\/micrositios.dian.gov.co\/regimen-simple-tributacion\/wp-json\/wp\/v2\/comments?post=457"}],"version-history":[{"count":3,"href":"https:\/\/micrositios.dian.gov.co\/regimen-simple-tributacion\/wp-json\/wp\/v2\/pages\/457\/revisions"}],"predecessor-version":[{"id":1443,"href":"https:\/\/micrositios.dian.gov.co\/regimen-simple-tributacion\/wp-json\/wp\/v2\/pages\/457\/revisions\/1443"}],"wp:attachment":[{"href":"https:\/\/micrositios.dian.gov.co\/regimen-simple-tributacion\/wp-json\/wp\/v2\/media?parent=457"}],"curies":[{"name":"wp","href":"https:\/\/api.w.org\/{rel}","templated":true}]}}