{"id":330,"date":"2022-07-10T21:44:30","date_gmt":"2022-07-10T21:44:30","guid":{"rendered":"https:\/\/micrositios.dian.gov.co\/regimen-simple-tributacion\/?page_id=330"},"modified":"2022-07-12T03:21:19","modified_gmt":"2022-07-12T03:21:19","slug":"regimen-simple-de-tributacion-rst","status":"publish","type":"page","link":"https:\/\/micrositios.dian.gov.co\/regimen-simple-tributacion\/regimen-simple-de-tributacion-rst\/","title":{"rendered":"R\u00e9gimen simple de tributaci\u00f3n rst"},"content":{"rendered":"<p>[et_pb_section fb_built=\u00bb1&#8243; _builder_version=\u00bb4.17.3&#8243; _module_preset=\u00bbdefault\u00bb background_image=\u00bbhttps:\/\/micrositios.dian.gov.co\/regimen-simple-tributacion\/wp-content\/uploads\/sites\/3\/2022\/07\/Enmascarar-grupo-1.png\u00bb custom_margin=\u00bb0px||||false|false\u00bb custom_padding=\u00bb||64px|||\u00bb da_disable_devices=\u00bboff|off|off\u00bb locked=\u00bboff\u00bb global_colors_info=\u00bb{}\u00bb da_is_popup=\u00bboff\u00bb da_exit_intent=\u00bboff\u00bb da_has_close=\u00bbon\u00bb da_alt_close=\u00bboff\u00bb da_dark_close=\u00bboff\u00bb da_not_modal=\u00bbon\u00bb da_is_singular=\u00bboff\u00bb da_with_loader=\u00bboff\u00bb da_has_shadow=\u00bbon\u00bb][et_pb_row _builder_version=\u00bb4.16&#8243; _module_preset=\u00bbdefault\u00bb global_colors_info=\u00bb{}\u00bb][et_pb_column type=\u00bb4_4&#8243; _builder_version=\u00bb4.16&#8243; _module_preset=\u00bbdefault\u00bb global_colors_info=\u00bb{}\u00bb][et_pb_text _builder_version=\u00bb4.17.3&#8243; _module_preset=\u00bbdefault\u00bb text_font=\u00bbWork Sans|700|||||||\u00bb text_text_color=\u00bb#41d78c\u00bb text_font_size=\u00bb35px\u00bb text_line_height=\u00bb1em\u00bb text_orientation_tablet=\u00bb\u00bb text_orientation_phone=\u00bbcenter\u00bb text_orientation_last_edited=\u00bbon|phone\u00bb global_colors_info=\u00bb{}\u00bb]<\/p>\n<p>Presentaci\u00f3n inicial<\/p>\n<p>[\/et_pb_text][\/et_pb_column][\/et_pb_row][\/et_pb_section][et_pb_section fb_built=\u00bb1&#8243; _builder_version=\u00bb4.16&#8243; _module_preset=\u00bbdefault\u00bb custom_padding=\u00bb6px||0px|||\u00bb da_disable_devices=\u00bboff|off|off\u00bb locked=\u00bboff\u00bb global_colors_info=\u00bb{}\u00bb da_is_popup=\u00bboff\u00bb da_exit_intent=\u00bboff\u00bb da_has_close=\u00bbon\u00bb da_alt_close=\u00bboff\u00bb da_dark_close=\u00bboff\u00bb da_not_modal=\u00bbon\u00bb da_is_singular=\u00bboff\u00bb da_with_loader=\u00bboff\u00bb da_has_shadow=\u00bbon\u00bb][et_pb_row column_structure=\u00bb3_5,2_5&#8243; disabled_on=\u00bbon|off|off\u00bb _builder_version=\u00bb4.17.0&#8243; _module_preset=\u00bbdefault\u00bb global_colors_info=\u00bb{}\u00bb][et_pb_column type=\u00bb3_5&#8243; _builder_version=\u00bb4.16&#8243; _module_preset=\u00bbdefault\u00bb global_colors_info=\u00bb{}\u00bb][dipl_breadcrumb breadcrumb_layout=\u00bblayout2&#8243; link_target=\u00bbon\u00bb separator_text=\u00bb\/\u00bb separator_size=\u00bb14px\u00bb separator_color=\u00bb#000000&#8243; use_home_link_custom_text=\u00bbon\u00bb home_link_text=\u00bbInicio\u00bb use_home_link_icon=\u00bbon\u00bb home_link_icon=\u00bb&#x23;||divi||400&#8243; home_link_icon_color=\u00bb#41d78c\u00bb _builder_version=\u00bb4.17.1&#8243; _module_preset=\u00bbdefault\u00bb global_text_settings_font_size=\u00bb12px\u00bb text_font=\u00bbUbuntu||||||||\u00bb text_text_color=\u00bb#262944&#8243; link_font=\u00bbUbuntu|500|||||||\u00bb global_colors_info=\u00bb{}\u00bb text_text_color__hover_enabled=\u00bbon|desktop\u00bb text_text_color__hover=\u00bb#00b4dc\u00bb][\/dipl_breadcrumb][\/et_pb_column][et_pb_column type=\u00bb2_5&#8243; _builder_version=\u00bb4.16&#8243; _module_preset=\u00bbdefault\u00bb global_colors_info=\u00bb{}\u00bb][dipl_ajax_search search_placeholder=\u00bbBuscar por palabra clave\u00bb number_of_results=\u00bb-1&#8243; orderby=\u00bbpost_title\u00bb order=\u00bbASC\u00bb no_result_text=\u00bbNo encontramos resultados a tu b\u00fasqueda\u00bb include_post_types=\u00bbpage\u00bb url_new_window=\u00bbon\u00bb search_icon_color=\u00bb#41d78c\u00bb loader_size=\u00bb12px\u00bb loader_color=\u00bb#41d78c\u00bb _builder_version=\u00bb4.17.0&#8243; _module_preset=\u00bbdefault\u00bb search_result_item_title_font=\u00bbWork Sans|700|||||||\u00bb search_result_item_excerpt_font=\u00bbUbuntu||||||||\u00bb search_result_item_excerpt_font_size=\u00bb12px\u00bb form_field_font=\u00bbUbuntu||||||||\u00bb form_field_font_size=\u00bb12px\u00bb width=\u00bb80%\u00bb module_alignment=\u00bbright\u00bb border_radii_form_field=\u00bbon|6px|6px|6px|6px\u00bb border_width_all_form_field=\u00bb0px\u00bb global_colors_info=\u00bb{}\u00bb][\/dipl_ajax_search][\/et_pb_column][\/et_pb_row][\/et_pb_section][et_pb_section fb_built=\u00bb1&#8243; _builder_version=\u00bb4.17.3&#8243; _module_preset=\u00bbdefault\u00bb da_disable_devices=\u00bboff|off|off\u00bb locked=\u00bboff\u00bb global_colors_info=\u00bb{}\u00bb da_is_popup=\u00bboff\u00bb da_exit_intent=\u00bboff\u00bb da_has_close=\u00bbon\u00bb da_alt_close=\u00bboff\u00bb da_dark_close=\u00bboff\u00bb da_not_modal=\u00bbon\u00bb da_is_singular=\u00bboff\u00bb da_with_loader=\u00bboff\u00bb da_has_shadow=\u00bbon\u00bb][et_pb_row column_structure=\u00bb1_2,1_2&#8243; _builder_version=\u00bb4.16&#8243; _module_preset=\u00bbdefault\u00bb min_height=\u00bb467.4px\u00bb custom_padding=\u00bb0px||0px|||\u00bb global_colors_info=\u00bb{}\u00bb][et_pb_column type=\u00bb1_2&#8243; _builder_version=\u00bb4.16&#8243; _module_preset=\u00bbdefault\u00bb global_colors_info=\u00bb{}\u00bb][et_pb_text _builder_version=\u00bb4.17.3&#8243; _module_preset=\u00bbdefault\u00bb text_font=\u00bbWork Sans|700|||||||\u00bb text_text_color=\u00bb#2b323d\u00bb text_font_size=\u00bb20px\u00bb text_orientation_tablet=\u00bbcenter\u00bb text_orientation_phone=\u00bbleft\u00bb text_orientation_last_edited=\u00bbon|phone\u00bb global_colors_info=\u00bb{}\u00bb]<\/p>\n<p>Presentaci\u00f3n inicial<\/p>\n<p>[\/et_pb_text][et_pb_divider color=\u00bb#41d78c\u00bb divider_weight=\u00bb4px\u00bb _builder_version=\u00bb4.17.3&#8243; _module_preset=\u00bbdefault\u00bb width=\u00bb40%\u00bb width_tablet=\u00bb47%\u00bb width_phone=\u00bb100%\u00bb width_last_edited=\u00bbon|phone\u00bb module_alignment=\u00bbleft\u00bb custom_margin=\u00bb-23px||10px||false|false\u00bb global_colors_info=\u00bb{}\u00bb][\/et_pb_divider][et_pb_text _builder_version=\u00bb4.17.3&#8243; _module_preset=\u00bbdefault\u00bb text_font=\u00bbUbuntu||||||||\u00bb text_text_color=\u00bbgcid-67046a68-a366-4980-9897-ac7164fdd382&#8243; text_font_size=\u00bb12px\u00bb global_colors_info=\u00bb{%22gcid-67046a68-a366-4980-9897-ac7164fdd382%22:%91%22text_text_color%22%93}\u00bb]<\/p>\n<p><span>El R\u00e9gimen Simple de Tributaci\u00f3n (en adelante RST) es un sistema para el pago de impuestos que se declara anualmente y se paga con anticipos bimestrales a trav\u00e9s de los sistemas electr\u00f3nicos de la DIAN y al que pueden acceder de forma voluntaria.<\/span><\/p>\n<p>[\/et_pb_text][et_pb_text _builder_version=\u00bb4.17.3&#8243; _module_preset=\u00bbdefault\u00bb text_font=\u00bbUbuntu||||||||\u00bb text_text_color=\u00bbgcid-67046a68-a366-4980-9897-ac7164fdd382&#8243; text_font_size=\u00bb12px\u00bb global_colors_info=\u00bb{%22gcid-67046a68-a366-4980-9897-ac7164fdd382%22:%91%22text_text_color%22%93}\u00bb]<\/p>\n<p><span>Tanto personas naturales como personas jur\u00eddicas que cumplan con los requisitos que se encuentran en el siguiente enlace:<\/span><\/p>\n<p>[\/et_pb_text][et_pb_button button_url=\u00bbhttps:\/\/micrositios.dian.gov.co\/regimen-simple-tributacion\/quienes-pueden-optar-por-el-simple\/\u00bb button_text=\u00bbQUIENES SI PUEDEN OPTAR POR EL SIMPLE\u00bb button_alignment=\u00bbleft\u00bb _builder_version=\u00bb4.17.4&#8243; _module_preset=\u00bbdefault\u00bb custom_button=\u00bbon\u00bb button_text_size=\u00bb13px\u00bb button_text_color=\u00bb#262944&#8243; button_bg_color=\u00bb#41d78c\u00bb button_border_width=\u00bb0px\u00bb button_border_radius=\u00bb6px\u00bb button_font=\u00bbWork Sans|700|||||||\u00bb button_use_icon=\u00bboff\u00bb position_origin_a=\u00bbtop_right\u00bb vertical_offset=\u00bb25px\u00bb horizontal_offset=\u00bb100px\u00bb hover_enabled=\u00bb0&#8243; locked=\u00bboff\u00bb global_colors_info=\u00bb{}\u00bb button_bg_color__hover_enabled=\u00bbon|desktop\u00bb button_bg_color__hover=\u00bb#00ac57&#8243; button_bg_enable_color__hover=\u00bbon\u00bb sticky_enabled=\u00bb0&#8243;][\/et_pb_button][et_pb_text _builder_version=\u00bb4.17.3&#8243; _module_preset=\u00bbdefault\u00bb text_font=\u00bbUbuntu||||||||\u00bb text_text_color=\u00bbgcid-67046a68-a366-4980-9897-ac7164fdd382&#8243; text_font_size=\u00bb12px\u00bb global_colors_info=\u00bb{%22gcid-67046a68-a366-4980-9897-ac7164fdd382%22:%91%22text_text_color%22%93}\u00bb]<\/p>\n<p><span>No pueden optar por el RST, las personas naturales o jur\u00eddicas que se encuentren en cualquiera de las situaciones que encuentran en el siguiente enlace:<\/span><\/p>\n<p>[\/et_pb_text][et_pb_button button_url=\u00bbhttps:\/\/micrositios.dian.gov.co\/regimen-simple-tributacion\/quienes-no-pueden-optar-por-el-regimen-simple-de-tributacion-rst\/\u00bb button_text=\u00bbQUIENES NO PUEDEN OPTAR\u00bb button_alignment=\u00bbleft\u00bb _builder_version=\u00bb4.17.4&#8243; _module_preset=\u00bbdefault\u00bb custom_button=\u00bbon\u00bb button_text_size=\u00bb13px\u00bb button_text_color=\u00bb#262944&#8243; button_bg_color=\u00bb#41d78c\u00bb button_border_width=\u00bb0px\u00bb button_border_radius=\u00bb6px\u00bb button_font=\u00bbWork Sans|700|||||||\u00bb button_use_icon=\u00bboff\u00bb position_origin_a=\u00bbtop_right\u00bb vertical_offset=\u00bb25px\u00bb horizontal_offset=\u00bb100px\u00bb hover_enabled=\u00bb0&#8243; locked=\u00bboff\u00bb global_colors_info=\u00bb{}\u00bb button_bg_color__hover_enabled=\u00bbon|desktop\u00bb button_bg_color__hover=\u00bb#00ac57&#8243; button_bg_enable_color__hover=\u00bbon\u00bb sticky_enabled=\u00bb0&#8243;][\/et_pb_button][et_pb_text _builder_version=\u00bb4.17.3&#8243; _module_preset=\u00bbdefault\u00bb text_font=\u00bbUbuntu||||||||\u00bb text_text_color=\u00bbgcid-67046a68-a366-4980-9897-ac7164fdd382&#8243; text_font_size=\u00bb12px\u00bb global_colors_info=\u00bb{%22gcid-67046a68-a366-4980-9897-ac7164fdd382%22:%91%22text_text_color%22%93}\u00bb]<\/p>\n<p>Este nuevo r\u00e9gimen busca facilitar el cumplimiento de las obligaciones tributarias de los contribuyentes, especialmente de aquellos que est\u00e1n en la informalidad, a quienes les permitir\u00e1 gozar de todos los<span>\u00a0<\/span><a href=\"https:\/\/sandbox.j2cservice.com\/beneficios-de-la-formalidad\/\"><span class=\"ms-rteForeColor-6\">beneficios que ofrece formalizarse<\/span>,<\/a> no solo porque ver\u00e1n reducida ostensiblemente la carga impositiva y los costos de cumplimiento de la obligaci\u00f3n tributaria, sino tambi\u00e9n porque mejorar\u00e1n sus condiciones de competitividad en el mercado.<\/p>\n<p>Los contribuyentes de este nuevo modelo de tributaci\u00f3n no estar\u00e1n sometidos al Impuesto sobre la Renta, debido a que se sustituye por el RST.<\/p>\n<p>[\/et_pb_text][et_pb_text _builder_version=\u00bb4.16&#8243; _module_preset=\u00bbdefault\u00bb text_font=\u00bbUbuntu||||||||\u00bb text_text_color=\u00bb#2b323d\u00bb text_font_size=\u00bb12px\u00bb locked=\u00bboff\u00bb global_colors_info=\u00bb{}\u00bb]<\/p>\n<p>Compartir contenido:<\/p>\n<p>[\/et_pb_text][et_pb_code _builder_version=\u00bb4.17.1&#8243; _module_preset=\u00bbdefault\u00bb width=\u00bb45%\u00bb locked=\u00bboff\u00bb global_colors_info=\u00bb{}\u00bb]<div class=\"et_social_inline et_social_mobile_on et_social_inline_custom\">\n\t\t\t\t<div class=\"et_social_networks et_social_4col et_social_simple et_social_circle et_social_left et_social_no_animation et_social_outer_dark\">\n\t\t\t\t\t\n\t\t\t\t\t<ul class=\"et_social_icons_container\"><li class=\"et_social_facebook\">\n\t\t\t\t\t\t\t\t\t<a href=\"http:\/\/www.facebook.com\/sharer.php?u=https%3A%2F%2Fmicrositios.dian.gov.co%2Fregimen-simple-tributacion%2Fregimen-simple-de-tributacion-rst%2F&#038;t=R%C3%A9gimen%20simple%20de%20tributaci%C3%B3n%20rst\" class=\"et_social_share\" rel=\"nofollow\" data-social_name=\"facebook\" data-post_id=\"330\" data-social_type=\"share\" data-location=\"inline\">\n\t\t\t\t\t\t\t\t\t\t<i class=\"et_social_icon et_social_icon_facebook\"><\/i><span class=\"et_social_overlay\"><\/span>\n\t\t\t\t\t\t\t\t\t<\/a>\n\t\t\t\t\t\t\t\t<\/li><li class=\"et_social_twitter\">\n\t\t\t\t\t\t\t\t\t<a href=\"http:\/\/twitter.com\/share?text=R%C3%A9gimen%20simple%20de%20tributaci%C3%B3n%20rst&#038;url=https%3A%2F%2Fmicrositios.dian.gov.co%2Fregimen-simple-tributacion%2Fregimen-simple-de-tributacion-rst%2F\" class=\"et_social_share\" rel=\"nofollow\" data-social_name=\"twitter\" data-post_id=\"330\" data-social_type=\"share\" data-location=\"inline\">\n\t\t\t\t\t\t\t\t\t\t<i class=\"et_social_icon et_social_icon_twitter\"><\/i><span class=\"et_social_overlay\"><\/span>\n\t\t\t\t\t\t\t\t\t<\/a>\n\t\t\t\t\t\t\t\t<\/li><li class=\"et_social_linkedin\">\n\t\t\t\t\t\t\t\t\t<a href=\"http:\/\/www.linkedin.com\/shareArticle?mini=true&#038;url=https%3A%2F%2Fmicrositios.dian.gov.co%2Fregimen-simple-tributacion%2Fregimen-simple-de-tributacion-rst%2F&#038;title=R%C3%A9gimen%20simple%20de%20tributaci%C3%B3n%20rst\" class=\"et_social_share\" rel=\"nofollow\" data-social_name=\"linkedin\" data-post_id=\"330\" data-social_type=\"share\" data-location=\"inline\">\n\t\t\t\t\t\t\t\t\t\t<i class=\"et_social_icon et_social_icon_linkedin\"><\/i><span class=\"et_social_overlay\"><\/span>\n\t\t\t\t\t\t\t\t\t<\/a>\n\t\t\t\t\t\t\t\t<\/li><\/ul>\n\t\t\t\t<\/div>\n\t\t\t<\/div>[\/et_pb_code][\/et_pb_column][et_pb_column type=\u00bb1_2&#8243; _builder_version=\u00bb4.16&#8243; _module_preset=\u00bbdefault\u00bb global_colors_info=\u00bb{}\u00bb][et_pb_image src=\u00bbhttps:\/\/micrositios.dian.gov.co\/regimen-simple-tributacion\/wp-content\/uploads\/sites\/3\/2022\/07\/Enmascarar-grupo-26.png\u00bb title_text=\u00bbEnmascarar grupo 26&#8243; _builder_version=\u00bb4.17.1&#8243; _module_preset=\u00bbdefault\u00bb locked=\u00bboff\u00bb global_colors_info=\u00bb{}\u00bb][\/et_pb_image][\/et_pb_column][\/et_pb_row][\/et_pb_section]<\/p>\n","protected":false},"excerpt":{"rendered":"<p>Presentaci\u00f3n inicial<div class=\"et_pb_module dipl_breadcrumb dipl_breadcrumb_0\">\n\t\t\t\t\n\t\t\t\t\n\t\t\t\t\n\t\t\t\t\n\t\t\t\t\n\t\t\t\t\n\t\t\t\t<div class=\"et_pb_module_inner\">\n\t\t\t\t\t<div class=\"dipl-breadcrumb-wrapper layout2\">\n\t\t\t\t<ol class=\"dipl-breadcrumb-inner\" vocab=\"https:\/\/schema.org\/\" typeof=\"BreadcrumbList\">\n\t\t\t\t\t<li property=\"itemListElement\" typeof=\"ListItem\" data-icon=\"&#x24;\">\n\t\t\t\t\t\t\t\t<a class=\"breadcrumb-item dipl-home-page\" href=\"https:\/\/micrositios.dian.gov.co\/regimen-simple-tributacion\" property=\"item\" typeof=\"WebPage\" target=\"_blank\">\n\t\t\t\t\t\t\t\t\t<span class=\"breadcrumb-page\" property=\"name\">\n\t\t\t\t\t\t\t\t\t\t<span class=\"breadcrumb-home-icon et-pb-icon\">&#x23;<\/span>\n\t\t\t\t\t\t\t\t\t\tInicio\n\t\t\t\t\t\t\t\t\t<\/span>\n\t\t\t\t\t\t\t\t<\/a>\n\t\t\t\t\t\t\t\t<meta property=\"position\" content=\"1\" \/>\n\t\t\t\t\t\t\t<\/li>\n\t\t\t\t<\/ol>\n\t\t\t<\/div>\n\t\t\t\t<\/div>\n\t\t\t<\/div><div class=\"et_pb_with_border et_pb_module dipl_ajax_search dipl_ajax_search_0\">\n\t\t\t\t\n\t\t\t\t\n\t\t\t\t\n\t\t\t\t\n\t\t\t\t\n\t\t\t\t\n\t\t\t\t<div class=\"et_pb_module_inner\">\n\t\t\t\t\t<div class=\"dipl_ajax_search_wrap\">\n\t\t\t\t<div class=\"dipl_ajax_search_field_wrap dipl_ajax_search_icon\">\n\t\t\t\t\t<input type=\"search\" placeholder=\"Buscar por palabra clave\" class=\"dipl_ajax_search_field\"\n\t\t\t\t\t\tdata-search-in=\"post_title,post_content,post_excerpt\" data-search-post-type=\"page\" data-display-fields=\"title,excerpt,featured_image\" \n\t\t\t\t\t\tdata-url-new-window=\"on\" data-number-of-results=\"-1\" data-no-result-text=\"No encontramos resultados a tu b\u00fasqueda\" \n\t\t\t\t\t\tdata-orderby=\"post_title\" data-order=\"ASC\" data-use-masonry=\"off\"\n\t\t\t\t\t\tdata-exclude_protected_posts=\"off\"\n\t\t\t\t\t\/>\n\t\t\t\t\t<input type=\"hidden\" class=\"dipl_ajax_search_nonce\" value=\"9621c3b3d6\" \/>\n\t\t\t\t<\/div>\n\t\t\t\t<div class=\"dipl_ajax_search_results_wrap dipl_ajax_search_result_1_cols \"><\/div>\n\t\t\t<\/div>\n\t\t\t\t<\/div>\n\t\t\t<\/div>Presentaci\u00f3n inicialEl R\u00e9gimen Simple [&hellip;]<\/p>\n","protected":false},"author":1,"featured_media":0,"parent":0,"menu_order":0,"comment_status":"closed","ping_status":"closed","template":"","meta":{"_et_pb_use_builder":"on","_et_pb_old_content":"","_et_gb_content_width":"","footnotes":""},"class_list":["post-330","page","type-page","status-publish","hentry"],"yoast_head":"<!-- This site is optimized with the Yoast SEO Premium plugin v18.5 (Yoast SEO v27.2) - https:\/\/yoast.com\/product\/yoast-seo-premium-wordpress\/ -->\n<title>R\u00e9gimen simple de tributaci\u00f3n rst - RST<\/title>\n<meta name=\"robots\" content=\"index, follow, max-snippet:-1, max-image-preview:large, max-video-preview:-1\" \/>\n<link rel=\"canonical\" href=\"https:\/\/micrositios.dian.gov.co\/regimen-simple-tributacion\/regimen-simple-de-tributacion-rst\/\" \/>\n<meta property=\"og:locale\" content=\"es_ES\" \/>\n<meta property=\"og:type\" content=\"article\" \/>\n<meta property=\"og:title\" content=\"R\u00e9gimen simple de tributaci\u00f3n rst\" \/>\n<meta property=\"og:description\" content=\"Presentaci\u00f3n inicialPresentaci\u00f3n inicialEl R\u00e9gimen Simple [&hellip;]\" \/>\n<meta property=\"og:url\" content=\"https:\/\/micrositios.dian.gov.co\/regimen-simple-tributacion\/regimen-simple-de-tributacion-rst\/\" \/>\n<meta property=\"og:site_name\" content=\"RST\" \/>\n<meta property=\"article:modified_time\" content=\"2022-07-12T03:21:19+00:00\" \/>\n<meta name=\"twitter:card\" content=\"summary_large_image\" \/>\n<script type=\"application\/ld+json\" class=\"yoast-schema-graph\">{\"@context\":\"https:\/\/schema.org\",\"@graph\":[{\"@type\":\"WebPage\",\"@id\":\"https:\/\/micrositios.dian.gov.co\/regimen-simple-tributacion\/regimen-simple-de-tributacion-rst\/\",\"url\":\"https:\/\/micrositios.dian.gov.co\/regimen-simple-tributacion\/regimen-simple-de-tributacion-rst\/\",\"name\":\"R\u00e9gimen simple de tributaci\u00f3n rst - RST\",\"isPartOf\":{\"@id\":\"https:\/\/micrositios.dian.gov.co\/regimen-simple-tributacion\/#website\"},\"datePublished\":\"2022-07-10T21:44:30+00:00\",\"dateModified\":\"2022-07-12T03:21:19+00:00\",\"breadcrumb\":{\"@id\":\"https:\/\/micrositios.dian.gov.co\/regimen-simple-tributacion\/regimen-simple-de-tributacion-rst\/#breadcrumb\"},\"inLanguage\":\"es\",\"potentialAction\":[{\"@type\":\"ReadAction\",\"target\":[\"https:\/\/micrositios.dian.gov.co\/regimen-simple-tributacion\/regimen-simple-de-tributacion-rst\/\"]}]},{\"@type\":\"BreadcrumbList\",\"@id\":\"https:\/\/micrositios.dian.gov.co\/regimen-simple-tributacion\/regimen-simple-de-tributacion-rst\/#breadcrumb\",\"itemListElement\":[{\"@type\":\"ListItem\",\"position\":1,\"name\":\"Portada\",\"item\":\"https:\/\/micrositios.dian.gov.co\/regimen-simple-tributacion\/\"},{\"@type\":\"ListItem\",\"position\":2,\"name\":\"R\u00e9gimen simple de tributaci\u00f3n rst\"}]},{\"@type\":\"WebSite\",\"@id\":\"https:\/\/micrositios.dian.gov.co\/regimen-simple-tributacion\/#website\",\"url\":\"https:\/\/micrositios.dian.gov.co\/regimen-simple-tributacion\/\",\"name\":\"RST\",\"description\":\"Micrositios DIAN\",\"potentialAction\":[{\"@type\":\"SearchAction\",\"target\":{\"@type\":\"EntryPoint\",\"urlTemplate\":\"https:\/\/micrositios.dian.gov.co\/regimen-simple-tributacion\/?s={search_term_string}\"},\"query-input\":{\"@type\":\"PropertyValueSpecification\",\"valueRequired\":true,\"valueName\":\"search_term_string\"}}],\"inLanguage\":\"es\"}]}<\/script>\n<!-- \/ Yoast SEO Premium plugin. -->","yoast_head_json":{"title":"R\u00e9gimen simple de tributaci\u00f3n rst - RST","robots":{"index":"index","follow":"follow","max-snippet":"max-snippet:-1","max-image-preview":"max-image-preview:large","max-video-preview":"max-video-preview:-1"},"canonical":"https:\/\/micrositios.dian.gov.co\/regimen-simple-tributacion\/regimen-simple-de-tributacion-rst\/","og_locale":"es_ES","og_type":"article","og_title":"R\u00e9gimen simple de tributaci\u00f3n rst","og_description":"Presentaci\u00f3n inicialPresentaci\u00f3n inicialEl R\u00e9gimen Simple [&hellip;]","og_url":"https:\/\/micrositios.dian.gov.co\/regimen-simple-tributacion\/regimen-simple-de-tributacion-rst\/","og_site_name":"RST","article_modified_time":"2022-07-12T03:21:19+00:00","twitter_card":"summary_large_image","schema":{"@context":"https:\/\/schema.org","@graph":[{"@type":"WebPage","@id":"https:\/\/micrositios.dian.gov.co\/regimen-simple-tributacion\/regimen-simple-de-tributacion-rst\/","url":"https:\/\/micrositios.dian.gov.co\/regimen-simple-tributacion\/regimen-simple-de-tributacion-rst\/","name":"R\u00e9gimen simple de tributaci\u00f3n rst - RST","isPartOf":{"@id":"https:\/\/micrositios.dian.gov.co\/regimen-simple-tributacion\/#website"},"datePublished":"2022-07-10T21:44:30+00:00","dateModified":"2022-07-12T03:21:19+00:00","breadcrumb":{"@id":"https:\/\/micrositios.dian.gov.co\/regimen-simple-tributacion\/regimen-simple-de-tributacion-rst\/#breadcrumb"},"inLanguage":"es","potentialAction":[{"@type":"ReadAction","target":["https:\/\/micrositios.dian.gov.co\/regimen-simple-tributacion\/regimen-simple-de-tributacion-rst\/"]}]},{"@type":"BreadcrumbList","@id":"https:\/\/micrositios.dian.gov.co\/regimen-simple-tributacion\/regimen-simple-de-tributacion-rst\/#breadcrumb","itemListElement":[{"@type":"ListItem","position":1,"name":"Portada","item":"https:\/\/micrositios.dian.gov.co\/regimen-simple-tributacion\/"},{"@type":"ListItem","position":2,"name":"R\u00e9gimen simple de tributaci\u00f3n rst"}]},{"@type":"WebSite","@id":"https:\/\/micrositios.dian.gov.co\/regimen-simple-tributacion\/#website","url":"https:\/\/micrositios.dian.gov.co\/regimen-simple-tributacion\/","name":"RST","description":"Micrositios DIAN","potentialAction":[{"@type":"SearchAction","target":{"@type":"EntryPoint","urlTemplate":"https:\/\/micrositios.dian.gov.co\/regimen-simple-tributacion\/?s={search_term_string}"},"query-input":{"@type":"PropertyValueSpecification","valueRequired":true,"valueName":"search_term_string"}}],"inLanguage":"es"}]}},"_links":{"self":[{"href":"https:\/\/micrositios.dian.gov.co\/regimen-simple-tributacion\/wp-json\/wp\/v2\/pages\/330","targetHints":{"allow":["GET"]}}],"collection":[{"href":"https:\/\/micrositios.dian.gov.co\/regimen-simple-tributacion\/wp-json\/wp\/v2\/pages"}],"about":[{"href":"https:\/\/micrositios.dian.gov.co\/regimen-simple-tributacion\/wp-json\/wp\/v2\/types\/page"}],"author":[{"embeddable":true,"href":"https:\/\/micrositios.dian.gov.co\/regimen-simple-tributacion\/wp-json\/wp\/v2\/users\/1"}],"replies":[{"embeddable":true,"href":"https:\/\/micrositios.dian.gov.co\/regimen-simple-tributacion\/wp-json\/wp\/v2\/comments?post=330"}],"version-history":[{"count":0,"href":"https:\/\/micrositios.dian.gov.co\/regimen-simple-tributacion\/wp-json\/wp\/v2\/pages\/330\/revisions"}],"wp:attachment":[{"href":"https:\/\/micrositios.dian.gov.co\/regimen-simple-tributacion\/wp-json\/wp\/v2\/media?parent=330"}],"curies":[{"name":"wp","href":"https:\/\/api.w.org\/{rel}","templated":true}]}}