{"id":249,"date":"2022-07-09T04:53:03","date_gmt":"2022-07-09T04:53:03","guid":{"rendered":"https:\/\/micrositios.dian.gov.co\/regimen-simple-tributacion\/?page_id=249"},"modified":"2024-09-13T15:58:08","modified_gmt":"2024-09-13T15:58:08","slug":"normas","status":"publish","type":"page","link":"https:\/\/micrositios.dian.gov.co\/regimen-simple-tributacion\/normas\/","title":{"rendered":"normas"},"content":{"rendered":"<p>[et_pb_section fb_built=\u00bb1&#8243; _builder_version=\u00bb4.17.3&#8243; _module_preset=\u00bbdefault\u00bb background_image=\u00bbhttps:\/\/micrositios.dian.gov.co\/regimen-simple-tributacion\/wp-content\/uploads\/sites\/3\/2022\/07\/Grupo-7604-2.png\u00bb custom_padding=\u00bb||66px|||\u00bb background_last_edited=\u00bbon|phone\u00bb background_position_phone=\u00bbcenter_left\u00bb da_disable_devices=\u00bboff|off|off\u00bb global_colors_info=\u00bb{}\u00bb da_is_popup=\u00bboff\u00bb da_exit_intent=\u00bboff\u00bb da_has_close=\u00bbon\u00bb da_alt_close=\u00bboff\u00bb da_dark_close=\u00bboff\u00bb da_not_modal=\u00bbon\u00bb da_is_singular=\u00bboff\u00bb da_with_loader=\u00bboff\u00bb da_has_shadow=\u00bbon\u00bb][et_pb_row _builder_version=\u00bb4.17.4&#8243; _module_preset=\u00bbdefault\u00bb global_colors_info=\u00bb{}\u00bb][et_pb_column type=\u00bb4_4&#8243; _builder_version=\u00bb4.16&#8243; _module_preset=\u00bbdefault\u00bb global_colors_info=\u00bb{}\u00bb][et_pb_text _builder_version=\u00bb4.18.0&#8243; _module_preset=\u00bb971aa146-072d-458a-989b-3668ea4c23cf\u00bb text_text_color=\u00bb#41d78c\u00bb text_font_size=\u00bb35px\u00bb text_line_height=\u00bb1em\u00bb text_orientation_tablet=\u00bb\u00bb text_orientation_phone=\u00bbcenter\u00bb text_orientation_last_edited=\u00bbon|phone\u00bb global_colors_info=\u00bb{}\u00bb]<\/p>\n<h2>Normas<\/h2>\n<p>[\/et_pb_text][\/et_pb_column][\/et_pb_row][\/et_pb_section][et_pb_section fb_built=\u00bb1&#8243; _builder_version=\u00bb4.16&#8243; _module_preset=\u00bbdefault\u00bb custom_padding=\u00bb6px||24px|||\u00bb da_disable_devices=\u00bboff|off|off\u00bb global_colors_info=\u00bb{}\u00bb da_is_popup=\u00bboff\u00bb da_exit_intent=\u00bboff\u00bb da_has_close=\u00bbon\u00bb da_alt_close=\u00bboff\u00bb da_dark_close=\u00bboff\u00bb da_not_modal=\u00bbon\u00bb da_is_singular=\u00bboff\u00bb da_with_loader=\u00bboff\u00bb da_has_shadow=\u00bbon\u00bb][et_pb_row column_structure=\u00bb3_5,2_5&#8243; disabled_on=\u00bbon|off|off\u00bb _builder_version=\u00bb4.17.0&#8243; _module_preset=\u00bbdefault\u00bb global_colors_info=\u00bb{}\u00bb][et_pb_column type=\u00bb3_5&#8243; _builder_version=\u00bb4.16&#8243; _module_preset=\u00bbdefault\u00bb global_colors_info=\u00bb{}\u00bb][dipl_breadcrumb breadcrumb_layout=\u00bblayout2&#8243; link_target=\u00bbon\u00bb separator_text=\u00bb\/\u00bb separator_size=\u00bb14px\u00bb separator_color=\u00bb#000000&#8243; use_home_link_custom_text=\u00bbon\u00bb home_link_text=\u00bbInicio\u00bb use_home_link_icon=\u00bbon\u00bb home_link_icon=\u00bb&#x23;||divi||400&#8243; home_link_icon_color=\u00bb#41d78c\u00bb _builder_version=\u00bb4.17.1&#8243; _module_preset=\u00bbdefault\u00bb global_text_settings_font_size=\u00bb12px\u00bb text_font=\u00bbUbuntu||||||||\u00bb text_text_color=\u00bb#262944&#8243; link_font=\u00bbUbuntu|500|||||||\u00bb global_colors_info=\u00bb{}\u00bb text_text_color__hover_enabled=\u00bbon|desktop\u00bb text_text_color__hover=\u00bb#00b4dc\u00bb][\/dipl_breadcrumb][\/et_pb_column][et_pb_column type=\u00bb2_5&#8243; _builder_version=\u00bb4.16&#8243; _module_preset=\u00bbdefault\u00bb global_colors_info=\u00bb{}\u00bb][dipl_ajax_search search_placeholder=\u00bbBuscar por palabra clave\u00bb number_of_results=\u00bb-1&#8243; orderby=\u00bbpost_title\u00bb order=\u00bbASC\u00bb no_result_text=\u00bbNo encontramos resultados a tu b\u00fasqueda\u00bb include_post_types=\u00bbpage\u00bb url_new_window=\u00bbon\u00bb search_icon_color=\u00bb#41d78c\u00bb loader_size=\u00bb12px\u00bb loader_color=\u00bb#41d78c\u00bb _builder_version=\u00bb4.17.0&#8243; _module_preset=\u00bbdefault\u00bb search_result_item_title_font=\u00bbWork Sans|700|||||||\u00bb search_result_item_excerpt_font=\u00bbUbuntu||||||||\u00bb search_result_item_excerpt_font_size=\u00bb12px\u00bb form_field_font=\u00bbUbuntu||||||||\u00bb form_field_font_size=\u00bb12px\u00bb width=\u00bb80%\u00bb module_alignment=\u00bbright\u00bb border_radii_form_field=\u00bbon|6px|6px|6px|6px\u00bb border_width_all_form_field=\u00bb0px\u00bb global_colors_info=\u00bb{}\u00bb][\/dipl_ajax_search][\/et_pb_column][\/et_pb_row][et_pb_row column_structure=\u00bb1_2,1_2&#8243; _builder_version=\u00bb4.16&#8243; _module_preset=\u00bbdefault\u00bb custom_padding=\u00bb||6px|||\u00bb global_colors_info=\u00bb{}\u00bb][et_pb_column type=\u00bb1_2&#8243; _builder_version=\u00bb4.16&#8243; _module_preset=\u00bbdefault\u00bb global_colors_info=\u00bb{}\u00bb][et_pb_text _builder_version=\u00bb4.18.0&#8243; _module_preset=\u00bbdefault\u00bb text_font=\u00bbWork Sans|700|||||||\u00bb text_text_color=\u00bb#2b323d\u00bb text_font_size=\u00bb20px\u00bb text_orientation=\u00bbcenter\u00bb global_colors_info=\u00bb{}\u00bb]<\/p>\n<h3 style=\"text-align: left;\"><strong>Normas<\/strong><\/h3>\n<p>[\/et_pb_text][et_pb_divider color=\u00bb#41d78c\u00bb divider_weight=\u00bb4px\u00bb _builder_version=\u00bb4.17.4&#8243; _module_preset=\u00bbdefault\u00bb width=\u00bb17%\u00bb module_alignment=\u00bbleft\u00bb custom_margin=\u00bb-23px||10px||false|false\u00bb global_colors_info=\u00bb{}\u00bb][\/et_pb_divider][et_pb_text _builder_version=\u00bb4.18.1&#8243; _module_preset=\u00bbdefault\u00bb text_font=\u00bbUbuntu||||||||\u00bb text_text_color=\u00bbgcid-112b9687-df1c-4658-8664-751ddc21ec01&#8243; text_font_size=\u00bb12px\u00bb link_font=\u00bb||||on||||\u00bb link_text_color=\u00bb#00b4dc\u00bb custom_margin=\u00bb-8px||15px|||\u00bb hover_enabled=\u00bb0&#8243; global_colors_info=\u00bb{%22gcid-112b9687-df1c-4658-8664-751ddc21ec01%22:%91%22text_text_color%22%93}\u00bb sticky_enabled=\u00bb0&#8243;]<\/p>\n<p><span style=\"color: #000000;\"><strong>Normatividad<\/strong><\/span><\/p>\n<ul>\n<li><span style=\"color: #000000;\"><span class=\"ms-rteThemeForeColor-2-0\"><a href=\"https:\/\/www.dian.gov.co\/normatividad\/Documents\/Sentencia-C-540-2023.pdf\" target=\"_blank\" rel=\"noopener\">Sentencia C-540 de 2023<\/a><\/span><\/span><\/li>\n<li><span style=\"color: #000000;\"><a href=\"https:\/\/www.dian.gov.co\/normatividad\/Documents\/Titulo-III-Ley-2277-de-13122022.pdf\" target=\"_blank\" rel=\"noopener\" style=\"color: #000000;\"><span class=\"ms-rteThemeForeColor-2-0\">T\u00edtulo III Impuesto Unificado bajo el R\u00e9gimen Simple de Tributaci\u00f3n Ley 2277 de 2022<\/span><\/a><\/span><\/li>\n<li><a href=\"http:\/\/www.secretariasenado.gov.co\/senado\/basedoc\/estatuto_tributario_pr035.html#LIBRO%20OCTAVO\" target=\"_blank\" rel=\"noopener\"><span class=\"ms-rteThemeForeColor-2-0\">Estatuto Tributario Articulos 903 &#8211; 916<\/span><\/a><\/li>\n<li><a href=\"https:\/\/www.dian.gov.co\/normatividad\/Decretos\/Decreto_1091_03082020.pdf\" target=\"_blank\" rel=\"noopener\"><span class=\"ms-rteThemeForeColor-2-0\">Decreto 001091 del 03 de agosto de 2020\u200b<\/span><\/a><\/li>\n<li><a href=\"https:\/\/www.dian.gov.co\/normatividad\/Decretos\/Decreto_0760_29052020.pdf\" target=\"_blank\" rel=\"noopener\"><span class=\"ms-rteThemeForeColor-2-0\">Decreto 000760 del 29 de mayo de 2020<\/span><\/a><\/li>\n<li><a href=\"https:\/\/www.dian.gov.co\/normatividad\/Decretos\/DECRETO-1847-DEL-24-DE-DICIEMBRE%20DE%202021.pdf\" target=\"_blank\" rel=\"noopener\"><span class=\"ms-rteThemeForeColor-2-0\">Decreto 1847 de 2021<\/span><\/a><\/li>\n<\/ul>\n<p><span style=\"color: #000000;\"><strong>Resoluciones que informan inscritos y excluidos del RST<\/strong><\/span><\/p>\n<ul>\n<li><a href=\"https:\/\/www.dian.gov.co\/normatividad\/Normatividad\/Resoluci%C3%B3n%20000097%20de%2022-06-2023.pdf\" target=\"_blank\" rel=\"noopener\"><span class=\"ms-rteThemeForeColor-2-0\">Resoluci\u00f3n 097 de 22 de junio de 2023<\/span><\/a><\/li>\n<li><a href=\"https:\/\/www.dian.gov.co\/normatividad\/Normatividad\/Resoluci%c3%b3n%20000026%20de%2024-03-2021.pdf\" target=\"_blank\" rel=\"noopener\"><span class=\"ms-rteThemeForeColor-2-0\">Resoluci\u00f3n\u00a0026 de\u00a024 de marzo de 2021<\/span><\/a><\/li>\n<li><a href=\"https:\/\/www.dian.gov.co\/normatividad\/Normatividad\/Resoluci%c3%b3n%20000024%20de%2015-03-2021.PDF\" target=\"_blank\" rel=\"noopener\"><span class=\"ms-rteThemeForeColor-2-0\">Resoluci\u00f3n\u00a0024 de 15 de marzo de 2021<\/span><\/a><\/li>\n<li><a href=\"https:\/\/www.dian.gov.co\/normatividad\/Normatividad\/Resoluci%c3%b3n%20000112%20de%2015-12-2020.pdf\" target=\"_blank\" rel=\"noopener\"><span class=\"ms-rteThemeForeColor-2-0\">Resoluci\u00f3n 112 de 15\u00a0de diciembre\u00a0de 2020<\/span><\/a><\/li>\n<li><a href=\"https:\/\/www.dian.gov.co\/normatividad\/Normatividad\/Resoluci%c3%b3n%20000018%20de%2003-03-2020.pdf\" target=\"_blank\" rel=\"noopener\"><span class=\"ms-rteThemeForeColor-2-0\">Resoluci\u00f3n 000018 de 3 de marzo de 2020<\/span><\/a><\/li>\n<li><a href=\"https:\/\/www.dian.gov.co\/normatividad\/Normatividad\/Resoluci%c3%b3n%20000081%20de%2027-11-2019.pdf\" target=\"_blank\" rel=\"noopener\"><span class=\"ms-rteThemeForeColor-2-0\">Resoluci\u00f3n 000081 del 27 de noviembre de 2019<\/span><\/a><span class=\"ms-rteThemeForeColor-2-0\"><\/span><\/li>\n<\/ul>\n<p><span style=\"color: #000000;\"><strong>Conceptos<\/strong><\/span><\/p>\n<p><span style=\"color: #000000;\">Consulta toda la doctrina de la DIAN relacionada con el RST en el siguiente link<\/span><br \/><a href=\"https:\/\/www.dian.gov.co\/normatividad\/doctrina\/Paginas\/DireccionGestionJuridica.aspx\"><span class=\"ms-rteThemeForeColor-2-0\">https:\/\/www.dian.gov.co\/normatividad\/doctrina\/Paginas\/DireccionGestionJuridica.aspx<\/span><\/a><span class=\"ms-rteThemeForeColor-2-0\">\u00a0<\/span><\/p>\n<p><span style=\"color: #000000;\"><\/span><\/p>\n<p>[\/et_pb_text][et_pb_text _builder_version=\u00bb4.16&#8243; _module_preset=\u00bbdefault\u00bb text_font=\u00bbUbuntu||||||||\u00bb text_text_color=\u00bb#2b323d\u00bb text_font_size=\u00bb12px\u00bb locked=\u00bboff\u00bb global_colors_info=\u00bb{}\u00bb]<\/p>\n<p>Compartir contenido:<\/p>\n<p>[\/et_pb_text][et_pb_code _builder_version=\u00bb4.17.1&#8243; _module_preset=\u00bbdefault\u00bb width=\u00bb45%\u00bb locked=\u00bboff\u00bb global_colors_info=\u00bb{}\u00bb]<div class=\"et_social_inline et_social_mobile_on et_social_inline_custom\">\n\t\t\t\t<div class=\"et_social_networks et_social_4col et_social_simple et_social_circle et_social_left et_social_no_animation et_social_outer_dark\">\n\t\t\t\t\t\n\t\t\t\t\t<ul class=\"et_social_icons_container\"><li class=\"et_social_facebook\">\n\t\t\t\t\t\t\t\t\t<a href=\"http:\/\/www.facebook.com\/sharer.php?u=https%3A%2F%2Fmicrositios.dian.gov.co%2Fregimen-simple-tributacion%2Fnormas%2F&#038;t=normas\" class=\"et_social_share\" rel=\"nofollow\" data-social_name=\"facebook\" data-post_id=\"249\" data-social_type=\"share\" data-location=\"inline\">\n\t\t\t\t\t\t\t\t\t\t<i class=\"et_social_icon et_social_icon_facebook\"><\/i><span class=\"et_social_overlay\"><\/span>\n\t\t\t\t\t\t\t\t\t<\/a>\n\t\t\t\t\t\t\t\t<\/li><li class=\"et_social_twitter\">\n\t\t\t\t\t\t\t\t\t<a href=\"http:\/\/twitter.com\/share?text=normas&#038;url=https%3A%2F%2Fmicrositios.dian.gov.co%2Fregimen-simple-tributacion%2Fnormas%2F\" class=\"et_social_share\" rel=\"nofollow\" data-social_name=\"twitter\" data-post_id=\"249\" data-social_type=\"share\" data-location=\"inline\">\n\t\t\t\t\t\t\t\t\t\t<i class=\"et_social_icon et_social_icon_twitter\"><\/i><span class=\"et_social_overlay\"><\/span>\n\t\t\t\t\t\t\t\t\t<\/a>\n\t\t\t\t\t\t\t\t<\/li><li class=\"et_social_linkedin\">\n\t\t\t\t\t\t\t\t\t<a href=\"http:\/\/www.linkedin.com\/shareArticle?mini=true&#038;url=https%3A%2F%2Fmicrositios.dian.gov.co%2Fregimen-simple-tributacion%2Fnormas%2F&#038;title=normas\" class=\"et_social_share\" rel=\"nofollow\" data-social_name=\"linkedin\" data-post_id=\"249\" data-social_type=\"share\" data-location=\"inline\">\n\t\t\t\t\t\t\t\t\t\t<i class=\"et_social_icon et_social_icon_linkedin\"><\/i><span class=\"et_social_overlay\"><\/span>\n\t\t\t\t\t\t\t\t\t<\/a>\n\t\t\t\t\t\t\t\t<\/li><\/ul>\n\t\t\t\t<\/div>\n\t\t\t<\/div>[\/et_pb_code][\/et_pb_column][et_pb_column type=\u00bb1_2&#8243; _builder_version=\u00bb4.16&#8243; _module_preset=\u00bbdefault\u00bb global_colors_info=\u00bb{}\u00bb][et_pb_image src=\u00bbhttps:\/\/micrositios.dian.gov.co\/regimen-simple-tributacion\/wp-content\/uploads\/sites\/3\/2022\/07\/Enmascarar-grupo-38-min-1.png\u00bb title_text=\u00bbEnmascarar grupo 38-min\u00bb _builder_version=\u00bb4.17.1&#8243; _module_preset=\u00bbdefault\u00bb global_colors_info=\u00bb{}\u00bb][\/et_pb_image][\/et_pb_column][\/et_pb_row][\/et_pb_section]<\/p>\n","protected":false},"excerpt":{"rendered":"<p>Normas<div class=\"et_pb_module dipl_breadcrumb dipl_breadcrumb_0\">\n\t\t\t\t\n\t\t\t\t\n\t\t\t\t\n\t\t\t\t\n\t\t\t\t\n\t\t\t\t\n\t\t\t\t<div class=\"et_pb_module_inner\">\n\t\t\t\t\t<div class=\"dipl-breadcrumb-wrapper layout2\">\n\t\t\t\t<ol class=\"dipl-breadcrumb-inner\" vocab=\"https:\/\/schema.org\/\" typeof=\"BreadcrumbList\">\n\t\t\t\t\t<li property=\"itemListElement\" typeof=\"ListItem\" data-icon=\"&#x24;\">\n\t\t\t\t\t\t\t\t<a class=\"breadcrumb-item dipl-home-page\" href=\"https:\/\/micrositios.dian.gov.co\/regimen-simple-tributacion\" property=\"item\" typeof=\"WebPage\" target=\"_blank\">\n\t\t\t\t\t\t\t\t\t<span class=\"breadcrumb-page\" property=\"name\">\n\t\t\t\t\t\t\t\t\t\t<span class=\"breadcrumb-home-icon et-pb-icon\">&#x23;<\/span>\n\t\t\t\t\t\t\t\t\t\tInicio\n\t\t\t\t\t\t\t\t\t<\/span>\n\t\t\t\t\t\t\t\t<\/a>\n\t\t\t\t\t\t\t\t<meta property=\"position\" content=\"1\" \/>\n\t\t\t\t\t\t\t<\/li>\n\t\t\t\t<\/ol>\n\t\t\t<\/div>\n\t\t\t\t<\/div>\n\t\t\t<\/div><div class=\"et_pb_with_border et_pb_module dipl_ajax_search dipl_ajax_search_0\">\n\t\t\t\t\n\t\t\t\t\n\t\t\t\t\n\t\t\t\t\n\t\t\t\t\n\t\t\t\t\n\t\t\t\t<div class=\"et_pb_module_inner\">\n\t\t\t\t\t<div class=\"dipl_ajax_search_wrap\">\n\t\t\t\t<div class=\"dipl_ajax_search_field_wrap dipl_ajax_search_icon\">\n\t\t\t\t\t<input type=\"search\" placeholder=\"Buscar por palabra clave\" class=\"dipl_ajax_search_field\"\n\t\t\t\t\t\tdata-search-in=\"post_title,post_content,post_excerpt\" data-search-post-type=\"page\" data-display-fields=\"title,excerpt,featured_image\" \n\t\t\t\t\t\tdata-url-new-window=\"on\" data-number-of-results=\"-1\" data-no-result-text=\"No encontramos resultados a tu b\u00fasqueda\" \n\t\t\t\t\t\tdata-orderby=\"post_title\" data-order=\"ASC\" data-use-masonry=\"off\"\n\t\t\t\t\t\tdata-exclude_protected_posts=\"off\"\n\t\t\t\t\t\/>\n\t\t\t\t\t<input type=\"hidden\" class=\"dipl_ajax_search_nonce\" value=\"04892bc03d\" \/>\n\t\t\t\t<\/div>\n\t\t\t\t<div class=\"dipl_ajax_search_results_wrap dipl_ajax_search_result_1_cols \"><\/div>\n\t\t\t<\/div>\n\t\t\t\t<\/div>\n\t\t\t<\/div>NormasNormatividad Sentencia C-540 de 2023 [&hellip;]<\/p>\n","protected":false},"author":1,"featured_media":0,"parent":0,"menu_order":0,"comment_status":"closed","ping_status":"closed","template":"","meta":{"_et_pb_use_builder":"on","_et_pb_old_content":"","_et_gb_content_width":"","footnotes":""},"class_list":["post-249","page","type-page","status-publish","hentry"],"yoast_head":"<!-- This site is optimized with the Yoast SEO Premium plugin v18.5 (Yoast SEO v27.2) - https:\/\/yoast.com\/product\/yoast-seo-premium-wordpress\/ -->\n<title>Normas RST<\/title>\n<meta name=\"description\" content=\"Encuentre la normatividad, decretos y resoluciones relacionadas con R\u00e9gimen Simple de Tributaci\u00f3n\" \/>\n<meta name=\"robots\" content=\"index, follow, max-snippet:-1, max-image-preview:large, max-video-preview:-1\" \/>\n<link rel=\"canonical\" href=\"https:\/\/micrositios.dian.gov.co\/regimen-simple-tributacion\/normas\/\" \/>\n<meta property=\"og:locale\" content=\"es_ES\" \/>\n<meta property=\"og:type\" content=\"article\" \/>\n<meta property=\"og:title\" content=\"Normas RST\" \/>\n<meta property=\"og:description\" content=\"Encuentre la normatividad, decretos y resoluciones relacionadas con R\u00e9gimen Simple de Tributaci\u00f3n\" \/>\n<meta property=\"og:url\" content=\"https:\/\/micrositios.dian.gov.co\/regimen-simple-tributacion\/normas\/\" \/>\n<meta property=\"og:site_name\" content=\"RST\" \/>\n<meta property=\"article:modified_time\" content=\"2024-09-13T15:58:08+00:00\" \/>\n<meta property=\"og:image\" content=\"https:\/\/micrositios.dian.gov.co\/regimen-simple-tributacion\/wp-content\/uploads\/sites\/3\/2022\/09\/RST.jpg\" \/>\n\t<meta property=\"og:image:width\" content=\"795\" \/>\n\t<meta property=\"og:image:height\" content=\"397\" \/>\n\t<meta property=\"og:image:type\" content=\"image\/jpeg\" \/>\n<meta name=\"twitter:card\" content=\"summary_large_image\" \/>\n<meta name=\"twitter:title\" content=\"Normas RST\" \/>\n<meta name=\"twitter:description\" content=\"Encuentre la normatividad, decretos y resoluciones relacionadas con R\u00e9gimen Simple de Tributaci\u00f3n\" \/>\n<meta name=\"twitter:label1\" content=\"Tiempo de lectura\" \/>\n\t<meta name=\"twitter:data1\" content=\"2 minutos\" \/>\n<script type=\"application\/ld+json\" class=\"yoast-schema-graph\">{\"@context\":\"https:\/\/schema.org\",\"@graph\":[{\"@type\":\"WebPage\",\"@id\":\"https:\/\/micrositios.dian.gov.co\/regimen-simple-tributacion\/normas\/\",\"url\":\"https:\/\/micrositios.dian.gov.co\/regimen-simple-tributacion\/normas\/\",\"name\":\"Normas RST\",\"isPartOf\":{\"@id\":\"https:\/\/micrositios.dian.gov.co\/regimen-simple-tributacion\/#website\"},\"datePublished\":\"2022-07-09T04:53:03+00:00\",\"dateModified\":\"2024-09-13T15:58:08+00:00\",\"description\":\"Encuentre la normatividad, decretos y resoluciones relacionadas con R\u00e9gimen Simple de Tributaci\u00f3n\",\"breadcrumb\":{\"@id\":\"https:\/\/micrositios.dian.gov.co\/regimen-simple-tributacion\/normas\/#breadcrumb\"},\"inLanguage\":\"es\",\"potentialAction\":[{\"@type\":\"ReadAction\",\"target\":[\"https:\/\/micrositios.dian.gov.co\/regimen-simple-tributacion\/normas\/\"]}]},{\"@type\":\"BreadcrumbList\",\"@id\":\"https:\/\/micrositios.dian.gov.co\/regimen-simple-tributacion\/normas\/#breadcrumb\",\"itemListElement\":[{\"@type\":\"ListItem\",\"position\":1,\"name\":\"Portada\",\"item\":\"https:\/\/micrositios.dian.gov.co\/regimen-simple-tributacion\/\"},{\"@type\":\"ListItem\",\"position\":2,\"name\":\"normas\"}]},{\"@type\":\"WebSite\",\"@id\":\"https:\/\/micrositios.dian.gov.co\/regimen-simple-tributacion\/#website\",\"url\":\"https:\/\/micrositios.dian.gov.co\/regimen-simple-tributacion\/\",\"name\":\"RST\",\"description\":\"Micrositios DIAN\",\"potentialAction\":[{\"@type\":\"SearchAction\",\"target\":{\"@type\":\"EntryPoint\",\"urlTemplate\":\"https:\/\/micrositios.dian.gov.co\/regimen-simple-tributacion\/?s={search_term_string}\"},\"query-input\":{\"@type\":\"PropertyValueSpecification\",\"valueRequired\":true,\"valueName\":\"search_term_string\"}}],\"inLanguage\":\"es\"}]}<\/script>\n<!-- \/ Yoast SEO Premium plugin. -->","yoast_head_json":{"title":"Normas RST","description":"Encuentre la normatividad, decretos y resoluciones relacionadas con R\u00e9gimen Simple de Tributaci\u00f3n","robots":{"index":"index","follow":"follow","max-snippet":"max-snippet:-1","max-image-preview":"max-image-preview:large","max-video-preview":"max-video-preview:-1"},"canonical":"https:\/\/micrositios.dian.gov.co\/regimen-simple-tributacion\/normas\/","og_locale":"es_ES","og_type":"article","og_title":"Normas RST","og_description":"Encuentre la normatividad, decretos y resoluciones relacionadas con R\u00e9gimen Simple de Tributaci\u00f3n","og_url":"https:\/\/micrositios.dian.gov.co\/regimen-simple-tributacion\/normas\/","og_site_name":"RST","article_modified_time":"2024-09-13T15:58:08+00:00","og_image":[{"width":795,"height":397,"url":"https:\/\/micrositios.dian.gov.co\/regimen-simple-tributacion\/wp-content\/uploads\/sites\/3\/2022\/09\/RST.jpg","type":"image\/jpeg"}],"twitter_card":"summary_large_image","twitter_title":"Normas RST","twitter_description":"Encuentre la normatividad, decretos y resoluciones relacionadas con R\u00e9gimen Simple de Tributaci\u00f3n","twitter_misc":{"Tiempo de lectura":"2 minutos"},"schema":{"@context":"https:\/\/schema.org","@graph":[{"@type":"WebPage","@id":"https:\/\/micrositios.dian.gov.co\/regimen-simple-tributacion\/normas\/","url":"https:\/\/micrositios.dian.gov.co\/regimen-simple-tributacion\/normas\/","name":"Normas RST","isPartOf":{"@id":"https:\/\/micrositios.dian.gov.co\/regimen-simple-tributacion\/#website"},"datePublished":"2022-07-09T04:53:03+00:00","dateModified":"2024-09-13T15:58:08+00:00","description":"Encuentre la normatividad, decretos y resoluciones relacionadas con R\u00e9gimen Simple de Tributaci\u00f3n","breadcrumb":{"@id":"https:\/\/micrositios.dian.gov.co\/regimen-simple-tributacion\/normas\/#breadcrumb"},"inLanguage":"es","potentialAction":[{"@type":"ReadAction","target":["https:\/\/micrositios.dian.gov.co\/regimen-simple-tributacion\/normas\/"]}]},{"@type":"BreadcrumbList","@id":"https:\/\/micrositios.dian.gov.co\/regimen-simple-tributacion\/normas\/#breadcrumb","itemListElement":[{"@type":"ListItem","position":1,"name":"Portada","item":"https:\/\/micrositios.dian.gov.co\/regimen-simple-tributacion\/"},{"@type":"ListItem","position":2,"name":"normas"}]},{"@type":"WebSite","@id":"https:\/\/micrositios.dian.gov.co\/regimen-simple-tributacion\/#website","url":"https:\/\/micrositios.dian.gov.co\/regimen-simple-tributacion\/","name":"RST","description":"Micrositios DIAN","potentialAction":[{"@type":"SearchAction","target":{"@type":"EntryPoint","urlTemplate":"https:\/\/micrositios.dian.gov.co\/regimen-simple-tributacion\/?s={search_term_string}"},"query-input":{"@type":"PropertyValueSpecification","valueRequired":true,"valueName":"search_term_string"}}],"inLanguage":"es"}]}},"_links":{"self":[{"href":"https:\/\/micrositios.dian.gov.co\/regimen-simple-tributacion\/wp-json\/wp\/v2\/pages\/249","targetHints":{"allow":["GET"]}}],"collection":[{"href":"https:\/\/micrositios.dian.gov.co\/regimen-simple-tributacion\/wp-json\/wp\/v2\/pages"}],"about":[{"href":"https:\/\/micrositios.dian.gov.co\/regimen-simple-tributacion\/wp-json\/wp\/v2\/types\/page"}],"author":[{"embeddable":true,"href":"https:\/\/micrositios.dian.gov.co\/regimen-simple-tributacion\/wp-json\/wp\/v2\/users\/1"}],"replies":[{"embeddable":true,"href":"https:\/\/micrositios.dian.gov.co\/regimen-simple-tributacion\/wp-json\/wp\/v2\/comments?post=249"}],"version-history":[{"count":4,"href":"https:\/\/micrositios.dian.gov.co\/regimen-simple-tributacion\/wp-json\/wp\/v2\/pages\/249\/revisions"}],"predecessor-version":[{"id":1784,"href":"https:\/\/micrositios.dian.gov.co\/regimen-simple-tributacion\/wp-json\/wp\/v2\/pages\/249\/revisions\/1784"}],"wp:attachment":[{"href":"https:\/\/micrositios.dian.gov.co\/regimen-simple-tributacion\/wp-json\/wp\/v2\/media?parent=249"}],"curies":[{"name":"wp","href":"https:\/\/api.w.org\/{rel}","templated":true}]}}