{"id":1751,"date":"2024-05-14T16:50:26","date_gmt":"2024-05-14T16:50:26","guid":{"rendered":"https:\/\/micrositios.dian.gov.co\/regimen-simple-tributacion\/?page_id=1751"},"modified":"2024-05-14T19:40:32","modified_gmt":"2024-05-14T19:40:32","slug":"como-diligenciar-el-formulario-2593-para-el-pago-de-anticipo-bimestral-del-rst-2024","status":"publish","type":"page","link":"https:\/\/micrositios.dian.gov.co\/regimen-simple-tributacion\/como-diligenciar-el-formulario-2593-para-el-pago-de-anticipo-bimestral-del-rst-2024\/","title":{"rendered":"C\u00f3mo diligenciar el formulario 2593 para el pago de anticipo bimestral del RST 2024"},"content":{"rendered":"<p>[et_pb_section fb_built=\u00bb1&#8243; _builder_version=\u00bb4.18.1&#8243; _module_preset=\u00bbdefault\u00bb background_image=\u00bbhttps:\/\/micrositios.dian.gov.co\/regimen-simple-tributacion\/wp-content\/uploads\/sites\/3\/2022\/09\/23-Calendario-RST.png\u00bb custom_margin=\u00bb||||true|true\u00bb custom_padding=\u00bb147px||147px||true|true\u00bb hover_enabled=\u00bb0&#8243; da_disable_devices=\u00bboff|off|off\u00bb global_colors_info=\u00bb{}\u00bb alt=\u00bbCalendario RST\u00bb title_text=\u00bbCalendario RST\u00bb sticky_enabled=\u00bb0&#8243; da_is_popup=\u00bboff\u00bb da_exit_intent=\u00bboff\u00bb da_has_close=\u00bbon\u00bb da_alt_close=\u00bboff\u00bb da_dark_close=\u00bboff\u00bb da_not_modal=\u00bbon\u00bb da_is_singular=\u00bboff\u00bb da_with_loader=\u00bboff\u00bb da_has_shadow=\u00bbon\u00bb][et_pb_row _builder_version=\u00bb4.17.4&#8243; _module_preset=\u00bbdefault\u00bb global_colors_info=\u00bb{}\u00bb][et_pb_column type=\u00bb4_4&#8243; _builder_version=\u00bb4.17.4&#8243; _module_preset=\u00bbdefault\u00bb global_colors_info=\u00bb{}\u00bb][et_pb_text content_tablet=\u00bb<\/p>\n<p>\u00bfTienes cuenta de usuario?<\/p>\n<p>\u00bb content_phone=\u00bb<\/p>\n<p>\u00bfTienes cuenta <br \/>de usuario?<\/p>\n<p>\u00bb content_last_edited=\u00bbon|phone\u00bb _builder_version=\u00bb4.18.1&#8243; _module_preset=\u00bb971aa146-072d-458a-989b-3668ea4c23cf\u00bb text_text_color=\u00bb#41d78c\u00bb text_font_size=\u00bb35px\u00bb text_line_height=\u00bb1em\u00bb text_orientation_tablet=\u00bb\u00bb text_orientation_phone=\u00bbcenter\u00bb text_orientation_last_edited=\u00bbon|phone\u00bb global_colors_info=\u00bb{}\u00bb]<\/p>\n<h2><strong>C\u00f3mo diligenciar el Formulario 2593<br \/><\/strong>para el pago de anticipo bimestral del RST &#8211; 2024<\/h2>\n<p>[\/et_pb_text][\/et_pb_column][\/et_pb_row][\/et_pb_section][et_pb_section fb_built=\u00bb1&#8243; _builder_version=\u00bb4.16&#8243; _module_preset=\u00bbdefault\u00bb custom_padding=\u00bb6px||0px|||\u00bb da_disable_devices=\u00bboff|off|off\u00bb global_colors_info=\u00bb{}\u00bb da_is_popup=\u00bboff\u00bb da_exit_intent=\u00bboff\u00bb da_has_close=\u00bbon\u00bb da_alt_close=\u00bboff\u00bb da_dark_close=\u00bboff\u00bb da_not_modal=\u00bbon\u00bb da_is_singular=\u00bboff\u00bb da_with_loader=\u00bboff\u00bb da_has_shadow=\u00bbon\u00bb][et_pb_row column_structure=\u00bb3_5,2_5&#8243; disabled_on=\u00bbon|off|off\u00bb _builder_version=\u00bb4.17.0&#8243; _module_preset=\u00bbdefault\u00bb global_colors_info=\u00bb{}\u00bb][et_pb_column type=\u00bb3_5&#8243; _builder_version=\u00bb4.16&#8243; _module_preset=\u00bbdefault\u00bb global_colors_info=\u00bb{}\u00bb][dipl_breadcrumb breadcrumb_layout=\u00bblayout2&#8243; link_target=\u00bbon\u00bb separator_text=\u00bb\/\u00bb separator_size=\u00bb15px\u00bb separator_color=\u00bb#000000&#8243; use_home_link_custom_text=\u00bbon\u00bb home_link_text=\u00bbInicio\u00bb use_home_link_icon=\u00bbon\u00bb home_link_icon=\u00bb&#x23;||divi||400&#8243; home_link_icon_color=\u00bb#41d78c\u00bb _builder_version=\u00bb4.16&#8243; _module_preset=\u00bbdefault\u00bb global_text_settings_font_size=\u00bb13px\u00bb text_font=\u00bbUbuntu||||||||\u00bb text_text_color=\u00bb#262944&#8243; link_font=\u00bbUbuntu|500|||||||\u00bb global_colors_info=\u00bb{}\u00bb][\/dipl_breadcrumb][\/et_pb_column][et_pb_column type=\u00bb2_5&#8243; _builder_version=\u00bb4.16&#8243; _module_preset=\u00bbdefault\u00bb global_colors_info=\u00bb{}\u00bb][dipl_ajax_search search_placeholder=\u00bbBuscar por palabra clave\u00bb number_of_results=\u00bb-1&#8243; orderby=\u00bbpost_title\u00bb order=\u00bbASC\u00bb no_result_text=\u00bbNo encontramos resultados a tu b\u00fasqueda\u00bb include_post_types=\u00bbpage\u00bb url_new_window=\u00bbon\u00bb search_icon_color=\u00bb#41d78c\u00bb loader_size=\u00bb12px\u00bb loader_color=\u00bb#41d78c\u00bb _builder_version=\u00bb4.17.0&#8243; _module_preset=\u00bbdefault\u00bb search_result_item_title_font=\u00bbWork Sans|700|||||||\u00bb search_result_item_excerpt_font=\u00bbUbuntu||||||||\u00bb search_result_item_excerpt_font_size=\u00bb12px\u00bb form_field_font=\u00bbUbuntu||||||||\u00bb form_field_font_size=\u00bb12px\u00bb width=\u00bb80%\u00bb module_alignment=\u00bbright\u00bb border_radii_form_field=\u00bbon|6px|6px|6px|6px\u00bb border_width_all_form_field=\u00bb0px\u00bb global_colors_info=\u00bb{}\u00bb][\/dipl_ajax_search][\/et_pb_column][\/et_pb_row][et_pb_row _builder_version=\u00bb4.16&#8243; _module_preset=\u00bbdefault\u00bb custom_padding=\u00bb||6px|||\u00bb global_colors_info=\u00bb{}\u00bb][et_pb_column type=\u00bb4_4&#8243; _builder_version=\u00bb4.16&#8243; _module_preset=\u00bbdefault\u00bb global_colors_info=\u00bb{}\u00bb][et_pb_text _builder_version=\u00bb4.18.1&#8243; _module_preset=\u00bbdefault\u00bb text_font=\u00bbWork Sans|700|||||||\u00bb text_text_color=\u00bb#2b323d\u00bb text_font_size=\u00bb20px\u00bb text_orientation=\u00bbcenter\u00bb custom_margin=\u00bb||4px|||\u00bb text_orientation_tablet=\u00bbcenter\u00bb text_orientation_phone=\u00bbleft\u00bb text_orientation_last_edited=\u00bbon|phone\u00bb global_colors_info=\u00bb{}\u00bb]<\/p>\n<h3><strong>Gu\u00eda pr\u00e1ctica para diligenciar el recibo electr\u00f3nico simple F2593<\/strong><\/h3>\n<p>[\/et_pb_text][et_pb_button button_url=\u00bbhttps:\/\/www.dian.gov.co\/impuestos\/Regimen-Simple-de-Tributacion-RST\/Documents\/Guia-practica-diligenciar-recibo-electronico-F2593-2024.pdf\u00bb url_new_window=\u00bbon\u00bb button_text=\u00bbDescargue aqu\u00ed la gu\u00eda en formato PDF para una mejor experiencia \u00bb button_alignment=\u00bbcenter\u00bb _builder_version=\u00bb4.18.1&#8243; _module_preset=\u00bbdefault\u00bb custom_button=\u00bbon\u00bb button_text_size=\u00bb15px\u00bb button_text_color=\u00bb#ffffff\u00bb button_bg_color=\u00bb#125066&#8243; button_font=\u00bbUbuntu|700|||||||\u00bb button_icon=\u00bb&#xe101;||divi||400&#8243; custom_margin=\u00bb39px|40px|39px|40px|true|true\u00bb custom_padding=\u00bb10px|25px|10px|25px|true|true\u00bb hover_enabled=\u00bb0&#8243; global_colors_info=\u00bb{}\u00bb sticky_enabled=\u00bb0&#8243;][\/et_pb_button][dsm_image_carousel gallery_ids=\u00bb1768,1769,1761,1762,1763,1764,1765,1766,1767&#8243; slide_to_show=\u00bb2&#8243; slide_to_scroll=\u00bb2&#8243; speed=\u00bb5000&#8243; autoplay=\u00bboff\u00bb space_between=\u00bb5&#8243; infinite=\u00bboff\u00bb _builder_version=\u00bb4.18.1&#8243; _module_preset=\u00bbdefault\u00bb width=\u00bb100%\u00bb max_width=\u00bb100%\u00bb custom_margin=\u00bb50px|||||\u00bb global_colors_info=\u00bb{}\u00bb][\/dsm_image_carousel][\/et_pb_column][\/et_pb_row][\/et_pb_section][et_pb_section fb_built=\u00bb1&#8243; _builder_version=\u00bb4.16&#8243; _module_preset=\u00bbdefault\u00bb use_background_color_gradient=\u00bbon\u00bb background_color_gradient_stops=\u00bb#ffffff 50%|#262944 50%\u00bb background_color_gradient_start=\u00bb#ffffff\u00bb background_color_gradient_start_position=\u00bb50%\u00bb background_color_gradient_end=\u00bb#262944&#8243; background_color_gradient_end_position=\u00bb50%\u00bb custom_margin=\u00bb||7px|||\u00bb custom_margin_tablet=\u00bb||7px|||\u00bb custom_margin_phone=\u00bb||-76px||false|false\u00bb custom_margin_last_edited=\u00bbon|phone\u00bb custom_padding=\u00bb0px|||||\u00bb background_last_edited=\u00bbon|phone\u00bb use_background_color_gradient_phone=\u00bboff\u00bb da_disable_devices=\u00bboff|off|off\u00bb global_colors_info=\u00bb{}\u00bb da_is_popup=\u00bboff\u00bb da_exit_intent=\u00bboff\u00bb da_has_close=\u00bbon\u00bb da_alt_close=\u00bboff\u00bb da_dark_close=\u00bboff\u00bb da_not_modal=\u00bbon\u00bb da_is_singular=\u00bboff\u00bb da_with_loader=\u00bboff\u00bb da_has_shadow=\u00bbon\u00bb][\/et_pb_section][et_pb_section fb_built=\u00bb1&#8243; _builder_version=\u00bb4.17.3&#8243; _module_preset=\u00bbdefault\u00bb custom_padding=\u00bb5px|||||\u00bb da_disable_devices=\u00bboff|off|off\u00bb global_colors_info=\u00bb{}\u00bb da_is_popup=\u00bboff\u00bb da_exit_intent=\u00bboff\u00bb da_has_close=\u00bbon\u00bb da_alt_close=\u00bboff\u00bb da_dark_close=\u00bboff\u00bb da_not_modal=\u00bbon\u00bb da_is_singular=\u00bboff\u00bb da_with_loader=\u00bboff\u00bb da_has_shadow=\u00bbon\u00bb][et_pb_row column_structure=\u00bb3_5,2_5&#8243; _builder_version=\u00bb4.17.3&#8243; _module_preset=\u00bbdefault\u00bb custom_padding=\u00bb||0px|||\u00bb global_colors_info=\u00bb{}\u00bb][et_pb_column type=\u00bb3_5&#8243; _builder_version=\u00bb4.17.3&#8243; _module_preset=\u00bbdefault\u00bb global_colors_info=\u00bb{}\u00bb][et_pb_text _builder_version=\u00bb4.16&#8243; _module_preset=\u00bbdefault\u00bb text_font=\u00bbUbuntu||||||||\u00bb text_text_color=\u00bb#2b323d\u00bb text_font_size=\u00bb12px\u00bb global_colors_info=\u00bb{}\u00bb]<\/p>\n<p>Compartir contenido:<\/p>\n<p>[\/et_pb_text][et_pb_code _builder_version=\u00bb4.17.4&#8243; _module_preset=\u00bbdefault\u00bb max_width=\u00bb40%\u00bb global_colors_info=\u00bb{}\u00bb]<div class=\"et_social_inline et_social_mobile_on et_social_inline_custom\">\n\t\t\t\t<div class=\"et_social_networks et_social_4col et_social_simple et_social_circle et_social_left et_social_no_animation et_social_outer_dark\">\n\t\t\t\t\t\n\t\t\t\t\t<ul class=\"et_social_icons_container\"><li class=\"et_social_facebook\">\n\t\t\t\t\t\t\t\t\t<a href=\"http:\/\/www.facebook.com\/sharer.php?u=https%3A%2F%2Fmicrositios.dian.gov.co%2Fregimen-simple-tributacion%2Fcomo-diligenciar-el-formulario-2593-para-el-pago-de-anticipo-bimestral-del-rst-2024%2F&#038;t=C%C3%B3mo%20diligenciar%20el%20formulario%202593%20para%20el%20pago%20de%20anticipo%20bimestral%20del%20RST%202024\" class=\"et_social_share\" rel=\"nofollow\" data-social_name=\"facebook\" data-post_id=\"1751\" data-social_type=\"share\" data-location=\"inline\">\n\t\t\t\t\t\t\t\t\t\t<i class=\"et_social_icon et_social_icon_facebook\"><\/i><span class=\"et_social_overlay\"><\/span>\n\t\t\t\t\t\t\t\t\t<\/a>\n\t\t\t\t\t\t\t\t<\/li><li class=\"et_social_twitter\">\n\t\t\t\t\t\t\t\t\t<a href=\"http:\/\/twitter.com\/share?text=C%C3%B3mo%20diligenciar%20el%20formulario%202593%20para%20el%20pago%20de%20anticipo%20bimestral%20del%20RST%202024&#038;url=https%3A%2F%2Fmicrositios.dian.gov.co%2Fregimen-simple-tributacion%2Fcomo-diligenciar-el-formulario-2593-para-el-pago-de-anticipo-bimestral-del-rst-2024%2F\" class=\"et_social_share\" rel=\"nofollow\" data-social_name=\"twitter\" data-post_id=\"1751\" data-social_type=\"share\" data-location=\"inline\">\n\t\t\t\t\t\t\t\t\t\t<i class=\"et_social_icon et_social_icon_twitter\"><\/i><span class=\"et_social_overlay\"><\/span>\n\t\t\t\t\t\t\t\t\t<\/a>\n\t\t\t\t\t\t\t\t<\/li><li class=\"et_social_linkedin\">\n\t\t\t\t\t\t\t\t\t<a href=\"http:\/\/www.linkedin.com\/shareArticle?mini=true&#038;url=https%3A%2F%2Fmicrositios.dian.gov.co%2Fregimen-simple-tributacion%2Fcomo-diligenciar-el-formulario-2593-para-el-pago-de-anticipo-bimestral-del-rst-2024%2F&#038;title=C%C3%B3mo%20diligenciar%20el%20formulario%202593%20para%20el%20pago%20de%20anticipo%20bimestral%20del%20RST%202024\" class=\"et_social_share\" rel=\"nofollow\" data-social_name=\"linkedin\" data-post_id=\"1751\" data-social_type=\"share\" data-location=\"inline\">\n\t\t\t\t\t\t\t\t\t\t<i class=\"et_social_icon et_social_icon_linkedin\"><\/i><span class=\"et_social_overlay\"><\/span>\n\t\t\t\t\t\t\t\t\t<\/a>\n\t\t\t\t\t\t\t\t<\/li><\/ul>\n\t\t\t\t<\/div>\n\t\t\t<\/div>[\/et_pb_code][\/et_pb_column][et_pb_column type=\u00bb2_5&#8243; _builder_version=\u00bb4.17.3&#8243; _module_preset=\u00bbdefault\u00bb global_colors_info=\u00bb{}\u00bb][\/et_pb_column][\/et_pb_row][\/et_pb_section]<\/p>\n","protected":false},"excerpt":{"rendered":"<p>C\u00f3mo diligenciar el Formulario 2593para el pago de anticipo bimestral del RST &#8211; 2024<div class=\"et_pb_module dipl_breadcrumb dipl_breadcrumb_0\">\n\t\t\t\t\n\t\t\t\t\n\t\t\t\t\n\t\t\t\t\n\t\t\t\t\n\t\t\t\t\n\t\t\t\t<div class=\"et_pb_module_inner\">\n\t\t\t\t\t<div class=\"dipl-breadcrumb-wrapper layout2\">\n\t\t\t\t<ol class=\"dipl-breadcrumb-inner\" vocab=\"https:\/\/schema.org\/\" typeof=\"BreadcrumbList\">\n\t\t\t\t\t<li property=\"itemListElement\" typeof=\"ListItem\" data-icon=\"&#x24;\">\n\t\t\t\t\t\t\t\t<a class=\"breadcrumb-item dipl-home-page\" href=\"https:\/\/micrositios.dian.gov.co\/regimen-simple-tributacion\" property=\"item\" typeof=\"WebPage\" target=\"_blank\">\n\t\t\t\t\t\t\t\t\t<span class=\"breadcrumb-page\" property=\"name\">\n\t\t\t\t\t\t\t\t\t\t<span class=\"breadcrumb-home-icon et-pb-icon\">&#x23;<\/span>\n\t\t\t\t\t\t\t\t\t\tInicio\n\t\t\t\t\t\t\t\t\t<\/span>\n\t\t\t\t\t\t\t\t<\/a>\n\t\t\t\t\t\t\t\t<meta property=\"position\" content=\"1\" \/>\n\t\t\t\t\t\t\t<\/li>\n\t\t\t\t<\/ol>\n\t\t\t<\/div>\n\t\t\t\t<\/div>\n\t\t\t<\/div><div class=\"et_pb_module dipl_ajax_search dipl_ajax_search_0\">\n\t\t\t\t\n\t\t\t\t\n\t\t\t\t\n\t\t\t\t\n\t\t\t\t\n\t\t\t\t\n\t\t\t\t<div class=\"et_pb_module_inner\">\n\t\t\t\t\t<div class=\"dipl_ajax_search_wrap\">\n\t\t\t\t<div class=\"dipl_ajax_search_field_wrap dipl_ajax_search_icon\">\n\t\t\t\t\t<input type=\"search\" placeholder=\"\u00bbBuscar\" class=\"dipl_ajax_search_field\"\n\t\t\t\t\t\tdata-search-in=\"post_title,post_content,post_excerpt\" data-search-post-type=\"\u00bbpage\u00bb\" data-display-fields=\"title,excerpt,featured_image\" \n\t\t\t\t\t\tdata-url-new-window=\"\u00bbon\u00bb\" data-number-of-results=\"0\" data-no-result-text=\"\u00bbNo\" \n\t\t\t\t\t\tdata-orderby=\"\u00bbpost_title\u00bb\" data-order=\"\u00bbASC\u00bb\" data-use-masonry=\"off\"\n\t\t\t\t\t\tdata-exclude_protected_posts=\"off\"\n\t\t\t\t\t\/>\n\t\t\t\t\t<input type=\"hidden\" class=\"dipl_ajax_search_nonce\" value=\"da3b7734ac\" \/>\n\t\t\t\t<\/div>\n\t\t\t\t<div class=\"dipl_ajax_search_results_wrap dipl_ajax_search_result_1_cols \"><\/div>\n\t\t\t<\/div>\n\t\t\t\t<\/div>\n\t\t\t<\/div><\/p>\n","protected":false},"author":1,"featured_media":0,"parent":0,"menu_order":0,"comment_status":"closed","ping_status":"closed","template":"","meta":{"_et_pb_use_builder":"on","_et_pb_old_content":"<!-- wp:divi\/placeholder \/-->","_et_gb_content_width":"","footnotes":""},"class_list":["post-1751","page","type-page","status-publish","hentry"],"yoast_head":"<!-- This site is optimized with the Yoast SEO Premium plugin v18.5 (Yoast SEO v27.2) - https:\/\/yoast.com\/product\/yoast-seo-premium-wordpress\/ -->\n<title>C\u00f3mo diligenciar el formulario 2593 para el pago de anticipo bimestral del RST 2024<\/title>\n<meta name=\"description\" content=\"C\u00f3mo diligenciar el Formulario 2593 para el pago de anticipo bimestral del RST para el a\u00f1o 2023\" \/>\n<meta name=\"robots\" content=\"index, follow, max-snippet:-1, max-image-preview:large, max-video-preview:-1\" \/>\n<link rel=\"canonical\" href=\"https:\/\/micrositios.dian.gov.co\/regimen-simple-tributacion\/como-diligenciar-el-formulario-2593-para-el-pago-de-anticipo-bimestral-del-rst-2024\/\" \/>\n<meta property=\"og:locale\" content=\"es_ES\" \/>\n<meta property=\"og:type\" content=\"article\" \/>\n<meta property=\"og:title\" content=\"Formulario 2593 para el pago de anticipo bimestral del RST 2024\" \/>\n<meta property=\"og:description\" content=\"C\u00f3mo diligenciar el formulario 2593 para el pago de anticipo bimestral del RST 2024\" \/>\n<meta property=\"og:url\" content=\"https:\/\/micrositios.dian.gov.co\/regimen-simple-tributacion\/como-diligenciar-el-formulario-2593-para-el-pago-de-anticipo-bimestral-del-rst-2024\/\" \/>\n<meta property=\"og:site_name\" content=\"RST\" \/>\n<meta property=\"article:modified_time\" content=\"2024-05-14T19:40:32+00:00\" \/>\n<meta property=\"og:image\" content=\"https:\/\/micrositios.dian.gov.co\/regimen-simple-tributacion\/wp-content\/uploads\/sites\/3\/2022\/09\/RST.jpg\" \/>\n\t<meta property=\"og:image:width\" content=\"795\" \/>\n\t<meta property=\"og:image:height\" content=\"397\" \/>\n\t<meta property=\"og:image:type\" content=\"image\/jpeg\" \/>\n<meta name=\"twitter:card\" content=\"summary_large_image\" \/>\n<meta name=\"twitter:title\" content=\"Formulario 2593 para el pago de anticipo bimestral del RST 2024\" \/>\n<meta name=\"twitter:description\" content=\"C\u00f3mo diligenciar el formulario 2593 para el pago de anticipo bimestral del RST 2023\" \/>\n<meta name=\"twitter:label1\" content=\"Tiempo de lectura\" \/>\n\t<meta name=\"twitter:data1\" content=\"2 minutos\" \/>\n<script type=\"application\/ld+json\" class=\"yoast-schema-graph\">{\"@context\":\"https:\/\/schema.org\",\"@graph\":[{\"@type\":\"WebPage\",\"@id\":\"https:\/\/micrositios.dian.gov.co\/regimen-simple-tributacion\/como-diligenciar-el-formulario-2593-para-el-pago-de-anticipo-bimestral-del-rst-2024\/\",\"url\":\"https:\/\/micrositios.dian.gov.co\/regimen-simple-tributacion\/como-diligenciar-el-formulario-2593-para-el-pago-de-anticipo-bimestral-del-rst-2024\/\",\"name\":\"C\u00f3mo diligenciar el formulario 2593 para el pago de anticipo bimestral del RST 2024\",\"isPartOf\":{\"@id\":\"https:\/\/micrositios.dian.gov.co\/regimen-simple-tributacion\/#website\"},\"datePublished\":\"2024-05-14T16:50:26+00:00\",\"dateModified\":\"2024-05-14T19:40:32+00:00\",\"description\":\"C\u00f3mo diligenciar el Formulario 2593 para el pago de anticipo bimestral del RST para el a\u00f1o 2023\",\"breadcrumb\":{\"@id\":\"https:\/\/micrositios.dian.gov.co\/regimen-simple-tributacion\/como-diligenciar-el-formulario-2593-para-el-pago-de-anticipo-bimestral-del-rst-2024\/#breadcrumb\"},\"inLanguage\":\"es\",\"potentialAction\":[{\"@type\":\"ReadAction\",\"target\":[\"https:\/\/micrositios.dian.gov.co\/regimen-simple-tributacion\/como-diligenciar-el-formulario-2593-para-el-pago-de-anticipo-bimestral-del-rst-2024\/\"]}]},{\"@type\":\"BreadcrumbList\",\"@id\":\"https:\/\/micrositios.dian.gov.co\/regimen-simple-tributacion\/como-diligenciar-el-formulario-2593-para-el-pago-de-anticipo-bimestral-del-rst-2024\/#breadcrumb\",\"itemListElement\":[{\"@type\":\"ListItem\",\"position\":1,\"name\":\"Portada\",\"item\":\"https:\/\/micrositios.dian.gov.co\/regimen-simple-tributacion\/\"},{\"@type\":\"ListItem\",\"position\":2,\"name\":\"C\u00f3mo diligenciar el formulario 2593 para el pago de anticipo bimestral del RST 2024\"}]},{\"@type\":\"WebSite\",\"@id\":\"https:\/\/micrositios.dian.gov.co\/regimen-simple-tributacion\/#website\",\"url\":\"https:\/\/micrositios.dian.gov.co\/regimen-simple-tributacion\/\",\"name\":\"RST\",\"description\":\"Micrositios DIAN\",\"potentialAction\":[{\"@type\":\"SearchAction\",\"target\":{\"@type\":\"EntryPoint\",\"urlTemplate\":\"https:\/\/micrositios.dian.gov.co\/regimen-simple-tributacion\/?s={search_term_string}\"},\"query-input\":{\"@type\":\"PropertyValueSpecification\",\"valueRequired\":true,\"valueName\":\"search_term_string\"}}],\"inLanguage\":\"es\"}]}<\/script>\n<!-- \/ Yoast SEO Premium plugin. -->","yoast_head_json":{"title":"C\u00f3mo diligenciar el formulario 2593 para el pago de anticipo bimestral del RST 2024","description":"C\u00f3mo diligenciar el Formulario 2593 para el pago de anticipo bimestral del RST para el a\u00f1o 2023","robots":{"index":"index","follow":"follow","max-snippet":"max-snippet:-1","max-image-preview":"max-image-preview:large","max-video-preview":"max-video-preview:-1"},"canonical":"https:\/\/micrositios.dian.gov.co\/regimen-simple-tributacion\/como-diligenciar-el-formulario-2593-para-el-pago-de-anticipo-bimestral-del-rst-2024\/","og_locale":"es_ES","og_type":"article","og_title":"Formulario 2593 para el pago de anticipo bimestral del RST 2024","og_description":"C\u00f3mo diligenciar el formulario 2593 para el pago de anticipo bimestral del RST 2024","og_url":"https:\/\/micrositios.dian.gov.co\/regimen-simple-tributacion\/como-diligenciar-el-formulario-2593-para-el-pago-de-anticipo-bimestral-del-rst-2024\/","og_site_name":"RST","article_modified_time":"2024-05-14T19:40:32+00:00","og_image":[{"width":795,"height":397,"url":"https:\/\/micrositios.dian.gov.co\/regimen-simple-tributacion\/wp-content\/uploads\/sites\/3\/2022\/09\/RST.jpg","type":"image\/jpeg"}],"twitter_card":"summary_large_image","twitter_title":"Formulario 2593 para el pago de anticipo bimestral del RST 2024","twitter_description":"C\u00f3mo diligenciar el formulario 2593 para el pago de anticipo bimestral del RST 2023","twitter_misc":{"Tiempo de lectura":"2 minutos"},"schema":{"@context":"https:\/\/schema.org","@graph":[{"@type":"WebPage","@id":"https:\/\/micrositios.dian.gov.co\/regimen-simple-tributacion\/como-diligenciar-el-formulario-2593-para-el-pago-de-anticipo-bimestral-del-rst-2024\/","url":"https:\/\/micrositios.dian.gov.co\/regimen-simple-tributacion\/como-diligenciar-el-formulario-2593-para-el-pago-de-anticipo-bimestral-del-rst-2024\/","name":"C\u00f3mo diligenciar el formulario 2593 para el pago de anticipo bimestral del RST 2024","isPartOf":{"@id":"https:\/\/micrositios.dian.gov.co\/regimen-simple-tributacion\/#website"},"datePublished":"2024-05-14T16:50:26+00:00","dateModified":"2024-05-14T19:40:32+00:00","description":"C\u00f3mo diligenciar el Formulario 2593 para el pago de anticipo bimestral del RST para el a\u00f1o 2023","breadcrumb":{"@id":"https:\/\/micrositios.dian.gov.co\/regimen-simple-tributacion\/como-diligenciar-el-formulario-2593-para-el-pago-de-anticipo-bimestral-del-rst-2024\/#breadcrumb"},"inLanguage":"es","potentialAction":[{"@type":"ReadAction","target":["https:\/\/micrositios.dian.gov.co\/regimen-simple-tributacion\/como-diligenciar-el-formulario-2593-para-el-pago-de-anticipo-bimestral-del-rst-2024\/"]}]},{"@type":"BreadcrumbList","@id":"https:\/\/micrositios.dian.gov.co\/regimen-simple-tributacion\/como-diligenciar-el-formulario-2593-para-el-pago-de-anticipo-bimestral-del-rst-2024\/#breadcrumb","itemListElement":[{"@type":"ListItem","position":1,"name":"Portada","item":"https:\/\/micrositios.dian.gov.co\/regimen-simple-tributacion\/"},{"@type":"ListItem","position":2,"name":"C\u00f3mo diligenciar el formulario 2593 para el pago de anticipo bimestral del RST 2024"}]},{"@type":"WebSite","@id":"https:\/\/micrositios.dian.gov.co\/regimen-simple-tributacion\/#website","url":"https:\/\/micrositios.dian.gov.co\/regimen-simple-tributacion\/","name":"RST","description":"Micrositios DIAN","potentialAction":[{"@type":"SearchAction","target":{"@type":"EntryPoint","urlTemplate":"https:\/\/micrositios.dian.gov.co\/regimen-simple-tributacion\/?s={search_term_string}"},"query-input":{"@type":"PropertyValueSpecification","valueRequired":true,"valueName":"search_term_string"}}],"inLanguage":"es"}]}},"_links":{"self":[{"href":"https:\/\/micrositios.dian.gov.co\/regimen-simple-tributacion\/wp-json\/wp\/v2\/pages\/1751","targetHints":{"allow":["GET"]}}],"collection":[{"href":"https:\/\/micrositios.dian.gov.co\/regimen-simple-tributacion\/wp-json\/wp\/v2\/pages"}],"about":[{"href":"https:\/\/micrositios.dian.gov.co\/regimen-simple-tributacion\/wp-json\/wp\/v2\/types\/page"}],"author":[{"embeddable":true,"href":"https:\/\/micrositios.dian.gov.co\/regimen-simple-tributacion\/wp-json\/wp\/v2\/users\/1"}],"replies":[{"embeddable":true,"href":"https:\/\/micrositios.dian.gov.co\/regimen-simple-tributacion\/wp-json\/wp\/v2\/comments?post=1751"}],"version-history":[{"count":10,"href":"https:\/\/micrositios.dian.gov.co\/regimen-simple-tributacion\/wp-json\/wp\/v2\/pages\/1751\/revisions"}],"predecessor-version":[{"id":1774,"href":"https:\/\/micrositios.dian.gov.co\/regimen-simple-tributacion\/wp-json\/wp\/v2\/pages\/1751\/revisions\/1774"}],"wp:attachment":[{"href":"https:\/\/micrositios.dian.gov.co\/regimen-simple-tributacion\/wp-json\/wp\/v2\/media?parent=1751"}],"curies":[{"name":"wp","href":"https:\/\/api.w.org\/{rel}","templated":true}]}}