{"id":1366,"date":"2023-03-23T15:09:08","date_gmt":"2023-03-23T15:09:08","guid":{"rendered":"https:\/\/micrositios.dian.gov.co\/regimen-simple-tributacion\/?page_id=1366"},"modified":"2024-03-13T19:53:01","modified_gmt":"2024-03-13T19:53:01","slug":"recomendaciones-para-diligenciar-el-formulario-260-periodo-2022","status":"publish","type":"page","link":"https:\/\/micrositios.dian.gov.co\/regimen-simple-tributacion\/recomendaciones-para-diligenciar-el-formulario-260-periodo-2022\/","title":{"rendered":"Recomendaciones para diligenciar el Formulario 260 periodo 2022"},"content":{"rendered":"\n[et_pb_section fb_built=\u00bb1&#8243; _builder_version=\u00bb4.18.1&#8243; _module_preset=\u00bbdefault\u00bb background_image=\u00bbhttps:\/\/micrositios.dian.gov.co\/regimen-simple-tributacion\/wp-content\/uploads\/sites\/3\/2022\/09\/17-Personas-Naturales-y-Juridicas.png\u00bb custom_margin=\u00bb||||true|true\u00bb custom_padding=\u00bb150px||150px||true|true\u00bb background_last_edited=\u00bbon|phone\u00bb background_position_phone=\u00bbcenter_left\u00bb da_disable_devices=\u00bboff|off|off\u00bb global_colors_info=\u00bb{}\u00bb da_is_popup=\u00bboff\u00bb da_exit_intent=\u00bboff\u00bb da_has_close=\u00bbon\u00bb da_alt_close=\u00bboff\u00bb da_dark_close=\u00bboff\u00bb da_not_modal=\u00bbon\u00bb da_is_singular=\u00bboff\u00bb da_with_loader=\u00bboff\u00bb da_has_shadow=\u00bbon\u00bb][et_pb_row _builder_version=\u00bb4.17.3&#8243; _module_preset=\u00bbdefault\u00bb global_colors_info=\u00bb{}\u00bb][et_pb_column type=\u00bb4_4&#8243; _builder_version=\u00bb4.16&#8243; _module_preset=\u00bbdefault\u00bb global_colors_info=\u00bb{}\u00bb][et_pb_text _builder_version=\u00bb4.18.1&#8243; _module_preset=\u00bb971aa146-072d-458a-989b-3668ea4c23cf\u00bb text_text_color=\u00bb#41d78c\u00bb text_font_size=\u00bb35px\u00bb text_line_height=\u00bb1em\u00bb text_orientation_tablet=\u00bb\u00bb text_orientation_phone=\u00bbcenter\u00bb text_orientation_last_edited=\u00bbon|phone\u00bb global_colors_info=\u00bb{}\u00bb]<h2><strong>Recomendaciones para diligenciar el Formulario 260 per\u00edodo 2022<\/strong><\/h2>[\/et_pb_text][\/et_pb_column][\/et_pb_row][\/et_pb_section][et_pb_section fb_built=\u00bb1&#8243; _builder_version=\u00bb4.16&#8243; _module_preset=\u00bbdefault\u00bb custom_padding=\u00bb6px||24px|||\u00bb da_disable_devices=\u00bboff|off|off\u00bb global_colors_info=\u00bb{}\u00bb da_is_popup=\u00bboff\u00bb da_exit_intent=\u00bboff\u00bb da_has_close=\u00bbon\u00bb da_alt_close=\u00bboff\u00bb da_dark_close=\u00bboff\u00bb da_not_modal=\u00bbon\u00bb da_is_singular=\u00bboff\u00bb da_with_loader=\u00bboff\u00bb da_has_shadow=\u00bbon\u00bb][et_pb_row column_structure=\u00bb3_5,2_5&#8243; disabled_on=\u00bbon|off|off\u00bb _builder_version=\u00bb4.17.0&#8243; _module_preset=\u00bbdefault\u00bb global_colors_info=\u00bb{}\u00bb][et_pb_column type=\u00bb3_5&#8243; _builder_version=\u00bb4.16&#8243; _module_preset=\u00bbdefault\u00bb global_colors_info=\u00bb{}\u00bb][dipl_breadcrumb breadcrumb_layout=\u00bblayout2&#8243; link_target=\u00bbon\u00bb separator_text=\u00bb\/\u00bb separator_size=\u00bb14px\u00bb separator_color=\u00bb#000000&#8243; use_home_link_custom_text=\u00bbon\u00bb home_link_text=\u00bbInicio\u00bb use_home_link_icon=\u00bbon\u00bb home_link_icon=\u00bb&#x23;||divi||400&#8243; home_link_icon_color=\u00bb#41d78c\u00bb _builder_version=\u00bb4.17.1&#8243; _module_preset=\u00bbdefault\u00bb global_text_settings_font_size=\u00bb12px\u00bb text_font=\u00bbUbuntu||||||||\u00bb text_text_color=\u00bb#262944&#8243; link_font=\u00bbUbuntu|500|||||||\u00bb global_colors_info=\u00bb{}\u00bb text_text_color__hover_enabled=\u00bbon|desktop\u00bb text_text_color__hover=\u00bb#00b4dc\u00bb][\/dipl_breadcrumb][\/et_pb_column][et_pb_column type=\u00bb2_5&#8243; _builder_version=\u00bb4.16&#8243; _module_preset=\u00bbdefault\u00bb global_colors_info=\u00bb{}\u00bb][dipl_ajax_search search_placeholder=\u00bbBuscar por palabra clave\u00bb number_of_results=\u00bb-1&#8243; orderby=\u00bbpost_title\u00bb order=\u00bbASC\u00bb no_result_text=\u00bbNo encontramos resultados a tu b\u00fasqueda\u00bb include_post_types=\u00bbpage\u00bb url_new_window=\u00bbon\u00bb search_icon_color=\u00bb#41d78c\u00bb loader_size=\u00bb12px\u00bb loader_color=\u00bb#41d78c\u00bb _builder_version=\u00bb4.17.0&#8243; _module_preset=\u00bbdefault\u00bb search_result_item_title_font=\u00bbWork Sans|700|||||||\u00bb search_result_item_excerpt_font=\u00bbUbuntu||||||||\u00bb search_result_item_excerpt_font_size=\u00bb12px\u00bb form_field_font=\u00bbUbuntu||||||||\u00bb form_field_font_size=\u00bb12px\u00bb width=\u00bb80%\u00bb module_alignment=\u00bbright\u00bb border_radii_form_field=\u00bbon|6px|6px|6px|6px\u00bb border_width_all_form_field=\u00bb0px\u00bb global_colors_info=\u00bb{}\u00bb][\/dipl_ajax_search][\/et_pb_column][\/et_pb_row][et_pb_row column_structure=\u00bb1_2,1_2&#8243; disabled_on=\u00bboff|off|off\u00bb _builder_version=\u00bb4.18.1&#8243; _module_preset=\u00bbdefault\u00bb custom_padding=\u00bb||6px|||\u00bb global_colors_info=\u00bb{}\u00bb][et_pb_column type=\u00bb1_2&#8243; _builder_version=\u00bb4.16&#8243; _module_preset=\u00bbdefault\u00bb global_colors_info=\u00bb{}\u00bb][et_pb_text _builder_version=\u00bb4.18.1&#8243; _module_preset=\u00bbdefault\u00bb text_font=\u00bbWork Sans|700|||||||\u00bb text_text_color=\u00bb#2b323d\u00bb text_font_size=\u00bb20px\u00bb text_orientation=\u00bbcenter\u00bb global_colors_info=\u00bb{}\u00bb]<p style=\"text-align: left;\">Recomendaciones para diligenciar el Formulario 260 per\u00edodo 2022<\/p>[\/et_pb_text][et_pb_divider color=\u00bb#41d78c\u00bb divider_weight=\u00bb4px\u00bb _builder_version=\u00bb4.18.1&#8243; _module_preset=\u00bbdefault\u00bb width=\u00bb95%\u00bb module_alignment=\u00bbleft\u00bb custom_margin=\u00bb-23px||10px||false|false\u00bb global_colors_info=\u00bb{}\u00bb][\/et_pb_divider][et_pb_text _builder_version=\u00bb4.18.1&#8243; _module_preset=\u00bbdefault\u00bb text_font=\u00bbUbuntu||||||||\u00bb text_text_color=\u00bbgcid-112b9687-df1c-4658-8664-751ddc21ec01&#8243; text_font_size=\u00bb12px\u00bb link_font=\u00bb||||on||||\u00bb link_text_color=\u00bb#00b4dc\u00bb custom_margin=\u00bb-8px||15px|||\u00bb hover_enabled=\u00bb0&#8243; global_colors_info=\u00bb{%22gcid-112b9687-df1c-4658-8664-751ddc21ec01%22:%91%22text_text_color%22%93}\u00bb sticky_enabled=\u00bb0&#8243;]<p><span style=\"color: #000000;\">Si est\u00e1 inscrito al R\u00e9gimen Simple de Tributaci\u00f3n \u2013 RST, recuerde que entre el 10 y 21 de abril de 2023 inician los vencimientos para que presentes la Declaraci\u00f3n Anual Consolidada, con base en el \u00faltimo digito del NIT. Para cumplir con esta obligaci\u00f3n, es importante que tenga en cuenta las siguientes recomendaciones:<\/span><\/p>\n<p><span style=\"color: #000000;\"><strong>1.<\/strong> Limpie el cach\u00e9 y las cookies de su navegador antes de usar nuestros servicios.\u00a0<\/span><\/p>\n<p><span style=\"color: #000000;\"><strong>2.<\/strong> Aseg\u00farese de haber presentado todos los anticipos del a\u00f1o 2022 que le correspondan. Si no los ha presentado, recuerde que estos son prerrequisito para presentar esta declaraci\u00f3n, sin estos no puede presentar la Declaraci\u00f3n Anual Consolidada.<\/span><\/p>\n<p><span style=\"color: #000000;\"><strong>3.<\/strong> Seg\u00fan inscripci\u00f3n en el RUT, estos son los anticipos que debi\u00f3 presentar<\/span><\/p>\n<table width=\"510\" style=\"height: 336px;\">\n<tbody>\n<tr style=\"height: 48px;\">\n<td style=\"width: 256.922px; height: 48px;\"><span style=\"color: #000000;\"><strong>Fecha de inscripci\u00f3n en el Registro \u00danico Tributario<\/strong><\/span><\/td>\n<td style=\"width: 237.078px; height: 48px;\"><span style=\"color: #000000;\"><strong>Anticipos que debes presentar respecto de 2020<\/strong><\/span><\/td>\n<\/tr>\n<tr style=\"height: 48px;\">\n<td style=\"width: 256.922px; height: 48px;\"><span style=\"color: #000000;\">Antes del 28 de febrero de 2022<\/span><\/td>\n<td style=\"width: 237.078px; height: 48px;\"><span style=\"color: #000000;\">Anticipos del 1 al 6. Total 6 anticipos<\/span><\/td>\n<\/tr>\n<tr style=\"height: 48px;\">\n<td style=\"width: 256.922px; height: 48px;\"><span style=\"color: #000000;\">Entre el 1 de marzo y 30 de abril de 2022<\/span><\/td>\n<td style=\"width: 237.078px; height: 48px;\"><span style=\"color: #000000;\">Anticipos del 2 al 6. Total 5 anticipos<\/span><\/td>\n<\/tr>\n<tr style=\"height: 48px;\">\n<td style=\"width: 256.922px; height: 48px;\"><span style=\"color: #000000;\">Entre el 1 de mayo y 30 de junio de 2022<\/span><\/td>\n<td style=\"width: 237.078px; height: 48px;\"><span style=\"color: #000000;\">Anticipos del 3 al 6. Total 4 anticipos<\/span><\/td>\n<\/tr>\n<tr style=\"height: 48px;\">\n<td style=\"width: 256.922px; height: 48px;\"><span style=\"color: #000000;\">Entre el 1 de julio y 31 de agosto de 2022<\/span><\/td>\n<td style=\"width: 237.078px; height: 48px;\"><span style=\"color: #000000;\">Anticipos del 4 al 6. Total 3 anticipos<\/span><\/td>\n<\/tr>\n<tr style=\"height: 48px;\">\n<td style=\"width: 256.922px; height: 48px;\"><span style=\"color: #000000;\">Entre el 1 de septiembre y 31 de octubre de 2022<\/span><\/td>\n<td style=\"width: 237.078px; height: 48px;\"><span style=\"color: #000000;\">Anticipos 5 y 6. Total 2 anticipos<\/span><\/td>\n<\/tr>\n<tr style=\"height: 48px;\">\n<td style=\"width: 256.922px; height: 48px;\"><span style=\"color: #000000;\">Entre el 1 de noviembre y 31 de diciembre de 2022<\/span><\/td>\n<td style=\"width: 237.078px; height: 48px;\"><span style=\"color: #000000;\">Anticipo 6. Total 1 anticipo<\/span><\/td>\n<\/tr>\n<\/tbody>\n<\/table>\n<p><span style=\"color: #000000;\"><strong>4.<\/strong> Mantenga actualizado el correo electr\u00f3nico en el RUT.<\/span><\/p>\n<p><span style=\"color: #000000;\"><strong>5.<\/strong> Evite abrir varias sesiones al mismo tiempo. Esto puede generar errores en sus transacciones.<\/span><\/p>\n<p><span style=\"color: #000000;\"><strong>6.<\/strong> Para realizar la declaraci\u00f3n requiere tener disponible su firma electr\u00f3nica. Si no la tiene solic\u00edtela en nuestra p\u00e1gina web. Consulta <a href=\"https:\/\/youtu.be\/IoLJzetIg80\" style=\"color: #000000;\">aqu\u00ed<\/a>\u00a0m\u00e1s informaci\u00f3n.<\/span><\/p>\n<p><iframe title=\"\u00bfC\u00f3mo generar tu Firma Electr\u00f3nica? - DIAN\" width=\"1080\" height=\"608\" src=\"https:\/\/www.youtube.com\/embed\/IoLJzetIg80?feature=oembed\"  allow=\"accelerometer; autoplay; clipboard-write; encrypted-media; gyroscope; picture-in-picture; web-share\" allowfullscreen><\/iframe><\/p>\n<ol start=\"7\"><\/ol>\n<p><span style=\"color: #000000;\"><strong>7.<\/strong> Para liquidar tu Formulario260 de la Declaraci\u00f3n Anual Consolidada del RST debe tener presente est\u00e1 informaci\u00f3n:<\/span><\/p>\n<ul>\n<li><span style=\"color: #000000;\">Descuentos por pagos en medios electr\u00f3nicos.<\/span><\/li>\n<li><span style=\"color: #000000;\">Anticipos de renta por el 2022.<\/span><\/li>\n<li><span style=\"color: #000000;\">Anticipos del ICA que pago a su municipio.<\/span><\/li>\n<\/ul>\n<p><span style=\"color: #000000;\"><strong>8.<\/strong> Para presentar declaraciones bimestrales pendientes con saldo a pagar, tenga presente que los pagos se hacen con el formulario 490 y deben realizarse el mismo d\u00eda en que se generan. Si no logro realizar el pago, debe ingresar nuevamente al Formulario 2593, ya diligenciado y generar un nuevo Formulario 490 para proceder con el pago.<\/span><\/p>\n<p><span style=\"color: #000000;\"><strong>9.<\/strong> Consulte <a href=\"https:\/\/www.dian.gov.co\/impuestos\/Regimen-Simple-de-Tributacion-RST\/Documents\/Abece-Declaracion-Anual-Consolidada-2022.pdf\" style=\"color: #000000;\" target=\"_blank\" rel=\"noopener\">aqu\u00ed<\/a>\u00a0el abec\u00e9 de la Declaraci\u00f3n Anual Consolidada.<\/span><\/p>\n<p><span style=\"color: #000000;\"><strong>10.<\/strong> Consulte <a href=\"https:\/\/www.dian.gov.co\/impuestos\/Regimen-Simple-de-Tributacion-RST\/Documents\/Guia-Practica-Formulario-260.pdf\" style=\"color: #000000;\" target=\"_blank\" rel=\"noopener\">aqu\u00ed<\/a>\u00a0la gu\u00eda pr\u00e1ctica Formulario 260 \u2013 Declaraci\u00f3n Anual Consolidada.<\/span><\/p>[\/et_pb_text][\/et_pb_column][et_pb_column type=\u00bb1_2&#8243; _builder_version=\u00bb4.16&#8243; _module_preset=\u00bbdefault\u00bb global_colors_info=\u00bb{}\u00bb][et_pb_image src=\u00bbhttps:\/\/micrositios.dian.gov.co\/regimen-simple-tributacion\/wp-content\/uploads\/sites\/3\/2023\/03\/microempresario-05.jpg\u00bb alt=\u00bbRecomendaciones para diligenciar el Formulario 260 per\u00edodo 2021&#8243; title_text=\u00bbmicroempresario-05&#8243; _builder_version=\u00bb4.18.1&#8243; _module_preset=\u00bbdefault\u00bb global_colors_info=\u00bb{}\u00bb][\/et_pb_image][et_pb_video src=\u00bbhttps:\/\/youtu.be\/g9jRRDVvPrE\u00bb _builder_version=\u00bb4.18.1&#8243; _module_preset=\u00bbdefault\u00bb global_colors_info=\u00bb{}\u00bb][\/et_pb_video][\/et_pb_column][\/et_pb_row][et_pb_row _builder_version=\u00bb4.18.1&#8243; _module_preset=\u00bbdefault\u00bb global_colors_info=\u00bb{}\u00bb][et_pb_column type=\u00bb4_4&#8243; _builder_version=\u00bb4.18.1&#8243; _module_preset=\u00bbdefault\u00bb global_colors_info=\u00bb{}\u00bb][et_pb_image src=\u00bbhttps:\/\/micrositios.dian.gov.co\/regimen-simple-tributacion\/wp-content\/uploads\/sites\/3\/2023\/03\/Declaracion-Anual-Cons.jpg\u00bb title_text=\u00bbDeclaracion-Anual-Consolidada-2022&#8243; show_in_lightbox=\u00bbon\u00bb _builder_version=\u00bb4.18.1&#8243; _module_preset=\u00bbdefault\u00bb global_colors_info=\u00bb{}\u00bb][\/et_pb_image][et_pb_text _builder_version=\u00bb4.16&#8243; _module_preset=\u00bbdefault\u00bb text_font=\u00bbUbuntu||||||||\u00bb text_text_color=\u00bb#2b323d\u00bb text_font_size=\u00bb12px\u00bb locked=\u00bboff\u00bb global_colors_info=\u00bb{}\u00bb]<p>Compartir contenido:<\/p>[\/et_pb_text][et_pb_code _builder_version=\u00bb4.18.1&#8243; _module_preset=\u00bbdefault\u00bb width=\u00bb25%\u00bb locked=\u00bboff\u00bb global_colors_info=\u00bb{}\u00bb]<div class=\"et_social_inline et_social_mobile_on et_social_inline_custom\">\n\t\t\t\t<div class=\"et_social_networks et_social_4col et_social_simple et_social_circle et_social_left et_social_no_animation et_social_outer_dark\">\n\t\t\t\t\t\n\t\t\t\t\t<ul class=\"et_social_icons_container\"><li class=\"et_social_facebook\">\n\t\t\t\t\t\t\t\t\t<a href=\"http:\/\/www.facebook.com\/sharer.php?u=https%3A%2F%2Fmicrositios.dian.gov.co%2Fregimen-simple-tributacion%2Frecomendaciones-para-diligenciar-el-formulario-260-periodo-2022%2F&#038;t=Recomendaciones%20para%20diligenciar%20el%20Formulario%20260%20periodo%202022\" class=\"et_social_share\" rel=\"nofollow\" data-social_name=\"facebook\" data-post_id=\"1366\" data-social_type=\"share\" data-location=\"inline\">\n\t\t\t\t\t\t\t\t\t\t<i class=\"et_social_icon et_social_icon_facebook\"><\/i><span class=\"et_social_overlay\"><\/span>\n\t\t\t\t\t\t\t\t\t<\/a>\n\t\t\t\t\t\t\t\t<\/li><li class=\"et_social_twitter\">\n\t\t\t\t\t\t\t\t\t<a href=\"http:\/\/twitter.com\/share?text=Recomendaciones%20para%20diligenciar%20el%20Formulario%20260%20periodo%202022&#038;url=https%3A%2F%2Fmicrositios.dian.gov.co%2Fregimen-simple-tributacion%2Frecomendaciones-para-diligenciar-el-formulario-260-periodo-2022%2F\" class=\"et_social_share\" rel=\"nofollow\" data-social_name=\"twitter\" data-post_id=\"1366\" data-social_type=\"share\" data-location=\"inline\">\n\t\t\t\t\t\t\t\t\t\t<i class=\"et_social_icon et_social_icon_twitter\"><\/i><span class=\"et_social_overlay\"><\/span>\n\t\t\t\t\t\t\t\t\t<\/a>\n\t\t\t\t\t\t\t\t<\/li><li class=\"et_social_linkedin\">\n\t\t\t\t\t\t\t\t\t<a href=\"http:\/\/www.linkedin.com\/shareArticle?mini=true&#038;url=https%3A%2F%2Fmicrositios.dian.gov.co%2Fregimen-simple-tributacion%2Frecomendaciones-para-diligenciar-el-formulario-260-periodo-2022%2F&#038;title=Recomendaciones%20para%20diligenciar%20el%20Formulario%20260%20periodo%202022\" class=\"et_social_share\" rel=\"nofollow\" data-social_name=\"linkedin\" data-post_id=\"1366\" data-social_type=\"share\" data-location=\"inline\">\n\t\t\t\t\t\t\t\t\t\t<i class=\"et_social_icon et_social_icon_linkedin\"><\/i><span class=\"et_social_overlay\"><\/span>\n\t\t\t\t\t\t\t\t\t<\/a>\n\t\t\t\t\t\t\t\t<\/li><\/ul>\n\t\t\t\t<\/div>\n\t\t\t<\/div>[\/et_pb_code][\/et_pb_column][\/et_pb_row][\/et_pb_section]\n","protected":false},"excerpt":{"rendered":"<p>Recomendaciones para diligenciar el Formulario 260 per\u00edodo 2022<div class=\"et_pb_module dipl_breadcrumb dipl_breadcrumb_0\">\n\t\t\t\t\n\t\t\t\t\n\t\t\t\t\n\t\t\t\t\n\t\t\t\t\n\t\t\t\t\n\t\t\t\t<div class=\"et_pb_module_inner\">\n\t\t\t\t\t<div class=\"dipl-breadcrumb-wrapper layout2\">\n\t\t\t\t<ol class=\"dipl-breadcrumb-inner\" vocab=\"https:\/\/schema.org\/\" typeof=\"BreadcrumbList\">\n\t\t\t\t\t<li property=\"itemListElement\" typeof=\"ListItem\" data-icon=\"&#x24;\">\n\t\t\t\t\t\t\t\t<a class=\"breadcrumb-item dipl-home-page\" href=\"https:\/\/micrositios.dian.gov.co\/regimen-simple-tributacion\" property=\"item\" typeof=\"WebPage\" target=\"_blank\">\n\t\t\t\t\t\t\t\t\t<span class=\"breadcrumb-page\" property=\"name\">\n\t\t\t\t\t\t\t\t\t\t<span class=\"breadcrumb-home-icon et-pb-icon\">&#x23;<\/span>\n\t\t\t\t\t\t\t\t\t\tInicio\n\t\t\t\t\t\t\t\t\t<\/span>\n\t\t\t\t\t\t\t\t<\/a>\n\t\t\t\t\t\t\t\t<meta property=\"position\" content=\"1\" \/>\n\t\t\t\t\t\t\t<\/li>\n\t\t\t\t<\/ol>\n\t\t\t<\/div>\n\t\t\t\t<\/div>\n\t\t\t<\/div><div class=\"et_pb_module dipl_ajax_search dipl_ajax_search_0\">\n\t\t\t\t\n\t\t\t\t\n\t\t\t\t\n\t\t\t\t\n\t\t\t\t\n\t\t\t\t\n\t\t\t\t<div class=\"et_pb_module_inner\">\n\t\t\t\t\t<div class=\"dipl_ajax_search_wrap\">\n\t\t\t\t<div class=\"dipl_ajax_search_field_wrap dipl_ajax_search_icon\">\n\t\t\t\t\t<input type=\"search\" placeholder=\"\u00bbBuscar\" class=\"dipl_ajax_search_field\"\n\t\t\t\t\t\tdata-search-in=\"post_title,post_content,post_excerpt\" data-search-post-type=\"\u00bbpage\u00bb\" data-display-fields=\"title,excerpt,featured_image\" \n\t\t\t\t\t\tdata-url-new-window=\"\u00bbon\u00bb\" data-number-of-results=\"0\" data-no-result-text=\"\u00bbNo\" \n\t\t\t\t\t\tdata-orderby=\"\u00bbpost_title\u00bb\" data-order=\"\u00bbASC\u00bb\" data-use-masonry=\"off\"\n\t\t\t\t\t\tdata-exclude_protected_posts=\"off\"\n\t\t\t\t\t\/>\n\t\t\t\t\t<input type=\"hidden\" class=\"dipl_ajax_search_nonce\" value=\"4568a29bc7\" \/>\n\t\t\t\t<\/div>\n\t\t\t\t<div class=\"dipl_ajax_search_results_wrap dipl_ajax_search_result_1_cols \"><\/div>\n\t\t\t<\/div>\n\t\t\t\t<\/div>\n\t\t\t<\/div><\/p>\n","protected":false},"author":1,"featured_media":0,"parent":0,"menu_order":0,"comment_status":"closed","ping_status":"closed","template":"","meta":{"_et_pb_use_builder":"on","_et_pb_old_content":"<!-- wp:divi\/placeholder \/-->","_et_gb_content_width":"","footnotes":""},"class_list":["post-1366","page","type-page","status-publish","hentry"],"yoast_head":"<!-- This site is optimized with the Yoast SEO Premium plugin v18.5 (Yoast SEO v27.2) - https:\/\/yoast.com\/product\/yoast-seo-premium-wordpress\/ -->\n<title>Diligenciar el Formulario 260 per\u00edodo 2022<\/title>\n<meta name=\"description\" content=\"Recomendaciones para diligenciar el Formulario 260 per\u00edodo 2022\" \/>\n<meta name=\"robots\" content=\"index, follow, max-snippet:-1, max-image-preview:large, max-video-preview:-1\" \/>\n<link rel=\"canonical\" href=\"https:\/\/micrositios.dian.gov.co\/regimen-simple-tributacion\/recomendaciones-para-diligenciar-el-formulario-260-periodo-2022\/\" \/>\n<meta property=\"og:locale\" content=\"es_ES\" \/>\n<meta property=\"og:type\" content=\"article\" \/>\n<meta property=\"og:title\" content=\"Diligenciar el Formulario 260 per\u00edodo 2022\" \/>\n<meta property=\"og:description\" content=\"Recomendaciones para diligenciar el Formulario 260 per\u00edodo 2022\" \/>\n<meta property=\"og:url\" content=\"https:\/\/micrositios.dian.gov.co\/regimen-simple-tributacion\/recomendaciones-para-diligenciar-el-formulario-260-periodo-2022\/\" \/>\n<meta property=\"og:site_name\" content=\"RST\" \/>\n<meta property=\"article:modified_time\" content=\"2024-03-13T19:53:01+00:00\" \/>\n<meta property=\"og:image\" content=\"https:\/\/micrositios.dian.gov.co\/regimen-simple-tributacion\/wp-content\/uploads\/sites\/3\/2022\/09\/RST.jpg\" \/>\n\t<meta property=\"og:image:width\" content=\"795\" \/>\n\t<meta property=\"og:image:height\" content=\"397\" \/>\n\t<meta property=\"og:image:type\" content=\"image\/jpeg\" \/>\n<meta name=\"twitter:card\" content=\"summary_large_image\" \/>\n<meta name=\"twitter:title\" content=\"Diligenciar el Formulario 260 per\u00edodo 2020\" \/>\n<meta name=\"twitter:description\" content=\"Recomendaciones para diligenciar el Formulario 260 per\u00edodo 2022\" \/>\n<meta name=\"twitter:label1\" content=\"Tiempo de lectura\" \/>\n\t<meta name=\"twitter:data1\" content=\"3 minutos\" \/>\n<script type=\"application\/ld+json\" class=\"yoast-schema-graph\">{\"@context\":\"https:\/\/schema.org\",\"@graph\":[{\"@type\":\"WebPage\",\"@id\":\"https:\/\/micrositios.dian.gov.co\/regimen-simple-tributacion\/recomendaciones-para-diligenciar-el-formulario-260-periodo-2022\/\",\"url\":\"https:\/\/micrositios.dian.gov.co\/regimen-simple-tributacion\/recomendaciones-para-diligenciar-el-formulario-260-periodo-2022\/\",\"name\":\"Diligenciar el Formulario 260 per\u00edodo 2022\",\"isPartOf\":{\"@id\":\"https:\/\/micrositios.dian.gov.co\/regimen-simple-tributacion\/#website\"},\"datePublished\":\"2023-03-23T15:09:08+00:00\",\"dateModified\":\"2024-03-13T19:53:01+00:00\",\"description\":\"Recomendaciones para diligenciar el Formulario 260 per\u00edodo 2022\",\"breadcrumb\":{\"@id\":\"https:\/\/micrositios.dian.gov.co\/regimen-simple-tributacion\/recomendaciones-para-diligenciar-el-formulario-260-periodo-2022\/#breadcrumb\"},\"inLanguage\":\"es\",\"potentialAction\":[{\"@type\":\"ReadAction\",\"target\":[\"https:\/\/micrositios.dian.gov.co\/regimen-simple-tributacion\/recomendaciones-para-diligenciar-el-formulario-260-periodo-2022\/\"]}]},{\"@type\":\"BreadcrumbList\",\"@id\":\"https:\/\/micrositios.dian.gov.co\/regimen-simple-tributacion\/recomendaciones-para-diligenciar-el-formulario-260-periodo-2022\/#breadcrumb\",\"itemListElement\":[{\"@type\":\"ListItem\",\"position\":1,\"name\":\"Portada\",\"item\":\"https:\/\/micrositios.dian.gov.co\/regimen-simple-tributacion\/\"},{\"@type\":\"ListItem\",\"position\":2,\"name\":\"Recomendaciones para diligenciar el Formulario 260 periodo 2022\"}]},{\"@type\":\"WebSite\",\"@id\":\"https:\/\/micrositios.dian.gov.co\/regimen-simple-tributacion\/#website\",\"url\":\"https:\/\/micrositios.dian.gov.co\/regimen-simple-tributacion\/\",\"name\":\"RST\",\"description\":\"Micrositios DIAN\",\"potentialAction\":[{\"@type\":\"SearchAction\",\"target\":{\"@type\":\"EntryPoint\",\"urlTemplate\":\"https:\/\/micrositios.dian.gov.co\/regimen-simple-tributacion\/?s={search_term_string}\"},\"query-input\":{\"@type\":\"PropertyValueSpecification\",\"valueRequired\":true,\"valueName\":\"search_term_string\"}}],\"inLanguage\":\"es\"}]}<\/script>\n<!-- \/ Yoast SEO Premium plugin. -->","yoast_head_json":{"title":"Diligenciar el Formulario 260 per\u00edodo 2022","description":"Recomendaciones para diligenciar el Formulario 260 per\u00edodo 2022","robots":{"index":"index","follow":"follow","max-snippet":"max-snippet:-1","max-image-preview":"max-image-preview:large","max-video-preview":"max-video-preview:-1"},"canonical":"https:\/\/micrositios.dian.gov.co\/regimen-simple-tributacion\/recomendaciones-para-diligenciar-el-formulario-260-periodo-2022\/","og_locale":"es_ES","og_type":"article","og_title":"Diligenciar el Formulario 260 per\u00edodo 2022","og_description":"Recomendaciones para diligenciar el Formulario 260 per\u00edodo 2022","og_url":"https:\/\/micrositios.dian.gov.co\/regimen-simple-tributacion\/recomendaciones-para-diligenciar-el-formulario-260-periodo-2022\/","og_site_name":"RST","article_modified_time":"2024-03-13T19:53:01+00:00","og_image":[{"width":795,"height":397,"url":"https:\/\/micrositios.dian.gov.co\/regimen-simple-tributacion\/wp-content\/uploads\/sites\/3\/2022\/09\/RST.jpg","type":"image\/jpeg"}],"twitter_card":"summary_large_image","twitter_title":"Diligenciar el Formulario 260 per\u00edodo 2020","twitter_description":"Recomendaciones para diligenciar el Formulario 260 per\u00edodo 2022","twitter_misc":{"Tiempo de lectura":"3 minutos"},"schema":{"@context":"https:\/\/schema.org","@graph":[{"@type":"WebPage","@id":"https:\/\/micrositios.dian.gov.co\/regimen-simple-tributacion\/recomendaciones-para-diligenciar-el-formulario-260-periodo-2022\/","url":"https:\/\/micrositios.dian.gov.co\/regimen-simple-tributacion\/recomendaciones-para-diligenciar-el-formulario-260-periodo-2022\/","name":"Diligenciar el Formulario 260 per\u00edodo 2022","isPartOf":{"@id":"https:\/\/micrositios.dian.gov.co\/regimen-simple-tributacion\/#website"},"datePublished":"2023-03-23T15:09:08+00:00","dateModified":"2024-03-13T19:53:01+00:00","description":"Recomendaciones para diligenciar el Formulario 260 per\u00edodo 2022","breadcrumb":{"@id":"https:\/\/micrositios.dian.gov.co\/regimen-simple-tributacion\/recomendaciones-para-diligenciar-el-formulario-260-periodo-2022\/#breadcrumb"},"inLanguage":"es","potentialAction":[{"@type":"ReadAction","target":["https:\/\/micrositios.dian.gov.co\/regimen-simple-tributacion\/recomendaciones-para-diligenciar-el-formulario-260-periodo-2022\/"]}]},{"@type":"BreadcrumbList","@id":"https:\/\/micrositios.dian.gov.co\/regimen-simple-tributacion\/recomendaciones-para-diligenciar-el-formulario-260-periodo-2022\/#breadcrumb","itemListElement":[{"@type":"ListItem","position":1,"name":"Portada","item":"https:\/\/micrositios.dian.gov.co\/regimen-simple-tributacion\/"},{"@type":"ListItem","position":2,"name":"Recomendaciones para diligenciar el Formulario 260 periodo 2022"}]},{"@type":"WebSite","@id":"https:\/\/micrositios.dian.gov.co\/regimen-simple-tributacion\/#website","url":"https:\/\/micrositios.dian.gov.co\/regimen-simple-tributacion\/","name":"RST","description":"Micrositios DIAN","potentialAction":[{"@type":"SearchAction","target":{"@type":"EntryPoint","urlTemplate":"https:\/\/micrositios.dian.gov.co\/regimen-simple-tributacion\/?s={search_term_string}"},"query-input":{"@type":"PropertyValueSpecification","valueRequired":true,"valueName":"search_term_string"}}],"inLanguage":"es"}]}},"_links":{"self":[{"href":"https:\/\/micrositios.dian.gov.co\/regimen-simple-tributacion\/wp-json\/wp\/v2\/pages\/1366","targetHints":{"allow":["GET"]}}],"collection":[{"href":"https:\/\/micrositios.dian.gov.co\/regimen-simple-tributacion\/wp-json\/wp\/v2\/pages"}],"about":[{"href":"https:\/\/micrositios.dian.gov.co\/regimen-simple-tributacion\/wp-json\/wp\/v2\/types\/page"}],"author":[{"embeddable":true,"href":"https:\/\/micrositios.dian.gov.co\/regimen-simple-tributacion\/wp-json\/wp\/v2\/users\/1"}],"replies":[{"embeddable":true,"href":"https:\/\/micrositios.dian.gov.co\/regimen-simple-tributacion\/wp-json\/wp\/v2\/comments?post=1366"}],"version-history":[{"count":20,"href":"https:\/\/micrositios.dian.gov.co\/regimen-simple-tributacion\/wp-json\/wp\/v2\/pages\/1366\/revisions"}],"predecessor-version":[{"id":1702,"href":"https:\/\/micrositios.dian.gov.co\/regimen-simple-tributacion\/wp-json\/wp\/v2\/pages\/1366\/revisions\/1702"}],"wp:attachment":[{"href":"https:\/\/micrositios.dian.gov.co\/regimen-simple-tributacion\/wp-json\/wp\/v2\/media?parent=1366"}],"curies":[{"name":"wp","href":"https:\/\/api.w.org\/{rel}","templated":true}]}}