{"id":885,"date":"2023-02-16T17:54:02","date_gmt":"2023-02-16T17:54:02","guid":{"rendered":"https:\/\/micrositios.dian.gov.co\/cultura-de-contribucion\/?page_id=885"},"modified":"2023-03-01T14:43:02","modified_gmt":"2023-03-01T14:43:02","slug":"somos-naf","status":"publish","type":"page","link":"https:\/\/micrositios.dian.gov.co\/cultura-de-contribucion\/somos-naf\/","title":{"rendered":"Somos NAF"},"content":{"rendered":"<p>[et_pb_section fb_built=&#8221;1&#8243; _builder_version=&#8221;4.18.1&#8243; _module_preset=&#8221;default&#8221; background_image=&#8221;https:\/\/micrositios.dian.gov.co\/cultura-de-contribucion\/wp-content\/uploads\/sites\/7\/2023\/01\/24-1920&#215;390-Novedades-2.jpg&#8221; custom_margin=&#8221;0px||||false|false&#8221; custom_padding=&#8221;144px||144px||true|false&#8221; da_disable_devices=&#8221;off|off|off&#8221; global_colors_info=&#8221;{}&#8221; da_is_popup=&#8221;off&#8221; da_exit_intent=&#8221;off&#8221; da_has_close=&#8221;on&#8221; da_alt_close=&#8221;off&#8221; da_dark_close=&#8221;off&#8221; da_not_modal=&#8221;on&#8221; da_is_singular=&#8221;off&#8221; da_with_loader=&#8221;off&#8221; da_has_shadow=&#8221;on&#8221;][et_pb_row _builder_version=&#8221;4.16&#8243; _module_preset=&#8221;default&#8221; global_colors_info=&#8221;{}&#8221;][et_pb_column type=&#8221;4_4&#8243; _builder_version=&#8221;4.16&#8243; _module_preset=&#8221;default&#8221; global_colors_info=&#8221;{}&#8221;][et_pb_text _builder_version=&#8221;4.18.1&#8243; _module_preset=&#8221;4510fd1e-db44-4c8d-9705-c95ebeb46e3e&#8221; text_font=&#8221;Work Sans|700|||||||&#8221; text_text_color=&#8221;#41d78c&#8221; text_font_size=&#8221;35px&#8221; text_line_height=&#8221;1em&#8221; custom_margin=&#8221;||11px|||&#8221; text_orientation_tablet=&#8221;&#8221; text_orientation_phone=&#8221;center&#8221; text_orientation_last_edited=&#8221;on|phone&#8221; global_colors_info=&#8221;{}&#8221;]<\/p>\n<h2><strong>Somos NAF<\/strong><\/h2>\n<p>[\/et_pb_text][\/et_pb_column][\/et_pb_row][\/et_pb_section][et_pb_section fb_built=&#8221;1&#8243; _builder_version=&#8221;4.17.1&#8243; _module_preset=&#8221;default&#8221; background_color=&#8221;#f6f7f9&#8243; custom_padding=&#8221;6px||36px|||&#8221; da_disable_devices=&#8221;off|off|off&#8221; global_colors_info=&#8221;{}&#8221; da_is_popup=&#8221;off&#8221; da_exit_intent=&#8221;off&#8221; da_has_close=&#8221;on&#8221; da_alt_close=&#8221;off&#8221; da_dark_close=&#8221;off&#8221; da_not_modal=&#8221;on&#8221; da_is_singular=&#8221;off&#8221; da_with_loader=&#8221;off&#8221; da_has_shadow=&#8221;on&#8221;][et_pb_row column_structure=&#8221;3_5,2_5&#8243; disabled_on=&#8221;on|off|off&#8221; _builder_version=&#8221;4.17.0&#8243; _module_preset=&#8221;default&#8221; global_colors_info=&#8221;{}&#8221;][et_pb_column type=&#8221;3_5&#8243; _builder_version=&#8221;4.16&#8243; _module_preset=&#8221;default&#8221; global_colors_info=&#8221;{}&#8221;][dipl_breadcrumb breadcrumb_layout=&#8221;layout2&#8243; link_target=&#8221;on&#8221; separator_text=&#8221;\/&#8221; separator_size=&#8221;14px&#8221; separator_color=&#8221;#000000&#8243; use_home_link_custom_text=&#8221;on&#8221; home_link_text=&#8221;Inicio&#8221; use_home_link_icon=&#8221;on&#8221; home_link_icon=&#8221;&#x23;||divi||400&#8243; home_link_icon_color=&#8221;#41d78c&#8221; _builder_version=&#8221;4.17.1&#8243; _module_preset=&#8221;default&#8221; global_text_settings_font_size=&#8221;12px&#8221; text_font=&#8221;Ubuntu||||||||&#8221; text_text_color=&#8221;#262944&#8243; link_font=&#8221;Ubuntu|500|||||||&#8221; global_colors_info=&#8221;{}&#8221; text_text_color__hover_enabled=&#8221;on|desktop&#8221; text_text_color__hover=&#8221;#00b4dc&#8221;][\/dipl_breadcrumb][\/et_pb_column][et_pb_column type=&#8221;2_5&#8243; _builder_version=&#8221;4.16&#8243; _module_preset=&#8221;default&#8221; global_colors_info=&#8221;{}&#8221;][dipl_ajax_search search_placeholder=&#8221;Buscar por palabra clave&#8221; number_of_results=&#8221;-1&#8243; orderby=&#8221;post_title&#8221; order=&#8221;ASC&#8221; no_result_text=&#8221;No encontramos resultados a tu b\u00fasqueda&#8221; include_post_types=&#8221;page&#8221; url_new_window=&#8221;on&#8221; search_icon_color=&#8221;#41d78c&#8221; loader_size=&#8221;12px&#8221; loader_color=&#8221;#41d78c&#8221; _builder_version=&#8221;4.17.0&#8243; _module_preset=&#8221;default&#8221; search_result_item_title_font=&#8221;Work Sans|700|||||||&#8221; search_result_item_excerpt_font=&#8221;Ubuntu||||||||&#8221; search_result_item_excerpt_font_size=&#8221;12px&#8221; form_field_font=&#8221;Ubuntu||||||||&#8221; form_field_font_size=&#8221;12px&#8221; width=&#8221;80%&#8221; module_alignment=&#8221;right&#8221; border_radii_form_field=&#8221;on|6px|6px|6px|6px&#8221; border_width_all_form_field=&#8221;0px&#8221; global_colors_info=&#8221;{}&#8221;][\/dipl_ajax_search][\/et_pb_column][\/et_pb_row][et_pb_row _builder_version=&#8221;4.16&#8243; _module_preset=&#8221;default&#8221; custom_padding=&#8221;||6px|||&#8221; global_colors_info=&#8221;{}&#8221;][et_pb_column type=&#8221;4_4&#8243; _builder_version=&#8221;4.16&#8243; _module_preset=&#8221;default&#8221; global_colors_info=&#8221;{}&#8221;][et_pb_text _builder_version=&#8221;4.18.1&#8243; _module_preset=&#8221;default&#8221; text_font=&#8221;Work Sans|700|||||||&#8221; text_text_color=&#8221;#2b323d&#8221; text_font_size=&#8221;19px&#8221; text_orientation=&#8221;center&#8221; text_orientation_tablet=&#8221;center&#8221; text_orientation_phone=&#8221;left&#8221; text_orientation_last_edited=&#8221;on|phone&#8221; global_colors_info=&#8221;{}&#8221;]<\/p>\n<h3><strong>Somos NAF<\/strong><\/h3>\n<p>[\/et_pb_text][et_pb_divider color=&#8221;#41d78c&#8221; divider_weight=&#8221;4px&#8221; _builder_version=&#8221;4.18.1&#8243; _module_preset=&#8221;default&#8221; width=&#8221;11%&#8221; width_tablet=&#8221;60%&#8221; width_phone=&#8221;100%&#8221; width_last_edited=&#8221;on|phone&#8221; module_alignment=&#8221;center&#8221; custom_margin=&#8221;-23px||10px||false|false&#8221; global_colors_info=&#8221;{}&#8221;][\/et_pb_divider][et_pb_text _builder_version=&#8221;4.18.1&#8243; _module_preset=&#8221;default&#8221; global_colors_info=&#8221;{}&#8221;]<\/p>\n<p><strong>Presentaci\u00f3n del bolet\u00edn\u00a0<\/strong><\/p>\n<p>El bolet\u00edn <em>SomosNAF<\/em> pretende ser un canal m\u00e1s de comunicaci\u00f3n del programa N\u00facleos de Apoyo Contable y Fiscal (NAF) que nos permitir\u00e1 mantener un contacto a\u00fan m\u00e1s cercano entre todos los actores que intervenimos en este exitoso proyecto de educaci\u00f3n y responsabilidad social que une esfuerzos entre la academia y el estado, y a su vez visibilizar ante el p\u00fablico externo contenido de inter\u00e9s de las acciones y actividades que se adelanta en los NAF a nivel nacional; como experiencias destacadas de los estudiantes, los docentes, coordinadores, l\u00edderes, incluso los mismos usuarios que se benefician del programa en las diferentes regiones del pa\u00eds, adem\u00e1s de los avances en materia de investigaci\u00f3n, y como tal del programa, donde se podr\u00e1n dar a conocer noticias destacadas sobre los N\u00facleos de Apoyo Contable y Fiscal &#8211; NAF y contenidos que inviten a reflexionar relacionados con el discurso de la cultura de la contribuci\u00f3n, la educaci\u00f3n y la ciudadan\u00eda fiscal.<\/p>\n<p>Esta informaci\u00f3n ser\u00e1 alojada en el micrositio NAF del portal web de la DIAN, y se realizar\u00e1 una publicaci\u00f3n trimestral. Los invitamos a que no se pierdan ninguna y que se animen a participar en su contenido.<\/p>\n<p>[\/et_pb_text][\/et_pb_column][\/et_pb_row][et_pb_row _builder_version=&#8221;4.17.1&#8243; _module_preset=&#8221;default&#8221; global_colors_info=&#8221;{}&#8221;][et_pb_column type=&#8221;4_4&#8243; _builder_version=&#8221;4.17.1&#8243; _module_preset=&#8221;default&#8221; global_colors_info=&#8221;{}&#8221;][brbl_post_list include_categories=&#8221;10&#8243; order=&#8221;DESC&#8221; posts_number=&#8221;8&#8243; _builder_version=&#8221;4.18.1&#8243; _module_preset=&#8221;default&#8221; hover_enabled=&#8221;0&#8243; global_colors_info=&#8221;{}&#8221; sticky_enabled=&#8221;0&#8243;][\/brbl_post_list][\/et_pb_column][\/et_pb_row][\/et_pb_section]<\/p>\n","protected":false},"excerpt":{"rendered":"<p>Somos NAF<div class=\"et_pb_module dipl_breadcrumb dipl_breadcrumb_0\">\n\t\t\t\t\n\t\t\t\t\n\t\t\t\t\n\t\t\t\t\n\t\t\t\t\n\t\t\t\t\n\t\t\t\t<div class=\"et_pb_module_inner\">\n\t\t\t\t\t<div class=\"dipl-breadcrumb-wrapper layout2\">\n\t\t\t\t<ol class=\"dipl-breadcrumb-inner\" vocab=\"https:\/\/schema.org\/\" typeof=\"BreadcrumbList\">\n\t\t\t\t\t<li property=\"itemListElement\" typeof=\"ListItem\" data-icon=\"&#x24;\">\n\t\t\t\t\t\t\t\t<a class=\"breadcrumb-item dipl-home-page\" href=\"https:\/\/micrositios.dian.gov.co\/cultura-de-contribucion\" property=\"item\" typeof=\"WebPage\" target=\"_blank\">\n\t\t\t\t\t\t\t\t\t<span class=\"breadcrumb-page\" property=\"name\">\n\t\t\t\t\t\t\t\t\t\t<span class=\"breadcrumb-home-icon et-pb-icon\">&#x23;<\/span>\n\t\t\t\t\t\t\t\t\t\tInicio\n\t\t\t\t\t\t\t\t\t<\/span>\n\t\t\t\t\t\t\t\t<\/a>\n\t\t\t\t\t\t\t\t<meta property=\"position\" content=\"1\" \/>\n\t\t\t\t\t\t\t<\/li>\n\t\t\t\t<\/ol>\n\t\t\t<\/div>\n\t\t\t\t<\/div>\n\t\t\t<\/div><div class=\"et_pb_with_border et_pb_module dipl_ajax_search dipl_ajax_search_0\">\n\t\t\t\t\n\t\t\t\t\n\t\t\t\t\n\t\t\t\t\n\t\t\t\t\n\t\t\t\t\n\t\t\t\t<div class=\"et_pb_module_inner\">\n\t\t\t\t\t<div class=\"dipl_ajax_search_wrap\">\n\t\t\t\t<div class=\"dipl_ajax_search_field_wrap dipl_ajax_search_icon\">\n\t\t\t\t\t<input type=\"search\" placeholder=\"Buscar por palabra clave\" class=\"dipl_ajax_search_field\"\n\t\t\t\t\t\tdata-search-in=\"post_title,post_content,post_excerpt\" data-search-post-type=\"page\" data-display-fields=\"title,excerpt,featured_image\" \n\t\t\t\t\t\tdata-url-new-window=\"on\" data-number-of-results=\"-1\" data-no-result-text=\"No encontramos resultados a tu b\u00fasqueda\" \n\t\t\t\t\t\tdata-orderby=\"post_title\" data-order=\"ASC\" data-use-masonry=\"off\"\n\t\t\t\t\t\tdata-exclude_protected_posts=\"off\"\n\t\t\t\t\t\/>\n\t\t\t\t\t<input type=\"hidden\" class=\"dipl_ajax_search_nonce\" value=\"e47fed3f7f\" \/>\n\t\t\t\t<\/div>\n\t\t\t\t<div class=\"dipl_ajax_search_results_wrap dipl_ajax_search_result_1_cols \"><\/div>\n\t\t\t<\/div>\n\t\t\t\t<\/div>\n\t\t\t<\/div>Somos NAFPresentaci\u00f3n del bolet\u00edn\u00a0 [&hellip;]<\/p>\n","protected":false},"author":1,"featured_media":0,"parent":0,"menu_order":0,"comment_status":"closed","ping_status":"closed","template":"","meta":{"_et_pb_use_builder":"on","_et_pb_old_content":"<!-- wp:divi\/placeholder \/-->","_et_gb_content_width":"","footnotes":""},"class_list":["post-885","page","type-page","status-publish","hentry"],"yoast_head":"<!-- This site is optimized with the Yoast SEO Premium plugin v18.5 (Yoast SEO v27.2) - https:\/\/yoast.com\/product\/yoast-seo-premium-wordpress\/ -->\n<title>Somos NAF<\/title>\n<meta name=\"description\" content=\"El bolet\u00edn SomosNAF pretende ser un canal m\u00e1s de comunicaci\u00f3n del programa N\u00facleos de Apoyo Contable y Fiscal (NAF) que nos permitir\u00e1 mantener un contacto a\u00fan m\u00e1s cercano entre todos los actores que intervenimos en este exitoso proyecto de educaci\u00f3n y responsabilidad social que une esfuerzos entre la academia y el estado, y a su vez visibilizar ante el p\u00fablico externo contenido de inter\u00e9s de las acciones y actividades que se adelanta en los NAF a nivel nacional.\" \/>\n<meta name=\"robots\" content=\"index, follow, max-snippet:-1, max-image-preview:large, max-video-preview:-1\" \/>\n<link rel=\"canonical\" href=\"https:\/\/micrositios.dian.gov.co\/cultura-de-contribucion\/somos-naf\/\" \/>\n<meta property=\"og:locale\" content=\"es_ES\" \/>\n<meta property=\"og:type\" content=\"article\" \/>\n<meta property=\"og:title\" content=\"Somos NAF\" \/>\n<meta property=\"og:description\" content=\"El bolet\u00edn SomosNAF pretende ser un canal m\u00e1s de comunicaci\u00f3n del programa N\u00facleos de Apoyo Contable y Fiscal (NAF) que nos permitir\u00e1 mantener un contacto a\u00fan m\u00e1s cercano entre todos los actores que intervenimos en este exitoso proyecto de educaci\u00f3n y responsabilidad social que une esfuerzos entre la academia y el estado, y a su vez visibilizar ante el p\u00fablico externo contenido de inter\u00e9s de las acciones y actividades que se adelanta en los NAF a nivel nacional\" \/>\n<meta property=\"og:url\" content=\"https:\/\/micrositios.dian.gov.co\/cultura-de-contribucion\/somos-naf\/\" \/>\n<meta property=\"og:site_name\" content=\"Cultura de la Contribuci\u00f3n\" \/>\n<meta property=\"article:modified_time\" content=\"2023-03-01T14:43:02+00:00\" \/>\n<meta property=\"og:image\" content=\"https:\/\/micrositios.dian.gov.co\/cultura-de-contribucion\/wp-content\/uploads\/sites\/7\/2023\/01\/Micrositio_Contribution.jpg\" \/>\n\t<meta property=\"og:image:width\" content=\"795\" \/>\n\t<meta property=\"og:image:height\" content=\"397\" \/>\n\t<meta property=\"og:image:type\" content=\"image\/jpeg\" \/>\n<meta name=\"twitter:card\" content=\"summary_large_image\" \/>\n<meta name=\"twitter:title\" content=\"Somos NAF\" \/>\n<meta name=\"twitter:description\" content=\"El bolet\u00edn SomosNAF pretende ser un canal m\u00e1s de comunicaci\u00f3n del programa N\u00facleos de Apoyo Contable y Fiscal (NAF) que nos permitir\u00e1 mantener un contacto a\u00fan m\u00e1s cercano entre todos los actores que intervenimos en este exitoso proyecto de educaci\u00f3n y responsabilidad social que une esfuerzos entre la academia y el estado, y a su vez visibilizar ante el p\u00fablico externo contenido de inter\u00e9s de las acciones y actividades que se adelanta en los NAF a nivel nacional\" \/>\n<script type=\"application\/ld+json\" class=\"yoast-schema-graph\">{\"@context\":\"https:\/\/schema.org\",\"@graph\":[{\"@type\":\"WebPage\",\"@id\":\"https:\/\/micrositios.dian.gov.co\/cultura-de-contribucion\/somos-naf\/\",\"url\":\"https:\/\/micrositios.dian.gov.co\/cultura-de-contribucion\/somos-naf\/\",\"name\":\"Somos NAF\",\"isPartOf\":{\"@id\":\"https:\/\/micrositios.dian.gov.co\/cultura-de-contribucion\/#website\"},\"datePublished\":\"2023-02-16T17:54:02+00:00\",\"dateModified\":\"2023-03-01T14:43:02+00:00\",\"description\":\"El bolet\u00edn SomosNAF pretende ser un canal m\u00e1s de comunicaci\u00f3n del programa N\u00facleos de Apoyo Contable y Fiscal (NAF) que nos permitir\u00e1 mantener un contacto a\u00fan m\u00e1s cercano entre todos los actores que intervenimos en este exitoso proyecto de educaci\u00f3n y responsabilidad social que une esfuerzos entre la academia y el estado, y a su vez visibilizar ante el p\u00fablico externo contenido de inter\u00e9s de las acciones y actividades que se adelanta en los NAF a nivel nacional.\",\"breadcrumb\":{\"@id\":\"https:\/\/micrositios.dian.gov.co\/cultura-de-contribucion\/somos-naf\/#breadcrumb\"},\"inLanguage\":\"es-CO\",\"potentialAction\":[{\"@type\":\"ReadAction\",\"target\":[\"https:\/\/micrositios.dian.gov.co\/cultura-de-contribucion\/somos-naf\/\"]}]},{\"@type\":\"BreadcrumbList\",\"@id\":\"https:\/\/micrositios.dian.gov.co\/cultura-de-contribucion\/somos-naf\/#breadcrumb\",\"itemListElement\":[{\"@type\":\"ListItem\",\"position\":1,\"name\":\"Portada\",\"item\":\"https:\/\/micrositios.dian.gov.co\/cultura-de-contribucion\/\"},{\"@type\":\"ListItem\",\"position\":2,\"name\":\"Somos NAF\"}]},{\"@type\":\"WebSite\",\"@id\":\"https:\/\/micrositios.dian.gov.co\/cultura-de-contribucion\/#website\",\"url\":\"https:\/\/micrositios.dian.gov.co\/cultura-de-contribucion\/\",\"name\":\"Cultura de la Contribuci\u00f3n\",\"description\":\"DIAN\",\"potentialAction\":[{\"@type\":\"SearchAction\",\"target\":{\"@type\":\"EntryPoint\",\"urlTemplate\":\"https:\/\/micrositios.dian.gov.co\/cultura-de-contribucion\/?s={search_term_string}\"},\"query-input\":{\"@type\":\"PropertyValueSpecification\",\"valueRequired\":true,\"valueName\":\"search_term_string\"}}],\"inLanguage\":\"es-CO\"}]}<\/script>\n<!-- \/ Yoast SEO Premium plugin. -->","yoast_head_json":{"title":"Somos NAF","description":"El bolet\u00edn SomosNAF pretende ser un canal m\u00e1s de comunicaci\u00f3n del programa N\u00facleos de Apoyo Contable y Fiscal (NAF) que nos permitir\u00e1 mantener un contacto a\u00fan m\u00e1s cercano entre todos los actores que intervenimos en este exitoso proyecto de educaci\u00f3n y responsabilidad social que une esfuerzos entre la academia y el estado, y a su vez visibilizar ante el p\u00fablico externo contenido de inter\u00e9s de las acciones y actividades que se adelanta en los NAF a nivel nacional.","robots":{"index":"index","follow":"follow","max-snippet":"max-snippet:-1","max-image-preview":"max-image-preview:large","max-video-preview":"max-video-preview:-1"},"canonical":"https:\/\/micrositios.dian.gov.co\/cultura-de-contribucion\/somos-naf\/","og_locale":"es_ES","og_type":"article","og_title":"Somos NAF","og_description":"El bolet\u00edn SomosNAF pretende ser un canal m\u00e1s de comunicaci\u00f3n del programa N\u00facleos de Apoyo Contable y Fiscal (NAF) que nos permitir\u00e1 mantener un contacto a\u00fan m\u00e1s cercano entre todos los actores que intervenimos en este exitoso proyecto de educaci\u00f3n y responsabilidad social que une esfuerzos entre la academia y el estado, y a su vez visibilizar ante el p\u00fablico externo contenido de inter\u00e9s de las acciones y actividades que se adelanta en los NAF a nivel nacional","og_url":"https:\/\/micrositios.dian.gov.co\/cultura-de-contribucion\/somos-naf\/","og_site_name":"Cultura de la Contribuci\u00f3n","article_modified_time":"2023-03-01T14:43:02+00:00","og_image":[{"width":795,"height":397,"url":"https:\/\/micrositios.dian.gov.co\/cultura-de-contribucion\/wp-content\/uploads\/sites\/7\/2023\/01\/Micrositio_Contribution.jpg","type":"image\/jpeg"}],"twitter_card":"summary_large_image","twitter_title":"Somos NAF","twitter_description":"El bolet\u00edn SomosNAF pretende ser un canal m\u00e1s de comunicaci\u00f3n del programa N\u00facleos de Apoyo Contable y Fiscal (NAF) que nos permitir\u00e1 mantener un contacto a\u00fan m\u00e1s cercano entre todos los actores que intervenimos en este exitoso proyecto de educaci\u00f3n y responsabilidad social que une esfuerzos entre la academia y el estado, y a su vez visibilizar ante el p\u00fablico externo contenido de inter\u00e9s de las acciones y actividades que se adelanta en los NAF a nivel nacional","schema":{"@context":"https:\/\/schema.org","@graph":[{"@type":"WebPage","@id":"https:\/\/micrositios.dian.gov.co\/cultura-de-contribucion\/somos-naf\/","url":"https:\/\/micrositios.dian.gov.co\/cultura-de-contribucion\/somos-naf\/","name":"Somos NAF","isPartOf":{"@id":"https:\/\/micrositios.dian.gov.co\/cultura-de-contribucion\/#website"},"datePublished":"2023-02-16T17:54:02+00:00","dateModified":"2023-03-01T14:43:02+00:00","description":"El bolet\u00edn SomosNAF pretende ser un canal m\u00e1s de comunicaci\u00f3n del programa N\u00facleos de Apoyo Contable y Fiscal (NAF) que nos permitir\u00e1 mantener un contacto a\u00fan m\u00e1s cercano entre todos los actores que intervenimos en este exitoso proyecto de educaci\u00f3n y responsabilidad social que une esfuerzos entre la academia y el estado, y a su vez visibilizar ante el p\u00fablico externo contenido de inter\u00e9s de las acciones y actividades que se adelanta en los NAF a nivel nacional.","breadcrumb":{"@id":"https:\/\/micrositios.dian.gov.co\/cultura-de-contribucion\/somos-naf\/#breadcrumb"},"inLanguage":"es-CO","potentialAction":[{"@type":"ReadAction","target":["https:\/\/micrositios.dian.gov.co\/cultura-de-contribucion\/somos-naf\/"]}]},{"@type":"BreadcrumbList","@id":"https:\/\/micrositios.dian.gov.co\/cultura-de-contribucion\/somos-naf\/#breadcrumb","itemListElement":[{"@type":"ListItem","position":1,"name":"Portada","item":"https:\/\/micrositios.dian.gov.co\/cultura-de-contribucion\/"},{"@type":"ListItem","position":2,"name":"Somos NAF"}]},{"@type":"WebSite","@id":"https:\/\/micrositios.dian.gov.co\/cultura-de-contribucion\/#website","url":"https:\/\/micrositios.dian.gov.co\/cultura-de-contribucion\/","name":"Cultura de la Contribuci\u00f3n","description":"DIAN","potentialAction":[{"@type":"SearchAction","target":{"@type":"EntryPoint","urlTemplate":"https:\/\/micrositios.dian.gov.co\/cultura-de-contribucion\/?s={search_term_string}"},"query-input":{"@type":"PropertyValueSpecification","valueRequired":true,"valueName":"search_term_string"}}],"inLanguage":"es-CO"}]}},"_links":{"self":[{"href":"https:\/\/micrositios.dian.gov.co\/cultura-de-contribucion\/wp-json\/wp\/v2\/pages\/885","targetHints":{"allow":["GET"]}}],"collection":[{"href":"https:\/\/micrositios.dian.gov.co\/cultura-de-contribucion\/wp-json\/wp\/v2\/pages"}],"about":[{"href":"https:\/\/micrositios.dian.gov.co\/cultura-de-contribucion\/wp-json\/wp\/v2\/types\/page"}],"author":[{"embeddable":true,"href":"https:\/\/micrositios.dian.gov.co\/cultura-de-contribucion\/wp-json\/wp\/v2\/users\/1"}],"replies":[{"embeddable":true,"href":"https:\/\/micrositios.dian.gov.co\/cultura-de-contribucion\/wp-json\/wp\/v2\/comments?post=885"}],"version-history":[{"count":12,"href":"https:\/\/micrositios.dian.gov.co\/cultura-de-contribucion\/wp-json\/wp\/v2\/pages\/885\/revisions"}],"predecessor-version":[{"id":981,"href":"https:\/\/micrositios.dian.gov.co\/cultura-de-contribucion\/wp-json\/wp\/v2\/pages\/885\/revisions\/981"}],"wp:attachment":[{"href":"https:\/\/micrositios.dian.gov.co\/cultura-de-contribucion\/wp-json\/wp\/v2\/media?parent=885"}],"curies":[{"name":"wp","href":"https:\/\/api.w.org\/{rel}","templated":true}]}}