{"id":410,"date":"2022-09-12T20:48:40","date_gmt":"2022-09-12T20:48:40","guid":{"rendered":"https:\/\/micrositios.dian.gov.co\/cultura-de-contribucion\/?page_id=410"},"modified":"2023-01-19T16:01:20","modified_gmt":"2023-01-19T16:01:20","slug":"novedades-cultura-de-la-contribucion-en-la-escuela","status":"publish","type":"page","link":"https:\/\/micrositios.dian.gov.co\/cultura-de-contribucion\/novedades-cultura-de-la-contribucion-en-la-escuela\/","title":{"rendered":"Novedades: Cultura de la Contribuci\u00f3n en la Escuela"},"content":{"rendered":"<p>[et_pb_section fb_built=&#8221;1&#8243; _builder_version=&#8221;4.18.1&#8243; _module_preset=&#8221;default&#8221; background_image=&#8221;https:\/\/micrositios.dian.gov.co\/cultura-de-contribucion\/wp-content\/uploads\/sites\/7\/2023\/01\/24-1920&#215;390-Novedades-2.jpg&#8221; custom_margin=&#8221;0px||||false|false&#8221; custom_padding=&#8221;144px||144px||true|false&#8221; da_disable_devices=&#8221;off|off|off&#8221; global_colors_info=&#8221;{}&#8221; da_is_popup=&#8221;off&#8221; da_exit_intent=&#8221;off&#8221; da_has_close=&#8221;on&#8221; da_alt_close=&#8221;off&#8221; da_dark_close=&#8221;off&#8221; da_not_modal=&#8221;on&#8221; da_is_singular=&#8221;off&#8221; da_with_loader=&#8221;off&#8221; da_has_shadow=&#8221;on&#8221;][et_pb_row _builder_version=&#8221;4.16&#8243; _module_preset=&#8221;default&#8221; global_colors_info=&#8221;{}&#8221;][et_pb_column type=&#8221;4_4&#8243; _builder_version=&#8221;4.16&#8243; _module_preset=&#8221;default&#8221; global_colors_info=&#8221;{}&#8221;][et_pb_text _builder_version=&#8221;4.18.1&#8243; _module_preset=&#8221;4510fd1e-db44-4c8d-9705-c95ebeb46e3e&#8221; text_font=&#8221;Work Sans|700|||||||&#8221; text_text_color=&#8221;#41d78c&#8221; text_font_size=&#8221;35px&#8221; text_line_height=&#8221;1em&#8221; custom_margin=&#8221;||11px|||&#8221; text_orientation_tablet=&#8221;&#8221; text_orientation_phone=&#8221;center&#8221; text_orientation_last_edited=&#8221;on|phone&#8221; global_colors_info=&#8221;{}&#8221;]<\/p>\n<h2><strong>Novedades Cultura de la Contribuci\u00f3n en la Escuela<\/strong><\/h2>\n<p>[\/et_pb_text][\/et_pb_column][\/et_pb_row][\/et_pb_section][et_pb_section fb_built=&#8221;1&#8243; _builder_version=&#8221;4.17.1&#8243; _module_preset=&#8221;default&#8221; background_color=&#8221;#f6f7f9&#8243; custom_padding=&#8221;6px||36px|||&#8221; da_disable_devices=&#8221;off|off|off&#8221; global_colors_info=&#8221;{}&#8221; da_is_popup=&#8221;off&#8221; da_exit_intent=&#8221;off&#8221; da_has_close=&#8221;on&#8221; da_alt_close=&#8221;off&#8221; da_dark_close=&#8221;off&#8221; da_not_modal=&#8221;on&#8221; da_is_singular=&#8221;off&#8221; da_with_loader=&#8221;off&#8221; da_has_shadow=&#8221;on&#8221;][et_pb_row column_structure=&#8221;3_5,2_5&#8243; disabled_on=&#8221;on|off|off&#8221; _builder_version=&#8221;4.17.0&#8243; _module_preset=&#8221;default&#8221; global_colors_info=&#8221;{}&#8221;][et_pb_column type=&#8221;3_5&#8243; _builder_version=&#8221;4.16&#8243; _module_preset=&#8221;default&#8221; global_colors_info=&#8221;{}&#8221;][dipl_breadcrumb breadcrumb_layout=&#8221;layout2&#8243; link_target=&#8221;on&#8221; separator_text=&#8221;\/&#8221; separator_size=&#8221;14px&#8221; separator_color=&#8221;#000000&#8243; use_home_link_custom_text=&#8221;on&#8221; home_link_text=&#8221;Inicio&#8221; use_home_link_icon=&#8221;on&#8221; home_link_icon=&#8221;&#x23;||divi||400&#8243; home_link_icon_color=&#8221;#41d78c&#8221; _builder_version=&#8221;4.17.1&#8243; _module_preset=&#8221;default&#8221; global_text_settings_font_size=&#8221;12px&#8221; text_font=&#8221;Ubuntu||||||||&#8221; text_text_color=&#8221;#262944&#8243; link_font=&#8221;Ubuntu|500|||||||&#8221; global_colors_info=&#8221;{}&#8221; text_text_color__hover_enabled=&#8221;on|desktop&#8221; text_text_color__hover=&#8221;#00b4dc&#8221;][\/dipl_breadcrumb][\/et_pb_column][et_pb_column type=&#8221;2_5&#8243; _builder_version=&#8221;4.16&#8243; _module_preset=&#8221;default&#8221; global_colors_info=&#8221;{}&#8221;][dipl_ajax_search search_placeholder=&#8221;Buscar por palabra clave&#8221; number_of_results=&#8221;-1&#8243; orderby=&#8221;post_title&#8221; order=&#8221;ASC&#8221; no_result_text=&#8221;No encontramos resultados a tu b\u00fasqueda&#8221; include_post_types=&#8221;page&#8221; url_new_window=&#8221;on&#8221; search_icon_color=&#8221;#41d78c&#8221; loader_size=&#8221;12px&#8221; loader_color=&#8221;#41d78c&#8221; _builder_version=&#8221;4.17.0&#8243; _module_preset=&#8221;default&#8221; search_result_item_title_font=&#8221;Work Sans|700|||||||&#8221; search_result_item_excerpt_font=&#8221;Ubuntu||||||||&#8221; search_result_item_excerpt_font_size=&#8221;12px&#8221; form_field_font=&#8221;Ubuntu||||||||&#8221; form_field_font_size=&#8221;12px&#8221; width=&#8221;80%&#8221; module_alignment=&#8221;right&#8221; border_radii_form_field=&#8221;on|6px|6px|6px|6px&#8221; border_width_all_form_field=&#8221;0px&#8221; global_colors_info=&#8221;{}&#8221;][\/dipl_ajax_search][\/et_pb_column][\/et_pb_row][et_pb_row _builder_version=&#8221;4.16&#8243; _module_preset=&#8221;default&#8221; custom_padding=&#8221;||6px|||&#8221; global_colors_info=&#8221;{}&#8221;][et_pb_column type=&#8221;4_4&#8243; _builder_version=&#8221;4.16&#8243; _module_preset=&#8221;default&#8221; global_colors_info=&#8221;{}&#8221;][et_pb_text _builder_version=&#8221;4.18.1&#8243; _module_preset=&#8221;default&#8221; text_font=&#8221;Work Sans|700|||||||&#8221; text_text_color=&#8221;#2b323d&#8221; text_font_size=&#8221;19px&#8221; text_orientation=&#8221;center&#8221; text_orientation_tablet=&#8221;center&#8221; text_orientation_phone=&#8221;left&#8221; text_orientation_last_edited=&#8221;on|phone&#8221; global_colors_info=&#8221;{}&#8221;]<\/p>\n<h3><strong>Novedades Cultura de la Contribuci\u00f3n en la Escuela<\/strong><\/h3>\n<p>[\/et_pb_text][et_pb_divider color=&#8221;#41d78c&#8221; divider_weight=&#8221;4px&#8221; _builder_version=&#8221;4.18.1&#8243; _module_preset=&#8221;default&#8221; width=&#8221;52%&#8221; width_tablet=&#8221;60%&#8221; width_phone=&#8221;100%&#8221; width_last_edited=&#8221;on|phone&#8221; module_alignment=&#8221;center&#8221; custom_margin=&#8221;-23px||10px||false|false&#8221; global_colors_info=&#8221;{}&#8221;][\/et_pb_divider][\/et_pb_column][\/et_pb_row][et_pb_row _builder_version=&#8221;4.17.1&#8243; _module_preset=&#8221;default&#8221; global_colors_info=&#8221;{}&#8221;][et_pb_column type=&#8221;4_4&#8243; _builder_version=&#8221;4.17.1&#8243; _module_preset=&#8221;default&#8221; global_colors_info=&#8221;{}&#8221;][brbl_post_tiles include_categories=&#8221;17&#8243; order=&#8221;DESC&#8221; layout=&#8221;tile-8&#8243; tiles_gap=&#8221;23px&#8221; show_author=&#8221;off&#8221; img_hover_style=&#8221;fade&#8221; desktop_only_img_hover=&#8221;on&#8221; overlay_visibility=&#8221;always&#8221; date_icon_size=&#8221;15px&#8221; date_icon_color=&#8221;#41d78c&#8221; overlay_bg_color=&#8221;rgba(38,41,68,0.79)&#8221; _builder_version=&#8221;4.18.1&#8243; _module_preset=&#8221;default&#8221; title_font=&#8221;Work Sans|700|||||||&#8221; title_font_size=&#8221;15px&#8221; excerpt_font=&#8221;Ubuntu||||||||&#8221; excerpt_font_size=&#8221;12px&#8221; ft_title_font=&#8221;Work Sans|700|||||||&#8221; ft_title_font_size=&#8221;16px&#8221; ft_excerpt_font=&#8221;Ubuntu||||||||&#8221; ft_excerpt_font_size=&#8221;12px&#8221; date_font=&#8221;Ubuntu||||||||&#8221; date_text_color=&#8221;#41d78c&#8221; global_colors_info=&#8221;{}&#8221;][\/brbl_post_tiles][et_pb_toggle title=&#8221;Otras Novedades&#8221; _builder_version=&#8221;4.18.1&#8243; _module_preset=&#8221;default&#8221; hover_enabled=&#8221;0&#8243; sticky_enabled=&#8221;0&#8243;]<\/p>\n<ul>\n<li><span style=\"color: #000000;\"><a href=\"https:\/\/www.dian.gov.co\/atencionciudadano\/CulturaContribucion\/Cultura-de-la-Contribucion\/Documents\/Avances-Gestion-Cultura-Contribucion-Escuela-julio-2022-DSI-Bogota.pdf\" target=\"_blank\" rel=\"noopener\" style=\"color: #000000;\"><span class=\"ms-rteThemeForeColor-2-0\">Avances de Gesti\u00f3n Cultura de la Contribuci\u00f3n en la Escuela julio 2022 &#8211; Direcci\u00f3n Seccional Impuestos Bogot\u00e1<\/span><\/a><\/span><\/li>\n<li><span style=\"color: #000000;\"><a href=\"https:\/\/www.dian.gov.co\/atencionciudadano\/CulturaContribucion\/Cultura-de-la-Contribucion\/Documents\/Cultura-de-la-Contribucion-Valle-del-Cauca.pdf\" target=\"_blank\" rel=\"noopener\" style=\"color: #000000;\"><span class=\"ms-rteThemeForeColor-2-0\">Cultura de la Contribuci\u00f3n en la Escuela en el Valle del Cauca<\/span><\/a><\/span><\/li>\n<li><span style=\"color: #000000;\"><a href=\"https:\/\/www.dian.gov.co\/atencionciudadano\/CulturaContribucion\/Cultura-de-la-Contribucion\/Documents\/Articulo-CCE-Cali-Marzo-2022.pdf\" target=\"_blank\" rel=\"noopener\" style=\"color: #000000;\"><span class=\"ms-rteThemeForeColor-2-0\">El Programa de Cultura de la Contribuci\u00f3n en la Escuela en Cali<\/span><\/a><\/span><\/li>\n<li><span style=\"color: #000000;\"><a href=\"https:\/\/www.dian.gov.co\/atencionciudadano\/CulturaContribucion\/Cultura-de-la-Contribucion\/Documents\/Resultados-Programa-CCE-2021.pdf\" target=\"_blank\" rel=\"noopener\" style=\"color: #000000;\">\u200b<\/a><a href=\"https:\/\/youtu.be\/NCS_p5q52es\" target=\"_blank\" rel=\"noopener\" style=\"color: #000000;\"><span class=\"ms-rteThemeForeColor-2-0\">La Factura Electr\u00f3nica mi forma de Contribuir&#8221; Instituci\u00f3n Educativa Sagrados Corazones de Florencia \u2013 Caquet\u00e1, en el marco del IX Encuentro Infantil y Juvenil de la Cultura de la Contribuci\u00f3n. Programa Cultura de la Contribuci\u00f3n en la Escuela<\/span><\/a><\/span><\/li>\n<li><span style=\"color: #000000;\"><a href=\"https:\/\/www.cali.gov.co\/educacion\/publicaciones\/164808\/la-secretaria-de-educacion-y-la-dian-le-apuestan-a-la-cultura-de-la-contribucion-en-la-escuela\/\" target=\"_blank\" rel=\"noopener\" style=\"color: #000000;\"><span class=\"ms-rteThemeForeColor-2-0\" lang=\"ES-CO\">La Secretar\u00eda de Educaci\u00f3n y la DIAN le apuestan a la Cultura de la Contribuci\u00f3n en la Escuela<\/span><\/a><\/span><\/li>\n<\/ul>\n<p>[\/et_pb_toggle][brbl_post_list include_categories=&#8221;17&#8243; order=&#8221;DESC&#8221; posts_number=&#8221;30&#8243; show_thumb=&#8221;off&#8221; list_icon=&#8221;&#x35;||divi||400&#8243; show_excerpt=&#8221;off&#8221; show_date=&#8221;on&#8221; list_type=&#8221;grid&#8221; items=&#8221;1&#8243; item_spacing=&#8221;5px&#8221; item_padding=&#8221;12px|12px|12px|12px|true|false&#8221; icon_color=&#8221;#41d78c&#8221; post_bg_color=&#8221;#FFFFFF&#8221; disabled_on=&#8221;on|on|on&#8221; _builder_version=&#8221;4.18.1&#8243; _module_preset=&#8221;default&#8221; title_font=&#8221;Ubuntu||||||||&#8221; title_text_color=&#8221;#262944&#8243; title_font_size=&#8221;12px&#8221; title_line_height=&#8221;1.7em&#8221; animation_style=&#8221;fade&#8221; box_shadow_style_post=&#8221;preset1&#8243; box_shadow_vertical_post=&#8221;0px&#8221; box_shadow_blur_post=&#8221;0px&#8221; box_shadow_spread_post=&#8221;-5px&#8221; box_shadow_blur_post_last_edited=&#8221;off|desktop&#8221; disabled=&#8221;on&#8221; global_colors_info=&#8221;{}&#8221; title_text_color__hover_enabled=&#8221;on|desktop&#8221; title_text_color__hover=&#8221;#00b4dc&#8221; box_shadow_horizontal_post__hover_enabled=&#8221;on|desktop&#8221; box_shadow_blur_post__hover_enabled=&#8221;on|hover&#8221; box_shadow_blur_post__hover=&#8221;12px&#8221;][\/brbl_post_list][\/et_pb_column][\/et_pb_row][\/et_pb_section]<\/p>\n","protected":false},"excerpt":{"rendered":"<p>Novedades Cultura de la Contribuci\u00f3n en la Escuela<div class=\"et_pb_module dipl_breadcrumb dipl_breadcrumb_0\">\n\t\t\t\t\n\t\t\t\t\n\t\t\t\t\n\t\t\t\t\n\t\t\t\t\n\t\t\t\t\n\t\t\t\t<div class=\"et_pb_module_inner\">\n\t\t\t\t\t<div class=\"dipl-breadcrumb-wrapper layout2\">\n\t\t\t\t<ol class=\"dipl-breadcrumb-inner\" vocab=\"https:\/\/schema.org\/\" typeof=\"BreadcrumbList\">\n\t\t\t\t\t<li property=\"itemListElement\" typeof=\"ListItem\" data-icon=\"&#x24;\">\n\t\t\t\t\t\t\t\t<a class=\"breadcrumb-item dipl-home-page\" href=\"https:\/\/micrositios.dian.gov.co\/cultura-de-contribucion\" property=\"item\" typeof=\"WebPage\" target=\"_blank\">\n\t\t\t\t\t\t\t\t\t<span class=\"breadcrumb-page\" property=\"name\">\n\t\t\t\t\t\t\t\t\t\t<span class=\"breadcrumb-home-icon et-pb-icon\">&#x23;<\/span>\n\t\t\t\t\t\t\t\t\t\tInicio\n\t\t\t\t\t\t\t\t\t<\/span>\n\t\t\t\t\t\t\t\t<\/a>\n\t\t\t\t\t\t\t\t<meta property=\"position\" content=\"1\" \/>\n\t\t\t\t\t\t\t<\/li>\n\t\t\t\t<\/ol>\n\t\t\t<\/div>\n\t\t\t\t<\/div>\n\t\t\t<\/div><div class=\"et_pb_module dipl_ajax_search dipl_ajax_search_0\">\n\t\t\t\t\n\t\t\t\t\n\t\t\t\t\n\t\t\t\t\n\t\t\t\t\n\t\t\t\t\n\t\t\t\t<div class=\"et_pb_module_inner\">\n\t\t\t\t\t<div class=\"dipl_ajax_search_wrap\">\n\t\t\t\t<div class=\"dipl_ajax_search_field_wrap dipl_ajax_search_icon\">\n\t\t\t\t\t<input type=\"search\" placeholder=\"&#8221;Buscar\" class=\"dipl_ajax_search_field\"\n\t\t\t\t\t\tdata-search-in=\"post_title,post_content,post_excerpt\" data-search-post-type=\"&#8221;page&#8221;\" data-display-fields=\"title,excerpt,featured_image\" \n\t\t\t\t\t\tdata-url-new-window=\"&#8221;on&#8221;\" data-number-of-results=\"0\" data-no-result-text=\"&#8221;No\" \n\t\t\t\t\t\tdata-orderby=\"&#8221;post_title&#8221;\" data-order=\"&#8221;ASC&#8221;\" data-use-masonry=\"off\"\n\t\t\t\t\t\tdata-exclude_protected_posts=\"off\"\n\t\t\t\t\t\/>\n\t\t\t\t\t<input type=\"hidden\" class=\"dipl_ajax_search_nonce\" value=\"1af1e06d1b\" \/>\n\t\t\t\t<\/div>\n\t\t\t\t<div class=\"dipl_ajax_search_results_wrap dipl_ajax_search_result_1_cols \"><\/div>\n\t\t\t<\/div>\n\t\t\t\t<\/div>\n\t\t\t<\/div><\/p>\n","protected":false},"author":1,"featured_media":0,"parent":0,"menu_order":0,"comment_status":"closed","ping_status":"closed","template":"","meta":{"_et_pb_use_builder":"on","_et_pb_old_content":"<!-- wp:divi\/placeholder \/-->","_et_gb_content_width":"","footnotes":""},"class_list":["post-410","page","type-page","status-publish","hentry"],"yoast_head":"<!-- This site is optimized with the Yoast SEO Premium plugin v18.5 (Yoast SEO v27.2) - https:\/\/yoast.com\/product\/yoast-seo-premium-wordpress\/ -->\n<title>Novedades Cultura de la Contribuci\u00f3n en la Escuela<\/title>\n<meta name=\"description\" content=\"Encuentre las novedades y eventos sobre el programa Novedades Cultura de la Contribuci\u00f3n en la Escuela (CCE)\" \/>\n<meta name=\"robots\" content=\"index, follow, max-snippet:-1, max-image-preview:large, max-video-preview:-1\" \/>\n<link rel=\"canonical\" href=\"https:\/\/micrositios.dian.gov.co\/cultura-de-contribucion\/novedades-cultura-de-la-contribucion-en-la-escuela\/\" \/>\n<meta property=\"og:locale\" content=\"es_ES\" \/>\n<meta property=\"og:type\" content=\"article\" \/>\n<meta property=\"og:title\" content=\"Novedades Cultura de la Contribuci\u00f3n en la Escuela\" \/>\n<meta property=\"og:description\" content=\"Encuentre las novedades y eventos sobre el programa Novedades Cultura de la Contribuci\u00f3n en la Escuela (CCE)\" \/>\n<meta property=\"og:url\" content=\"https:\/\/micrositios.dian.gov.co\/cultura-de-contribucion\/novedades-cultura-de-la-contribucion-en-la-escuela\/\" \/>\n<meta property=\"og:site_name\" content=\"Cultura de la Contribuci\u00f3n\" \/>\n<meta property=\"article:modified_time\" content=\"2023-01-19T16:01:20+00:00\" \/>\n<meta property=\"og:image\" content=\"https:\/\/micrositios.dian.gov.co\/cultura-de-contribucion\/wp-content\/uploads\/sites\/7\/2023\/01\/Micrositio_Contribution.jpg\" \/>\n\t<meta property=\"og:image:width\" content=\"795\" \/>\n\t<meta property=\"og:image:height\" content=\"397\" \/>\n\t<meta property=\"og:image:type\" content=\"image\/jpeg\" \/>\n<meta name=\"twitter:card\" content=\"summary_large_image\" \/>\n<meta name=\"twitter:title\" content=\"Novedades Cultura de la Contribuci\u00f3n en la Escuela\" \/>\n<meta name=\"twitter:description\" content=\"Encuentre las novedades y eventos sobre el programa Novedades Cultura de la Contribuci\u00f3n en la Escuela (CCE)\" \/>\n<meta name=\"twitter:label1\" content=\"Tiempo de lectura\" \/>\n\t<meta name=\"twitter:data1\" content=\"2 minutos\" \/>\n<script type=\"application\/ld+json\" class=\"yoast-schema-graph\">{\"@context\":\"https:\/\/schema.org\",\"@graph\":[{\"@type\":\"WebPage\",\"@id\":\"https:\/\/micrositios.dian.gov.co\/cultura-de-contribucion\/novedades-cultura-de-la-contribucion-en-la-escuela\/\",\"url\":\"https:\/\/micrositios.dian.gov.co\/cultura-de-contribucion\/novedades-cultura-de-la-contribucion-en-la-escuela\/\",\"name\":\"Novedades Cultura de la Contribuci\u00f3n en la Escuela\",\"isPartOf\":{\"@id\":\"https:\/\/micrositios.dian.gov.co\/cultura-de-contribucion\/#website\"},\"datePublished\":\"2022-09-12T20:48:40+00:00\",\"dateModified\":\"2023-01-19T16:01:20+00:00\",\"description\":\"Encuentre las novedades y eventos sobre el programa Novedades Cultura de la Contribuci\u00f3n en la Escuela (CCE)\",\"breadcrumb\":{\"@id\":\"https:\/\/micrositios.dian.gov.co\/cultura-de-contribucion\/novedades-cultura-de-la-contribucion-en-la-escuela\/#breadcrumb\"},\"inLanguage\":\"es-CO\",\"potentialAction\":[{\"@type\":\"ReadAction\",\"target\":[\"https:\/\/micrositios.dian.gov.co\/cultura-de-contribucion\/novedades-cultura-de-la-contribucion-en-la-escuela\/\"]}]},{\"@type\":\"BreadcrumbList\",\"@id\":\"https:\/\/micrositios.dian.gov.co\/cultura-de-contribucion\/novedades-cultura-de-la-contribucion-en-la-escuela\/#breadcrumb\",\"itemListElement\":[{\"@type\":\"ListItem\",\"position\":1,\"name\":\"Portada\",\"item\":\"https:\/\/micrositios.dian.gov.co\/cultura-de-contribucion\/\"},{\"@type\":\"ListItem\",\"position\":2,\"name\":\"Novedades: Cultura de la Contribuci\u00f3n en la Escuela\"}]},{\"@type\":\"WebSite\",\"@id\":\"https:\/\/micrositios.dian.gov.co\/cultura-de-contribucion\/#website\",\"url\":\"https:\/\/micrositios.dian.gov.co\/cultura-de-contribucion\/\",\"name\":\"Cultura de la Contribuci\u00f3n\",\"description\":\"DIAN\",\"potentialAction\":[{\"@type\":\"SearchAction\",\"target\":{\"@type\":\"EntryPoint\",\"urlTemplate\":\"https:\/\/micrositios.dian.gov.co\/cultura-de-contribucion\/?s={search_term_string}\"},\"query-input\":{\"@type\":\"PropertyValueSpecification\",\"valueRequired\":true,\"valueName\":\"search_term_string\"}}],\"inLanguage\":\"es-CO\"}]}<\/script>\n<!-- \/ Yoast SEO Premium plugin. -->","yoast_head_json":{"title":"Novedades Cultura de la Contribuci\u00f3n en la Escuela","description":"Encuentre las novedades y eventos sobre el programa Novedades Cultura de la Contribuci\u00f3n en la Escuela (CCE)","robots":{"index":"index","follow":"follow","max-snippet":"max-snippet:-1","max-image-preview":"max-image-preview:large","max-video-preview":"max-video-preview:-1"},"canonical":"https:\/\/micrositios.dian.gov.co\/cultura-de-contribucion\/novedades-cultura-de-la-contribucion-en-la-escuela\/","og_locale":"es_ES","og_type":"article","og_title":"Novedades Cultura de la Contribuci\u00f3n en la Escuela","og_description":"Encuentre las novedades y eventos sobre el programa Novedades Cultura de la Contribuci\u00f3n en la Escuela (CCE)","og_url":"https:\/\/micrositios.dian.gov.co\/cultura-de-contribucion\/novedades-cultura-de-la-contribucion-en-la-escuela\/","og_site_name":"Cultura de la Contribuci\u00f3n","article_modified_time":"2023-01-19T16:01:20+00:00","og_image":[{"width":795,"height":397,"url":"https:\/\/micrositios.dian.gov.co\/cultura-de-contribucion\/wp-content\/uploads\/sites\/7\/2023\/01\/Micrositio_Contribution.jpg","type":"image\/jpeg"}],"twitter_card":"summary_large_image","twitter_title":"Novedades Cultura de la Contribuci\u00f3n en la Escuela","twitter_description":"Encuentre las novedades y eventos sobre el programa Novedades Cultura de la Contribuci\u00f3n en la Escuela (CCE)","twitter_misc":{"Tiempo de lectura":"2 minutos"},"schema":{"@context":"https:\/\/schema.org","@graph":[{"@type":"WebPage","@id":"https:\/\/micrositios.dian.gov.co\/cultura-de-contribucion\/novedades-cultura-de-la-contribucion-en-la-escuela\/","url":"https:\/\/micrositios.dian.gov.co\/cultura-de-contribucion\/novedades-cultura-de-la-contribucion-en-la-escuela\/","name":"Novedades Cultura de la Contribuci\u00f3n en la Escuela","isPartOf":{"@id":"https:\/\/micrositios.dian.gov.co\/cultura-de-contribucion\/#website"},"datePublished":"2022-09-12T20:48:40+00:00","dateModified":"2023-01-19T16:01:20+00:00","description":"Encuentre las novedades y eventos sobre el programa Novedades Cultura de la Contribuci\u00f3n en la Escuela (CCE)","breadcrumb":{"@id":"https:\/\/micrositios.dian.gov.co\/cultura-de-contribucion\/novedades-cultura-de-la-contribucion-en-la-escuela\/#breadcrumb"},"inLanguage":"es-CO","potentialAction":[{"@type":"ReadAction","target":["https:\/\/micrositios.dian.gov.co\/cultura-de-contribucion\/novedades-cultura-de-la-contribucion-en-la-escuela\/"]}]},{"@type":"BreadcrumbList","@id":"https:\/\/micrositios.dian.gov.co\/cultura-de-contribucion\/novedades-cultura-de-la-contribucion-en-la-escuela\/#breadcrumb","itemListElement":[{"@type":"ListItem","position":1,"name":"Portada","item":"https:\/\/micrositios.dian.gov.co\/cultura-de-contribucion\/"},{"@type":"ListItem","position":2,"name":"Novedades: Cultura de la Contribuci\u00f3n en la Escuela"}]},{"@type":"WebSite","@id":"https:\/\/micrositios.dian.gov.co\/cultura-de-contribucion\/#website","url":"https:\/\/micrositios.dian.gov.co\/cultura-de-contribucion\/","name":"Cultura de la Contribuci\u00f3n","description":"DIAN","potentialAction":[{"@type":"SearchAction","target":{"@type":"EntryPoint","urlTemplate":"https:\/\/micrositios.dian.gov.co\/cultura-de-contribucion\/?s={search_term_string}"},"query-input":{"@type":"PropertyValueSpecification","valueRequired":true,"valueName":"search_term_string"}}],"inLanguage":"es-CO"}]}},"_links":{"self":[{"href":"https:\/\/micrositios.dian.gov.co\/cultura-de-contribucion\/wp-json\/wp\/v2\/pages\/410","targetHints":{"allow":["GET"]}}],"collection":[{"href":"https:\/\/micrositios.dian.gov.co\/cultura-de-contribucion\/wp-json\/wp\/v2\/pages"}],"about":[{"href":"https:\/\/micrositios.dian.gov.co\/cultura-de-contribucion\/wp-json\/wp\/v2\/types\/page"}],"author":[{"embeddable":true,"href":"https:\/\/micrositios.dian.gov.co\/cultura-de-contribucion\/wp-json\/wp\/v2\/users\/1"}],"replies":[{"embeddable":true,"href":"https:\/\/micrositios.dian.gov.co\/cultura-de-contribucion\/wp-json\/wp\/v2\/comments?post=410"}],"version-history":[{"count":16,"href":"https:\/\/micrositios.dian.gov.co\/cultura-de-contribucion\/wp-json\/wp\/v2\/pages\/410\/revisions"}],"predecessor-version":[{"id":821,"href":"https:\/\/micrositios.dian.gov.co\/cultura-de-contribucion\/wp-json\/wp\/v2\/pages\/410\/revisions\/821"}],"wp:attachment":[{"href":"https:\/\/micrositios.dian.gov.co\/cultura-de-contribucion\/wp-json\/wp\/v2\/media?parent=410"}],"curies":[{"name":"wp","href":"https:\/\/api.w.org\/{rel}","templated":true}]}}