{"id":308,"date":"2022-09-09T16:47:29","date_gmt":"2022-09-09T16:47:29","guid":{"rendered":"https:\/\/micrositios.dian.gov.co\/cultura-de-contribucion\/?page_id=308"},"modified":"2023-06-02T15:03:30","modified_gmt":"2023-06-02T15:03:30","slug":"caja-de-herramientas-naf","status":"publish","type":"page","link":"https:\/\/micrositios.dian.gov.co\/cultura-de-contribucion\/caja-de-herramientas-naf\/","title":{"rendered":"Caja de Herramientas NAF"},"content":{"rendered":"<p>[et_pb_section fb_built=&#8221;1&#8243; _builder_version=&#8221;4.18.1&#8243; _module_preset=&#8221;default&#8221; background_image=&#8221;https:\/\/micrositios.dian.gov.co\/cultura-de-contribucion\/wp-content\/uploads\/sites\/7\/2023\/01\/29-1920&#215;390-Semana-de-la-contribucion-2021.jpg&#8221; custom_padding=&#8221;148px||148px||true|false&#8221; background_last_edited=&#8221;on|phone&#8221; background_position_phone=&#8221;center_left&#8221; da_disable_devices=&#8221;off|off|off&#8221; locked=&#8221;off&#8221; global_colors_info=&#8221;{}&#8221; da_is_popup=&#8221;off&#8221; da_exit_intent=&#8221;off&#8221; da_has_close=&#8221;on&#8221; da_alt_close=&#8221;off&#8221; da_dark_close=&#8221;off&#8221; da_not_modal=&#8221;on&#8221; da_is_singular=&#8221;off&#8221; da_with_loader=&#8221;off&#8221; da_has_shadow=&#8221;on&#8221;][et_pb_row _builder_version=&#8221;4.16&#8243; _module_preset=&#8221;default&#8221; global_colors_info=&#8221;{}&#8221;][et_pb_column type=&#8221;4_4&#8243; _builder_version=&#8221;4.16&#8243; _module_preset=&#8221;default&#8221; global_colors_info=&#8221;{}&#8221;][et_pb_text _builder_version=&#8221;4.18.1&#8243; _module_preset=&#8221;4510fd1e-db44-4c8d-9705-c95ebeb46e3e&#8221; text_font=&#8221;Work Sans|700|||||||&#8221; text_text_color=&#8221;#41d78c&#8221; text_font_size=&#8221;35px&#8221; text_line_height=&#8221;1em&#8221; custom_margin=&#8221;||0px|||&#8221; text_orientation_tablet=&#8221;&#8221; text_orientation_phone=&#8221;center&#8221; text_orientation_last_edited=&#8221;on|phone&#8221; global_colors_info=&#8221;{}&#8221;]<\/p>\n<h2><strong>Caja de Herramientas NAF<\/strong><\/h2>\n<p>[\/et_pb_text][\/et_pb_column][\/et_pb_row][\/et_pb_section][et_pb_section fb_built=&#8221;1&#8243; _builder_version=&#8221;4.16&#8243; _module_preset=&#8221;default&#8221; custom_padding=&#8221;6px||0px|||&#8221; da_disable_devices=&#8221;off|off|off&#8221; locked=&#8221;off&#8221; global_colors_info=&#8221;{}&#8221; da_is_popup=&#8221;off&#8221; da_exit_intent=&#8221;off&#8221; da_has_close=&#8221;on&#8221; da_alt_close=&#8221;off&#8221; da_dark_close=&#8221;off&#8221; da_not_modal=&#8221;on&#8221; da_is_singular=&#8221;off&#8221; da_with_loader=&#8221;off&#8221; da_has_shadow=&#8221;on&#8221;][et_pb_row column_structure=&#8221;3_5,2_5&#8243; disabled_on=&#8221;on|off|off&#8221; _builder_version=&#8221;4.17.0&#8243; _module_preset=&#8221;default&#8221; global_colors_info=&#8221;{}&#8221;][et_pb_column type=&#8221;3_5&#8243; _builder_version=&#8221;4.16&#8243; _module_preset=&#8221;default&#8221; global_colors_info=&#8221;{}&#8221;][dipl_breadcrumb breadcrumb_layout=&#8221;layout2&#8243; separator_text=&#8221;\/&#8221; separator_size=&#8221;14px&#8221; separator_color=&#8221;#000000&#8243; use_home_link_custom_text=&#8221;on&#8221; home_link_text=&#8221;Inicio&#8221; use_home_link_icon=&#8221;on&#8221; home_link_icon=&#8221;&#x23;||divi||400&#8243; home_link_icon_color=&#8221;#41d78c&#8221; _builder_version=&#8221;4.17.4&#8243; _module_preset=&#8221;default&#8221; global_text_settings_font_size=&#8221;12px&#8221; text_font=&#8221;Ubuntu||||||||&#8221; text_text_color=&#8221;#262944&#8243; link_font=&#8221;Ubuntu|500|||||||&#8221; global_colors_info=&#8221;{}&#8221; text_text_color__hover_enabled=&#8221;on|desktop&#8221; text_text_color__hover=&#8221;#00b4dc&#8221;][\/dipl_breadcrumb][\/et_pb_column][et_pb_column type=&#8221;2_5&#8243; _builder_version=&#8221;4.16&#8243; _module_preset=&#8221;default&#8221; global_colors_info=&#8221;{}&#8221;][dipl_ajax_search search_placeholder=&#8221;Buscar por palabra clave&#8221; number_of_results=&#8221;-1&#8243; orderby=&#8221;post_title&#8221; order=&#8221;ASC&#8221; no_result_text=&#8221;No encontramos resultados a tu b\u00fasqueda&#8221; include_post_types=&#8221;page&#8221; url_new_window=&#8221;on&#8221; search_icon_color=&#8221;#41d78c&#8221; loader_size=&#8221;12px&#8221; loader_color=&#8221;#41d78c&#8221; _builder_version=&#8221;4.17.0&#8243; _module_preset=&#8221;default&#8221; search_result_item_title_font=&#8221;Work Sans|700|||||||&#8221; search_result_item_excerpt_font=&#8221;Ubuntu||||||||&#8221; search_result_item_excerpt_font_size=&#8221;12px&#8221; form_field_font=&#8221;Ubuntu||||||||&#8221; form_field_font_size=&#8221;12px&#8221; width=&#8221;80%&#8221; module_alignment=&#8221;right&#8221; border_radii_form_field=&#8221;on|6px|6px|6px|6px&#8221; border_width_all_form_field=&#8221;0px&#8221; global_colors_info=&#8221;{}&#8221;][\/dipl_ajax_search][\/et_pb_column][\/et_pb_row][\/et_pb_section][et_pb_section fb_built=&#8221;1&#8243; admin_label=&#8221;Section&#8221; _builder_version=&#8221;4.18.0&#8243; _module_preset=&#8221;default&#8221; background_color=&#8221;#ffffff&#8221; custom_padding=&#8221;5px||4px|||&#8221; da_disable_devices=&#8221;off|off|off&#8221; global_colors_info=&#8221;{}&#8221; da_is_popup=&#8221;off&#8221; da_exit_intent=&#8221;off&#8221; da_has_close=&#8221;on&#8221; da_alt_close=&#8221;off&#8221; da_dark_close=&#8221;off&#8221; da_not_modal=&#8221;on&#8221; da_is_singular=&#8221;off&#8221; da_with_loader=&#8221;off&#8221; da_has_shadow=&#8221;on&#8221;][et_pb_row _builder_version=&#8221;4.16&#8243; _module_preset=&#8221;default&#8221; custom_padding=&#8221;||10px|||&#8221; global_colors_info=&#8221;{}&#8221;][et_pb_column type=&#8221;4_4&#8243; _builder_version=&#8221;4.16&#8243; _module_preset=&#8221;default&#8221; global_colors_info=&#8221;{}&#8221;][et_pb_text _builder_version=&#8221;4.18.1&#8243; _module_preset=&#8221;default&#8221; text_font=&#8221;Work Sans|700|||||||&#8221; text_text_color=&#8221;#2b323d&#8221; text_font_size=&#8221;20px&#8221; text_orientation=&#8221;center&#8221; global_colors_info=&#8221;{}&#8221;]<\/p>\n<h3><strong>Caja de Herramientas NAF<\/strong><\/h3>\n<p>[\/et_pb_text][et_pb_divider color=&#8221;#41d78c&#8221; divider_weight=&#8221;4px&#8221; _builder_version=&#8221;4.18.1&#8243; _module_preset=&#8221;default&#8221; width=&#8221;26%&#8221; module_alignment=&#8221;center&#8221; custom_margin=&#8221;-23px||10px||false|false&#8221; global_colors_info=&#8221;{}&#8221;][\/et_pb_divider][\/et_pb_column][\/et_pb_row][et_pb_row _builder_version=&#8221;4.18.1&#8243; _module_preset=&#8221;default&#8221; global_colors_info=&#8221;{}&#8221;][et_pb_column type=&#8221;4_4&#8243; _builder_version=&#8221;4.18.1&#8243; _module_preset=&#8221;default&#8221; global_colors_info=&#8221;{}&#8221;][et_pb_accordion _builder_version=&#8221;4.18.1&#8243; _module_preset=&#8221;default&#8221; custom_margin=&#8221;||26px|||&#8221; hover_enabled=&#8221;0&#8243; global_colors_info=&#8221;{}&#8221; sticky_enabled=&#8221;0&#8243;][et_pb_accordion_item title=&#8221;Gu\u00edas&#8221; open=&#8221;on&#8221; _builder_version=&#8221;4.18.1&#8243; _module_preset=&#8221;default&#8221; background_enable_image=&#8221;off&#8221; background_size=&#8221;contain&#8221; hover_enabled=&#8221;0&#8243; global_colors_info=&#8221;{}&#8221; toggle_level=&#8221;h5&#8243; toggle_font=&#8221;|700|||||||&#8221; sticky_enabled=&#8221;0&#8243;]<\/p>\n<ul>\n<li><span style=\"color: #000000;\"><a href=\"https:\/\/www.dian.gov.co\/atencionciudadano\/CulturaContribucion\/Cultura-de-la-Contribucion\/Documents\/NAF\/1-Guia-DIAN-NAF.PDF\" target=\"_blank\" rel=\"noopener\" style=\"color: #000000;\">Gu\u00eda NAF<\/a><\/span><\/li>\n<li><a href=\"https:\/\/www.dian.gov.co\/atencionciudadano\/CulturaContribucion\/Cultura-de-la-Contribucion\/Documents\/NAF\/Ayuda-1-Formulario-Ingreso-programa-NAF-Estudiante.pdf\" target=\"_blank\" rel=\"noopener\"><span style=\"color: #000000;\">Ayuda 1. Formulario Ingreso programa NAF &#8211; Estudiante<\/span><\/a><\/li>\n<li><a href=\"https:\/\/www.dian.gov.co\/atencionciudadano\/CulturaContribucion\/Cultura-de-la-Contribucion\/Documents\/NAF\/Ayuda-1-1-Formulario-Registro-Atencion-Estudiantes-2023.pdf\" target=\"_blank\" rel=\"noopener\"><span style=\"color: #000000;\">Ayuda 1.1. Formulario Registro Atenci\u00f3n Estudiantes 2023+<\/span><\/a><\/li>\n<li><a href=\"https:\/\/www.dian.gov.co\/atencionciudadano\/CulturaContribucion\/Cultura-de-la-Contribucion\/Documents\/NAF\/Ayuda-2-Formulario-Datos-Contacto-IES.pdf\" target=\"_blank\" rel=\"noopener\"><span style=\"color: #000000;\">Ayuda 2. Formulario Datos Contacto IES<\/span><\/a><\/li>\n<li><a href=\"https:\/\/www.dian.gov.co\/atencionciudadano\/CulturaContribucion\/Cultura-de-la-Contribucion\/Documents\/NAF\/Ayuda-2-1-Informacion-Canales-de-Atencion-NAF.pdf\" target=\"_blank\" rel=\"noopener\"><span style=\"color: #000000;\">Ayuda 2.1. Informaci\u00f3n Canales de Atenci\u00f3n NAF<\/span><\/a><\/li>\n<li><a href=\"https:\/\/www.dian.gov.co\/atencionciudadano\/CulturaContribucion\/Cultura-de-la-Contribucion\/Documents\/NAF\/Ayuda-2-2-Registro-de-gestion-responsables-IES-por-programa-academico-2023.pdf\" target=\"_blank\" rel=\"noopener\"><span style=\"color: #000000;\">Ayuda 2.2. Registro de gesti\u00f3n responsables IES por programa acad\u00e9mico 2023+<\/span><\/a><\/li>\n<li><a href=\"https:\/\/www.dian.gov.co\/atencionciudadano\/CulturaContribucion\/Cultura-de-la-Contribucion\/Documents\/NAF\/Ayuda-3-Funcionarios-DIAN-NAF.pdf\" target=\"_blank\" rel=\"noopener\"><span style=\"color: #000000;\">Ayuda 3. Funcionarios DIAN NAF<\/span><\/a><\/li>\n<li><a href=\"https:\/\/www.dian.gov.co\/atencionciudadano\/CulturaContribucion\/Cultura-de-la-Contribucion\/Documents\/NAF\/Ayuda-3-1-Registro-Estados-Convenios-NAF.pdf\" target=\"_blank\" rel=\"noopener\"><span style=\"color: #000000;\">Ayuda 3.1. Registro Estados Convenios NAF<\/span><\/a><\/li>\n<li><a href=\"https:\/\/www.dian.gov.co\/atencionciudadano\/CulturaContribucion\/Cultura-de-la-Contribucion\/Documents\/NAF\/Ayuda-3-2-Registro-de-Gestion-Lideres-NAF-DIAN-2023.pdf\" target=\"_blank\" rel=\"noopener\"><span style=\"color: #000000;\">Ayuda 3.2. Registro de Gesti\u00f3n L\u00edderes NAF DIAN 2023+<\/span><\/a><\/li>\n<\/ul>\n<p>[\/et_pb_accordion_item][et_pb_accordion_item title=&#8221;Anexos&#8221; _builder_version=&#8221;4.18.1&#8243; _module_preset=&#8221;default&#8221; global_colors_info=&#8221;{}&#8221; toggle_font=&#8221;|700|||||||&#8221; open=&#8221;off&#8221;]<\/p>\n<ul>\n<li><span style=\"color: #000000;\"><a href=\"https:\/\/www.dian.gov.co\/atencionciudadano\/CulturaContribucion\/Cultura-de-la-Contribucion\/Documents\/NAF\/Anexos-Caja-Herramientas-NAF.zip\" target=\"_blank\" rel=\"noopener\" style=\"color: #000000;\">Anexos<\/a><\/span><\/li>\n<\/ul>\n<p>[\/et_pb_accordion_item][et_pb_accordion_item title=&#8221;Infograf\u00edas&#8221; _builder_version=&#8221;4.18.1&#8243; _module_preset=&#8221;default&#8221; global_colors_info=&#8221;{}&#8221; toggle_font=&#8221;|700|||||||&#8221; open=&#8221;off&#8221;]<\/p>\n<ul>\n<li><span style=\"color: #000000;\"><a href=\"https:\/\/www.dian.gov.co\/atencionciudadano\/CulturaContribucion\/Cultura-de-la-Contribucion\/Documents\/NAF\/Infografias-DIAN-NAF\/Capacitacion-y-Certificacion.pdf\" target=\"_blank\" rel=\"noopener\" style=\"color: #000000;\">Capacitaci\u00f3n y Certificaci\u00f3n<\/a><\/span><\/li>\n<li><span style=\"color: #000000;\"><a href=\"https:\/\/www.dian.gov.co\/atencionciudadano\/CulturaContribucion\/Cultura-de-la-Contribucion\/Documents\/NAF\/Infografias-DIAN-NAF\/Implementacion-de-un-NAF.pdf\" target=\"_blank\" rel=\"noopener\" style=\"color: #000000;\">Implementaci\u00f3n de un NAF<\/a>\u00a0<\/span><\/li>\n<li><span style=\"color: #000000;\"><a href=\"http:\/\/portal.dian.loc\/atencionciudadano\/CulturaContribucion\/Cultura-de-la-Contribucion\/Documents\/NAF\/Infografias-DIAN-NAF\/Informes-de-Gestion-NAF.pdf\" target=\"_blank\" rel=\"noopener\" style=\"color: #000000;\">Informes de gesti\u00f3n NAF<\/a><\/span><\/li>\n<li><span style=\"color: #000000;\"><a href=\"https:\/\/www.dian.gov.co\/atencionciudadano\/CulturaContribucion\/Cultura-de-la-Contribucion\/Documents\/NAF\/Infografias-DIAN-NAF\/Lanzamiento-NAF.pdf\" target=\"_blank\" rel=\"noopener\" style=\"color: #000000;\">Lanzamiento NAF<\/a>\u00a0<\/span><\/li>\n<li><span style=\"color: #000000;\"><a href=\"https:\/\/www.dian.gov.co\/atencionciudadano\/CulturaContribucion\/Cultura-de-la-Contribucion\/Documents\/NAF\/Infografias-DIAN-NAF\/Videoatencion-NAF-DIAN.pdf\" target=\"_blank\" rel=\"noopener\" style=\"color: #000000;\">Videoatenci\u00f3n NAF DIAN\u00a0<\/a><\/span><\/li>\n<li><span style=\"color: #000000;\"><a href=\"https:\/\/www.dian.gov.co\/atencionciudadano\/CulturaContribucion\/Cultura-de-la-Contribucion\/Documents\/NAF\/Infografias-DIAN-NAF\/Videoatencion-NAF-UNIV.pdf\" target=\"_blank\" rel=\"noopener\" style=\"color: #000000;\">Videoatenci\u00f3n NAF UNIV<\/a><\/span><\/li>\n<\/ul>\n<p>[\/et_pb_accordion_item][\/et_pb_accordion][\/et_pb_column][\/et_pb_row][\/et_pb_section]<\/p>\n","protected":false},"excerpt":{"rendered":"<p>Caja de Herramientas NAF<div class=\"et_pb_module dipl_breadcrumb dipl_breadcrumb_0\">\n\t\t\t\t\n\t\t\t\t\n\t\t\t\t\n\t\t\t\t\n\t\t\t\t\n\t\t\t\t\n\t\t\t\t<div class=\"et_pb_module_inner\">\n\t\t\t\t\t<div class=\"dipl-breadcrumb-wrapper layout2\">\n\t\t\t\t<ol class=\"dipl-breadcrumb-inner\" vocab=\"https:\/\/schema.org\/\" typeof=\"BreadcrumbList\">\n\t\t\t\t\t<li property=\"itemListElement\" typeof=\"ListItem\" data-icon=\"&#x24;\">\n\t\t\t\t\t\t\t\t<a class=\"breadcrumb-item dipl-home-page\" href=\"https:\/\/micrositios.dian.gov.co\/cultura-de-contribucion\" property=\"item\" typeof=\"WebPage\" >\n\t\t\t\t\t\t\t\t\t<span class=\"breadcrumb-page\" property=\"name\">\n\t\t\t\t\t\t\t\t\t\t<span class=\"breadcrumb-home-icon et-pb-icon\">&#x23;<\/span>\n\t\t\t\t\t\t\t\t\t\tInicio\n\t\t\t\t\t\t\t\t\t<\/span>\n\t\t\t\t\t\t\t\t<\/a>\n\t\t\t\t\t\t\t\t<meta property=\"position\" content=\"1\" \/>\n\t\t\t\t\t\t\t<\/li>\n\t\t\t\t<\/ol>\n\t\t\t<\/div>\n\t\t\t\t<\/div>\n\t\t\t<\/div><div class=\"et_pb_with_border et_pb_module dipl_ajax_search dipl_ajax_search_0\">\n\t\t\t\t\n\t\t\t\t\n\t\t\t\t\n\t\t\t\t\n\t\t\t\t\n\t\t\t\t\n\t\t\t\t<div class=\"et_pb_module_inner\">\n\t\t\t\t\t<div class=\"dipl_ajax_search_wrap\">\n\t\t\t\t<div class=\"dipl_ajax_search_field_wrap dipl_ajax_search_icon\">\n\t\t\t\t\t<input type=\"search\" placeholder=\"Buscar por palabra clave\" class=\"dipl_ajax_search_field\"\n\t\t\t\t\t\tdata-search-in=\"post_title,post_content,post_excerpt\" data-search-post-type=\"page\" data-display-fields=\"title,excerpt,featured_image\" \n\t\t\t\t\t\tdata-url-new-window=\"on\" data-number-of-results=\"-1\" data-no-result-text=\"No encontramos resultados a tu b\u00fasqueda\" \n\t\t\t\t\t\tdata-orderby=\"post_title\" data-order=\"ASC\" data-use-masonry=\"off\"\n\t\t\t\t\t\tdata-exclude_protected_posts=\"off\"\n\t\t\t\t\t\/>\n\t\t\t\t\t<input type=\"hidden\" class=\"dipl_ajax_search_nonce\" value=\"e495c7f1e1\" \/>\n\t\t\t\t<\/div>\n\t\t\t\t<div class=\"dipl_ajax_search_results_wrap dipl_ajax_search_result_1_cols \"><\/div>\n\t\t\t<\/div>\n\t\t\t\t<\/div>\n\t\t\t<\/div>Caja de Herramientas [&hellip;]<\/p>\n","protected":false},"author":1,"featured_media":0,"parent":0,"menu_order":0,"comment_status":"closed","ping_status":"closed","template":"","meta":{"_et_pb_use_builder":"on","_et_pb_old_content":"<!-- wp:divi\/placeholder \/-->","_et_gb_content_width":"","footnotes":""},"class_list":["post-308","page","type-page","status-publish","hentry"],"yoast_head":"<!-- This site is optimized with the Yoast SEO Premium plugin v18.5 (Yoast SEO v27.2) - https:\/\/yoast.com\/product\/yoast-seo-premium-wordpress\/ -->\n<title>Caja de Herramientas NAF<\/title>\n<meta name=\"description\" content=\"En esta caja de herramientas puedes encontrar gu\u00edas, anexos e infograf\u00edas sobre los N\u00facleos de Apoyo Contable y fiscal, NAF\" \/>\n<meta name=\"robots\" content=\"index, follow, max-snippet:-1, max-image-preview:large, max-video-preview:-1\" \/>\n<link rel=\"canonical\" href=\"https:\/\/micrositios.dian.gov.co\/cultura-de-contribucion\/caja-de-herramientas-naf\/\" \/>\n<meta property=\"og:locale\" content=\"es_ES\" \/>\n<meta property=\"og:type\" content=\"article\" \/>\n<meta property=\"og:title\" content=\"Caja de Herramientas NAF\" \/>\n<meta property=\"og:description\" content=\"En esta caja de herramientas puedes encontrar gu\u00edas, anexos e infograf\u00edas sobre los N\u00facleos de Apoyo Contable y fiscal, NAF\" \/>\n<meta property=\"og:url\" content=\"https:\/\/micrositios.dian.gov.co\/cultura-de-contribucion\/caja-de-herramientas-naf\/\" \/>\n<meta property=\"og:site_name\" content=\"Cultura de la Contribuci\u00f3n\" \/>\n<meta property=\"article:modified_time\" content=\"2023-06-02T15:03:30+00:00\" \/>\n<meta property=\"og:image\" content=\"https:\/\/micrositios.dian.gov.co\/cultura-de-contribucion\/wp-content\/uploads\/sites\/7\/2023\/01\/Micrositio_Contribution.jpg\" \/>\n\t<meta property=\"og:image:width\" content=\"795\" \/>\n\t<meta property=\"og:image:height\" content=\"397\" \/>\n\t<meta property=\"og:image:type\" content=\"image\/jpeg\" \/>\n<meta name=\"twitter:card\" content=\"summary_large_image\" \/>\n<meta name=\"twitter:title\" content=\"Caja de Herramientas NAF\" \/>\n<meta name=\"twitter:description\" content=\"En esta caja de herramientas puedes encontrar gu\u00edas, anexos e infograf\u00edas sobre los N\u00facleos de Apoyo Contable y fiscal, NAF\" \/>\n<meta name=\"twitter:label1\" content=\"Tiempo de lectura\" \/>\n\t<meta name=\"twitter:data1\" content=\"2 minutos\" \/>\n<script type=\"application\/ld+json\" class=\"yoast-schema-graph\">{\"@context\":\"https:\/\/schema.org\",\"@graph\":[{\"@type\":\"WebPage\",\"@id\":\"https:\/\/micrositios.dian.gov.co\/cultura-de-contribucion\/caja-de-herramientas-naf\/\",\"url\":\"https:\/\/micrositios.dian.gov.co\/cultura-de-contribucion\/caja-de-herramientas-naf\/\",\"name\":\"Caja de Herramientas NAF\",\"isPartOf\":{\"@id\":\"https:\/\/micrositios.dian.gov.co\/cultura-de-contribucion\/#website\"},\"datePublished\":\"2022-09-09T16:47:29+00:00\",\"dateModified\":\"2023-06-02T15:03:30+00:00\",\"description\":\"En esta caja de herramientas puedes encontrar gu\u00edas, anexos e infograf\u00edas sobre los N\u00facleos de Apoyo Contable y fiscal, NAF\",\"breadcrumb\":{\"@id\":\"https:\/\/micrositios.dian.gov.co\/cultura-de-contribucion\/caja-de-herramientas-naf\/#breadcrumb\"},\"inLanguage\":\"es-CO\",\"potentialAction\":[{\"@type\":\"ReadAction\",\"target\":[\"https:\/\/micrositios.dian.gov.co\/cultura-de-contribucion\/caja-de-herramientas-naf\/\"]}]},{\"@type\":\"BreadcrumbList\",\"@id\":\"https:\/\/micrositios.dian.gov.co\/cultura-de-contribucion\/caja-de-herramientas-naf\/#breadcrumb\",\"itemListElement\":[{\"@type\":\"ListItem\",\"position\":1,\"name\":\"Portada\",\"item\":\"https:\/\/micrositios.dian.gov.co\/cultura-de-contribucion\/\"},{\"@type\":\"ListItem\",\"position\":2,\"name\":\"Caja de Herramientas NAF\"}]},{\"@type\":\"WebSite\",\"@id\":\"https:\/\/micrositios.dian.gov.co\/cultura-de-contribucion\/#website\",\"url\":\"https:\/\/micrositios.dian.gov.co\/cultura-de-contribucion\/\",\"name\":\"Cultura de la Contribuci\u00f3n\",\"description\":\"DIAN\",\"potentialAction\":[{\"@type\":\"SearchAction\",\"target\":{\"@type\":\"EntryPoint\",\"urlTemplate\":\"https:\/\/micrositios.dian.gov.co\/cultura-de-contribucion\/?s={search_term_string}\"},\"query-input\":{\"@type\":\"PropertyValueSpecification\",\"valueRequired\":true,\"valueName\":\"search_term_string\"}}],\"inLanguage\":\"es-CO\"}]}<\/script>\n<!-- \/ Yoast SEO Premium plugin. -->","yoast_head_json":{"title":"Caja de Herramientas NAF","description":"En esta caja de herramientas puedes encontrar gu\u00edas, anexos e infograf\u00edas sobre los N\u00facleos de Apoyo Contable y fiscal, NAF","robots":{"index":"index","follow":"follow","max-snippet":"max-snippet:-1","max-image-preview":"max-image-preview:large","max-video-preview":"max-video-preview:-1"},"canonical":"https:\/\/micrositios.dian.gov.co\/cultura-de-contribucion\/caja-de-herramientas-naf\/","og_locale":"es_ES","og_type":"article","og_title":"Caja de Herramientas NAF","og_description":"En esta caja de herramientas puedes encontrar gu\u00edas, anexos e infograf\u00edas sobre los N\u00facleos de Apoyo Contable y fiscal, NAF","og_url":"https:\/\/micrositios.dian.gov.co\/cultura-de-contribucion\/caja-de-herramientas-naf\/","og_site_name":"Cultura de la Contribuci\u00f3n","article_modified_time":"2023-06-02T15:03:30+00:00","og_image":[{"width":795,"height":397,"url":"https:\/\/micrositios.dian.gov.co\/cultura-de-contribucion\/wp-content\/uploads\/sites\/7\/2023\/01\/Micrositio_Contribution.jpg","type":"image\/jpeg"}],"twitter_card":"summary_large_image","twitter_title":"Caja de Herramientas NAF","twitter_description":"En esta caja de herramientas puedes encontrar gu\u00edas, anexos e infograf\u00edas sobre los N\u00facleos de Apoyo Contable y fiscal, NAF","twitter_misc":{"Tiempo de lectura":"2 minutos"},"schema":{"@context":"https:\/\/schema.org","@graph":[{"@type":"WebPage","@id":"https:\/\/micrositios.dian.gov.co\/cultura-de-contribucion\/caja-de-herramientas-naf\/","url":"https:\/\/micrositios.dian.gov.co\/cultura-de-contribucion\/caja-de-herramientas-naf\/","name":"Caja de Herramientas NAF","isPartOf":{"@id":"https:\/\/micrositios.dian.gov.co\/cultura-de-contribucion\/#website"},"datePublished":"2022-09-09T16:47:29+00:00","dateModified":"2023-06-02T15:03:30+00:00","description":"En esta caja de herramientas puedes encontrar gu\u00edas, anexos e infograf\u00edas sobre los N\u00facleos de Apoyo Contable y fiscal, NAF","breadcrumb":{"@id":"https:\/\/micrositios.dian.gov.co\/cultura-de-contribucion\/caja-de-herramientas-naf\/#breadcrumb"},"inLanguage":"es-CO","potentialAction":[{"@type":"ReadAction","target":["https:\/\/micrositios.dian.gov.co\/cultura-de-contribucion\/caja-de-herramientas-naf\/"]}]},{"@type":"BreadcrumbList","@id":"https:\/\/micrositios.dian.gov.co\/cultura-de-contribucion\/caja-de-herramientas-naf\/#breadcrumb","itemListElement":[{"@type":"ListItem","position":1,"name":"Portada","item":"https:\/\/micrositios.dian.gov.co\/cultura-de-contribucion\/"},{"@type":"ListItem","position":2,"name":"Caja de Herramientas NAF"}]},{"@type":"WebSite","@id":"https:\/\/micrositios.dian.gov.co\/cultura-de-contribucion\/#website","url":"https:\/\/micrositios.dian.gov.co\/cultura-de-contribucion\/","name":"Cultura de la Contribuci\u00f3n","description":"DIAN","potentialAction":[{"@type":"SearchAction","target":{"@type":"EntryPoint","urlTemplate":"https:\/\/micrositios.dian.gov.co\/cultura-de-contribucion\/?s={search_term_string}"},"query-input":{"@type":"PropertyValueSpecification","valueRequired":true,"valueName":"search_term_string"}}],"inLanguage":"es-CO"}]}},"_links":{"self":[{"href":"https:\/\/micrositios.dian.gov.co\/cultura-de-contribucion\/wp-json\/wp\/v2\/pages\/308","targetHints":{"allow":["GET"]}}],"collection":[{"href":"https:\/\/micrositios.dian.gov.co\/cultura-de-contribucion\/wp-json\/wp\/v2\/pages"}],"about":[{"href":"https:\/\/micrositios.dian.gov.co\/cultura-de-contribucion\/wp-json\/wp\/v2\/types\/page"}],"author":[{"embeddable":true,"href":"https:\/\/micrositios.dian.gov.co\/cultura-de-contribucion\/wp-json\/wp\/v2\/users\/1"}],"replies":[{"embeddable":true,"href":"https:\/\/micrositios.dian.gov.co\/cultura-de-contribucion\/wp-json\/wp\/v2\/comments?post=308"}],"version-history":[{"count":11,"href":"https:\/\/micrositios.dian.gov.co\/cultura-de-contribucion\/wp-json\/wp\/v2\/pages\/308\/revisions"}],"predecessor-version":[{"id":1045,"href":"https:\/\/micrositios.dian.gov.co\/cultura-de-contribucion\/wp-json\/wp\/v2\/pages\/308\/revisions\/1045"}],"wp:attachment":[{"href":"https:\/\/micrositios.dian.gov.co\/cultura-de-contribucion\/wp-json\/wp\/v2\/media?parent=308"}],"curies":[{"name":"wp","href":"https:\/\/api.w.org\/{rel}","templated":true}]}}