{"id":258,"date":"2022-09-07T18:58:05","date_gmt":"2022-09-07T18:58:05","guid":{"rendered":"https:\/\/micrositios.dian.gov.co\/cultura-de-contribucion\/?page_id=258"},"modified":"2023-01-17T13:07:26","modified_gmt":"2023-01-17T13:07:26","slug":"estudiante","status":"publish","type":"page","link":"https:\/\/micrositios.dian.gov.co\/cultura-de-contribucion\/estudiante\/","title":{"rendered":"Estudiante"},"content":{"rendered":"\n[et_pb_section fb_built=&#8221;1&#8243; admin_label=&#8221;Section&#8221; _builder_version=&#8221;4.18.1&#8243; _module_preset=&#8221;default&#8221; background_image=&#8221;https:\/\/micrositios.dian.gov.co\/cultura-de-contribucion\/wp-content\/uploads\/sites\/7\/2023\/01\/32-1920&#215;390-\u00bfCo\u0301mo-ser-parte-de-NAF-Estudiante.jpg&#8221; custom_padding=&#8221;138px||138px||true|false&#8221; hover_enabled=&#8221;0&#8243; background_last_edited=&#8221;on|phone&#8221; background_position_phone=&#8221;center_left&#8221; da_disable_devices=&#8221;off|off|off&#8221; locked=&#8221;off&#8221; global_colors_info=&#8221;{}&#8221; title_text=&#8221;32- 1920&#215;390 &#8211; \u00bfCo\u0301mo ser parte de NAF- Estudiante&#8221; sticky_enabled=&#8221;0&#8243; da_is_popup=&#8221;off&#8221; da_exit_intent=&#8221;off&#8221; da_has_close=&#8221;on&#8221; da_alt_close=&#8221;off&#8221; da_dark_close=&#8221;off&#8221; da_not_modal=&#8221;on&#8221; da_is_singular=&#8221;off&#8221; da_with_loader=&#8221;off&#8221; da_has_shadow=&#8221;on&#8221;][et_pb_row _builder_version=&#8221;4.16&#8243; _module_preset=&#8221;default&#8221; global_colors_info=&#8221;{}&#8221;][et_pb_column type=&#8221;4_4&#8243; _builder_version=&#8221;4.16&#8243; _module_preset=&#8221;default&#8221; global_colors_info=&#8221;{}&#8221;][et_pb_text _builder_version=&#8221;4.18.1&#8243; _module_preset=&#8221;4510fd1e-db44-4c8d-9705-c95ebeb46e3e&#8221; text_font=&#8221;Work Sans|700|||||||&#8221; text_text_color=&#8221;#41d78c&#8221; text_font_size=&#8221;35px&#8221; text_line_height=&#8221;1em&#8221; custom_margin=&#8221;||0px|||&#8221; hover_enabled=&#8221;0&#8243; text_orientation_tablet=&#8221;&#8221; text_orientation_phone=&#8221;center&#8221; text_orientation_last_edited=&#8221;on|phone&#8221; global_colors_info=&#8221;{}&#8221; sticky_enabled=&#8221;0&#8243;]<h2><strong>\u00bfC\u00f3mo ser parte de NAF?<\/strong><\/h2>[\/et_pb_text][et_pb_text _builder_version=&#8221;4.18.0&#8243; _module_preset=&#8221;default&#8221; text_font=&#8221;Ubuntu||||||||&#8221; text_text_color=&#8221;#F6F7F9&#8243; text_font_size=&#8221;22px&#8221; text_line_height=&#8221;1em&#8221; custom_margin=&#8221;||0px|||&#8221; text_orientation_tablet=&#8221;&#8221; text_orientation_phone=&#8221;center&#8221; text_orientation_last_edited=&#8221;on|phone&#8221; global_colors_info=&#8221;{}&#8221;]<p>Estudiante<\/p>[\/et_pb_text][\/et_pb_column][\/et_pb_row][\/et_pb_section][et_pb_section fb_built=&#8221;1&#8243; admin_label=&#8221;Section&#8221; _builder_version=&#8221;4.16&#8243; _module_preset=&#8221;default&#8221; custom_padding=&#8221;6px||0px|||&#8221; da_disable_devices=&#8221;off|off|off&#8221; locked=&#8221;off&#8221; global_colors_info=&#8221;{}&#8221; da_is_popup=&#8221;off&#8221; da_exit_intent=&#8221;off&#8221; da_has_close=&#8221;on&#8221; da_alt_close=&#8221;off&#8221; da_dark_close=&#8221;off&#8221; da_not_modal=&#8221;on&#8221; da_is_singular=&#8221;off&#8221; da_with_loader=&#8221;off&#8221; da_has_shadow=&#8221;on&#8221;][et_pb_row column_structure=&#8221;3_5,2_5&#8243; disabled_on=&#8221;on|off|off&#8221; _builder_version=&#8221;4.17.0&#8243; _module_preset=&#8221;default&#8221; global_colors_info=&#8221;{}&#8221;][et_pb_column type=&#8221;3_5&#8243; _builder_version=&#8221;4.16&#8243; _module_preset=&#8221;default&#8221; global_colors_info=&#8221;{}&#8221;][dipl_breadcrumb breadcrumb_layout=&#8221;layout2&#8243; separator_text=&#8221;\/&#8221; separator_size=&#8221;14px&#8221; separator_color=&#8221;#000000&#8243; use_home_link_custom_text=&#8221;on&#8221; home_link_text=&#8221;Inicio&#8221; use_home_link_icon=&#8221;on&#8221; home_link_icon=&#8221;&#x23;||divi||400&#8243; home_link_icon_color=&#8221;#41d78c&#8221; _builder_version=&#8221;4.17.4&#8243; _module_preset=&#8221;default&#8221; global_text_settings_font_size=&#8221;12px&#8221; text_font=&#8221;Ubuntu||||||||&#8221; text_text_color=&#8221;#262944&#8243; link_font=&#8221;Ubuntu|500|||||||&#8221; global_colors_info=&#8221;{}&#8221; text_text_color__hover_enabled=&#8221;on|desktop&#8221; text_text_color__hover=&#8221;#00b4dc&#8221;][\/dipl_breadcrumb][\/et_pb_column][et_pb_column type=&#8221;2_5&#8243; _builder_version=&#8221;4.16&#8243; _module_preset=&#8221;default&#8221; global_colors_info=&#8221;{}&#8221;][dipl_ajax_search search_placeholder=&#8221;Buscar por palabra clave&#8221; number_of_results=&#8221;-1&#8243; orderby=&#8221;post_title&#8221; order=&#8221;ASC&#8221; no_result_text=&#8221;No encontramos resultados a tu b\u00fasqueda&#8221; include_post_types=&#8221;page&#8221; url_new_window=&#8221;on&#8221; search_icon_color=&#8221;#41d78c&#8221; loader_size=&#8221;12px&#8221; loader_color=&#8221;#41d78c&#8221; _builder_version=&#8221;4.17.0&#8243; _module_preset=&#8221;default&#8221; search_result_item_title_font=&#8221;Work Sans|700|||||||&#8221; search_result_item_excerpt_font=&#8221;Ubuntu||||||||&#8221; search_result_item_excerpt_font_size=&#8221;12px&#8221; form_field_font=&#8221;Ubuntu||||||||&#8221; form_field_font_size=&#8221;12px&#8221; width=&#8221;80%&#8221; module_alignment=&#8221;right&#8221; border_radii_form_field=&#8221;on|6px|6px|6px|6px&#8221; border_width_all_form_field=&#8221;0px&#8221; global_colors_info=&#8221;{}&#8221;][\/dipl_ajax_search][\/et_pb_column][\/et_pb_row][\/et_pb_section][et_pb_section fb_built=&#8221;1&#8243; admin_label=&#8221;Section&#8221; _builder_version=&#8221;4.18.0&#8243; _module_preset=&#8221;default&#8221; da_disable_devices=&#8221;off|off|off&#8221; global_colors_info=&#8221;{}&#8221; da_is_popup=&#8221;off&#8221; da_exit_intent=&#8221;off&#8221; da_has_close=&#8221;on&#8221; da_alt_close=&#8221;off&#8221; da_dark_close=&#8221;off&#8221; da_not_modal=&#8221;on&#8221; da_is_singular=&#8221;off&#8221; da_with_loader=&#8221;off&#8221; da_has_shadow=&#8221;on&#8221;][et_pb_row _builder_version=&#8221;4.18.0&#8243; _module_preset=&#8221;default&#8221; custom_padding=&#8221;||6px|||&#8221; global_colors_info=&#8221;{}&#8221;][et_pb_column type=&#8221;4_4&#8243; _builder_version=&#8221;4.18.0&#8243; _module_preset=&#8221;default&#8221; global_colors_info=&#8221;{}&#8221;][et_pb_text _builder_version=&#8221;4.18.1&#8243; _module_preset=&#8221;default&#8221; text_font=&#8221;Work Sans|700|||||||&#8221; text_text_color=&#8221;#2b323d&#8221; text_font_size=&#8221;20px&#8221; hover_enabled=&#8221;0&#8243; text_orientation_tablet=&#8221;center&#8221; text_orientation_phone=&#8221;left&#8221; text_orientation_last_edited=&#8221;on|phone&#8221; global_colors_info=&#8221;{}&#8221; sticky_enabled=&#8221;0&#8243;]<h3><strong>Estudiante<\/strong><\/h3>[\/et_pb_text][et_pb_divider color=&#8221;#41d78c&#8221; divider_weight=&#8221;4px&#8221; _builder_version=&#8221;4.18.1&#8243; _module_preset=&#8221;default&#8221; width=&#8221;11%&#8221; width_tablet=&#8221;47%&#8221; width_phone=&#8221;100%&#8221; width_last_edited=&#8221;on|phone&#8221; module_alignment=&#8221;left&#8221; custom_margin=&#8221;-23px||10px||false|false&#8221; hover_enabled=&#8221;0&#8243; global_colors_info=&#8221;{}&#8221; sticky_enabled=&#8221;0&#8243;][\/et_pb_divider][\/et_pb_column][\/et_pb_row][et_pb_row column_structure=&#8221;1_2,1_2&#8243; _builder_version=&#8221;4.18.0&#8243; _module_preset=&#8221;default&#8221; global_colors_info=&#8221;{}&#8221;][et_pb_column type=&#8221;1_2&#8243; _builder_version=&#8221;4.18.0&#8243; _module_preset=&#8221;default&#8221; global_colors_info=&#8221;{}&#8221;][dsm_icon_list icon_color=&#8221;#41D78C&#8221; list_space_between=&#8221;15px&#8221; _builder_version=&#8221;4.18.0&#8243; _module_preset=&#8221;default&#8221; global_colors_info=&#8221;{}&#8221;][dsm_icon_list_child text=&#8221;Ac\u00e9rcate a tu Facultad y pregunta si la universidad tiene convenio interinstitucional con la Direcci\u00f3n de Impuestos y Aduanas Nacionales &#8211; DIAN, respecto de los N\u00facleos de Apoyo Contable y Fiscal \u2013 NAF.&#8221; font_icon=&#8221;&#xf111;||fa||900&#8243; icon_color=&#8221;#41D78C&#8221; icon_padding=&#8221;7px&#8221; icon_font_size=&#8221;8px&#8221; _builder_version=&#8221;4.18.0&#8243; _module_preset=&#8221;default&#8221; text_font=&#8221;Ubuntu||||||||&#8221; text_font_size=&#8221;12px&#8221; global_colors_info=&#8221;{}&#8221;][\/dsm_icon_list_child][dsm_icon_list_child text=&#8221;Si la universidad ya tiene un convenio suscrito, puedes solicitar con el personal administrativo competente la informaci\u00f3n para realizar tu practica en los NAF&#8221; font_icon=&#8221;&#xf111;||fa||900&#8243; icon_color=&#8221;#41D78C&#8221; icon_padding=&#8221;7px&#8221; icon_font_size=&#8221;8px&#8221; _builder_version=&#8221;4.18.0&#8243; _module_preset=&#8221;default&#8221; text_font=&#8221;Ubuntu||||||||&#8221; text_font_size=&#8221;12px&#8221; global_colors_info=&#8221;{}&#8221;][\/dsm_icon_list_child][dsm_icon_list_child text=&#8221;Si ya eres parte de los estudiantes seleccionados, recuerda que la DIAN te brindar\u00e1 capacitaci\u00f3n en temas t\u00e9cnicos relacionados con los servicios que se prestar\u00e1n en el NAF.&#8221; font_icon=&#8221;&#xf111;||fa||900&#8243; icon_color=&#8221;#41D78C&#8221; icon_padding=&#8221;7px&#8221; icon_font_size=&#8221;8px&#8221; _builder_version=&#8221;4.18.0&#8243; _module_preset=&#8221;default&#8221; text_font=&#8221;Ubuntu||||||||&#8221; text_font_size=&#8221;12px&#8221; global_colors_info=&#8221;{}&#8221;][\/dsm_icon_list_child][dsm_icon_list_child text=&#8221;Ser parte de los estudiantes de NAF, complementar\u00e1 tu formaci\u00f3n acad\u00e9mica al tiempo que prestas un servicio social a la ciudadan\u00eda  &#8221; font_icon=&#8221;&#xf111;||fa||900&#8243; icon_color=&#8221;#41D78C&#8221; icon_padding=&#8221;7px&#8221; icon_font_size=&#8221;8px&#8221; _builder_version=&#8221;4.18.0&#8243; _module_preset=&#8221;default&#8221; text_font=&#8221;Ubuntu||||||||&#8221; text_font_size=&#8221;12px&#8221; global_colors_info=&#8221;{}&#8221;][\/dsm_icon_list_child][\/dsm_icon_list][\/et_pb_column][et_pb_column type=&#8221;1_2&#8243; _builder_version=&#8221;4.18.0&#8243; _module_preset=&#8221;default&#8221; global_colors_info=&#8221;{}&#8221;][et_pb_image src=&#8221;https:\/\/micrositios.dian.gov.co\/cultura-de-contribucion\/wp-content\/uploads\/sites\/7\/2023\/01\/Pieza-8-721&#215;392-1.jpg&#8221; title_text=&#8221;Pieza-8-721&#215;392&#8243; _builder_version=&#8221;4.18.1&#8243; _module_preset=&#8221;default&#8221; hover_enabled=&#8221;0&#8243; global_colors_info=&#8221;{}&#8221; sticky_enabled=&#8221;0&#8243;][\/et_pb_image][\/et_pb_column][\/et_pb_row][et_pb_row _builder_version=&#8221;4.18.0&#8243; _module_preset=&#8221;default&#8221; global_colors_info=&#8221;{}&#8221;][et_pb_column type=&#8221;4_4&#8243; _builder_version=&#8221;4.18.0&#8243; _module_preset=&#8221;default&#8221; global_colors_info=&#8221;{}&#8221;][et_pb_text _builder_version=&#8221;4.18.0&#8243; _module_preset=&#8221;default&#8221; text_font=&#8221;Ubuntu||||||||&#8221; text_text_color=&#8221;gcid-67046a68-a366-4980-9897-ac7164fdd382&#8243; text_font_size=&#8221;12px&#8221; link_font=&#8221;||||on||||&#8221; link_text_color=&#8221;#00B4DC&#8221; custom_padding=&#8221;0px|||||&#8221; locked=&#8221;off&#8221; global_colors_info=&#8221;{%22gcid-67046a68-a366-4980-9897-ac7164fdd382%22:%91%22text_text_color%22%93}&#8221;]<p>Compartir contendio:<\/p>[\/et_pb_text][et_pb_code _builder_version=&#8221;4.18.0&#8243; _module_preset=&#8221;default&#8221; width=&#8221;18%&#8221; global_colors_info=&#8221;{}&#8221;]<div class=\"et_social_inline et_social_mobile_on et_social_inline_custom\">\n\t\t\t\t<div class=\"et_social_networks et_social_4col et_social_simple et_social_circle et_social_left et_social_no_animation et_social_outer_dark\">\n\t\t\t\t\t\n\t\t\t\t\t<ul class=\"et_social_icons_container\"><li class=\"et_social_facebook\">\n\t\t\t\t\t\t\t\t\t<a href=\"http:\/\/www.facebook.com\/sharer.php?u=https%3A%2F%2Fmicrositios.dian.gov.co%2Fcultura-de-contribucion%2Festudiante%2F&#038;t=Estudiante\" class=\"et_social_share\" rel=\"nofollow\" data-social_name=\"facebook\" data-post_id=\"258\" data-social_type=\"share\" data-location=\"inline\">\n\t\t\t\t\t\t\t\t\t\t<i class=\"et_social_icon et_social_icon_facebook\"><\/i><span class=\"et_social_overlay\"><\/span>\n\t\t\t\t\t\t\t\t\t<\/a>\n\t\t\t\t\t\t\t\t<\/li><li class=\"et_social_twitter\">\n\t\t\t\t\t\t\t\t\t<a href=\"http:\/\/twitter.com\/share?text=Estudiante&#038;url=https%3A%2F%2Fmicrositios.dian.gov.co%2Fcultura-de-contribucion%2Festudiante%2F\" class=\"et_social_share\" rel=\"nofollow\" data-social_name=\"twitter\" data-post_id=\"258\" data-social_type=\"share\" data-location=\"inline\">\n\t\t\t\t\t\t\t\t\t\t<i class=\"et_social_icon et_social_icon_twitter\"><\/i><span class=\"et_social_overlay\"><\/span>\n\t\t\t\t\t\t\t\t\t<\/a>\n\t\t\t\t\t\t\t\t<\/li><li class=\"et_social_linkedin\">\n\t\t\t\t\t\t\t\t\t<a href=\"http:\/\/www.linkedin.com\/shareArticle?mini=true&#038;url=https%3A%2F%2Fmicrositios.dian.gov.co%2Fcultura-de-contribucion%2Festudiante%2F&#038;title=Estudiante\" class=\"et_social_share\" rel=\"nofollow\" data-social_name=\"linkedin\" data-post_id=\"258\" data-social_type=\"share\" data-location=\"inline\">\n\t\t\t\t\t\t\t\t\t\t<i class=\"et_social_icon et_social_icon_linkedin\"><\/i><span class=\"et_social_overlay\"><\/span>\n\t\t\t\t\t\t\t\t\t<\/a>\n\t\t\t\t\t\t\t\t<\/li><\/ul>\n\t\t\t\t<\/div>\n\t\t\t<\/div>[\/et_pb_code][\/et_pb_column][\/et_pb_row][\/et_pb_section]\n","protected":false},"excerpt":{"rendered":"<p>\u00bfC\u00f3mo ser parte de NAF?Estudiante<div class=\"et_pb_module dipl_breadcrumb dipl_breadcrumb_0\">\n\t\t\t\t\n\t\t\t\t\n\t\t\t\t\n\t\t\t\t\n\t\t\t\t\n\t\t\t\t\n\t\t\t\t<div class=\"et_pb_module_inner\">\n\t\t\t\t\t<div class=\"dipl-breadcrumb-wrapper layout2\">\n\t\t\t\t<ol class=\"dipl-breadcrumb-inner\" vocab=\"https:\/\/schema.org\/\" typeof=\"BreadcrumbList\">\n\t\t\t\t\t<li property=\"itemListElement\" typeof=\"ListItem\" data-icon=\"&#x24;\">\n\t\t\t\t\t\t\t\t<a class=\"breadcrumb-item dipl-home-page\" href=\"https:\/\/micrositios.dian.gov.co\/cultura-de-contribucion\" property=\"item\" typeof=\"WebPage\" >\n\t\t\t\t\t\t\t\t\t<span class=\"breadcrumb-page\" property=\"name\">\n\t\t\t\t\t\t\t\t\t\t<span class=\"breadcrumb-home-icon et-pb-icon\">&#x23;<\/span>\n\t\t\t\t\t\t\t\t\t\tInicio\n\t\t\t\t\t\t\t\t\t<\/span>\n\t\t\t\t\t\t\t\t<\/a>\n\t\t\t\t\t\t\t\t<meta property=\"position\" content=\"1\" \/>\n\t\t\t\t\t\t\t<\/li>\n\t\t\t\t<\/ol>\n\t\t\t<\/div>\n\t\t\t\t<\/div>\n\t\t\t<\/div><div class=\"et_pb_with_border et_pb_module dipl_ajax_search dipl_ajax_search_0\">\n\t\t\t\t\n\t\t\t\t\n\t\t\t\t\n\t\t\t\t\n\t\t\t\t\n\t\t\t\t\n\t\t\t\t<div class=\"et_pb_module_inner\">\n\t\t\t\t\t<div class=\"dipl_ajax_search_wrap\">\n\t\t\t\t<div class=\"dipl_ajax_search_field_wrap dipl_ajax_search_icon\">\n\t\t\t\t\t<input type=\"search\" placeholder=\"Buscar por palabra clave\" class=\"dipl_ajax_search_field\"\n\t\t\t\t\t\tdata-search-in=\"post_title,post_content,post_excerpt\" data-search-post-type=\"page\" data-display-fields=\"title,excerpt,featured_image\" \n\t\t\t\t\t\tdata-url-new-window=\"on\" data-number-of-results=\"-1\" data-no-result-text=\"No encontramos resultados a tu b\u00fasqueda\" \n\t\t\t\t\t\tdata-orderby=\"post_title\" data-order=\"ASC\" data-use-masonry=\"off\"\n\t\t\t\t\t\tdata-exclude_protected_posts=\"off\"\n\t\t\t\t\t\/>\n\t\t\t\t\t<input type=\"hidden\" class=\"dipl_ajax_search_nonce\" value=\"e495c7f1e1\" \/>\n\t\t\t\t<\/div>\n\t\t\t\t<div class=\"dipl_ajax_search_results_wrap dipl_ajax_search_result_1_cols \"><\/div>\n\t\t\t<\/div>\n\t\t\t\t<\/div>\n\t\t\t<\/div>Estudiante<div class=\"et_pb_module dsm_icon_list dsm_icon_list_0\">\n\t\t\t\t\n\t\t\t\t\n\t\t\t\t\n\t\t\t\t\n\t\t\t\t\n\t\t\t\t\n\t\t\t\t<div class=\"et_pb_module_inner\">\n\t\t\t\t\t<ul class=\"dsm_icon_list_items dsm_icon_list_ltr_direction dsm_icon_list_layout_vertical\"><\/ul>\n\t\t\t\t<\/div>\n\t\t\t<\/div><\/p>\n","protected":false},"author":1,"featured_media":0,"parent":0,"menu_order":0,"comment_status":"closed","ping_status":"closed","template":"","meta":{"_et_pb_use_builder":"on","_et_pb_old_content":"<!-- wp:divi\/placeholder \/-->","_et_gb_content_width":"","footnotes":""},"class_list":["post-258","page","type-page","status-publish","hentry"],"yoast_head":"<!-- This site is optimized with the Yoast SEO Premium plugin v18.5 (Yoast SEO v27.2) - https:\/\/yoast.com\/product\/yoast-seo-premium-wordpress\/ -->\n<title>\u00bfC\u00f3mo ser parte de NAF? Estudiante<\/title>\n<meta name=\"description\" content=\"Conoce el procedimiento que debes realizar para hacer parte de los N\u00facleos de Apoyo Contable y fiscal, NAF\" \/>\n<meta name=\"robots\" content=\"index, follow, max-snippet:-1, max-image-preview:large, max-video-preview:-1\" \/>\n<link rel=\"canonical\" href=\"https:\/\/micrositios.dian.gov.co\/cultura-de-contribucion\/estudiante\/\" \/>\n<meta property=\"og:locale\" content=\"es_ES\" \/>\n<meta property=\"og:type\" content=\"article\" \/>\n<meta property=\"og:title\" content=\"\u00bfC\u00f3mo ser parte de NAF? Estudiante\" \/>\n<meta property=\"og:description\" content=\"Conoce el procedimiento que debes realizar para hacer parte de los N\u00facleos de Apoyo Contable y fiscal, NAF\" \/>\n<meta property=\"og:url\" content=\"https:\/\/micrositios.dian.gov.co\/cultura-de-contribucion\/estudiante\/\" \/>\n<meta property=\"og:site_name\" content=\"Cultura de la Contribuci\u00f3n\" \/>\n<meta property=\"article:modified_time\" content=\"2023-01-17T13:07:26+00:00\" \/>\n<meta property=\"og:image\" content=\"https:\/\/micrositios.dian.gov.co\/cultura-de-contribucion\/wp-content\/uploads\/sites\/7\/2023\/01\/Micrositio_Contribution.jpg\" \/>\n\t<meta property=\"og:image:width\" content=\"795\" \/>\n\t<meta property=\"og:image:height\" content=\"397\" \/>\n\t<meta property=\"og:image:type\" content=\"image\/jpeg\" \/>\n<meta name=\"twitter:card\" content=\"summary_large_image\" \/>\n<meta name=\"twitter:title\" content=\"\u00bfC\u00f3mo ser parte de NAF? Estudiante\" \/>\n<meta name=\"twitter:description\" content=\"Conoce el procedimiento que debes realizar para hacer parte de los N\u00facleos de Apoyo Contable y fiscal, NAF\" \/>\n<meta name=\"twitter:label1\" content=\"Tiempo de lectura\" \/>\n\t<meta name=\"twitter:data1\" content=\"2 minutos\" \/>\n<script type=\"application\/ld+json\" class=\"yoast-schema-graph\">{\"@context\":\"https:\/\/schema.org\",\"@graph\":[{\"@type\":\"WebPage\",\"@id\":\"https:\/\/micrositios.dian.gov.co\/cultura-de-contribucion\/estudiante\/\",\"url\":\"https:\/\/micrositios.dian.gov.co\/cultura-de-contribucion\/estudiante\/\",\"name\":\"\u00bfC\u00f3mo ser parte de NAF? Estudiante\",\"isPartOf\":{\"@id\":\"https:\/\/micrositios.dian.gov.co\/cultura-de-contribucion\/#website\"},\"datePublished\":\"2022-09-07T18:58:05+00:00\",\"dateModified\":\"2023-01-17T13:07:26+00:00\",\"description\":\"Conoce el procedimiento que debes realizar para hacer parte de los N\u00facleos de Apoyo Contable y fiscal, NAF\",\"breadcrumb\":{\"@id\":\"https:\/\/micrositios.dian.gov.co\/cultura-de-contribucion\/estudiante\/#breadcrumb\"},\"inLanguage\":\"es-CO\",\"potentialAction\":[{\"@type\":\"ReadAction\",\"target\":[\"https:\/\/micrositios.dian.gov.co\/cultura-de-contribucion\/estudiante\/\"]}]},{\"@type\":\"BreadcrumbList\",\"@id\":\"https:\/\/micrositios.dian.gov.co\/cultura-de-contribucion\/estudiante\/#breadcrumb\",\"itemListElement\":[{\"@type\":\"ListItem\",\"position\":1,\"name\":\"Portada\",\"item\":\"https:\/\/micrositios.dian.gov.co\/cultura-de-contribucion\/\"},{\"@type\":\"ListItem\",\"position\":2,\"name\":\"Estudiante\"}]},{\"@type\":\"WebSite\",\"@id\":\"https:\/\/micrositios.dian.gov.co\/cultura-de-contribucion\/#website\",\"url\":\"https:\/\/micrositios.dian.gov.co\/cultura-de-contribucion\/\",\"name\":\"Cultura de la Contribuci\u00f3n\",\"description\":\"DIAN\",\"potentialAction\":[{\"@type\":\"SearchAction\",\"target\":{\"@type\":\"EntryPoint\",\"urlTemplate\":\"https:\/\/micrositios.dian.gov.co\/cultura-de-contribucion\/?s={search_term_string}\"},\"query-input\":{\"@type\":\"PropertyValueSpecification\",\"valueRequired\":true,\"valueName\":\"search_term_string\"}}],\"inLanguage\":\"es-CO\"}]}<\/script>\n<!-- \/ Yoast SEO Premium plugin. -->","yoast_head_json":{"title":"\u00bfC\u00f3mo ser parte de NAF? Estudiante","description":"Conoce el procedimiento que debes realizar para hacer parte de los N\u00facleos de Apoyo Contable y fiscal, NAF","robots":{"index":"index","follow":"follow","max-snippet":"max-snippet:-1","max-image-preview":"max-image-preview:large","max-video-preview":"max-video-preview:-1"},"canonical":"https:\/\/micrositios.dian.gov.co\/cultura-de-contribucion\/estudiante\/","og_locale":"es_ES","og_type":"article","og_title":"\u00bfC\u00f3mo ser parte de NAF? Estudiante","og_description":"Conoce el procedimiento que debes realizar para hacer parte de los N\u00facleos de Apoyo Contable y fiscal, NAF","og_url":"https:\/\/micrositios.dian.gov.co\/cultura-de-contribucion\/estudiante\/","og_site_name":"Cultura de la Contribuci\u00f3n","article_modified_time":"2023-01-17T13:07:26+00:00","og_image":[{"width":795,"height":397,"url":"https:\/\/micrositios.dian.gov.co\/cultura-de-contribucion\/wp-content\/uploads\/sites\/7\/2023\/01\/Micrositio_Contribution.jpg","type":"image\/jpeg"}],"twitter_card":"summary_large_image","twitter_title":"\u00bfC\u00f3mo ser parte de NAF? Estudiante","twitter_description":"Conoce el procedimiento que debes realizar para hacer parte de los N\u00facleos de Apoyo Contable y fiscal, NAF","twitter_misc":{"Tiempo de lectura":"2 minutos"},"schema":{"@context":"https:\/\/schema.org","@graph":[{"@type":"WebPage","@id":"https:\/\/micrositios.dian.gov.co\/cultura-de-contribucion\/estudiante\/","url":"https:\/\/micrositios.dian.gov.co\/cultura-de-contribucion\/estudiante\/","name":"\u00bfC\u00f3mo ser parte de NAF? Estudiante","isPartOf":{"@id":"https:\/\/micrositios.dian.gov.co\/cultura-de-contribucion\/#website"},"datePublished":"2022-09-07T18:58:05+00:00","dateModified":"2023-01-17T13:07:26+00:00","description":"Conoce el procedimiento que debes realizar para hacer parte de los N\u00facleos de Apoyo Contable y fiscal, NAF","breadcrumb":{"@id":"https:\/\/micrositios.dian.gov.co\/cultura-de-contribucion\/estudiante\/#breadcrumb"},"inLanguage":"es-CO","potentialAction":[{"@type":"ReadAction","target":["https:\/\/micrositios.dian.gov.co\/cultura-de-contribucion\/estudiante\/"]}]},{"@type":"BreadcrumbList","@id":"https:\/\/micrositios.dian.gov.co\/cultura-de-contribucion\/estudiante\/#breadcrumb","itemListElement":[{"@type":"ListItem","position":1,"name":"Portada","item":"https:\/\/micrositios.dian.gov.co\/cultura-de-contribucion\/"},{"@type":"ListItem","position":2,"name":"Estudiante"}]},{"@type":"WebSite","@id":"https:\/\/micrositios.dian.gov.co\/cultura-de-contribucion\/#website","url":"https:\/\/micrositios.dian.gov.co\/cultura-de-contribucion\/","name":"Cultura de la Contribuci\u00f3n","description":"DIAN","potentialAction":[{"@type":"SearchAction","target":{"@type":"EntryPoint","urlTemplate":"https:\/\/micrositios.dian.gov.co\/cultura-de-contribucion\/?s={search_term_string}"},"query-input":{"@type":"PropertyValueSpecification","valueRequired":true,"valueName":"search_term_string"}}],"inLanguage":"es-CO"}]}},"_links":{"self":[{"href":"https:\/\/micrositios.dian.gov.co\/cultura-de-contribucion\/wp-json\/wp\/v2\/pages\/258","targetHints":{"allow":["GET"]}}],"collection":[{"href":"https:\/\/micrositios.dian.gov.co\/cultura-de-contribucion\/wp-json\/wp\/v2\/pages"}],"about":[{"href":"https:\/\/micrositios.dian.gov.co\/cultura-de-contribucion\/wp-json\/wp\/v2\/types\/page"}],"author":[{"embeddable":true,"href":"https:\/\/micrositios.dian.gov.co\/cultura-de-contribucion\/wp-json\/wp\/v2\/users\/1"}],"replies":[{"embeddable":true,"href":"https:\/\/micrositios.dian.gov.co\/cultura-de-contribucion\/wp-json\/wp\/v2\/comments?post=258"}],"version-history":[{"count":6,"href":"https:\/\/micrositios.dian.gov.co\/cultura-de-contribucion\/wp-json\/wp\/v2\/pages\/258\/revisions"}],"predecessor-version":[{"id":701,"href":"https:\/\/micrositios.dian.gov.co\/cultura-de-contribucion\/wp-json\/wp\/v2\/pages\/258\/revisions\/701"}],"wp:attachment":[{"href":"https:\/\/micrositios.dian.gov.co\/cultura-de-contribucion\/wp-json\/wp\/v2\/media?parent=258"}],"curies":[{"name":"wp","href":"https:\/\/api.w.org\/{rel}","templated":true}]}}